{"id":2132,"date":"2025-02-11T16:49:56","date_gmt":"2025-02-11T15:49:56","guid":{"rendered":"https:\/\/data4circ.eu\/stiri-si-media\/evenimente\/"},"modified":"2026-02-19T18:57:52","modified_gmt":"2026-02-19T17:57:52","slug":"evenimente","status":"publish","type":"page","link":"https:\/\/data4circ.eu\/ro\/stiri-si-media\/evenimente\/","title":{"rendered":"Evenimente"},"content":{"rendered":"<p>[et_pb_section fb_built=&#8221;1&#8243; custom_padding_last_edited=&#8221;on|phone&#8221; _builder_version=&#8221;4.27.4&#8243; _module_preset=&#8221;default&#8221; background_color=&#8221;#2B463C&#8221; background_image=&#8221;https:\/\/data4circ.eu\/wp-content\/uploads\/2025\/01\/Data4circ-background-web.png&#8221; background_position=&#8221;top_right&#8221; custom_padding=&#8221;50px||50px||true|false&#8221; custom_padding_tablet=&#8221;40px||40px||true|false&#8221; custom_padding_phone=&#8221;30px||30px||true|false&#8221; global_colors_info=&#8221;{}&#8221;][et_pb_row column_structure=&#8221;2_5,3_5&#8243; _builder_version=&#8221;4.27.4&#8243; _module_preset=&#8221;default&#8221; global_colors_info=&#8221;{}&#8221;][et_pb_column type=&#8221;2_5&#8243; _builder_version=&#8221;4.27.4&#8243; _module_preset=&#8221;default&#8221; global_colors_info=&#8221;{}&#8221;][et_pb_text _builder_version=&#8221;4.27.4&#8243; _module_preset=&#8221;default&#8221; text_text_color=&#8221;#8FD9C0&#8243; global_colors_info=&#8221;{}&#8221;]<\/p>\n<h1><strong>Evenimente<\/strong><\/h1>\n<p>Descoperi\u021bi unde DATA4CIRC are un impact! Explora\u021bi evenimentele noastre pentru a intra \u00een contact cu exper\u021bi, a face schimb de idei \u0219i a afla cum datele conduc tranzi\u021bia c\u0103tre o economie circular\u0103. Fie c\u0103 g\u0103zduim sau contribuim la conferin\u021be de top, ateliere sau sesiuni de networking, evenimentele noastre sunt oportunit\u0103\u021bi deschise de a ne implica, colabora \u0219i modela viitorul \u00eempreun\u0103.  <\/p>\n<p>[\/et_pb_text][\/et_pb_column][et_pb_column type=&#8221;3_5&#8243; _builder_version=&#8221;4.27.4&#8243; _module_preset=&#8221;default&#8221; global_colors_info=&#8221;{}&#8221;][\/et_pb_column][\/et_pb_row][\/et_pb_section][et_pb_section fb_built=&#8221;1&#8243; _builder_version=&#8221;4.27.4&#8243; _module_preset=&#8221;default&#8221; background_color=&#8221;gcid-secondary-color&#8221; custom_padding=&#8221;0px||0px||true|false&#8221; global_colors_info=&#8221;{%22gcid-secondary-color%22:%91%22background_color%22%93}&#8221;][et_pb_row column_structure=&#8221;1_5,1_5,1_5,1_5,1_5&#8243; use_custom_gutter=&#8221;on&#8221; gutter_width=&#8221;1&#8243; make_equal=&#8221;on&#8221; disabled_on=&#8221;off|off|off&#8221; _builder_version=&#8221;4.27.4&#8243; _module_preset=&#8221;default&#8221; background_color=&#8221;#FFFFFF&#8221; width=&#8221;100%&#8221; custom_padding=&#8221;0px||0px||true|false&#8221; global_colors_info=&#8221;{}&#8221;][et_pb_column type=&#8221;1_5&#8243; _builder_version=&#8221;4.27.4&#8243; _module_preset=&#8221;default&#8221; background_color=&#8221;#8FD9C0&#8243; background_enable_image=&#8221;off&#8221; background_position=&#8221;top_right&#8221; custom_padding=&#8221;0px|0px|0px|0px|true|true&#8221; border_width_all=&#8221;15px&#8221; border_color_all=&#8221;#8FD9C0&#8243; global_colors_info=&#8221;{}&#8221;][\/et_pb_column][et_pb_column type=&#8221;1_5&#8243; _builder_version=&#8221;4.27.4&#8243; _module_preset=&#8221;default&#8221; background_color=&#8221;#8FD9C0&#8243; background_enable_image=&#8221;off&#8221; background_position=&#8221;top_right&#8221; custom_padding=&#8221;0px|0px|0px|0px|true|true&#8221; border_width_all=&#8221;15px&#8221; border_color_all=&#8221;#8FD9C0&#8243; global_colors_info=&#8221;{}&#8221;][\/et_pb_column][et_pb_column type=&#8221;1_5&#8243; _builder_version=&#8221;4.27.4&#8243; _module_preset=&#8221;default&#8221; background_color=&#8221;#8FD9C0&#8243; background_enable_image=&#8221;off&#8221; background_position=&#8221;top_right&#8221; custom_padding=&#8221;0px|0px|0px|0px|true|true&#8221; border_width_all=&#8221;15px&#8221; border_color_all=&#8221;#8FD9C0&#8243; global_colors_info=&#8221;{}&#8221;][et_pb_image src=&#8221;https:\/\/data4circ.eu\/wp-content\/uploads\/2025\/01\/Data4circ_logo_full_reversed-b250.png&#8221; title_text=&#8221;Data4circ_logo_full_reversed b250&#8243; url_new_window=&#8221;on&#8221; align=&#8221;center&#8221; force_fullwidth=&#8221;on&#8221; _builder_version=&#8221;4.27.4&#8243; _module_preset=&#8221;default&#8221; border_width_all=&#8221;3px&#8221; border_color_all=&#8221;#00AA78&#8243; global_colors_info=&#8221;{}&#8221;][\/et_pb_image][et_pb_image src=&#8221;https:\/\/data4circ.eu\/wp-content\/uploads\/2025\/09\/Digital-Product-Passports.jpg&#8221; alt=&#8221;Publicitate grafic\u0103 DATA4CIRC se al\u0103tur\u0103 proiectului RecAL pentru a prezenta un webinar comun care ofer\u0103 perspective asupra DPP-urilor din diferite proiecte UE, inclusiv proiectul COMPASS \u0219i proiectul CIRPASS-2&#8243; title_text=&#8221;Webinar comun privind pa\u0219apoartele digitale pentru produse&#8221; url_new_window=&#8221;on&#8221; _builder_version=&#8221;4.27.4&#8243; _module_preset=&#8221;default&#8221; global_colors_info=&#8221;{}&#8221;][\/et_pb_image][et_pb_text _builder_version=&#8221;4.27.4&#8243; _module_preset=&#8221;default&#8221; text_text_color=&#8221;#2B463C&#8221; header_text_align=&#8221;center&#8221; header_2_font=&#8221;|&#8211;et_global_heading_font_weight|||||||&#8221; background_color=&#8221;#8FD9C0&#8243; custom_padding=&#8221;20px|20px|20px|20px|true|true&#8221; custom_padding_tablet=&#8221;50px|50px|50px|50px|true|true&#8221; custom_padding_phone=&#8221;0px|25px|0px|25px|true|true&#8221; custom_padding_last_edited=&#8221;on|phone&#8221; link_option_url=&#8221;www.data4circ.eu\/news-media\/videos&#8221; link_option_url_new_window=&#8221;on&#8221; border_width_all=&#8221;3px&#8221; border_color_all=&#8221;#00AA78&#8243; global_colors_info=&#8221;{}&#8221;]<\/p>\n<p style=\"text-align: justify;\">DATA4CIRC s-a al\u0103turat proiectului RecAL pentru a prezenta un webinar comun care ofer\u0103 perspective asupra DPP-urilor din diferite proiecte de cercetare finan\u021bate de UE, inclusiv proiectul COMPASS \u0219i proiectul CIRPASS-2.  <strong>Face\u021bi clic aici pentru a viziona videoclipul.<\/strong><\/p>\n<p style=\"text-align: justify;\"><strong><\/strong><\/p>\n<h2 style=\"text-align: center;\">\u00cenregistrare \u00eencheiat\u0103<\/h2>\n<p>[\/et_pb_text][et_pb_button button_url=&#8221;https:\/\/data4circ.eu\/wp-content\/uploads\/2025\/10\/20251021_Digital-Product-Passports-EU-Research-Webinar-Programme-RecAL-DATA4CIRC_FINAL_WL.pdf&#8221; button_text=&#8221;Vezi programul&#8221; button_alignment=&#8221;center&#8221; _builder_version=&#8221;4.27.4&#8243; _module_preset=&#8221;default&#8221; custom_button=&#8221;on&#8221; button_text_size=&#8221;20px&#8221; button_text_color=&#8221;#FFFFFF&#8221; button_bg_color=&#8221;#00AA78&#8243; button_border_radius=&#8221;25px&#8221; button_icon=&#8221;&#x3d;||divi||400&#8243; button_icon_color=&#8221;#FFFFFF&#8221; background_layout=&#8221;dark&#8221; locked=&#8221;off&#8221; global_colors_info=&#8221;{}&#8221;][\/et_pb_button][\/et_pb_column][et_pb_column type=&#8221;1_5&#8243; _builder_version=&#8221;4.27.4&#8243; _module_preset=&#8221;default&#8221; background_color=&#8221;#8FD9C0&#8243; background_enable_image=&#8221;off&#8221; background_position=&#8221;top_right&#8221; custom_padding=&#8221;0px|0px|0px|0px|true|true&#8221; border_width_all=&#8221;15px&#8221; border_color_all=&#8221;#8FD9C0&#8243; global_colors_info=&#8221;{}&#8221;][\/et_pb_column][et_pb_column type=&#8221;1_5&#8243; _builder_version=&#8221;4.27.4&#8243; _module_preset=&#8221;default&#8221; background_color=&#8221;#8FD9C0&#8243; background_enable_image=&#8221;off&#8221; background_position=&#8221;top_right&#8221; custom_padding=&#8221;0px|0px|0px|0px|true|true&#8221; border_width_all=&#8221;15px&#8221; border_color_all=&#8221;#8FD9C0&#8243; global_colors_info=&#8221;{}&#8221;][\/et_pb_column][\/et_pb_row][\/et_pb_section][et_pb_section fb_built=&#8221;1&#8243; _builder_version=&#8221;4.27.4&#8243; _module_preset=&#8221;default&#8221; background_color=&#8221;#2B463C&#8221; background_image=&#8221;https:\/\/data4circ.eu\/wp-content\/uploads\/2025\/01\/Data4circ-background-03-web.png&#8221; background_position=&#8221;center_left&#8221; custom_padding=&#8221;50px||50px||true|false&#8221; global_colors_info=&#8221;{}&#8221;][et_pb_row _builder_version=&#8221;4.27.4&#8243; _module_preset=&#8221;default&#8221; locked=&#8221;off&#8221; global_colors_info=&#8221;{}&#8221;][et_pb_column type=&#8221;4_4&#8243; _builder_version=&#8221;4.27.4&#8243; _module_preset=&#8221;default&#8221; global_colors_info=&#8221;{}&#8221;][et_pb_text _builder_version=&#8221;4.27.4&#8243; _module_preset=&#8221;default&#8221; text_text_color=&#8221;#8FD9C0&#8243; text_orientation=&#8221;center&#8221; global_colors_info=&#8221;{}&#8221;]<\/p>\n<h2>Al\u0103tura\u021bi-v\u0103 nou\u0103 \u00een c\u0103l\u0103toria noastr\u0103 c\u0103tre un viitor mai ecologic \u0219i mai inteligent \u00een produc\u021bie!<\/h2>\n<p>[\/et_pb_text][\/et_pb_column][\/et_pb_row][\/et_pb_section]<\/p>\n","protected":false},"excerpt":{"rendered":"<p>Evenimente Descoperi\u021bi unde DATA4CIRC are un impact! Explora\u021bi evenimentele noastre pentru a intra \u00een contact cu exper\u021bi, a face schimb de idei \u0219i a afla cum datele conduc tranzi\u021bia c\u0103tre o economie circular\u0103. Fie c\u0103 g\u0103zduim sau contribuim la conferin\u021be de top, ateliere sau sesiuni de networking, evenimentele noastre sunt oportunit\u0103\u021bi deschise de a ne [&hellip;]<\/p>\n","protected":false},"author":1,"featured_media":0,"parent":1974,"menu_order":0,"comment_status":"closed","ping_status":"closed","template":"","meta":{"_et_pb_use_builder":"on","_et_pb_old_content":"","_et_gb_content_width":"","footnotes":""},"class_list":["post-2132","page","type-page","status-publish","hentry"],"yoast_head":"<!-- This site is optimized with the Yoast SEO plugin v27.1.1 - https:\/\/yoast.com\/product\/yoast-seo-wordpress\/ -->\n<title>Evenimente - data4circ.eu<\/title>\n<meta name=\"robots\" content=\"index, follow, max-snippet:-1, max-image-preview:large, max-video-preview:-1\" \/>\n<link rel=\"canonical\" href=\"https:\/\/data4circ.eu\/ro\/stiri-si-media\/evenimente\/\" \/>\n<meta property=\"og:locale\" content=\"ro_RO\" \/>\n<meta property=\"og:type\" content=\"article\" \/>\n<meta property=\"og:title\" content=\"Evenimente - data4circ.eu\" \/>\n<meta property=\"og:description\" content=\"Evenimente Descoperi\u021bi unde DATA4CIRC are un impact! Explora\u021bi evenimentele noastre pentru a intra \u00een contact cu exper\u021bi, a face schimb de idei \u0219i a afla cum datele conduc tranzi\u021bia c\u0103tre o economie circular\u0103. Fie c\u0103 g\u0103zduim sau contribuim la conferin\u021be de top, ateliere sau sesiuni de networking, evenimentele noastre sunt oportunit\u0103\u021bi deschise de a ne [&hellip;]\" \/>\n<meta property=\"og:url\" content=\"https:\/\/data4circ.eu\/ro\/stiri-si-media\/evenimente\/\" \/>\n<meta property=\"og:site_name\" content=\"data4circ.eu\" \/>\n<meta property=\"article:modified_time\" content=\"2026-02-19T17:57:52+00:00\" \/>\n<meta name=\"twitter:card\" content=\"summary_large_image\" \/>\n<meta name=\"twitter:label1\" content=\"Timp estimat pentru citire\" \/>\n\t<meta name=\"twitter:data1\" content=\"5 minute\" \/>\n<script type=\"application\/ld+json\" class=\"yoast-schema-graph\">{\"@context\":\"https:\/\/schema.org\",\"@graph\":[{\"@type\":\"WebPage\",\"@id\":\"https:\/\/data4circ.eu\/ro\/stiri-si-media\/evenimente\/\",\"url\":\"https:\/\/data4circ.eu\/ro\/stiri-si-media\/evenimente\/\",\"name\":\"Evenimente - data4circ.eu\",\"isPartOf\":{\"@id\":\"https:\/\/data4circ.eu\/ro\/#website\"},\"datePublished\":\"2025-02-11T15:49:56+00:00\",\"dateModified\":\"2026-02-19T17:57:52+00:00\",\"breadcrumb\":{\"@id\":\"https:\/\/data4circ.eu\/ro\/stiri-si-media\/evenimente\/#breadcrumb\"},\"inLanguage\":\"ro-RO\",\"potentialAction\":[{\"@type\":\"ReadAction\",\"target\":[\"https:\/\/data4circ.eu\/ro\/stiri-si-media\/evenimente\/\"]}]},{\"@type\":\"BreadcrumbList\",\"@id\":\"https:\/\/data4circ.eu\/ro\/stiri-si-media\/evenimente\/#breadcrumb\",\"itemListElement\":[{\"@type\":\"ListItem\",\"position\":1,\"name\":\"Home\",\"item\":\"https:\/\/data4circ.eu\/ro\/acasa\/\"},{\"@type\":\"ListItem\",\"position\":2,\"name\":\"\u0218tiri \u0219i media\",\"item\":\"https:\/\/data4circ.eu\/ro\/stiri-si-media\/\"},{\"@type\":\"ListItem\",\"position\":3,\"name\":\"Evenimente\"}]},{\"@type\":\"WebSite\",\"@id\":\"https:\/\/data4circ.eu\/ro\/#website\",\"url\":\"https:\/\/data4circ.eu\/ro\/\",\"name\":\"data4circ.eu\",\"description\":\"eco-friendly digital solutions and data sharing\",\"potentialAction\":[{\"@type\":\"SearchAction\",\"target\":{\"@type\":\"EntryPoint\",\"urlTemplate\":\"https:\/\/data4circ.eu\/ro\/?s={search_term_string}\"},\"query-input\":{\"@type\":\"PropertyValueSpecification\",\"valueRequired\":true,\"valueName\":\"search_term_string\"}}],\"inLanguage\":\"ro-RO\"}]}<\/script>\n<!-- \/ Yoast SEO plugin. -->","yoast_head_json":{"title":"Evenimente - data4circ.eu","robots":{"index":"index","follow":"follow","max-snippet":"max-snippet:-1","max-image-preview":"max-image-preview:large","max-video-preview":"max-video-preview:-1"},"canonical":"https:\/\/data4circ.eu\/ro\/stiri-si-media\/evenimente\/","og_locale":"ro_RO","og_type":"article","og_title":"Evenimente - data4circ.eu","og_description":"Evenimente Descoperi\u021bi unde DATA4CIRC are un impact! Explora\u021bi evenimentele noastre pentru a intra \u00een contact cu exper\u021bi, a face schimb de idei \u0219i a afla cum datele conduc tranzi\u021bia c\u0103tre o economie circular\u0103. Fie c\u0103 g\u0103zduim sau contribuim la conferin\u021be de top, ateliere sau sesiuni de networking, evenimentele noastre sunt oportunit\u0103\u021bi deschise de a ne [&hellip;]","og_url":"https:\/\/data4circ.eu\/ro\/stiri-si-media\/evenimente\/","og_site_name":"data4circ.eu","article_modified_time":"2026-02-19T17:57:52+00:00","twitter_card":"summary_large_image","twitter_misc":{"Timp estimat pentru citire":"5 minute"},"schema":{"@context":"https:\/\/schema.org","@graph":[{"@type":"WebPage","@id":"https:\/\/data4circ.eu\/ro\/stiri-si-media\/evenimente\/","url":"https:\/\/data4circ.eu\/ro\/stiri-si-media\/evenimente\/","name":"Evenimente - data4circ.eu","isPartOf":{"@id":"https:\/\/data4circ.eu\/ro\/#website"},"datePublished":"2025-02-11T15:49:56+00:00","dateModified":"2026-02-19T17:57:52+00:00","breadcrumb":{"@id":"https:\/\/data4circ.eu\/ro\/stiri-si-media\/evenimente\/#breadcrumb"},"inLanguage":"ro-RO","potentialAction":[{"@type":"ReadAction","target":["https:\/\/data4circ.eu\/ro\/stiri-si-media\/evenimente\/"]}]},{"@type":"BreadcrumbList","@id":"https:\/\/data4circ.eu\/ro\/stiri-si-media\/evenimente\/#breadcrumb","itemListElement":[{"@type":"ListItem","position":1,"name":"Home","item":"https:\/\/data4circ.eu\/ro\/acasa\/"},{"@type":"ListItem","position":2,"name":"\u0218tiri \u0219i media","item":"https:\/\/data4circ.eu\/ro\/stiri-si-media\/"},{"@type":"ListItem","position":3,"name":"Evenimente"}]},{"@type":"WebSite","@id":"https:\/\/data4circ.eu\/ro\/#website","url":"https:\/\/data4circ.eu\/ro\/","name":"data4circ.eu","description":"eco-friendly digital solutions and data sharing","potentialAction":[{"@type":"SearchAction","target":{"@type":"EntryPoint","urlTemplate":"https:\/\/data4circ.eu\/ro\/?s={search_term_string}"},"query-input":{"@type":"PropertyValueSpecification","valueRequired":true,"valueName":"search_term_string"}}],"inLanguage":"ro-RO"}]}},"_links":{"self":[{"href":"https:\/\/data4circ.eu\/ro\/wp-json\/wp\/v2\/pages\/2132","targetHints":{"allow":["GET"]}}],"collection":[{"href":"https:\/\/data4circ.eu\/ro\/wp-json\/wp\/v2\/pages"}],"about":[{"href":"https:\/\/data4circ.eu\/ro\/wp-json\/wp\/v2\/types\/page"}],"author":[{"embeddable":true,"href":"https:\/\/data4circ.eu\/ro\/wp-json\/wp\/v2\/users\/1"}],"replies":[{"embeddable":true,"href":"https:\/\/data4circ.eu\/ro\/wp-json\/wp\/v2\/comments?post=2132"}],"version-history":[{"count":3,"href":"https:\/\/data4circ.eu\/ro\/wp-json\/wp\/v2\/pages\/2132\/revisions"}],"predecessor-version":[{"id":2135,"href":"https:\/\/data4circ.eu\/ro\/wp-json\/wp\/v2\/pages\/2132\/revisions\/2135"}],"up":[{"embeddable":true,"href":"https:\/\/data4circ.eu\/ro\/wp-json\/wp\/v2\/pages\/1974"}],"wp:attachment":[{"href":"https:\/\/data4circ.eu\/ro\/wp-json\/wp\/v2\/media?parent=2132"}],"curies":[{"name":"wp","href":"https:\/\/api.w.org\/{rel}","templated":true}]}}