{"id":1874,"date":"2025-01-31T10:42:26","date_gmt":"2025-01-31T09:42:26","guid":{"rendered":"https:\/\/data4circ.eu\/despre\/proiectul\/cazuri-de-utilizare\/cazul-de-utilizare-nr-3-revolutionarea-catalizatorilor-auto\/"},"modified":"2026-03-04T15:07:32","modified_gmt":"2026-03-04T14:07:32","slug":"cazul-de-utilizare-nr-3-revolutionarea-catalizatorilor-auto","status":"publish","type":"page","link":"https:\/\/data4circ.eu\/ro\/despre\/proiectul\/cazuri-de-utilizare\/cazul-de-utilizare-nr-3-revolutionarea-catalizatorilor-auto\/","title":{"rendered":"Studiu de caz #3: Revolu\u021bionarea catalizatorilor auto"},"content":{"rendered":"<p>[et_pb_section fb_built=&#8221;1&#8243; custom_padding_last_edited=&#8221;on|phone&#8221; _builder_version=&#8221;4.27.4&#8243; _module_preset=&#8221;default&#8221; background_color=&#8221;#2B463C&#8221; background_image=&#8221;https:\/\/data4circ.eu\/wp-content\/uploads\/2025\/01\/Data4circ-background-web.png&#8221; background_position=&#8221;top_right&#8221; custom_padding=&#8221;50px||50px||true|false&#8221; custom_padding_tablet=&#8221;40px||40px||true|false&#8221; custom_padding_phone=&#8221;30px||30px||true|false&#8221; global_colors_info=&#8221;{}&#8221;][et_pb_row column_structure=&#8221;2_5,3_5&#8243; _builder_version=&#8221;4.27.4&#8243; _module_preset=&#8221;default&#8221; global_colors_info=&#8221;{}&#8221;][et_pb_column type=&#8221;2_5&#8243; _builder_version=&#8221;4.27.4&#8243; _module_preset=&#8221;default&#8221; global_colors_info=&#8221;{}&#8221;][et_pb_text _builder_version=&#8221;4.27.4&#8243; _module_preset=&#8221;default&#8221; text_text_color=&#8221;#8FD9C0&#8243; global_colors_info=&#8221;{}&#8221;]<\/p>\n<h1><strong>Studiu de caz #1 : Revolu\u021bionarea catalizatorilor auto &#8211; Lan\u021bul valoric circular \u00een convertizoarele catalitice<\/strong><\/h1>\n<p>[\/et_pb_text][\/et_pb_column][et_pb_column type=&#8221;3_5&#8243; _builder_version=&#8221;4.27.4&#8243; _module_preset=&#8221;default&#8221; global_colors_info=&#8221;{}&#8221;][\/et_pb_column][\/et_pb_row][\/et_pb_section][et_pb_section fb_built=&#8221;1&#8243; _builder_version=&#8221;4.27.4&#8243; _module_preset=&#8221;default&#8221; custom_padding=&#8221;0px||0px||true|false&#8221; global_colors_info=&#8221;{}&#8221;][et_pb_row use_custom_gutter=&#8221;on&#8221; gutter_width=&#8221;1&#8243; make_equal=&#8221;on&#8221; _builder_version=&#8221;4.27.4&#8243; _module_preset=&#8221;default&#8221; background_color=&#8221;#8FD9C0&#8243; width=&#8221;100%&#8221; custom_padding=&#8221;0px||0px||true|false&#8221; global_colors_info=&#8221;{}&#8221;][et_pb_column type=&#8221;4_4&#8243; _builder_version=&#8221;4.27.4&#8243; _module_preset=&#8221;default&#8221; background_color=&#8221;#8FD9C0&#8243; background_enable_image=&#8221;off&#8221; background_position=&#8221;top_right&#8221; global_colors_info=&#8221;{}&#8221;][et_pb_text _builder_version=&#8221;4.27.4&#8243; _module_preset=&#8221;default&#8221; text_text_color=&#8221;#2B463C&#8221; header_2_font=&#8221;|&#8211;et_global_heading_font_weight|||||||&#8221; custom_padding=&#8221;100px|100px|100px|100px|true|true&#8221; custom_padding_tablet=&#8221;50px|50px|50px|50px|true|true&#8221; custom_padding_phone=&#8221;25px|25px|25px|25px|true|true&#8221; custom_padding_last_edited=&#8221;on|phone&#8221; global_colors_info=&#8221;{}&#8221;]<\/p>\n<p><strong>Cazul de utilizare nr. 3<\/strong> se refer\u0103 la transformarea vechiului \u00een nou prin reciclarea convertoarelor catalitice uzate pentru a crea catalizatori auto noi, de \u00eenalt\u0103 performan\u021b\u0103. Acest efort inovator, condus de <span style=\"text-decoration: underline; color: #2b463c;\"><strong><a href=\"www.innovation.monolithos.gr\" style=\"color: #2b463c; text-decoration: underline;\">MONOLITHOS Catalysts and Recycling Ltd<\/a>.<\/strong><\/span> \u0219i <a href=\"https:\/\/www.stellantis.com\/en\"><strong><span style=\"text-decoration: underline; color: #2b463c;\">Centro Ricerche Fiat (CRF) &#8211; Stellantis<\/span><\/strong><\/a>vizeaz\u0103 reducerea utiliz\u0103rii materiilor prime, reducerea costurilor \u0219i reducerea impactului asupra mediului. <\/p>\n<p><span style=\"text-decoration: underline;\"><a href=\"www.innovation.monolithos.gr\"><strong><span style=\"color: #2b463c; text-decoration: underline;\">MONOLITHOS<\/span><\/strong><\/a><\/span>un IMM grec, este v\u00e2rful de lance \u00een colectarea, sortarea \u0219i preprocesarea convertoarelor catalitice uzate din \u00eentreaga Grecie. Instala\u021bia lor poate gestiona p\u00e2n\u0103 la 40 000 de unit\u0103\u021bi anual, extr\u0103g\u00e2nd metale pre\u021bioase precum platina (Pt), paladiul (Pd) \u0219i rodiul (Rh) prin metode ecologice. Aceste metale sunt apoi utilizate pentru a produce convertoare catalitice de calitate superioar\u0103, \u00eencorpor\u00e2nd nanoparticule de cupru (Cu) pentru a minimiza nevoia de metale suplimentare din grupul platinei.  <\/p>\n<p><span style=\"text-decoration: underline;\"><a href=\"https:\/\/www.stellantis.com\/en\"><strong><span style=\"color: #2b463c; text-decoration: underline;\">CRF<\/span><\/strong><\/a><\/span> joac\u0103 un rol crucial \u00een testarea \u0219i validarea acestor noi catalizatori. Ace\u0219tia se asigur\u0103 c\u0103 catalizatorii \u00eendeplinesc reglement\u0103rile stricte de mediu, standardele industriale \u0219i cerin\u021bele comerciale. <\/p>\n<p>Aceast\u0103 ini\u021biativ\u0103 nu numai c\u0103 promoveaz\u0103 reciclarea \u0219i durabilitatea, dar \u00eembun\u0103t\u0103\u021be\u0219te \u0219i trasabilitatea cu ajutorul unui pa\u0219aport digital al produsului, asigur\u00e2nd transparen\u021ba \u0219i stimul\u00e2nd competitivitatea sectorului auto. Prin integrarea unor metode de reciclare \u0219i testare de ultim\u0103 or\u0103, <strong>Data4Circ<\/strong> deschide calea c\u0103tre un viitor mai ecologic \u0219i mai eficient \u00een produc\u021bia de automobile. <\/p>\n<p>[\/et_pb_text][et_pb_image src=&#8221;https:\/\/data4circ.eu\/wp-content\/uploads\/2025\/02\/AdobeStock_462957501-scaled.jpeg&#8221; title_text=&#8221;Mufle de e\u0219apament&#8221; _builder_version=&#8221;4.27.4&#8243; _module_preset=&#8221;default&#8221; width=&#8221;30%&#8221; module_alignment=&#8221;center&#8221; custom_margin=&#8221;||30px||false|false&#8221; global_colors_info=&#8221;{}&#8221;][\/et_pb_image][\/et_pb_column][\/et_pb_row][\/et_pb_section][et_pb_section fb_built=&#8221;1&#8243; _builder_version=&#8221;4.27.4&#8243; _module_preset=&#8221;default&#8221; background_color=&#8221;#2B463C&#8221; background_image=&#8221;https:\/\/data4circ.eu\/wp-content\/uploads\/2025\/01\/Data4circ-background-03-web.png&#8221; background_position=&#8221;center_left&#8221; custom_padding=&#8221;50px||50px||true|false&#8221; global_colors_info=&#8221;{}&#8221;][et_pb_row _builder_version=&#8221;4.27.4&#8243; _module_preset=&#8221;default&#8221; global_colors_info=&#8221;{}&#8221;][et_pb_column type=&#8221;4_4&#8243; _builder_version=&#8221;4.27.4&#8243; _module_preset=&#8221;default&#8221; global_colors_info=&#8221;{}&#8221;][et_pb_text _builder_version=&#8221;4.27.4&#8243; _module_preset=&#8221;default&#8221; text_text_color=&#8221;#8FD9C0&#8243; text_orientation=&#8221;center&#8221; global_colors_info=&#8221;{}&#8221;]<\/p>\n<h2>Al\u0103tura\u021bi-v\u0103 nou\u0103 \u00een c\u0103l\u0103toria noastr\u0103 c\u0103tre un viitor mai ecologic \u0219i mai inteligent \u00een produc\u021bie!<\/h2>\n<p>[\/et_pb_text][\/et_pb_column][\/et_pb_row][\/et_pb_section]<\/p>\n","protected":false},"excerpt":{"rendered":"<p>Studiu de caz #1 : Revolu\u021bionarea catalizatorilor auto &#8211; Lan\u021bul valoric circular \u00een convertizoarele cataliticeCazul de utilizare nr. 3 se refer\u0103 la transformarea vechiului \u00een nou prin reciclarea convertoarelor catalitice uzate pentru a crea catalizatori auto noi, de \u00eenalt\u0103 performan\u021b\u0103. Acest efort inovator, condus de MONOLITHOS Catalysts and Recycling Ltd. \u0219i Centro Ricerche Fiat (CRF) [&hellip;]<\/p>\n","protected":false},"author":1,"featured_media":0,"parent":1777,"menu_order":0,"comment_status":"closed","ping_status":"closed","template":"","meta":{"_et_pb_use_builder":"on","_et_pb_old_content":"","_et_gb_content_width":"","footnotes":""},"class_list":["post-1874","page","type-page","status-publish","hentry"],"yoast_head":"<!-- This site is optimized with the Yoast SEO plugin v27.1.1 - https:\/\/yoast.com\/product\/yoast-seo-wordpress\/ -->\n<title>Studiu de caz #3: Revolu\u021bionarea catalizatorilor auto - data4circ.eu<\/title>\n<meta name=\"robots\" content=\"index, follow, max-snippet:-1, max-image-preview:large, max-video-preview:-1\" \/>\n<link rel=\"canonical\" href=\"https:\/\/data4circ.eu\/ro\/despre\/proiectul\/cazuri-de-utilizare\/cazul-de-utilizare-nr-3-revolutionarea-catalizatorilor-auto\/\" \/>\n<meta property=\"og:locale\" content=\"ro_RO\" \/>\n<meta property=\"og:type\" content=\"article\" \/>\n<meta property=\"og:title\" content=\"Studiu de caz #3: Revolu\u021bionarea catalizatorilor auto - data4circ.eu\" \/>\n<meta property=\"og:description\" content=\"Studiu de caz #1 : Revolu\u021bionarea catalizatorilor auto - Lan\u021bul valoric circular \u00een convertizoarele cataliticeCazul de utilizare nr. 3 se refer\u0103 la transformarea vechiului \u00een nou prin reciclarea convertoarelor catalitice uzate pentru a crea catalizatori auto noi, de \u00eenalt\u0103 performan\u021b\u0103. Acest efort inovator, condus de MONOLITHOS Catalysts and Recycling Ltd. \u0219i Centro Ricerche Fiat (CRF) [&hellip;]\" \/>\n<meta property=\"og:url\" content=\"https:\/\/data4circ.eu\/ro\/despre\/proiectul\/cazuri-de-utilizare\/cazul-de-utilizare-nr-3-revolutionarea-catalizatorilor-auto\/\" \/>\n<meta property=\"og:site_name\" content=\"data4circ.eu\" \/>\n<meta property=\"article:modified_time\" content=\"2026-03-04T14:07:32+00:00\" \/>\n<meta name=\"twitter:card\" content=\"summary_large_image\" \/>\n<meta name=\"twitter:label1\" content=\"Timp estimat pentru citire\" \/>\n\t<meta name=\"twitter:data1\" content=\"3 minute\" \/>\n<script type=\"application\/ld+json\" class=\"yoast-schema-graph\">{\"@context\":\"https:\/\/schema.org\",\"@graph\":[{\"@type\":\"WebPage\",\"@id\":\"https:\/\/data4circ.eu\/ro\/despre\/proiectul\/cazuri-de-utilizare\/cazul-de-utilizare-nr-3-revolutionarea-catalizatorilor-auto\/\",\"url\":\"https:\/\/data4circ.eu\/ro\/despre\/proiectul\/cazuri-de-utilizare\/cazul-de-utilizare-nr-3-revolutionarea-catalizatorilor-auto\/\",\"name\":\"Studiu de caz #3: Revolu\u021bionarea catalizatorilor auto - data4circ.eu\",\"isPartOf\":{\"@id\":\"https:\/\/data4circ.eu\/ro\/#website\"},\"datePublished\":\"2025-01-31T09:42:26+00:00\",\"dateModified\":\"2026-03-04T14:07:32+00:00\",\"breadcrumb\":{\"@id\":\"https:\/\/data4circ.eu\/ro\/despre\/proiectul\/cazuri-de-utilizare\/cazul-de-utilizare-nr-3-revolutionarea-catalizatorilor-auto\/#breadcrumb\"},\"inLanguage\":\"ro-RO\",\"potentialAction\":[{\"@type\":\"ReadAction\",\"target\":[\"https:\/\/data4circ.eu\/ro\/despre\/proiectul\/cazuri-de-utilizare\/cazul-de-utilizare-nr-3-revolutionarea-catalizatorilor-auto\/\"]}]},{\"@type\":\"BreadcrumbList\",\"@id\":\"https:\/\/data4circ.eu\/ro\/despre\/proiectul\/cazuri-de-utilizare\/cazul-de-utilizare-nr-3-revolutionarea-catalizatorilor-auto\/#breadcrumb\",\"itemListElement\":[{\"@type\":\"ListItem\",\"position\":1,\"name\":\"Home\",\"item\":\"https:\/\/data4circ.eu\/ro\/acasa\/\"},{\"@type\":\"ListItem\",\"position\":2,\"name\":\"Despre\",\"item\":\"https:\/\/data4circ.eu\/ro\/despre\/\"},{\"@type\":\"ListItem\",\"position\":3,\"name\":\"Proiectul\",\"item\":\"https:\/\/data4circ.eu\/ro\/despre\/proiectul\/\"},{\"@type\":\"ListItem\",\"position\":4,\"name\":\"Studii de caz\",\"item\":\"https:\/\/data4circ.eu\/ro\/despre\/proiectul\/cazuri-de-utilizare\/\"},{\"@type\":\"ListItem\",\"position\":5,\"name\":\"Studiu de caz #3: Revolu\u021bionarea catalizatorilor auto\"}]},{\"@type\":\"WebSite\",\"@id\":\"https:\/\/data4circ.eu\/ro\/#website\",\"url\":\"https:\/\/data4circ.eu\/ro\/\",\"name\":\"data4circ.eu\",\"description\":\"eco-friendly digital solutions and data sharing\",\"potentialAction\":[{\"@type\":\"SearchAction\",\"target\":{\"@type\":\"EntryPoint\",\"urlTemplate\":\"https:\/\/data4circ.eu\/ro\/?s={search_term_string}\"},\"query-input\":{\"@type\":\"PropertyValueSpecification\",\"valueRequired\":true,\"valueName\":\"search_term_string\"}}],\"inLanguage\":\"ro-RO\"}]}<\/script>\n<!-- \/ Yoast SEO plugin. -->","yoast_head_json":{"title":"Studiu de caz #3: Revolu\u021bionarea catalizatorilor auto - data4circ.eu","robots":{"index":"index","follow":"follow","max-snippet":"max-snippet:-1","max-image-preview":"max-image-preview:large","max-video-preview":"max-video-preview:-1"},"canonical":"https:\/\/data4circ.eu\/ro\/despre\/proiectul\/cazuri-de-utilizare\/cazul-de-utilizare-nr-3-revolutionarea-catalizatorilor-auto\/","og_locale":"ro_RO","og_type":"article","og_title":"Studiu de caz #3: Revolu\u021bionarea catalizatorilor auto - data4circ.eu","og_description":"Studiu de caz #1 : Revolu\u021bionarea catalizatorilor auto - Lan\u021bul valoric circular \u00een convertizoarele cataliticeCazul de utilizare nr. 3 se refer\u0103 la transformarea vechiului \u00een nou prin reciclarea convertoarelor catalitice uzate pentru a crea catalizatori auto noi, de \u00eenalt\u0103 performan\u021b\u0103. Acest efort inovator, condus de MONOLITHOS Catalysts and Recycling Ltd. \u0219i Centro Ricerche Fiat (CRF) [&hellip;]","og_url":"https:\/\/data4circ.eu\/ro\/despre\/proiectul\/cazuri-de-utilizare\/cazul-de-utilizare-nr-3-revolutionarea-catalizatorilor-auto\/","og_site_name":"data4circ.eu","article_modified_time":"2026-03-04T14:07:32+00:00","twitter_card":"summary_large_image","twitter_misc":{"Timp estimat pentru citire":"3 minute"},"schema":{"@context":"https:\/\/schema.org","@graph":[{"@type":"WebPage","@id":"https:\/\/data4circ.eu\/ro\/despre\/proiectul\/cazuri-de-utilizare\/cazul-de-utilizare-nr-3-revolutionarea-catalizatorilor-auto\/","url":"https:\/\/data4circ.eu\/ro\/despre\/proiectul\/cazuri-de-utilizare\/cazul-de-utilizare-nr-3-revolutionarea-catalizatorilor-auto\/","name":"Studiu de caz #3: Revolu\u021bionarea catalizatorilor auto - data4circ.eu","isPartOf":{"@id":"https:\/\/data4circ.eu\/ro\/#website"},"datePublished":"2025-01-31T09:42:26+00:00","dateModified":"2026-03-04T14:07:32+00:00","breadcrumb":{"@id":"https:\/\/data4circ.eu\/ro\/despre\/proiectul\/cazuri-de-utilizare\/cazul-de-utilizare-nr-3-revolutionarea-catalizatorilor-auto\/#breadcrumb"},"inLanguage":"ro-RO","potentialAction":[{"@type":"ReadAction","target":["https:\/\/data4circ.eu\/ro\/despre\/proiectul\/cazuri-de-utilizare\/cazul-de-utilizare-nr-3-revolutionarea-catalizatorilor-auto\/"]}]},{"@type":"BreadcrumbList","@id":"https:\/\/data4circ.eu\/ro\/despre\/proiectul\/cazuri-de-utilizare\/cazul-de-utilizare-nr-3-revolutionarea-catalizatorilor-auto\/#breadcrumb","itemListElement":[{"@type":"ListItem","position":1,"name":"Home","item":"https:\/\/data4circ.eu\/ro\/acasa\/"},{"@type":"ListItem","position":2,"name":"Despre","item":"https:\/\/data4circ.eu\/ro\/despre\/"},{"@type":"ListItem","position":3,"name":"Proiectul","item":"https:\/\/data4circ.eu\/ro\/despre\/proiectul\/"},{"@type":"ListItem","position":4,"name":"Studii de caz","item":"https:\/\/data4circ.eu\/ro\/despre\/proiectul\/cazuri-de-utilizare\/"},{"@type":"ListItem","position":5,"name":"Studiu de caz #3: Revolu\u021bionarea catalizatorilor auto"}]},{"@type":"WebSite","@id":"https:\/\/data4circ.eu\/ro\/#website","url":"https:\/\/data4circ.eu\/ro\/","name":"data4circ.eu","description":"eco-friendly digital solutions and data sharing","potentialAction":[{"@type":"SearchAction","target":{"@type":"EntryPoint","urlTemplate":"https:\/\/data4circ.eu\/ro\/?s={search_term_string}"},"query-input":{"@type":"PropertyValueSpecification","valueRequired":true,"valueName":"search_term_string"}}],"inLanguage":"ro-RO"}]}},"_links":{"self":[{"href":"https:\/\/data4circ.eu\/ro\/wp-json\/wp\/v2\/pages\/1874","targetHints":{"allow":["GET"]}}],"collection":[{"href":"https:\/\/data4circ.eu\/ro\/wp-json\/wp\/v2\/pages"}],"about":[{"href":"https:\/\/data4circ.eu\/ro\/wp-json\/wp\/v2\/types\/page"}],"author":[{"embeddable":true,"href":"https:\/\/data4circ.eu\/ro\/wp-json\/wp\/v2\/users\/1"}],"replies":[{"embeddable":true,"href":"https:\/\/data4circ.eu\/ro\/wp-json\/wp\/v2\/comments?post=1874"}],"version-history":[{"count":7,"href":"https:\/\/data4circ.eu\/ro\/wp-json\/wp\/v2\/pages\/1874\/revisions"}],"predecessor-version":[{"id":2878,"href":"https:\/\/data4circ.eu\/ro\/wp-json\/wp\/v2\/pages\/1874\/revisions\/2878"}],"up":[{"embeddable":true,"href":"https:\/\/data4circ.eu\/ro\/wp-json\/wp\/v2\/pages\/1777"}],"wp:attachment":[{"href":"https:\/\/data4circ.eu\/ro\/wp-json\/wp\/v2\/media?parent=1874"}],"curies":[{"name":"wp","href":"https:\/\/api.w.org\/{rel}","templated":true}]}}