{"id":1839,"date":"2025-01-31T10:41:00","date_gmt":"2025-01-31T09:41:00","guid":{"rendered":"https:\/\/data4circ.eu\/despre\/proiectul\/cazuri-de-utilizare\/cazul-de-utilizare-nr-2-revolutionarea-gestionarii-deseurilor-electronice-lantul-valoric-circular-pentru-eee\/"},"modified":"2026-03-04T15:07:04","modified_gmt":"2026-03-04T14:07:04","slug":"cazul-de-utilizare-nr-2-revolutionarea-gestionarii-deseurilor-electronice-lantul-valoric-circular-pentru-eee","status":"publish","type":"page","link":"https:\/\/data4circ.eu\/ro\/despre\/proiectul\/cazuri-de-utilizare\/cazul-de-utilizare-nr-2-revolutionarea-gestionarii-deseurilor-electronice-lantul-valoric-circular-pentru-eee\/","title":{"rendered":"Studiu de caz #2: Revolu\u021bionarea gestion\u0103rii de\u0219eurilor electronice &#8211; Lan\u021bul valoric circular pentru EEE"},"content":{"rendered":"<p>[et_pb_section fb_built=&#8221;1&#8243; custom_padding_last_edited=&#8221;on|phone&#8221; _builder_version=&#8221;4.27.4&#8243; _module_preset=&#8221;default&#8221; background_color=&#8221;#2B463C&#8221; background_image=&#8221;https:\/\/data4circ.eu\/wp-content\/uploads\/2025\/01\/Data4circ-background-web.png&#8221; background_position=&#8221;top_right&#8221; custom_padding=&#8221;50px||50px||true|false&#8221; custom_padding_tablet=&#8221;40px||40px||true|false&#8221; custom_padding_phone=&#8221;30px||30px||true|false&#8221; global_colors_info=&#8221;{}&#8221;][et_pb_row column_structure=&#8221;2_5,3_5&#8243; _builder_version=&#8221;4.27.4&#8243; _module_preset=&#8221;default&#8221; global_colors_info=&#8221;{}&#8221;][et_pb_column type=&#8221;2_5&#8243; _builder_version=&#8221;4.27.4&#8243; _module_preset=&#8221;default&#8221; global_colors_info=&#8221;{}&#8221;][et_pb_text _builder_version=&#8221;4.27.4&#8243; _module_preset=&#8221;default&#8221; text_text_color=&#8221;#8FD9C0&#8243; global_colors_info=&#8221;{}&#8221;]<\/p>\n<h1><strong>Studiu de caz #1 : Reimaginarea gestion\u0103rii de\u0219eurilor electronice &#8211; Lan\u021bul valoric circular pentru de\u0219eurile de echipamente electrice \u0219i electronice (DEEE) <\/strong><\/h1>\n<p>[\/et_pb_text][\/et_pb_column][et_pb_column type=&#8221;3_5&#8243; _builder_version=&#8221;4.27.4&#8243; _module_preset=&#8221;default&#8221; global_colors_info=&#8221;{}&#8221;][\/et_pb_column][\/et_pb_row][\/et_pb_section][et_pb_section fb_built=&#8221;1&#8243; _builder_version=&#8221;4.27.4&#8243; _module_preset=&#8221;default&#8221; custom_padding=&#8221;0px||0px||true|false&#8221; global_colors_info=&#8221;{}&#8221;][et_pb_row use_custom_gutter=&#8221;on&#8221; gutter_width=&#8221;1&#8243; make_equal=&#8221;on&#8221; _builder_version=&#8221;4.27.4&#8243; _module_preset=&#8221;default&#8221; background_color=&#8221;#8FD9C0&#8243; width=&#8221;100%&#8221; custom_padding=&#8221;0px||0px||true|false&#8221; global_colors_info=&#8221;{}&#8221;][et_pb_column type=&#8221;4_4&#8243; _builder_version=&#8221;4.27.4&#8243; _module_preset=&#8221;default&#8221; background_color=&#8221;#8FD9C0&#8243; background_enable_image=&#8221;off&#8221; background_position=&#8221;top_right&#8221; global_colors_info=&#8221;{}&#8221;][et_pb_text _builder_version=&#8221;4.27.4&#8243; _module_preset=&#8221;default&#8221; text_text_color=&#8221;#2B463C&#8221; header_2_font=&#8221;|&#8211;et_global_heading_font_weight|||||||&#8221; custom_padding=&#8221;100px|100px|100px|100px|true|true&#8221; custom_padding_tablet=&#8221;50px|50px|50px|50px|true|true&#8221; custom_padding_phone=&#8221;25px|25px|25px|25px|true|true&#8221; custom_padding_last_edited=&#8221;on|phone&#8221; global_colors_info=&#8221;{}&#8221;]<\/p>\n<p><strong>Lan\u021bul valoric circular pentru de\u0219eurile de echipamente electrice \u0219i electronice (DEEE)<\/strong> transform\u0103 modul \u00een care gestion\u0103m de\u0219eurile electronice, prelungind ciclul de via\u021b\u0103 al produselor electronice \u0219i minimiz\u00e2nd \u00een acela\u0219i timp de\u0219eurile electronice. Aceast\u0103 abordare inovatoare este condus\u0103 de doi parteneri-cheie care lucreaz\u0103 \u00eempreun\u0103 pentru a aborda generarea \u0219i recuperarea de\u0219eurilor \u00een sectorul DEEE, <strong><span style=\"text-decoration: underline;\"><a href=\"www.gruppofos.it\"><span style=\"color: #2b463c; text-decoration: underline;\">Gruppo FOS<\/span><\/a><\/span><\/strong>, \u0219i <span style=\"color: #2b463c;\"><strong><span style=\"text-decoration: underline;\"><a href=\"www.ecorecycling.eu\" style=\"color: #2b463c; text-decoration: underline;\">Eco Recycling<\/a><\/span>.<\/strong><\/span> <\/p>\n<p><a href=\"www.gruppofos.it\"><strong><span style=\"text-decoration: underline;\"><span style=\"color: #2b463c; text-decoration: underline;\">Centrul de repara\u021bii \u0219i refabricare FOS T&amp;G <\/span><\/span><\/strong><\/a>este lider \u00een repararea pl\u0103cilor electronice, un proces care genereaz\u0103 de\u0219euri, inclusiv componente \u0219i materiale defecte. \u00cen loc s\u0103 arunc\u0103m aceste de\u0219euri, <a href=\"www.ecorecycling.eu\"><strong><span style=\"color: #2b463c;\"><span style=\"text-decoration: underline;\">Eco Recycling<\/span> <\/span><\/strong><\/a>le prelucreaz\u0103 pentru a extrage materii prime secundare valoroase. Aceste materiale sunt apoi refolosite pentru a produce noi componente electronice, cre\u00e2nd un sistem cu circuit \u00eenchis.  <\/p>\n<p>Prin integrarea acestor procese, regener\u0103m materiale valoroase, reducem impactul de\u0219eurilor electronice asupra mediului \u0219i economisim resurse \u00een fabricarea de noi produse electronice. Aceast\u0103 colaborare se aliniaz\u0103 principiilor economiei circulare, promov\u00e2nd reutilizarea, refabricarea \u0219i reciclarea componentelor electronice. <\/p>\n<p>Aceast\u0103 ini\u021biativ\u0103 nu numai c\u0103 promoveaz\u0103 durabilitatea, ci \u0219i eficien\u021ba \u00een sectorul DEEE.<\/p>\n<p>[\/et_pb_text][et_pb_image src=&#8221;https:\/\/data4circ.eu\/wp-content\/uploads\/2025\/02\/AdobeStock_809487985-scaled.jpeg&#8221; title_text=&#8221;Centru de sortare a de\u0219eurilor electronice. Accentul se pune pe lucr\u0103torii care dezasambleaz\u0103 piese de electronice vechi pentru reciclare. &#8221; _builder_version=&#8221;4.27.4&#8243; _module_preset=&#8221;default&#8221; width=&#8221;30%&#8221; module_alignment=&#8221;center&#8221; custom_margin=&#8221;||30px||false|false&#8221; global_colors_info=&#8221;{}&#8221;][\/et_pb_image][\/et_pb_column][\/et_pb_row][\/et_pb_section][et_pb_section fb_built=&#8221;1&#8243; _builder_version=&#8221;4.27.4&#8243; _module_preset=&#8221;default&#8221; background_color=&#8221;#2B463C&#8221; background_image=&#8221;https:\/\/data4circ.eu\/wp-content\/uploads\/2025\/01\/Data4circ-background-03-web.png&#8221; background_position=&#8221;center_left&#8221; custom_padding=&#8221;50px||50px||true|false&#8221; global_colors_info=&#8221;{}&#8221;][et_pb_row _builder_version=&#8221;4.27.4&#8243; _module_preset=&#8221;default&#8221; global_colors_info=&#8221;{}&#8221;][et_pb_column type=&#8221;4_4&#8243; _builder_version=&#8221;4.27.4&#8243; _module_preset=&#8221;default&#8221; global_colors_info=&#8221;{}&#8221;][et_pb_text _builder_version=&#8221;4.27.4&#8243; _module_preset=&#8221;default&#8221; text_text_color=&#8221;#8FD9C0&#8243; text_orientation=&#8221;center&#8221; global_colors_info=&#8221;{}&#8221;]<\/p>\n<h2>Al\u0103tura\u021bi-v\u0103 nou\u0103 \u00een c\u0103l\u0103toria noastr\u0103 c\u0103tre un viitor mai ecologic \u0219i mai inteligent \u00een produc\u021bie!<\/h2>\n<p>[\/et_pb_text][\/et_pb_column][\/et_pb_row][\/et_pb_section]<\/p>\n","protected":false},"excerpt":{"rendered":"<p>Studiu de caz #1 : Reimaginarea gestion\u0103rii de\u0219eurilor electronice &#8211; Lan\u021bul valoric circular pentru de\u0219eurile de echipamente electrice \u0219i electronice (DEEE) Lan\u021bul valoric circular pentru de\u0219eurile de echipamente electrice \u0219i electronice (DEEE) transform\u0103 modul \u00een care gestion\u0103m de\u0219eurile electronice, prelungind ciclul de via\u021b\u0103 al produselor electronice \u0219i minimiz\u00e2nd \u00een acela\u0219i timp de\u0219eurile electronice. Aceast\u0103 abordare [&hellip;]<\/p>\n","protected":false},"author":1,"featured_media":0,"parent":1777,"menu_order":0,"comment_status":"closed","ping_status":"closed","template":"","meta":{"_et_pb_use_builder":"on","_et_pb_old_content":"","_et_gb_content_width":"","footnotes":""},"class_list":["post-1839","page","type-page","status-publish","hentry"],"yoast_head":"<!-- This site is optimized with the Yoast SEO plugin v27.1.1 - https:\/\/yoast.com\/product\/yoast-seo-wordpress\/ -->\n<title>Studiu de caz #2: Revolu\u021bionarea gestion\u0103rii de\u0219eurilor electronice - Lan\u021bul valoric circular pentru EEE - data4circ.eu<\/title>\n<meta name=\"robots\" content=\"index, follow, max-snippet:-1, max-image-preview:large, max-video-preview:-1\" \/>\n<link rel=\"canonical\" href=\"https:\/\/data4circ.eu\/ro\/despre\/proiectul\/cazuri-de-utilizare\/cazul-de-utilizare-nr-2-revolutionarea-gestionarii-deseurilor-electronice-lantul-valoric-circular-pentru-eee\/\" \/>\n<meta property=\"og:locale\" content=\"ro_RO\" \/>\n<meta property=\"og:type\" content=\"article\" \/>\n<meta property=\"og:title\" content=\"Studiu de caz #2: Revolu\u021bionarea gestion\u0103rii de\u0219eurilor electronice - Lan\u021bul valoric circular pentru EEE - data4circ.eu\" \/>\n<meta property=\"og:description\" content=\"Studiu de caz #1 : Reimaginarea gestion\u0103rii de\u0219eurilor electronice - Lan\u021bul valoric circular pentru de\u0219eurile de echipamente electrice \u0219i electronice (DEEE) Lan\u021bul valoric circular pentru de\u0219eurile de echipamente electrice \u0219i electronice (DEEE) transform\u0103 modul \u00een care gestion\u0103m de\u0219eurile electronice, prelungind ciclul de via\u021b\u0103 al produselor electronice \u0219i minimiz\u00e2nd \u00een acela\u0219i timp de\u0219eurile electronice. Aceast\u0103 abordare [&hellip;]\" \/>\n<meta property=\"og:url\" content=\"https:\/\/data4circ.eu\/ro\/despre\/proiectul\/cazuri-de-utilizare\/cazul-de-utilizare-nr-2-revolutionarea-gestionarii-deseurilor-electronice-lantul-valoric-circular-pentru-eee\/\" \/>\n<meta property=\"og:site_name\" content=\"data4circ.eu\" \/>\n<meta property=\"article:modified_time\" content=\"2026-03-04T14:07:04+00:00\" \/>\n<meta name=\"twitter:card\" content=\"summary_large_image\" \/>\n<meta name=\"twitter:label1\" content=\"Timp estimat pentru citire\" \/>\n\t<meta name=\"twitter:data1\" content=\"3 minute\" \/>\n<script type=\"application\/ld+json\" class=\"yoast-schema-graph\">{\"@context\":\"https:\/\/schema.org\",\"@graph\":[{\"@type\":\"WebPage\",\"@id\":\"https:\/\/data4circ.eu\/ro\/despre\/proiectul\/cazuri-de-utilizare\/cazul-de-utilizare-nr-2-revolutionarea-gestionarii-deseurilor-electronice-lantul-valoric-circular-pentru-eee\/\",\"url\":\"https:\/\/data4circ.eu\/ro\/despre\/proiectul\/cazuri-de-utilizare\/cazul-de-utilizare-nr-2-revolutionarea-gestionarii-deseurilor-electronice-lantul-valoric-circular-pentru-eee\/\",\"name\":\"Studiu de caz #2: Revolu\u021bionarea gestion\u0103rii de\u0219eurilor electronice - Lan\u021bul valoric circular pentru EEE - data4circ.eu\",\"isPartOf\":{\"@id\":\"https:\/\/data4circ.eu\/ro\/#website\"},\"datePublished\":\"2025-01-31T09:41:00+00:00\",\"dateModified\":\"2026-03-04T14:07:04+00:00\",\"breadcrumb\":{\"@id\":\"https:\/\/data4circ.eu\/ro\/despre\/proiectul\/cazuri-de-utilizare\/cazul-de-utilizare-nr-2-revolutionarea-gestionarii-deseurilor-electronice-lantul-valoric-circular-pentru-eee\/#breadcrumb\"},\"inLanguage\":\"ro-RO\",\"potentialAction\":[{\"@type\":\"ReadAction\",\"target\":[\"https:\/\/data4circ.eu\/ro\/despre\/proiectul\/cazuri-de-utilizare\/cazul-de-utilizare-nr-2-revolutionarea-gestionarii-deseurilor-electronice-lantul-valoric-circular-pentru-eee\/\"]}]},{\"@type\":\"BreadcrumbList\",\"@id\":\"https:\/\/data4circ.eu\/ro\/despre\/proiectul\/cazuri-de-utilizare\/cazul-de-utilizare-nr-2-revolutionarea-gestionarii-deseurilor-electronice-lantul-valoric-circular-pentru-eee\/#breadcrumb\",\"itemListElement\":[{\"@type\":\"ListItem\",\"position\":1,\"name\":\"Home\",\"item\":\"https:\/\/data4circ.eu\/ro\/acasa\/\"},{\"@type\":\"ListItem\",\"position\":2,\"name\":\"Despre\",\"item\":\"https:\/\/data4circ.eu\/ro\/despre\/\"},{\"@type\":\"ListItem\",\"position\":3,\"name\":\"Proiectul\",\"item\":\"https:\/\/data4circ.eu\/ro\/despre\/proiectul\/\"},{\"@type\":\"ListItem\",\"position\":4,\"name\":\"Studii de caz\",\"item\":\"https:\/\/data4circ.eu\/ro\/despre\/proiectul\/cazuri-de-utilizare\/\"},{\"@type\":\"ListItem\",\"position\":5,\"name\":\"Studiu de caz #2: Revolu\u021bionarea gestion\u0103rii de\u0219eurilor electronice &#8211; Lan\u021bul valoric circular pentru EEE\"}]},{\"@type\":\"WebSite\",\"@id\":\"https:\/\/data4circ.eu\/ro\/#website\",\"url\":\"https:\/\/data4circ.eu\/ro\/\",\"name\":\"data4circ.eu\",\"description\":\"eco-friendly digital solutions and data sharing\",\"potentialAction\":[{\"@type\":\"SearchAction\",\"target\":{\"@type\":\"EntryPoint\",\"urlTemplate\":\"https:\/\/data4circ.eu\/ro\/?s={search_term_string}\"},\"query-input\":{\"@type\":\"PropertyValueSpecification\",\"valueRequired\":true,\"valueName\":\"search_term_string\"}}],\"inLanguage\":\"ro-RO\"}]}<\/script>\n<!-- \/ Yoast SEO plugin. -->","yoast_head_json":{"title":"Studiu de caz #2: Revolu\u021bionarea gestion\u0103rii de\u0219eurilor electronice - Lan\u021bul valoric circular pentru EEE - data4circ.eu","robots":{"index":"index","follow":"follow","max-snippet":"max-snippet:-1","max-image-preview":"max-image-preview:large","max-video-preview":"max-video-preview:-1"},"canonical":"https:\/\/data4circ.eu\/ro\/despre\/proiectul\/cazuri-de-utilizare\/cazul-de-utilizare-nr-2-revolutionarea-gestionarii-deseurilor-electronice-lantul-valoric-circular-pentru-eee\/","og_locale":"ro_RO","og_type":"article","og_title":"Studiu de caz #2: Revolu\u021bionarea gestion\u0103rii de\u0219eurilor electronice - Lan\u021bul valoric circular pentru EEE - data4circ.eu","og_description":"Studiu de caz #1 : Reimaginarea gestion\u0103rii de\u0219eurilor electronice - Lan\u021bul valoric circular pentru de\u0219eurile de echipamente electrice \u0219i electronice (DEEE) Lan\u021bul valoric circular pentru de\u0219eurile de echipamente electrice \u0219i electronice (DEEE) transform\u0103 modul \u00een care gestion\u0103m de\u0219eurile electronice, prelungind ciclul de via\u021b\u0103 al produselor electronice \u0219i minimiz\u00e2nd \u00een acela\u0219i timp de\u0219eurile electronice. Aceast\u0103 abordare [&hellip;]","og_url":"https:\/\/data4circ.eu\/ro\/despre\/proiectul\/cazuri-de-utilizare\/cazul-de-utilizare-nr-2-revolutionarea-gestionarii-deseurilor-electronice-lantul-valoric-circular-pentru-eee\/","og_site_name":"data4circ.eu","article_modified_time":"2026-03-04T14:07:04+00:00","twitter_card":"summary_large_image","twitter_misc":{"Timp estimat pentru citire":"3 minute"},"schema":{"@context":"https:\/\/schema.org","@graph":[{"@type":"WebPage","@id":"https:\/\/data4circ.eu\/ro\/despre\/proiectul\/cazuri-de-utilizare\/cazul-de-utilizare-nr-2-revolutionarea-gestionarii-deseurilor-electronice-lantul-valoric-circular-pentru-eee\/","url":"https:\/\/data4circ.eu\/ro\/despre\/proiectul\/cazuri-de-utilizare\/cazul-de-utilizare-nr-2-revolutionarea-gestionarii-deseurilor-electronice-lantul-valoric-circular-pentru-eee\/","name":"Studiu de caz #2: Revolu\u021bionarea gestion\u0103rii de\u0219eurilor electronice - Lan\u021bul valoric circular pentru EEE - data4circ.eu","isPartOf":{"@id":"https:\/\/data4circ.eu\/ro\/#website"},"datePublished":"2025-01-31T09:41:00+00:00","dateModified":"2026-03-04T14:07:04+00:00","breadcrumb":{"@id":"https:\/\/data4circ.eu\/ro\/despre\/proiectul\/cazuri-de-utilizare\/cazul-de-utilizare-nr-2-revolutionarea-gestionarii-deseurilor-electronice-lantul-valoric-circular-pentru-eee\/#breadcrumb"},"inLanguage":"ro-RO","potentialAction":[{"@type":"ReadAction","target":["https:\/\/data4circ.eu\/ro\/despre\/proiectul\/cazuri-de-utilizare\/cazul-de-utilizare-nr-2-revolutionarea-gestionarii-deseurilor-electronice-lantul-valoric-circular-pentru-eee\/"]}]},{"@type":"BreadcrumbList","@id":"https:\/\/data4circ.eu\/ro\/despre\/proiectul\/cazuri-de-utilizare\/cazul-de-utilizare-nr-2-revolutionarea-gestionarii-deseurilor-electronice-lantul-valoric-circular-pentru-eee\/#breadcrumb","itemListElement":[{"@type":"ListItem","position":1,"name":"Home","item":"https:\/\/data4circ.eu\/ro\/acasa\/"},{"@type":"ListItem","position":2,"name":"Despre","item":"https:\/\/data4circ.eu\/ro\/despre\/"},{"@type":"ListItem","position":3,"name":"Proiectul","item":"https:\/\/data4circ.eu\/ro\/despre\/proiectul\/"},{"@type":"ListItem","position":4,"name":"Studii de caz","item":"https:\/\/data4circ.eu\/ro\/despre\/proiectul\/cazuri-de-utilizare\/"},{"@type":"ListItem","position":5,"name":"Studiu de caz #2: Revolu\u021bionarea gestion\u0103rii de\u0219eurilor electronice &#8211; Lan\u021bul valoric circular pentru EEE"}]},{"@type":"WebSite","@id":"https:\/\/data4circ.eu\/ro\/#website","url":"https:\/\/data4circ.eu\/ro\/","name":"data4circ.eu","description":"eco-friendly digital solutions and data sharing","potentialAction":[{"@type":"SearchAction","target":{"@type":"EntryPoint","urlTemplate":"https:\/\/data4circ.eu\/ro\/?s={search_term_string}"},"query-input":{"@type":"PropertyValueSpecification","valueRequired":true,"valueName":"search_term_string"}}],"inLanguage":"ro-RO"}]}},"_links":{"self":[{"href":"https:\/\/data4circ.eu\/ro\/wp-json\/wp\/v2\/pages\/1839","targetHints":{"allow":["GET"]}}],"collection":[{"href":"https:\/\/data4circ.eu\/ro\/wp-json\/wp\/v2\/pages"}],"about":[{"href":"https:\/\/data4circ.eu\/ro\/wp-json\/wp\/v2\/types\/page"}],"author":[{"embeddable":true,"href":"https:\/\/data4circ.eu\/ro\/wp-json\/wp\/v2\/users\/1"}],"replies":[{"embeddable":true,"href":"https:\/\/data4circ.eu\/ro\/wp-json\/wp\/v2\/comments?post=1839"}],"version-history":[{"count":7,"href":"https:\/\/data4circ.eu\/ro\/wp-json\/wp\/v2\/pages\/1839\/revisions"}],"predecessor-version":[{"id":2874,"href":"https:\/\/data4circ.eu\/ro\/wp-json\/wp\/v2\/pages\/1839\/revisions\/2874"}],"up":[{"embeddable":true,"href":"https:\/\/data4circ.eu\/ro\/wp-json\/wp\/v2\/pages\/1777"}],"wp:attachment":[{"href":"https:\/\/data4circ.eu\/ro\/wp-json\/wp\/v2\/media?parent=1839"}],"curies":[{"name":"wp","href":"https:\/\/api.w.org\/{rel}","templated":true}]}}