{"id":1804,"date":"2025-01-31T10:30:28","date_gmt":"2025-01-31T09:30:28","guid":{"rendered":"https:\/\/data4circ.eu\/despre\/proiectul\/cazuri-de-utilizare\/caz-de-utilizare-1-transformarea-materialelor-plastice-agricole-lantul-valoric-circular-pentru-foliile-de-mulci\/"},"modified":"2026-03-04T15:19:51","modified_gmt":"2026-03-04T14:19:51","slug":"caz-de-utilizare-1-transformarea-materialelor-plastice-agricole-lantul-valoric-circular-pentru-foliile-de-mulci","status":"publish","type":"page","link":"https:\/\/data4circ.eu\/ro\/despre\/proiectul\/cazuri-de-utilizare\/caz-de-utilizare-1-transformarea-materialelor-plastice-agricole-lantul-valoric-circular-pentru-foliile-de-mulci\/","title":{"rendered":"Studiu de caz #1: Transformarea materialelor plastice agricole: Lan\u021bul valoric circular pentru foliile de mulci"},"content":{"rendered":"<p>[et_pb_section fb_built=&#8221;1&#8243; custom_padding_last_edited=&#8221;on|phone&#8221; _builder_version=&#8221;4.27.4&#8243; _module_preset=&#8221;default&#8221; background_color=&#8221;#2B463C&#8221; background_image=&#8221;https:\/\/data4circ.eu\/wp-content\/uploads\/2025\/01\/Data4circ-background-web.png&#8221; background_position=&#8221;top_right&#8221; custom_padding=&#8221;50px||50px||true|false&#8221; custom_padding_tablet=&#8221;40px||40px||true|false&#8221; custom_padding_phone=&#8221;30px||30px||true|false&#8221; global_colors_info=&#8221;{}&#8221;][et_pb_row column_structure=&#8221;2_5,3_5&#8243; _builder_version=&#8221;4.27.4&#8243; _module_preset=&#8221;default&#8221; global_colors_info=&#8221;{}&#8221;][et_pb_column type=&#8221;2_5&#8243; _builder_version=&#8221;4.27.4&#8243; _module_preset=&#8221;default&#8221; global_colors_info=&#8221;{}&#8221;][et_pb_text _builder_version=&#8221;4.27.4&#8243; _module_preset=&#8221;default&#8221; text_text_color=&#8221;#8FD9C0&#8243; global_colors_info=&#8221;{}&#8221;]<\/p>\n<h1><strong>Studiu de caz #1 : Transformarea materialelor plastice agricole &#8211; Lan\u021bul valoric circular pentru foliile de mulci<\/strong><\/h1>\n<p>[\/et_pb_text][\/et_pb_column][et_pb_column type=&#8221;3_5&#8243; _builder_version=&#8221;4.27.4&#8243; _module_preset=&#8221;default&#8221; global_colors_info=&#8221;{}&#8221;][\/et_pb_column][\/et_pb_row][\/et_pb_section][et_pb_section fb_built=&#8221;1&#8243; _builder_version=&#8221;4.27.4&#8243; _module_preset=&#8221;default&#8221; custom_padding=&#8221;0px||0px||true|false&#8221; global_colors_info=&#8221;{}&#8221;][et_pb_row use_custom_gutter=&#8221;on&#8221; gutter_width=&#8221;1&#8243; make_equal=&#8221;on&#8221; _builder_version=&#8221;4.27.4&#8243; _module_preset=&#8221;default&#8221; background_color=&#8221;#8FD9C0&#8243; width=&#8221;100%&#8221; custom_padding=&#8221;0px||0px||true|false&#8221; global_colors_info=&#8221;{}&#8221;][et_pb_column type=&#8221;4_4&#8243; _builder_version=&#8221;4.27.4&#8243; _module_preset=&#8221;default&#8221; background_color=&#8221;#8FD9C0&#8243; background_enable_image=&#8221;off&#8221; background_position=&#8221;top_right&#8221; global_colors_info=&#8221;{}&#8221;][et_pb_text _builder_version=&#8221;4.27.4&#8243; _module_preset=&#8221;default&#8221; text_text_color=&#8221;#2B463C&#8221; header_2_font=&#8221;|&#8211;et_global_heading_font_weight|||||||&#8221; custom_padding=&#8221;100px|100px|100px|100px|true|true&#8221; custom_padding_tablet=&#8221;50px|50px|50px|50px|true|true&#8221; custom_padding_phone=&#8221;25px|25px|25px|25px|true|true&#8221; custom_padding_last_edited=&#8221;on|phone&#8221; global_colors_info=&#8221;{}&#8221;]<\/p>\n<p><strong>Lan\u021bul valoric circular pentru foliile de mulci<\/strong> revolu\u021bioneaz\u0103 reciclarea materialelor plastice agricole. Aceast\u0103 activitate, condus\u0103 de <strong>Green World Compounding (<a href=\"https:\/\/gwcplastics.com\/\"><span style=\"text-decoration: underline;\"><span style=\"color: #2b463c; text-decoration: underline;\">GWC<\/span><\/span><\/a>)<\/strong> \u0219i <strong>Centro Tecnol\u00f3gico del Calzado y del Pl\u00e1stico de la Regi\u00f3n de Murcia (<span style=\"text-decoration: underline; color: #2b463c;\"><a href=\"https:\/\/ceteccentrotecnologico.org\/\" style=\"color: #2b463c; text-decoration: underline;\">CETEC<\/a><\/span>)<\/strong>, vizeaz\u0103 transformarea materialelor plastice agricole uzate \u00een produse reciclate de \u00eenalt\u0103 calitate, promov\u00e2nd durabilitatea \u00een sectorul agricol. <\/p>\n<p><span style=\"text-decoration: underline; color: #2b463c;\"><a href=\"www.gwcplastics.com\" style=\"color: #2b463c; text-decoration: underline;\"><strong>GWC<\/strong><\/a><\/span>, lider \u00een reciclarea materialelor plastice, prelucreaz\u0103 anual p\u00e2n\u0103 la 30 000 de tone de materiale plastice agricole uzate. Prin reciclare mecanic\u0103, ei transform\u0103 aceste materiale plastice \u00een pelete reciclate de \u00eenalt\u0103 calitate, care servesc drept material de baz\u0103 pentru noi produse agricole. <\/p>\n<p><span style=\"color: #2b463c;\"><a href=\"https:\/\/ceteccentrotecnologico.org\/\" style=\"color: #2b463c;\"><strong><span style=\"text-decoration: underline;\">CETEC<\/span><\/strong><\/a> consolideaz\u0103 acest efort prin utilizarea uzinei sale pilot \u0219i a expertizei \u00een cercetare \u0219i dezvoltare pentru a crea prototipuri de produse agricole din plastic, cum ar fi foliile. Procesul implic\u0103 extrudarea, turnarea prin suflare \u0219i testarea complet\u0103 \u00een laboratorul CETEC certificat ISO17025 pentru a se asigura c\u0103 produsele \u00eendeplinesc standardele de calitate \u0219i durabilitate. <\/span><\/p>\n<p><span style=\"color: #2b463c;\">Aceast\u0103 colaborare demonstreaz\u0103 fezabilitatea recicl\u0103rii foliilor de mulci agricol, abord\u00e2nd provoc\u0103ri precum contaminarea \u0219i degradarea materialelor. Ea sprijin\u0103 cererea de pe pia\u021b\u0103 de materiale plastice agricole reciclate, un produs care este rareori gestionat, decontaminat \u0219i tratat pentru reciclare. Integrarea<\/span>tehnologiei <strong>DATA4CIRC<\/strong> va \u00eembun\u0103t\u0103\u021bi \u00een continuare trasabilitatea, gestionarea de\u0219eurilor \u0219i analiza impactului asupra mediului pe durata ciclului de via\u021b\u0103, deschiz\u00e2nd calea c\u0103tre o industrie a materialelor plastice mai durabil\u0103.<\/p>\n<p>[\/et_pb_text][et_pb_image src=&#8221;https:\/\/data4circ.eu\/wp-content\/uploads\/2025\/02\/AdobeStock_530320465-scaled.jpeg&#8221; title_text=&#8221;Cultivarea plantelor pe c\u00e2mpurile de planta\u021bii prin mulcire&#8221; _builder_version=&#8221;4.27.4&#8243; _module_preset=&#8221;default&#8221; width=&#8221;30%&#8221; module_alignment=&#8221;center&#8221; min_height=&#8221;100px&#8221; custom_margin=&#8221;0px||30px||false|false&#8221; custom_padding=&#8221;0px||||false|false&#8221; global_colors_info=&#8221;{}&#8221;][\/et_pb_image][\/et_pb_column][\/et_pb_row][\/et_pb_section][et_pb_section fb_built=&#8221;1&#8243; _builder_version=&#8221;4.27.4&#8243; _module_preset=&#8221;default&#8221; background_color=&#8221;#2B463C&#8221; background_image=&#8221;https:\/\/data4circ.eu\/wp-content\/uploads\/2025\/01\/Data4circ-background-03-web.png&#8221; background_position=&#8221;center_left&#8221; custom_padding=&#8221;50px||50px||true|false&#8221; global_colors_info=&#8221;{}&#8221;][et_pb_row _builder_version=&#8221;4.27.4&#8243; _module_preset=&#8221;default&#8221; global_colors_info=&#8221;{}&#8221;][et_pb_column type=&#8221;4_4&#8243; _builder_version=&#8221;4.27.4&#8243; _module_preset=&#8221;default&#8221; global_colors_info=&#8221;{}&#8221;][et_pb_text _builder_version=&#8221;4.27.4&#8243; _module_preset=&#8221;default&#8221; text_text_color=&#8221;#8FD9C0&#8243; text_orientation=&#8221;center&#8221; global_colors_info=&#8221;{}&#8221;]<\/p>\n<h2>Al\u0103tura\u021bi-v\u0103 nou\u0103 \u00een c\u0103l\u0103toria noastr\u0103 c\u0103tre un viitor mai ecologic \u0219i mai inteligent \u00een produc\u021bie!<\/h2>\n<p>[\/et_pb_text][\/et_pb_column][\/et_pb_row][\/et_pb_section]<\/p>\n","protected":false},"excerpt":{"rendered":"<p>Studiu de caz #1 : Transformarea materialelor plastice agricole &#8211; Lan\u021bul valoric circular pentru foliile de mulciLan\u021bul valoric circular pentru foliile de mulci revolu\u021bioneaz\u0103 reciclarea materialelor plastice agricole. Aceast\u0103 activitate, condus\u0103 de Green World Compounding (GWC) \u0219i Centro Tecnol\u00f3gico del Calzado y del Pl\u00e1stico de la Regi\u00f3n de Murcia (CETEC), vizeaz\u0103 transformarea materialelor plastice agricole [&hellip;]<\/p>\n","protected":false},"author":1,"featured_media":0,"parent":1777,"menu_order":0,"comment_status":"closed","ping_status":"closed","template":"","meta":{"_et_pb_use_builder":"on","_et_pb_old_content":"","_et_gb_content_width":"","footnotes":""},"class_list":["post-1804","page","type-page","status-publish","hentry"],"yoast_head":"<!-- This site is optimized with the Yoast SEO plugin v27.1.1 - https:\/\/yoast.com\/product\/yoast-seo-wordpress\/ -->\n<title>Studiu de caz #1: Transformarea materialelor plastice agricole: Lan\u021bul valoric circular pentru foliile de mulci - data4circ.eu<\/title>\n<meta name=\"robots\" content=\"index, follow, max-snippet:-1, max-image-preview:large, max-video-preview:-1\" \/>\n<link rel=\"canonical\" href=\"https:\/\/data4circ.eu\/ro\/despre\/proiectul\/cazuri-de-utilizare\/caz-de-utilizare-1-transformarea-materialelor-plastice-agricole-lantul-valoric-circular-pentru-foliile-de-mulci\/\" \/>\n<meta property=\"og:locale\" content=\"ro_RO\" \/>\n<meta property=\"og:type\" content=\"article\" \/>\n<meta property=\"og:title\" content=\"Studiu de caz #1: Transformarea materialelor plastice agricole: Lan\u021bul valoric circular pentru foliile de mulci - data4circ.eu\" \/>\n<meta property=\"og:description\" content=\"Studiu de caz #1 : Transformarea materialelor plastice agricole - Lan\u021bul valoric circular pentru foliile de mulciLan\u021bul valoric circular pentru foliile de mulci revolu\u021bioneaz\u0103 reciclarea materialelor plastice agricole. Aceast\u0103 activitate, condus\u0103 de Green World Compounding (GWC) \u0219i Centro Tecnol\u00f3gico del Calzado y del Pl\u00e1stico de la Regi\u00f3n de Murcia (CETEC), vizeaz\u0103 transformarea materialelor plastice agricole [&hellip;]\" \/>\n<meta property=\"og:url\" content=\"https:\/\/data4circ.eu\/ro\/despre\/proiectul\/cazuri-de-utilizare\/caz-de-utilizare-1-transformarea-materialelor-plastice-agricole-lantul-valoric-circular-pentru-foliile-de-mulci\/\" \/>\n<meta property=\"og:site_name\" content=\"data4circ.eu\" \/>\n<meta property=\"article:modified_time\" content=\"2026-03-04T14:19:51+00:00\" \/>\n<meta name=\"twitter:card\" content=\"summary_large_image\" \/>\n<meta name=\"twitter:label1\" content=\"Timp estimat pentru citire\" \/>\n\t<meta name=\"twitter:data1\" content=\"2 minute\" \/>\n<script type=\"application\/ld+json\" class=\"yoast-schema-graph\">{\"@context\":\"https:\/\/schema.org\",\"@graph\":[{\"@type\":\"WebPage\",\"@id\":\"https:\/\/data4circ.eu\/ro\/despre\/proiectul\/cazuri-de-utilizare\/caz-de-utilizare-1-transformarea-materialelor-plastice-agricole-lantul-valoric-circular-pentru-foliile-de-mulci\/\",\"url\":\"https:\/\/data4circ.eu\/ro\/despre\/proiectul\/cazuri-de-utilizare\/caz-de-utilizare-1-transformarea-materialelor-plastice-agricole-lantul-valoric-circular-pentru-foliile-de-mulci\/\",\"name\":\"Studiu de caz #1: Transformarea materialelor plastice agricole: Lan\u021bul valoric circular pentru foliile de mulci - data4circ.eu\",\"isPartOf\":{\"@id\":\"https:\/\/data4circ.eu\/ro\/#website\"},\"datePublished\":\"2025-01-31T09:30:28+00:00\",\"dateModified\":\"2026-03-04T14:19:51+00:00\",\"breadcrumb\":{\"@id\":\"https:\/\/data4circ.eu\/ro\/despre\/proiectul\/cazuri-de-utilizare\/caz-de-utilizare-1-transformarea-materialelor-plastice-agricole-lantul-valoric-circular-pentru-foliile-de-mulci\/#breadcrumb\"},\"inLanguage\":\"ro-RO\",\"potentialAction\":[{\"@type\":\"ReadAction\",\"target\":[\"https:\/\/data4circ.eu\/ro\/despre\/proiectul\/cazuri-de-utilizare\/caz-de-utilizare-1-transformarea-materialelor-plastice-agricole-lantul-valoric-circular-pentru-foliile-de-mulci\/\"]}]},{\"@type\":\"BreadcrumbList\",\"@id\":\"https:\/\/data4circ.eu\/ro\/despre\/proiectul\/cazuri-de-utilizare\/caz-de-utilizare-1-transformarea-materialelor-plastice-agricole-lantul-valoric-circular-pentru-foliile-de-mulci\/#breadcrumb\",\"itemListElement\":[{\"@type\":\"ListItem\",\"position\":1,\"name\":\"Home\",\"item\":\"https:\/\/data4circ.eu\/ro\/acasa\/\"},{\"@type\":\"ListItem\",\"position\":2,\"name\":\"Despre\",\"item\":\"https:\/\/data4circ.eu\/ro\/despre\/\"},{\"@type\":\"ListItem\",\"position\":3,\"name\":\"Proiectul\",\"item\":\"https:\/\/data4circ.eu\/ro\/despre\/proiectul\/\"},{\"@type\":\"ListItem\",\"position\":4,\"name\":\"Studii de caz\",\"item\":\"https:\/\/data4circ.eu\/ro\/despre\/proiectul\/cazuri-de-utilizare\/\"},{\"@type\":\"ListItem\",\"position\":5,\"name\":\"Studiu de caz #1: Transformarea materialelor plastice agricole: Lan\u021bul valoric circular pentru foliile de mulci\"}]},{\"@type\":\"WebSite\",\"@id\":\"https:\/\/data4circ.eu\/ro\/#website\",\"url\":\"https:\/\/data4circ.eu\/ro\/\",\"name\":\"data4circ.eu\",\"description\":\"eco-friendly digital solutions and data sharing\",\"potentialAction\":[{\"@type\":\"SearchAction\",\"target\":{\"@type\":\"EntryPoint\",\"urlTemplate\":\"https:\/\/data4circ.eu\/ro\/?s={search_term_string}\"},\"query-input\":{\"@type\":\"PropertyValueSpecification\",\"valueRequired\":true,\"valueName\":\"search_term_string\"}}],\"inLanguage\":\"ro-RO\"}]}<\/script>\n<!-- \/ Yoast SEO plugin. -->","yoast_head_json":{"title":"Studiu de caz #1: Transformarea materialelor plastice agricole: Lan\u021bul valoric circular pentru foliile de mulci - data4circ.eu","robots":{"index":"index","follow":"follow","max-snippet":"max-snippet:-1","max-image-preview":"max-image-preview:large","max-video-preview":"max-video-preview:-1"},"canonical":"https:\/\/data4circ.eu\/ro\/despre\/proiectul\/cazuri-de-utilizare\/caz-de-utilizare-1-transformarea-materialelor-plastice-agricole-lantul-valoric-circular-pentru-foliile-de-mulci\/","og_locale":"ro_RO","og_type":"article","og_title":"Studiu de caz #1: Transformarea materialelor plastice agricole: Lan\u021bul valoric circular pentru foliile de mulci - data4circ.eu","og_description":"Studiu de caz #1 : Transformarea materialelor plastice agricole - Lan\u021bul valoric circular pentru foliile de mulciLan\u021bul valoric circular pentru foliile de mulci revolu\u021bioneaz\u0103 reciclarea materialelor plastice agricole. Aceast\u0103 activitate, condus\u0103 de Green World Compounding (GWC) \u0219i Centro Tecnol\u00f3gico del Calzado y del Pl\u00e1stico de la Regi\u00f3n de Murcia (CETEC), vizeaz\u0103 transformarea materialelor plastice agricole [&hellip;]","og_url":"https:\/\/data4circ.eu\/ro\/despre\/proiectul\/cazuri-de-utilizare\/caz-de-utilizare-1-transformarea-materialelor-plastice-agricole-lantul-valoric-circular-pentru-foliile-de-mulci\/","og_site_name":"data4circ.eu","article_modified_time":"2026-03-04T14:19:51+00:00","twitter_card":"summary_large_image","twitter_misc":{"Timp estimat pentru citire":"2 minute"},"schema":{"@context":"https:\/\/schema.org","@graph":[{"@type":"WebPage","@id":"https:\/\/data4circ.eu\/ro\/despre\/proiectul\/cazuri-de-utilizare\/caz-de-utilizare-1-transformarea-materialelor-plastice-agricole-lantul-valoric-circular-pentru-foliile-de-mulci\/","url":"https:\/\/data4circ.eu\/ro\/despre\/proiectul\/cazuri-de-utilizare\/caz-de-utilizare-1-transformarea-materialelor-plastice-agricole-lantul-valoric-circular-pentru-foliile-de-mulci\/","name":"Studiu de caz #1: Transformarea materialelor plastice agricole: Lan\u021bul valoric circular pentru foliile de mulci - data4circ.eu","isPartOf":{"@id":"https:\/\/data4circ.eu\/ro\/#website"},"datePublished":"2025-01-31T09:30:28+00:00","dateModified":"2026-03-04T14:19:51+00:00","breadcrumb":{"@id":"https:\/\/data4circ.eu\/ro\/despre\/proiectul\/cazuri-de-utilizare\/caz-de-utilizare-1-transformarea-materialelor-plastice-agricole-lantul-valoric-circular-pentru-foliile-de-mulci\/#breadcrumb"},"inLanguage":"ro-RO","potentialAction":[{"@type":"ReadAction","target":["https:\/\/data4circ.eu\/ro\/despre\/proiectul\/cazuri-de-utilizare\/caz-de-utilizare-1-transformarea-materialelor-plastice-agricole-lantul-valoric-circular-pentru-foliile-de-mulci\/"]}]},{"@type":"BreadcrumbList","@id":"https:\/\/data4circ.eu\/ro\/despre\/proiectul\/cazuri-de-utilizare\/caz-de-utilizare-1-transformarea-materialelor-plastice-agricole-lantul-valoric-circular-pentru-foliile-de-mulci\/#breadcrumb","itemListElement":[{"@type":"ListItem","position":1,"name":"Home","item":"https:\/\/data4circ.eu\/ro\/acasa\/"},{"@type":"ListItem","position":2,"name":"Despre","item":"https:\/\/data4circ.eu\/ro\/despre\/"},{"@type":"ListItem","position":3,"name":"Proiectul","item":"https:\/\/data4circ.eu\/ro\/despre\/proiectul\/"},{"@type":"ListItem","position":4,"name":"Studii de caz","item":"https:\/\/data4circ.eu\/ro\/despre\/proiectul\/cazuri-de-utilizare\/"},{"@type":"ListItem","position":5,"name":"Studiu de caz #1: Transformarea materialelor plastice agricole: Lan\u021bul valoric circular pentru foliile de mulci"}]},{"@type":"WebSite","@id":"https:\/\/data4circ.eu\/ro\/#website","url":"https:\/\/data4circ.eu\/ro\/","name":"data4circ.eu","description":"eco-friendly digital solutions and data sharing","potentialAction":[{"@type":"SearchAction","target":{"@type":"EntryPoint","urlTemplate":"https:\/\/data4circ.eu\/ro\/?s={search_term_string}"},"query-input":{"@type":"PropertyValueSpecification","valueRequired":true,"valueName":"search_term_string"}}],"inLanguage":"ro-RO"}]}},"_links":{"self":[{"href":"https:\/\/data4circ.eu\/ro\/wp-json\/wp\/v2\/pages\/1804","targetHints":{"allow":["GET"]}}],"collection":[{"href":"https:\/\/data4circ.eu\/ro\/wp-json\/wp\/v2\/pages"}],"about":[{"href":"https:\/\/data4circ.eu\/ro\/wp-json\/wp\/v2\/types\/page"}],"author":[{"embeddable":true,"href":"https:\/\/data4circ.eu\/ro\/wp-json\/wp\/v2\/users\/1"}],"replies":[{"embeddable":true,"href":"https:\/\/data4circ.eu\/ro\/wp-json\/wp\/v2\/comments?post=1804"}],"version-history":[{"count":10,"href":"https:\/\/data4circ.eu\/ro\/wp-json\/wp\/v2\/pages\/1804\/revisions"}],"predecessor-version":[{"id":2901,"href":"https:\/\/data4circ.eu\/ro\/wp-json\/wp\/v2\/pages\/1804\/revisions\/2901"}],"up":[{"embeddable":true,"href":"https:\/\/data4circ.eu\/ro\/wp-json\/wp\/v2\/pages\/1777"}],"wp:attachment":[{"href":"https:\/\/data4circ.eu\/ro\/wp-json\/wp\/v2\/media?parent=1804"}],"curies":[{"name":"wp","href":"https:\/\/api.w.org\/{rel}","templated":true}]}}