{"id":1777,"date":"2025-02-05T12:07:22","date_gmt":"2025-02-05T11:07:22","guid":{"rendered":"https:\/\/data4circ.eu\/despre\/proiectul\/cazuri-de-utilizare\/"},"modified":"2026-03-04T15:03:15","modified_gmt":"2026-03-04T14:03:15","slug":"cazuri-de-utilizare","status":"publish","type":"page","link":"https:\/\/data4circ.eu\/ro\/despre\/proiectul\/cazuri-de-utilizare\/","title":{"rendered":"Studii de caz"},"content":{"rendered":"<p>[et_pb_section fb_built=&#8221;1&#8243; custom_padding_last_edited=&#8221;on|phone&#8221; _builder_version=&#8221;4.27.4&#8243; _module_preset=&#8221;default&#8221; background_color=&#8221;#2B463C&#8221; background_image=&#8221;https:\/\/data4circ.eu\/wp-content\/uploads\/2025\/01\/Data4circ-background-web.png&#8221; background_position=&#8221;top_right&#8221; custom_padding=&#8221;50px||50px||true|false&#8221; custom_padding_tablet=&#8221;40px||40px||true|false&#8221; custom_padding_phone=&#8221;30px||30px||true|false&#8221; global_colors_info=&#8221;{}&#8221;][et_pb_row column_structure=&#8221;1_2,1_2&#8243; _builder_version=&#8221;4.27.4&#8243; _module_preset=&#8221;default&#8221; global_colors_info=&#8221;{}&#8221;][et_pb_column type=&#8221;1_2&#8243; _builder_version=&#8221;4.27.4&#8243; _module_preset=&#8221;default&#8221; global_colors_info=&#8221;{}&#8221;][et_pb_text _builder_version=&#8221;4.27.4&#8243; _module_preset=&#8221;default&#8221; text_text_color=&#8221;#8FD9C0&#8243; global_colors_info=&#8221;{}&#8221;]<\/p>\n<h1><strong>Studii de cazCazuri de utilizare<br \/><\/strong><\/h1>\n<p>Solu\u021biile noastre sunt testate \u00een trei sectoare-cheie de produc\u021bie:<\/p>\n<ul>\n<li>materiale plastice agricole,<\/li>\n<li>de\u0219euri de echipamente electronice \u0219i electrice (DEEE) \u0219i<\/li>\n<li>sectorul automobilelor (convertoare catalitice)<\/li>\n<\/ul>\n<p>demonstr\u00e2nd eficien\u021ba acestora \u00een crearea unor lan\u021buri valorice durabile \u0219i circulare.<\/p>\n<p>[\/et_pb_text][\/et_pb_column][et_pb_column type=&#8221;1_2&#8243; _builder_version=&#8221;4.27.4&#8243; _module_preset=&#8221;default&#8221; global_colors_info=&#8221;{}&#8221;][\/et_pb_column][\/et_pb_row][\/et_pb_section][et_pb_section fb_built=&#8221;1&#8243; _builder_version=&#8221;4.27.4&#8243; _module_preset=&#8221;default&#8221; custom_padding=&#8221;0px||0px||true|false&#8221; global_colors_info=&#8221;{}&#8221;][et_pb_row use_custom_gutter=&#8221;on&#8221; gutter_width=&#8221;1&#8243; make_equal=&#8221;on&#8221; disabled_on=&#8221;on|on|on&#8221; _builder_version=&#8221;4.27.4&#8243; _module_preset=&#8221;default&#8221; background_color=&#8221;#8FD9C0&#8243; width=&#8221;100%&#8221; custom_padding=&#8221;0px||0px||true|false&#8221; disabled=&#8221;on&#8221; global_colors_info=&#8221;{}&#8221;][et_pb_column type=&#8221;4_4&#8243; _builder_version=&#8221;4.27.4&#8243; _module_preset=&#8221;default&#8221; background_color=&#8221;#8FD9C0&#8243; background_enable_image=&#8221;off&#8221; background_position=&#8221;top_right&#8221; global_colors_info=&#8221;{}&#8221;][et_pb_text _builder_version=&#8221;4.27.4&#8243; _module_preset=&#8221;default&#8221; text_text_color=&#8221;#2B463C&#8221; header_2_font=&#8221;|&#8211;et_global_heading_font_weight|||||||&#8221; custom_padding=&#8221;100px|100px|100px|100px|true|true&#8221; custom_padding_tablet=&#8221;50px|50px|50px|50px|true|true&#8221; custom_padding_phone=&#8221;25px|25px|25px|25px|true|true&#8221; custom_padding_last_edited=&#8221;on|phone&#8221; global_colors_info=&#8221;{}&#8221;]<\/p>\n<p>La DATA4CIRC, revolu\u021bion\u0103m sectorul de produc\u021bie f\u0103c\u00e2ndu-l mai ecologic \u0219i mai eficient.<\/p>\n<p><strong>Misiunea noastr\u0103<\/strong> este s\u0103 ajut\u0103m fabricile s\u0103-\u0219i reduc\u0103 amprenta de carbon \u0219i s\u0103 stimuleze competitivitatea prin solu\u021bii digitale inovatoare \u0219i schimbul de date.<\/p>\n<p>[\/et_pb_text][\/et_pb_column][\/et_pb_row][et_pb_row column_structure=&#8221;1_4,1_4,1_4,1_4&#8243; use_custom_gutter=&#8221;on&#8221; gutter_width=&#8221;1&#8243; make_equal=&#8221;on&#8221; _builder_version=&#8221;4.27.4&#8243; _module_preset=&#8221;default&#8221; background_color=&#8221;#8FD9C0&#8243; width=&#8221;100%&#8221; custom_padding=&#8221;0px||0px||true|false&#8221; global_colors_info=&#8221;{}&#8221;][et_pb_column type=&#8221;1_4&#8243; _builder_version=&#8221;4.27.4&#8243; _module_preset=&#8221;default&#8221; background_color=&#8221;#8FD9C0&#8243; background_image=&#8221;https:\/\/data4circ.eu\/wp-content\/uploads\/2025\/01\/Data4circ-image-01-web.jpeg&#8221; global_colors_info=&#8221;{}&#8221;][et_pb_divider show_divider=&#8221;off&#8221; _builder_version=&#8221;4.27.4&#8243; _module_preset=&#8221;default&#8221; height=&#8221;250px&#8221; height_tablet=&#8221;200px&#8221; height_phone=&#8221;150px&#8221; height_last_edited=&#8221;on|phone&#8221; locked=&#8221;off&#8221; global_colors_info=&#8221;{}&#8221;][\/et_pb_divider][\/et_pb_column][et_pb_column type=&#8221;1_4&#8243; _builder_version=&#8221;4.27.4&#8243; _module_preset=&#8221;default&#8221; background_color=&#8221;#8FD9C0&#8243; background_enable_image=&#8221;off&#8221; background_position=&#8221;top_right&#8221; global_colors_info=&#8221;{}&#8221;][et_pb_blurb title=&#8221;Reciclare&#8221; image=&#8221;https:\/\/data4circ.eu\/wp-content\/uploads\/2025\/03\/UC1-D4C-website.png&#8221; image_icon_width=&#8221;100px&#8221; admin_label=&#8221;Use Case #1&#8243; _builder_version=&#8221;4.27.4&#8243; _module_preset=&#8221;default&#8221; header_level=&#8221;h2&#8243; header_text_align=&#8221;center&#8221; text_orientation=&#8221;center&#8221; custom_margin=&#8221;50px||50px||true|false&#8221; animation=&#8221;off&#8221; link_option_url=&#8221;https:\/\/data4circ.eu\/ro\/despre\/proiectul\/cazuri-de-utilizare\/caz-de-utilizare-1-transformarea-materialelor-plastice-agricole-lantul-valoric-circular-pentru-foliile-de-mulci\/&#8221; hover_enabled=&#8221;0&#8243; global_colors_info=&#8221;{}&#8221; title_text=&#8221;UC1 D4C website&#8221; sticky_enabled=&#8221;0&#8243;]<\/p>\n<h3>Materiale plastice agricole<\/h3>\n<p>[\/et_pb_blurb][\/et_pb_column][et_pb_column type=&#8221;1_4&#8243; _builder_version=&#8221;4.27.4&#8243; _module_preset=&#8221;default&#8221; background_color=&#8221;#8FD9C0&#8243; background_enable_image=&#8221;off&#8221; background_position=&#8221;top_right&#8221; global_colors_info=&#8221;{}&#8221;][et_pb_blurb title=&#8221;Recuperare&#8221; image=&#8221;https:\/\/data4circ.eu\/wp-content\/uploads\/2025\/03\/D4C-UC2-for-website.png&#8221; image_icon_width=&#8221;100px&#8221; admin_label=&#8221;Use Case #2&#8243; _builder_version=&#8221;4.27.4&#8243; _module_preset=&#8221;default&#8221; header_level=&#8221;h2&#8243; header_text_align=&#8221;center&#8221; text_orientation=&#8221;center&#8221; custom_margin=&#8221;50px||50px||true|false&#8221; animation=&#8221;off&#8221; link_option_url=&#8221;https:\/\/data4circ.eu\/ro\/despre\/proiectul\/cazuri-de-utilizare\/cazul-de-utilizare-nr-2-revolutionarea-gestionarii-deseurilor-electronice-lantul-valoric-circular-pentru-eee\/&#8221; hover_enabled=&#8221;0&#8243; global_colors_info=&#8221;{}&#8221; title_text=&#8221;D4C UC2 for website&#8221; sticky_enabled=&#8221;0&#8243;]<\/p>\n<h3>De\u0219euri electronice<\/h3>\n<p>[\/et_pb_blurb][\/et_pb_column][et_pb_column type=&#8221;1_4&#8243; _builder_version=&#8221;4.27.4&#8243; _module_preset=&#8221;default&#8221; background_color=&#8221;#8FD9C0&#8243; background_enable_image=&#8221;off&#8221; background_position=&#8221;top_right&#8221; global_colors_info=&#8221;{}&#8221;][et_pb_blurb title=&#8221;Recondi\u021bionare&#8221; image=&#8221;https:\/\/data4circ.eu\/wp-content\/uploads\/2025\/03\/D4C-UC3-for-website.png&#8221; image_icon_width=&#8221;100px&#8221; admin_label=&#8221;Use Case #3&#8243; _builder_version=&#8221;4.27.4&#8243; _module_preset=&#8221;default&#8221; header_level=&#8221;h2&#8243; header_text_align=&#8221;center&#8221; text_orientation=&#8221;center&#8221; custom_margin=&#8221;50px||50px||true|false&#8221; animation=&#8221;off&#8221; link_option_url=&#8221;https:\/\/data4circ.eu\/ro\/despre\/proiectul\/cazuri-de-utilizare\/cazul-de-utilizare-nr-3-revolutionarea-catalizatorilor-auto\/&#8221; hover_enabled=&#8221;0&#8243; global_colors_info=&#8221;{}&#8221; title_text=&#8221;D4C UC3 for website&#8221; sticky_enabled=&#8221;0&#8243;]<\/p>\n<h3>Automobile (convertizoare catalitice)<\/h3>\n<p>[\/et_pb_blurb][\/et_pb_column][\/et_pb_row][\/et_pb_section][et_pb_section fb_built=&#8221;1&#8243; _builder_version=&#8221;4.27.4&#8243; _module_preset=&#8221;default&#8221; background_color=&#8221;#2B463C&#8221; background_image=&#8221;https:\/\/data4circ.eu\/wp-content\/uploads\/2025\/01\/Data4circ-background-03-web.png&#8221; background_position=&#8221;center_left&#8221; custom_padding=&#8221;50px||50px||true|false&#8221; global_colors_info=&#8221;{}&#8221;][et_pb_row _builder_version=&#8221;4.27.4&#8243; _module_preset=&#8221;default&#8221; global_colors_info=&#8221;{}&#8221;][et_pb_column type=&#8221;4_4&#8243; _builder_version=&#8221;4.27.4&#8243; _module_preset=&#8221;default&#8221; global_colors_info=&#8221;{}&#8221;][et_pb_text _builder_version=&#8221;4.27.4&#8243; _module_preset=&#8221;default&#8221; text_text_color=&#8221;#8FD9C0&#8243; text_orientation=&#8221;center&#8221; global_colors_info=&#8221;{}&#8221;]<\/p>\n<h2>Al\u0103tura\u021bi-v\u0103 nou\u0103 \u00een c\u0103l\u0103toria noastr\u0103 c\u0103tre un viitor mai ecologic, mai inteligent \u0219i mai circular \u00een produc\u021bie!<\/h2>\n<p>[\/et_pb_text][\/et_pb_column][\/et_pb_row][\/et_pb_section]<\/p>\n","protected":false},"excerpt":{"rendered":"<p>Studii de cazCazuri de utilizare Solu\u021biile noastre sunt testate \u00een trei sectoare-cheie de produc\u021bie: materiale plastice agricole, de\u0219euri de echipamente electronice \u0219i electrice (DEEE) \u0219i sectorul automobilelor (convertoare catalitice) demonstr\u00e2nd eficien\u021ba acestora \u00een crearea unor lan\u021buri valorice durabile \u0219i circulare.La DATA4CIRC, revolu\u021bion\u0103m sectorul de produc\u021bie f\u0103c\u00e2ndu-l mai ecologic \u0219i mai eficient. Misiunea noastr\u0103 este s\u0103 [&hellip;]<\/p>\n","protected":false},"author":1,"featured_media":0,"parent":1684,"menu_order":0,"comment_status":"closed","ping_status":"closed","template":"","meta":{"_et_pb_use_builder":"on","_et_pb_old_content":"","_et_gb_content_width":"","footnotes":""},"class_list":["post-1777","page","type-page","status-publish","hentry"],"yoast_head":"<!-- This site is optimized with the Yoast SEO plugin v27.1.1 - https:\/\/yoast.com\/product\/yoast-seo-wordpress\/ -->\n<title>Studii de caz - data4circ.eu<\/title>\n<meta name=\"robots\" content=\"index, follow, max-snippet:-1, max-image-preview:large, max-video-preview:-1\" \/>\n<link rel=\"canonical\" href=\"https:\/\/data4circ.eu\/ro\/despre\/proiectul\/cazuri-de-utilizare\/\" \/>\n<meta property=\"og:locale\" content=\"ro_RO\" \/>\n<meta property=\"og:type\" content=\"article\" \/>\n<meta property=\"og:title\" content=\"Studii de caz - data4circ.eu\" \/>\n<meta property=\"og:description\" content=\"Studii de cazCazuri de utilizare Solu\u021biile noastre sunt testate \u00een trei sectoare-cheie de produc\u021bie: materiale plastice agricole, de\u0219euri de echipamente electronice \u0219i electrice (DEEE) \u0219i sectorul automobilelor (convertoare catalitice) demonstr\u00e2nd eficien\u021ba acestora \u00een crearea unor lan\u021buri valorice durabile \u0219i circulare.La DATA4CIRC, revolu\u021bion\u0103m sectorul de produc\u021bie f\u0103c\u00e2ndu-l mai ecologic \u0219i mai eficient. Misiunea noastr\u0103 este s\u0103 [&hellip;]\" \/>\n<meta property=\"og:url\" content=\"https:\/\/data4circ.eu\/ro\/despre\/proiectul\/cazuri-de-utilizare\/\" \/>\n<meta property=\"og:site_name\" content=\"data4circ.eu\" \/>\n<meta property=\"article:modified_time\" content=\"2026-03-04T14:03:15+00:00\" \/>\n<meta name=\"twitter:card\" content=\"summary_large_image\" \/>\n<meta name=\"twitter:label1\" content=\"Timp estimat pentru citire\" \/>\n\t<meta name=\"twitter:data1\" content=\"5 minute\" \/>\n<script type=\"application\/ld+json\" class=\"yoast-schema-graph\">{\"@context\":\"https:\/\/schema.org\",\"@graph\":[{\"@type\":\"WebPage\",\"@id\":\"https:\/\/data4circ.eu\/ro\/despre\/proiectul\/cazuri-de-utilizare\/\",\"url\":\"https:\/\/data4circ.eu\/ro\/despre\/proiectul\/cazuri-de-utilizare\/\",\"name\":\"Studii de caz - data4circ.eu\",\"isPartOf\":{\"@id\":\"https:\/\/data4circ.eu\/ro\/#website\"},\"datePublished\":\"2025-02-05T11:07:22+00:00\",\"dateModified\":\"2026-03-04T14:03:15+00:00\",\"breadcrumb\":{\"@id\":\"https:\/\/data4circ.eu\/ro\/despre\/proiectul\/cazuri-de-utilizare\/#breadcrumb\"},\"inLanguage\":\"ro-RO\",\"potentialAction\":[{\"@type\":\"ReadAction\",\"target\":[\"https:\/\/data4circ.eu\/ro\/despre\/proiectul\/cazuri-de-utilizare\/\"]}]},{\"@type\":\"BreadcrumbList\",\"@id\":\"https:\/\/data4circ.eu\/ro\/despre\/proiectul\/cazuri-de-utilizare\/#breadcrumb\",\"itemListElement\":[{\"@type\":\"ListItem\",\"position\":1,\"name\":\"Home\",\"item\":\"https:\/\/data4circ.eu\/ro\/acasa\/\"},{\"@type\":\"ListItem\",\"position\":2,\"name\":\"Despre\",\"item\":\"https:\/\/data4circ.eu\/ro\/despre\/\"},{\"@type\":\"ListItem\",\"position\":3,\"name\":\"Proiectul\",\"item\":\"https:\/\/data4circ.eu\/ro\/despre\/proiectul\/\"},{\"@type\":\"ListItem\",\"position\":4,\"name\":\"Studii de caz\"}]},{\"@type\":\"WebSite\",\"@id\":\"https:\/\/data4circ.eu\/ro\/#website\",\"url\":\"https:\/\/data4circ.eu\/ro\/\",\"name\":\"data4circ.eu\",\"description\":\"eco-friendly digital solutions and data sharing\",\"potentialAction\":[{\"@type\":\"SearchAction\",\"target\":{\"@type\":\"EntryPoint\",\"urlTemplate\":\"https:\/\/data4circ.eu\/ro\/?s={search_term_string}\"},\"query-input\":{\"@type\":\"PropertyValueSpecification\",\"valueRequired\":true,\"valueName\":\"search_term_string\"}}],\"inLanguage\":\"ro-RO\"}]}<\/script>\n<!-- \/ Yoast SEO plugin. -->","yoast_head_json":{"title":"Studii de caz - data4circ.eu","robots":{"index":"index","follow":"follow","max-snippet":"max-snippet:-1","max-image-preview":"max-image-preview:large","max-video-preview":"max-video-preview:-1"},"canonical":"https:\/\/data4circ.eu\/ro\/despre\/proiectul\/cazuri-de-utilizare\/","og_locale":"ro_RO","og_type":"article","og_title":"Studii de caz - data4circ.eu","og_description":"Studii de cazCazuri de utilizare Solu\u021biile noastre sunt testate \u00een trei sectoare-cheie de produc\u021bie: materiale plastice agricole, de\u0219euri de echipamente electronice \u0219i electrice (DEEE) \u0219i sectorul automobilelor (convertoare catalitice) demonstr\u00e2nd eficien\u021ba acestora \u00een crearea unor lan\u021buri valorice durabile \u0219i circulare.La DATA4CIRC, revolu\u021bion\u0103m sectorul de produc\u021bie f\u0103c\u00e2ndu-l mai ecologic \u0219i mai eficient. Misiunea noastr\u0103 este s\u0103 [&hellip;]","og_url":"https:\/\/data4circ.eu\/ro\/despre\/proiectul\/cazuri-de-utilizare\/","og_site_name":"data4circ.eu","article_modified_time":"2026-03-04T14:03:15+00:00","twitter_card":"summary_large_image","twitter_misc":{"Timp estimat pentru citire":"5 minute"},"schema":{"@context":"https:\/\/schema.org","@graph":[{"@type":"WebPage","@id":"https:\/\/data4circ.eu\/ro\/despre\/proiectul\/cazuri-de-utilizare\/","url":"https:\/\/data4circ.eu\/ro\/despre\/proiectul\/cazuri-de-utilizare\/","name":"Studii de caz - data4circ.eu","isPartOf":{"@id":"https:\/\/data4circ.eu\/ro\/#website"},"datePublished":"2025-02-05T11:07:22+00:00","dateModified":"2026-03-04T14:03:15+00:00","breadcrumb":{"@id":"https:\/\/data4circ.eu\/ro\/despre\/proiectul\/cazuri-de-utilizare\/#breadcrumb"},"inLanguage":"ro-RO","potentialAction":[{"@type":"ReadAction","target":["https:\/\/data4circ.eu\/ro\/despre\/proiectul\/cazuri-de-utilizare\/"]}]},{"@type":"BreadcrumbList","@id":"https:\/\/data4circ.eu\/ro\/despre\/proiectul\/cazuri-de-utilizare\/#breadcrumb","itemListElement":[{"@type":"ListItem","position":1,"name":"Home","item":"https:\/\/data4circ.eu\/ro\/acasa\/"},{"@type":"ListItem","position":2,"name":"Despre","item":"https:\/\/data4circ.eu\/ro\/despre\/"},{"@type":"ListItem","position":3,"name":"Proiectul","item":"https:\/\/data4circ.eu\/ro\/despre\/proiectul\/"},{"@type":"ListItem","position":4,"name":"Studii de caz"}]},{"@type":"WebSite","@id":"https:\/\/data4circ.eu\/ro\/#website","url":"https:\/\/data4circ.eu\/ro\/","name":"data4circ.eu","description":"eco-friendly digital solutions and data sharing","potentialAction":[{"@type":"SearchAction","target":{"@type":"EntryPoint","urlTemplate":"https:\/\/data4circ.eu\/ro\/?s={search_term_string}"},"query-input":{"@type":"PropertyValueSpecification","valueRequired":true,"valueName":"search_term_string"}}],"inLanguage":"ro-RO"}]}},"_links":{"self":[{"href":"https:\/\/data4circ.eu\/ro\/wp-json\/wp\/v2\/pages\/1777","targetHints":{"allow":["GET"]}}],"collection":[{"href":"https:\/\/data4circ.eu\/ro\/wp-json\/wp\/v2\/pages"}],"about":[{"href":"https:\/\/data4circ.eu\/ro\/wp-json\/wp\/v2\/types\/page"}],"author":[{"embeddable":true,"href":"https:\/\/data4circ.eu\/ro\/wp-json\/wp\/v2\/users\/1"}],"replies":[{"embeddable":true,"href":"https:\/\/data4circ.eu\/ro\/wp-json\/wp\/v2\/comments?post=1777"}],"version-history":[{"count":7,"href":"https:\/\/data4circ.eu\/ro\/wp-json\/wp\/v2\/pages\/1777\/revisions"}],"predecessor-version":[{"id":2864,"href":"https:\/\/data4circ.eu\/ro\/wp-json\/wp\/v2\/pages\/1777\/revisions\/2864"}],"up":[{"embeddable":true,"href":"https:\/\/data4circ.eu\/ro\/wp-json\/wp\/v2\/pages\/1684"}],"wp:attachment":[{"href":"https:\/\/data4circ.eu\/ro\/wp-json\/wp\/v2\/media?parent=1777"}],"curies":[{"name":"wp","href":"https:\/\/api.w.org\/{rel}","templated":true}]}}