{"id":1718,"date":"2025-02-05T11:59:01","date_gmt":"2025-02-05T10:59:01","guid":{"rendered":"https:\/\/data4circ.eu\/despre\/proiectul\/misiunea-noastra\/"},"modified":"2026-03-04T15:08:56","modified_gmt":"2026-03-04T14:08:56","slug":"misiunea-noastra","status":"publish","type":"page","link":"https:\/\/data4circ.eu\/ro\/despre\/proiectul\/misiunea-noastra\/","title":{"rendered":"Misiunea noastr\u0103"},"content":{"rendered":"<p>[et_pb_section fb_built=&#8221;1&#8243; custom_padding_last_edited=&#8221;on|phone&#8221; _builder_version=&#8221;4.27.4&#8243; _module_preset=&#8221;default&#8221; background_color=&#8221;#2B463C&#8221; background_image=&#8221;https:\/\/data4circ.eu\/wp-content\/uploads\/2025\/01\/Data4circ-background-web.png&#8221; background_position=&#8221;top_right&#8221; custom_padding=&#8221;50px||50px||true|false&#8221; custom_padding_tablet=&#8221;40px||40px||true|false&#8221; custom_padding_phone=&#8221;30px||30px||true|false&#8221; global_colors_info=&#8221;{}&#8221;][et_pb_row column_structure=&#8221;1_2,1_2&#8243; _builder_version=&#8221;4.27.4&#8243; _module_preset=&#8221;default&#8221; global_colors_info=&#8221;{}&#8221;][et_pb_column type=&#8221;1_2&#8243; _builder_version=&#8221;4.27.4&#8243; _module_preset=&#8221;default&#8221; global_colors_info=&#8221;{}&#8221;][et_pb_text _builder_version=&#8221;4.27.4&#8243; _module_preset=&#8221;default&#8221; text_text_color=&#8221;#8FD9C0&#8243; hover_enabled=&#8221;0&#8243; locked=&#8221;off&#8221; global_colors_info=&#8221;{}&#8221; sticky_enabled=&#8221;0&#8243;]<\/p>\n<h1>DATA4CIRC<\/h1>\n<p style=\"text-align: justify;\">DATA4CIRC dezvolt\u0103 un cadru inovator de partajare a datelor pentru a ajuta industria prelucr\u0103toare european\u0103 s\u0103 se preg\u0103teasc\u0103 pentru un viitor mai durabil. <span style=\"text-decoration: underline;\"><a href=\"https:\/\/data4circ.eu\/ro\/despre\/proiectul\/misiunea-noastra\/\"><strong>Misiunea noastr\u0103<\/strong><\/a><\/span> este de a \u00eembun\u0103t\u0103\u021bi accesul la informa\u021biile de care fabricile au nevoie pentru a recupera, recicla \u0219i reutiliza materialele \u00een mod eficient \u0219i sigur \u0219i pentru a avansa c\u0103tre o economie circular\u0103.<\/p>\n<p>[\/et_pb_text][\/et_pb_column][et_pb_column type=&#8221;1_2&#8243; _builder_version=&#8221;4.27.4&#8243; _module_preset=&#8221;default&#8221; global_colors_info=&#8221;{}&#8221;][\/et_pb_column][\/et_pb_row][\/et_pb_section][et_pb_section fb_built=&#8221;1&#8243; _builder_version=&#8221;4.27.4&#8243; _module_preset=&#8221;default&#8221; custom_padding=&#8221;0px||0px||true|false&#8221; locked=&#8221;off&#8221; global_colors_info=&#8221;{}&#8221;][et_pb_row column_structure=&#8221;1_2,1_2&#8243; use_custom_gutter=&#8221;on&#8221; gutter_width=&#8221;1&#8243; make_equal=&#8221;on&#8221; _builder_version=&#8221;4.27.4&#8243; _module_preset=&#8221;default&#8221; background_color=&#8221;#8FD9C0&#8243; width=&#8221;100%&#8221; custom_padding=&#8221;0px||0px||true|false&#8221; global_colors_info=&#8221;{}&#8221;][et_pb_column type=&#8221;1_2&#8243; _builder_version=&#8221;4.27.4&#8243; _module_preset=&#8221;default&#8221; background_image=&#8221;https:\/\/data4circ.eu\/wp-content\/uploads\/2025\/01\/Data4circ-image-01-web.jpeg&#8221; background_position=&#8221;top_right&#8221; global_colors_info=&#8221;{}&#8221;][et_pb_divider show_divider=&#8221;off&#8221; _builder_version=&#8221;4.27.4&#8243; _module_preset=&#8221;default&#8221; height=&#8221;500px&#8221; height_tablet=&#8221;400px&#8221; height_phone=&#8221;300px&#8221; height_last_edited=&#8221;on|phone&#8221; global_colors_info=&#8221;{}&#8221;][\/et_pb_divider][\/et_pb_column][et_pb_column type=&#8221;1_2&#8243; _builder_version=&#8221;4.27.4&#8243; _module_preset=&#8221;default&#8221; global_colors_info=&#8221;{}&#8221;][et_pb_text _builder_version=&#8221;4.27.4&#8243; _module_preset=&#8221;default&#8221; text_text_color=&#8221;#2B463C&#8221; header_2_font=&#8221;|&#8211;et_global_heading_font_weight|||||||&#8221; header_2_text_align=&#8221;center&#8221; custom_padding=&#8221;50px|100px|50px|100px|true|true&#8221; custom_padding_tablet=&#8221;75px|75px|75px|75px|true|true&#8221; custom_padding_phone=&#8221;50px|50px|50px|50px|true|true&#8221; custom_padding_last_edited=&#8221;on|phone&#8221; global_colors_info=&#8221;{}&#8221;]<\/p>\n<h2>Misiunea noastr\u0103<\/h2>\n<p style=\"text-align: justify;\">\n<p style=\"text-align: justify;\">\n<p style=\"text-align: justify;\">\n<p style=\"text-align: justify;\">Proiectul DATA4CIRC va stabili un cadru digital care utilizeaz\u0103 spa\u021bii de date federative, pa\u0219apoarte digitale ale produselor, modele digitale \u0219i evalu\u0103ri ale ciclului de via\u021b\u0103 asistate de inteligen\u021ba artificial\u0103 pentru a \u00eembun\u0103t\u0103\u021bi trasabilitatea produselor \u0219i a prevedea impactul asupra mediului al ciclului de via\u021b\u0103 al acestora. Cadrul propus de DATA4CIRC va contribui la solu\u021bionarea problemei accesului la informa\u021bii referitoare la reciclare\/reutilizare\/recondi\u021bionare prin utilizarea spa\u021biilor de date federate \u0219i a tehnologiei blockchain pentru a permite partajarea datelor \u00een condi\u021bii de siguran\u021b\u0103 \u0219i de confiden\u021bialitate. Un element-cheie \u00een asigurarea adopt\u0103rii cu succes a acestor solu\u021bii este asigurarea standardiz\u0103rii \u0219i interoperabilit\u0103\u021bii. Proiectul DATA4CIRC \u00ee\u0219i propune s\u0103 asigure acest lucru.   <\/p>\n<p style=\"text-align: justify;\">\n<p style=\"text-align: justify;\">\u00cen plus, se va pune un accent deosebit pe perfec\u021bionarea \u0219i recalificarea utilizatorilor finali pentru a facilita adoptarea solu\u021biilor DATA4CIRC. Acest lucru va cre\u0219te gradul de con\u0219tientizare a circularit\u0103\u021bii, va acoperi lacunele \u00een materie de competen\u021be \u0219i va responsabiliza for\u021ba de munc\u0103, preg\u0103tind-o pentru locurile de munc\u0103 circulare ale viitorului. Au fost selectate trei studii de caz (mase plastice agricole, produse electronice \u0219i industria automobilelor) pentru a derula programe pilot, demonstr\u00e2nd nivelul 6 de preg\u0103tire tehnologic\u0103 (un prototip sau un model reprezentativ complet func\u021bional).  <\/p>\n<p style=\"text-align: justify;\">\n<p>[\/et_pb_text][\/et_pb_column][\/et_pb_row][\/et_pb_section][et_pb_section fb_built=&#8221;1&#8243; disabled_on=&#8221;on|on|on&#8221; _builder_version=&#8221;4.27.4&#8243; _module_preset=&#8221;default&#8221; custom_padding=&#8221;0px||0px||true|false&#8221; disabled=&#8221;on&#8221; global_colors_info=&#8221;{}&#8221;][et_pb_row column_structure=&#8221;1_4,1_4,1_4,1_4&#8243; use_custom_gutter=&#8221;on&#8221; gutter_width=&#8221;1&#8243; make_equal=&#8221;on&#8221; disabled_on=&#8221;off|off|off&#8221; _builder_version=&#8221;4.27.4&#8243; _module_preset=&#8221;default&#8221; background_color=&#8221;#8FD9C0&#8243; width=&#8221;100%&#8221; custom_padding=&#8221;0px||0px||true|false&#8221; global_colors_info=&#8221;{}&#8221;][et_pb_column type=&#8221;1_4&#8243; _builder_version=&#8221;4.27.4&#8243; _module_preset=&#8221;default&#8221; background_color=&#8221;#8FD9C0&#8243; background_image=&#8221;https:\/\/data4circ.eu\/wp-content\/uploads\/2025\/01\/Data4circ-image-01-web.jpeg&#8221; global_colors_info=&#8221;{}&#8221;][et_pb_image src=&#8221;https:\/\/data4circ.eu\/wp-content\/uploads\/2025\/02\/AdobeStock_694225446-scaled.jpeg&#8221; title_text=&#8221;Net zero energie verde de afaceri reduce emisiile de carbon concept, Om de afaceri folosind tabele de analiz\u0103 a datelor mari la net zero reduce carbonul, Afaceri folosind energie alternativ\u0103 pentru a proteja mediul&#8221; _builder_version=&#8221;4.27.4&#8243; _module_preset=&#8221;default&#8221; global_colors_info=&#8221;{}&#8221;][\/et_pb_image][\/et_pb_column][et_pb_column type=&#8221;1_4&#8243; _builder_version=&#8221;4.27.4&#8243; _module_preset=&#8221;default&#8221; background_color=&#8221;#8FD9C0&#8243; background_enable_image=&#8221;off&#8221; background_position=&#8221;top_right&#8221; global_colors_info=&#8221;{}&#8221;][et_pb_blurb title=&#8221;Cazuri de utilizare&#8221; image=&#8221;https:\/\/data4circ.eu\/wp-content\/uploads\/2025\/02\/Data4circ-FAV_logo_full_reversed.png&#8221; image_icon_width=&#8221;100px&#8221; admin_label=&#8221;Use Cases&#8221; _builder_version=&#8221;4.27.4&#8243; _module_preset=&#8221;default&#8221; header_level=&#8221;h2&#8243; header_text_align=&#8221;center&#8221; text_orientation=&#8221;center&#8221; custom_margin=&#8221;50px||50px||true|false&#8221; animation=&#8221;off&#8221; global_colors_info=&#8221;{}&#8221;]<\/p>\n<p><span class=\"dsm-readmore-text\">Cite\u0219te mai mult &#8230;<\/span><\/p>\n<p>[\/et_pb_blurb][\/et_pb_column][et_pb_column type=&#8221;1_4&#8243; _builder_version=&#8221;4.27.4&#8243; _module_preset=&#8221;default&#8221; background_color=&#8221;#8FD9C0&#8243; background_enable_image=&#8221;off&#8221; background_position=&#8221;top_right&#8221; global_colors_info=&#8221;{}&#8221;][et_pb_blurb title=&#8221;Plan de lucru&#8221; image=&#8221;https:\/\/data4circ.eu\/wp-content\/uploads\/2025\/02\/Data4circ-FAV_logo_full_reversed.png&#8221; image_icon_width=&#8221;100px&#8221; admin_label=&#8221;Workplan&#8221; _builder_version=&#8221;4.27.4&#8243; _module_preset=&#8221;default&#8221; header_level=&#8221;h2&#8243; header_text_align=&#8221;center&#8221; text_orientation=&#8221;center&#8221; custom_margin=&#8221;50px||50px||true|false&#8221; animation=&#8221;off&#8221; global_colors_info=&#8221;{}&#8221;]<\/p>\n<p><span class=\"dsm-readmore-text\">Cite\u0219te mai mult &#8230;<\/span><\/p>\n<p>[\/et_pb_blurb][\/et_pb_column][et_pb_column type=&#8221;1_4&#8243; _builder_version=&#8221;4.27.4&#8243; _module_preset=&#8221;default&#8221; background_color=&#8221;#8FD9C0&#8243; background_enable_image=&#8221;off&#8221; background_position=&#8221;top_right&#8221; global_colors_info=&#8221;{}&#8221;][et_pb_image src=&#8221;https:\/\/data4circ.eu\/wp-content\/uploads\/2025\/02\/AdobeStock_686934363-scaled.jpeg&#8221; title_text=&#8221;Om de afaceri utilizeaz\u0103 laptop \u0219i m\u00e2n\u0103 care de\u021bine lupa se concentreaz\u0103 pe simbolul Infinity pentru economia circular\u0103 pentru a reduce de\u0219eurile prin reutilizare, Reducerea polu\u0103rii pentru afaceri viitoare \u0219i cre\u0219terea mediului.&#8221; _builder_version=&#8221;4.27.4&#8243; _module_preset=&#8221;default&#8221; global_colors_info=&#8221;{}&#8221;][\/et_pb_image][\/et_pb_column][\/et_pb_row][\/et_pb_section][et_pb_section fb_built=&#8221;1&#8243; _builder_version=&#8221;4.27.4&#8243; _module_preset=&#8221;default&#8221; background_color=&#8221;#2B463C&#8221; background_image=&#8221;https:\/\/data4circ.eu\/wp-content\/uploads\/2025\/01\/Data4circ-background-03-web.png&#8221; background_position=&#8221;center_left&#8221; custom_padding=&#8221;50px||50px||true|false&#8221; global_colors_info=&#8221;{}&#8221;][et_pb_row _builder_version=&#8221;4.27.4&#8243; _module_preset=&#8221;default&#8221; global_colors_info=&#8221;{}&#8221;][et_pb_column type=&#8221;4_4&#8243; _builder_version=&#8221;4.27.4&#8243; _module_preset=&#8221;default&#8221; global_colors_info=&#8221;{}&#8221;][et_pb_text _builder_version=&#8221;4.27.4&#8243; _module_preset=&#8221;default&#8221; text_text_color=&#8221;#8FD9C0&#8243; text_orientation=&#8221;center&#8221; global_colors_info=&#8221;{}&#8221;]<\/p>\n<h2>Al\u0103tur\u0103-te nou\u0103 \u00een \u00een c\u0103l\u0103toria noastr\u0103 c\u0103tre un viitor mai ecologic, mai inteligent \u0219i mai circular \u00een produc\u021bie!<\/h2>\n<p>[\/et_pb_text][\/et_pb_column][\/et_pb_row][\/et_pb_section]<\/p>\n","protected":false},"excerpt":{"rendered":"<p>DATA4CIRC DATA4CIRC dezvolt\u0103 un cadru inovator de partajare a datelor pentru a ajuta industria prelucr\u0103toare european\u0103 s\u0103 se preg\u0103teasc\u0103 pentru un viitor mai durabil. Misiunea noastr\u0103 este de a \u00eembun\u0103t\u0103\u021bi accesul la informa\u021biile de care fabricile au nevoie pentru a recupera, recicla \u0219i reutiliza materialele \u00een mod eficient \u0219i sigur \u0219i pentru a avansa c\u0103tre [&hellip;]<\/p>\n","protected":false},"author":1,"featured_media":0,"parent":1684,"menu_order":0,"comment_status":"closed","ping_status":"closed","template":"","meta":{"_et_pb_use_builder":"on","_et_pb_old_content":"","_et_gb_content_width":"","footnotes":""},"class_list":["post-1718","page","type-page","status-publish","hentry"],"yoast_head":"<!-- This site is optimized with the Yoast SEO plugin v27.1.1 - https:\/\/yoast.com\/product\/yoast-seo-wordpress\/ -->\n<title>Misiunea noastr\u0103 - data4circ.eu<\/title>\n<meta name=\"robots\" content=\"index, follow, max-snippet:-1, max-image-preview:large, max-video-preview:-1\" \/>\n<link rel=\"canonical\" href=\"https:\/\/data4circ.eu\/ro\/despre\/proiectul\/misiunea-noastra\/\" \/>\n<meta property=\"og:locale\" content=\"ro_RO\" \/>\n<meta property=\"og:type\" content=\"article\" \/>\n<meta property=\"og:title\" content=\"Misiunea noastr\u0103 - data4circ.eu\" \/>\n<meta property=\"og:description\" content=\"DATA4CIRC DATA4CIRC dezvolt\u0103 un cadru inovator de partajare a datelor pentru a ajuta industria prelucr\u0103toare european\u0103 s\u0103 se preg\u0103teasc\u0103 pentru un viitor mai durabil. Misiunea noastr\u0103 este de a \u00eembun\u0103t\u0103\u021bi accesul la informa\u021biile de care fabricile au nevoie pentru a recupera, recicla \u0219i reutiliza materialele \u00een mod eficient \u0219i sigur \u0219i pentru a avansa c\u0103tre [&hellip;]\" \/>\n<meta property=\"og:url\" content=\"https:\/\/data4circ.eu\/ro\/despre\/proiectul\/misiunea-noastra\/\" \/>\n<meta property=\"og:site_name\" content=\"data4circ.eu\" \/>\n<meta property=\"article:modified_time\" content=\"2026-03-04T14:08:56+00:00\" \/>\n<meta name=\"twitter:card\" content=\"summary_large_image\" \/>\n<meta name=\"twitter:label1\" content=\"Timp estimat pentru citire\" \/>\n\t<meta name=\"twitter:data1\" content=\"6 minute\" \/>\n<script type=\"application\/ld+json\" class=\"yoast-schema-graph\">{\"@context\":\"https:\/\/schema.org\",\"@graph\":[{\"@type\":\"WebPage\",\"@id\":\"https:\/\/data4circ.eu\/ro\/despre\/proiectul\/misiunea-noastra\/\",\"url\":\"https:\/\/data4circ.eu\/ro\/despre\/proiectul\/misiunea-noastra\/\",\"name\":\"Misiunea noastr\u0103 - data4circ.eu\",\"isPartOf\":{\"@id\":\"https:\/\/data4circ.eu\/ro\/#website\"},\"datePublished\":\"2025-02-05T10:59:01+00:00\",\"dateModified\":\"2026-03-04T14:08:56+00:00\",\"breadcrumb\":{\"@id\":\"https:\/\/data4circ.eu\/ro\/despre\/proiectul\/misiunea-noastra\/#breadcrumb\"},\"inLanguage\":\"ro-RO\",\"potentialAction\":[{\"@type\":\"ReadAction\",\"target\":[\"https:\/\/data4circ.eu\/ro\/despre\/proiectul\/misiunea-noastra\/\"]}]},{\"@type\":\"BreadcrumbList\",\"@id\":\"https:\/\/data4circ.eu\/ro\/despre\/proiectul\/misiunea-noastra\/#breadcrumb\",\"itemListElement\":[{\"@type\":\"ListItem\",\"position\":1,\"name\":\"Home\",\"item\":\"https:\/\/data4circ.eu\/ro\/acasa\/\"},{\"@type\":\"ListItem\",\"position\":2,\"name\":\"Despre\",\"item\":\"https:\/\/data4circ.eu\/ro\/despre\/\"},{\"@type\":\"ListItem\",\"position\":3,\"name\":\"Proiectul\",\"item\":\"https:\/\/data4circ.eu\/ro\/despre\/proiectul\/\"},{\"@type\":\"ListItem\",\"position\":4,\"name\":\"Misiunea noastr\u0103\"}]},{\"@type\":\"WebSite\",\"@id\":\"https:\/\/data4circ.eu\/ro\/#website\",\"url\":\"https:\/\/data4circ.eu\/ro\/\",\"name\":\"data4circ.eu\",\"description\":\"eco-friendly digital solutions and data sharing\",\"potentialAction\":[{\"@type\":\"SearchAction\",\"target\":{\"@type\":\"EntryPoint\",\"urlTemplate\":\"https:\/\/data4circ.eu\/ro\/?s={search_term_string}\"},\"query-input\":{\"@type\":\"PropertyValueSpecification\",\"valueRequired\":true,\"valueName\":\"search_term_string\"}}],\"inLanguage\":\"ro-RO\"}]}<\/script>\n<!-- \/ Yoast SEO plugin. -->","yoast_head_json":{"title":"Misiunea noastr\u0103 - data4circ.eu","robots":{"index":"index","follow":"follow","max-snippet":"max-snippet:-1","max-image-preview":"max-image-preview:large","max-video-preview":"max-video-preview:-1"},"canonical":"https:\/\/data4circ.eu\/ro\/despre\/proiectul\/misiunea-noastra\/","og_locale":"ro_RO","og_type":"article","og_title":"Misiunea noastr\u0103 - data4circ.eu","og_description":"DATA4CIRC DATA4CIRC dezvolt\u0103 un cadru inovator de partajare a datelor pentru a ajuta industria prelucr\u0103toare european\u0103 s\u0103 se preg\u0103teasc\u0103 pentru un viitor mai durabil. Misiunea noastr\u0103 este de a \u00eembun\u0103t\u0103\u021bi accesul la informa\u021biile de care fabricile au nevoie pentru a recupera, recicla \u0219i reutiliza materialele \u00een mod eficient \u0219i sigur \u0219i pentru a avansa c\u0103tre [&hellip;]","og_url":"https:\/\/data4circ.eu\/ro\/despre\/proiectul\/misiunea-noastra\/","og_site_name":"data4circ.eu","article_modified_time":"2026-03-04T14:08:56+00:00","twitter_card":"summary_large_image","twitter_misc":{"Timp estimat pentru citire":"6 minute"},"schema":{"@context":"https:\/\/schema.org","@graph":[{"@type":"WebPage","@id":"https:\/\/data4circ.eu\/ro\/despre\/proiectul\/misiunea-noastra\/","url":"https:\/\/data4circ.eu\/ro\/despre\/proiectul\/misiunea-noastra\/","name":"Misiunea noastr\u0103 - data4circ.eu","isPartOf":{"@id":"https:\/\/data4circ.eu\/ro\/#website"},"datePublished":"2025-02-05T10:59:01+00:00","dateModified":"2026-03-04T14:08:56+00:00","breadcrumb":{"@id":"https:\/\/data4circ.eu\/ro\/despre\/proiectul\/misiunea-noastra\/#breadcrumb"},"inLanguage":"ro-RO","potentialAction":[{"@type":"ReadAction","target":["https:\/\/data4circ.eu\/ro\/despre\/proiectul\/misiunea-noastra\/"]}]},{"@type":"BreadcrumbList","@id":"https:\/\/data4circ.eu\/ro\/despre\/proiectul\/misiunea-noastra\/#breadcrumb","itemListElement":[{"@type":"ListItem","position":1,"name":"Home","item":"https:\/\/data4circ.eu\/ro\/acasa\/"},{"@type":"ListItem","position":2,"name":"Despre","item":"https:\/\/data4circ.eu\/ro\/despre\/"},{"@type":"ListItem","position":3,"name":"Proiectul","item":"https:\/\/data4circ.eu\/ro\/despre\/proiectul\/"},{"@type":"ListItem","position":4,"name":"Misiunea noastr\u0103"}]},{"@type":"WebSite","@id":"https:\/\/data4circ.eu\/ro\/#website","url":"https:\/\/data4circ.eu\/ro\/","name":"data4circ.eu","description":"eco-friendly digital solutions and data sharing","potentialAction":[{"@type":"SearchAction","target":{"@type":"EntryPoint","urlTemplate":"https:\/\/data4circ.eu\/ro\/?s={search_term_string}"},"query-input":{"@type":"PropertyValueSpecification","valueRequired":true,"valueName":"search_term_string"}}],"inLanguage":"ro-RO"}]}},"_links":{"self":[{"href":"https:\/\/data4circ.eu\/ro\/wp-json\/wp\/v2\/pages\/1718","targetHints":{"allow":["GET"]}}],"collection":[{"href":"https:\/\/data4circ.eu\/ro\/wp-json\/wp\/v2\/pages"}],"about":[{"href":"https:\/\/data4circ.eu\/ro\/wp-json\/wp\/v2\/types\/page"}],"author":[{"embeddable":true,"href":"https:\/\/data4circ.eu\/ro\/wp-json\/wp\/v2\/users\/1"}],"replies":[{"embeddable":true,"href":"https:\/\/data4circ.eu\/ro\/wp-json\/wp\/v2\/comments?post=1718"}],"version-history":[{"count":7,"href":"https:\/\/data4circ.eu\/ro\/wp-json\/wp\/v2\/pages\/1718\/revisions"}],"predecessor-version":[{"id":2886,"href":"https:\/\/data4circ.eu\/ro\/wp-json\/wp\/v2\/pages\/1718\/revisions\/2886"}],"up":[{"embeddable":true,"href":"https:\/\/data4circ.eu\/ro\/wp-json\/wp\/v2\/pages\/1684"}],"wp:attachment":[{"href":"https:\/\/data4circ.eu\/ro\/wp-json\/wp\/v2\/media?parent=1718"}],"curies":[{"name":"wp","href":"https:\/\/api.w.org\/{rel}","templated":true}]}}