{"id":1799,"date":"2025-01-31T10:30:28","date_gmt":"2025-01-31T09:30:28","guid":{"rendered":"https:\/\/data4circ.eu\/sobre\/o-projeto\/casos-de-utilizacao\/caso-de-uso-no-1-transformando-os-plasticos-agricolas-a-cadeia-de-valor-circular-para-filmes-de-cobertura-vegetal\/"},"modified":"2026-02-19T18:39:23","modified_gmt":"2026-02-19T17:39:23","slug":"caso-de-uso-no-1-transformando-os-plasticos-agricolas-a-cadeia-de-valor-circular-para-filmes-de-cobertura-vegetal","status":"publish","type":"page","link":"https:\/\/data4circ.eu\/pt-pt\/sobre\/o-projeto\/casos-de-utilizacao\/caso-de-uso-no-1-transformando-os-plasticos-agricolas-a-cadeia-de-valor-circular-para-filmes-de-cobertura-vegetal\/","title":{"rendered":"Caso de uso n\u00ba 1: Transformando os pl\u00e1sticos agr\u00edcolas: A cadeia de valor circular para filmes de cobertura vegetal"},"content":{"rendered":"<p>[et_pb_section fb_built=&#8221;1&#8243; custom_padding_last_edited=&#8221;on|phone&#8221; _builder_version=&#8221;4.27.4&#8243; _module_preset=&#8221;default&#8221; background_color=&#8221;#2B463C&#8221; background_image=&#8221;https:\/\/data4circ.eu\/wp-content\/uploads\/2025\/01\/Data4circ-background-web.png&#8221; background_position=&#8221;top_right&#8221; custom_padding=&#8221;50px||50px||true|false&#8221; custom_padding_tablet=&#8221;40px||40px||true|false&#8221; custom_padding_phone=&#8221;30px||30px||true|false&#8221; global_colors_info=&#8221;{}&#8221;][et_pb_row column_structure=&#8221;2_5,3_5&#8243; _builder_version=&#8221;4.27.4&#8243; _module_preset=&#8221;default&#8221; global_colors_info=&#8221;{}&#8221;][et_pb_column type=&#8221;2_5&#8243; _builder_version=&#8221;4.27.4&#8243; _module_preset=&#8221;default&#8221; global_colors_info=&#8221;{}&#8221;][et_pb_text _builder_version=&#8221;4.27.4&#8243; _module_preset=&#8221;default&#8221; text_text_color=&#8221;#8FD9C0&#8243; global_colors_info=&#8221;{}&#8221;]<\/p>\n<h1><strong>Caso de utiliza\u00e7\u00e3o n.\u00ba 1: Transformar os pl\u00e1sticos agr\u00edcolas &#8211; A cadeia de valor circular para pel\u00edculas de cobertura vegetal<\/strong><\/h1>\n<p>[\/et_pb_text][\/et_pb_column][et_pb_column type=&#8221;3_5&#8243; _builder_version=&#8221;4.27.4&#8243; _module_preset=&#8221;default&#8221; global_colors_info=&#8221;{}&#8221;][\/et_pb_column][\/et_pb_row][\/et_pb_section][et_pb_section fb_built=&#8221;1&#8243; _builder_version=&#8221;4.27.4&#8243; _module_preset=&#8221;default&#8221; custom_padding=&#8221;0px||0px||true|false&#8221; global_colors_info=&#8221;{}&#8221;][et_pb_row use_custom_gutter=&#8221;on&#8221; gutter_width=&#8221;1&#8243; make_equal=&#8221;on&#8221; _builder_version=&#8221;4.27.4&#8243; _module_preset=&#8221;default&#8221; background_color=&#8221;#8FD9C0&#8243; width=&#8221;100%&#8221; custom_padding=&#8221;0px||0px||true|false&#8221; global_colors_info=&#8221;{}&#8221;][et_pb_column type=&#8221;4_4&#8243; _builder_version=&#8221;4.27.4&#8243; _module_preset=&#8221;default&#8221; background_color=&#8221;#8FD9C0&#8243; background_enable_image=&#8221;off&#8221; background_position=&#8221;top_right&#8221; global_colors_info=&#8221;{}&#8221;][et_pb_text _builder_version=&#8221;4.27.4&#8243; _module_preset=&#8221;default&#8221; text_text_color=&#8221;#2B463C&#8221; header_2_font=&#8221;|&#8211;et_global_heading_font_weight|||||||&#8221; custom_padding=&#8221;100px|100px|100px|100px|true|true&#8221; custom_padding_tablet=&#8221;50px|50px|50px|50px|true|true&#8221; custom_padding_phone=&#8221;25px|25px|25px|25px|true|true&#8221; custom_padding_last_edited=&#8221;on|phone&#8221; global_colors_info=&#8221;{}&#8221;]<\/p>\n<p><strong>A Circular Value Chain for Mulch Films<\/strong> est\u00e1 a revolucionar a reciclagem de pl\u00e1sticos agr\u00edcolas. Este trabalho, liderado pela <strong>Green World Compounding (<a href=\"https:\/\/gwcplastics.com\/\"><span style=\"text-decoration: underline;\"><span style=\"color: #2b463c; text-decoration: underline;\">GWC<\/span><\/span><\/a>)<\/strong> e pelo <strong>Centro Tecnol\u00f3gico del Calzado y del Pl\u00e1stico de la Regi\u00f3n de Murcia (<span style=\"text-decoration: underline; color: #2b463c;\"><a href=\"https:\/\/ceteccentrotecnologico.org\/\" style=\"color: #2b463c; text-decoration: underline;\">CETEC<\/a><\/span>)<\/strong>, visa transformar os pl\u00e1sticos agr\u00edcolas usados em produtos reciclados de alta qualidade, promovendo a sustentabilidade no sector agr\u00edcola. <\/p>\n<p><span style=\"text-decoration: underline; color: #2b463c;\"><a href=\"www.gwcplastics.com\" style=\"color: #2b463c; text-decoration: underline;\"><strong>GWC<\/strong><\/a><\/span>A GWC, l\u00edder na reciclagem de pl\u00e1sticos, processa anualmente at\u00e9 30.000 toneladas de pl\u00e1sticos agr\u00edcolas usados. Atrav\u00e9s da reciclagem mec\u00e2nica, transforma estes pl\u00e1sticos em pellets reciclados de alta qualidade, que servem de material de base para novos produtos agr\u00edcolas. <\/p>\n<p><span style=\"color: #2b463c;\"><a href=\"https:\/\/ceteccentrotecnologico.org\/\" style=\"color: #2b463c;\"><strong><span style=\"text-decoration: underline;\">CETEC<\/span><\/strong><\/a> refor\u00e7a este esfor\u00e7o utilizando a sua f\u00e1brica piloto e a sua experi\u00eancia em I&amp;D para criar prot\u00f3tipos de produtos pl\u00e1sticos agr\u00edcolas, tais como filmes. O processo envolve extrus\u00e3o, moldagem por sopro e testes exaustivos no laborat\u00f3rio do CETEC com certifica\u00e7\u00e3o ISO17025 para garantir que os produtos cumprem as normas de qualidade e sustentabilidade. <\/span><\/p>\n<p><span style=\"color: #2b463c;\">Esta colabora\u00e7\u00e3o demonstra a viabilidade da reciclagem de pel\u00edculas de cobertura vegetal agr\u00edcola, abordando desafios como a contamina\u00e7\u00e3o e a degrada\u00e7\u00e3o do material. Apoia a procura do mercado de pl\u00e1sticos agr\u00edcolas reciclados, um produto que raramente \u00e9 gerido, descontaminado e tratado para reciclagem. A integra\u00e7\u00e3o<\/span>da tecnologia <strong>DATA4CIRC<\/strong> ir\u00e1 melhorar ainda mais a rastreabilidade, a gest\u00e3o de res\u00edduos e a an\u00e1lise do impacto ambiental do ciclo de vida, abrindo caminho para uma ind\u00fastria de pl\u00e1sticos mais sustent\u00e1vel.<\/p>\n<p>[\/et_pb_text][et_pb_image src=&#8221;https:\/\/data4circ.eu\/wp-content\/uploads\/2025\/02\/AdobeStock_530320465-scaled.jpeg&#8221; title_text=&#8221;Cultivo de plantas nos campos de planta\u00e7\u00e3o atrav\u00e9s de cobertura morta&#8221; _builder_version=&#8221;4.27.4&#8243; _module_preset=&#8221;default&#8221; width=&#8221;30%&#8221; module_alignment=&#8221;center&#8221; min_height=&#8221;100px&#8221; custom_margin=&#8221;0px||30px||false|false&#8221; custom_padding=&#8221;0px||||false|false&#8221; global_colors_info=&#8221;{}&#8221;][\/et_pb_image][\/et_pb_column][\/et_pb_row][\/et_pb_section][et_pb_section fb_built=&#8221;1&#8243; _builder_version=&#8221;4.27.4&#8243; _module_preset=&#8221;default&#8221; background_color=&#8221;#2B463C&#8221; background_image=&#8221;https:\/\/data4circ.eu\/wp-content\/uploads\/2025\/01\/Data4circ-background-03-web.png&#8221; background_position=&#8221;center_left&#8221; custom_padding=&#8221;50px||50px||true|false&#8221; global_colors_info=&#8221;{}&#8221;][et_pb_row _builder_version=&#8221;4.27.4&#8243; _module_preset=&#8221;default&#8221; global_colors_info=&#8221;{}&#8221;][et_pb_column type=&#8221;4_4&#8243; _builder_version=&#8221;4.27.4&#8243; _module_preset=&#8221;default&#8221; global_colors_info=&#8221;{}&#8221;][et_pb_text _builder_version=&#8221;4.27.4&#8243; _module_preset=&#8221;default&#8221; text_text_color=&#8221;#8FD9C0&#8243; text_orientation=&#8221;center&#8221; global_colors_info=&#8221;{}&#8221;]<\/p>\n<h2>Junta-te a n\u00f3s na nossa viagem para um futuro mais verde e mais inteligente na ind\u00fastria transformadora!<\/h2>\n<p>[\/et_pb_text][\/et_pb_column][\/et_pb_row][\/et_pb_section]<\/p>\n","protected":false},"excerpt":{"rendered":"<p>Caso de utiliza\u00e7\u00e3o n.\u00ba 1: Transformar os pl\u00e1sticos agr\u00edcolas &#8211; A cadeia de valor circular para pel\u00edculas de cobertura vegetalA Circular Value Chain for Mulch Films est\u00e1 a revolucionar a reciclagem de pl\u00e1sticos agr\u00edcolas. Este trabalho, liderado pela Green World Compounding (GWC) e pelo Centro Tecnol\u00f3gico del Calzado y del Pl\u00e1stico de la Regi\u00f3n de [&hellip;]<\/p>\n","protected":false},"author":1,"featured_media":0,"parent":1758,"menu_order":0,"comment_status":"closed","ping_status":"closed","template":"","meta":{"_et_pb_use_builder":"on","_et_pb_old_content":"","_et_gb_content_width":"","footnotes":""},"class_list":["post-1799","page","type-page","status-publish","hentry"],"yoast_head":"<!-- This site is optimized with the Yoast SEO plugin v27.1.1 - https:\/\/yoast.com\/product\/yoast-seo-wordpress\/ -->\n<title>Caso de uso n\u00ba 1: Transformando os pl\u00e1sticos agr\u00edcolas: A cadeia de valor circular para filmes de cobertura vegetal - data4circ.eu<\/title>\n<meta name=\"robots\" content=\"index, follow, max-snippet:-1, max-image-preview:large, max-video-preview:-1\" \/>\n<link rel=\"canonical\" href=\"https:\/\/data4circ.eu\/pt-pt\/sobre\/o-projeto\/casos-de-utilizacao\/caso-de-uso-no-1-transformando-os-plasticos-agricolas-a-cadeia-de-valor-circular-para-filmes-de-cobertura-vegetal\/\" \/>\n<meta property=\"og:locale\" content=\"pt_PT\" \/>\n<meta property=\"og:type\" content=\"article\" \/>\n<meta property=\"og:title\" content=\"Caso de uso n\u00ba 1: Transformando os pl\u00e1sticos agr\u00edcolas: A cadeia de valor circular para filmes de cobertura vegetal - data4circ.eu\" \/>\n<meta property=\"og:description\" content=\"Caso de utiliza\u00e7\u00e3o n.\u00ba 1: Transformar os pl\u00e1sticos agr\u00edcolas - A cadeia de valor circular para pel\u00edculas de cobertura vegetalA Circular Value Chain for Mulch Films est\u00e1 a revolucionar a reciclagem de pl\u00e1sticos agr\u00edcolas. Este trabalho, liderado pela Green World Compounding (GWC) e pelo Centro Tecnol\u00f3gico del Calzado y del Pl\u00e1stico de la Regi\u00f3n de [&hellip;]\" \/>\n<meta property=\"og:url\" content=\"https:\/\/data4circ.eu\/pt-pt\/sobre\/o-projeto\/casos-de-utilizacao\/caso-de-uso-no-1-transformando-os-plasticos-agricolas-a-cadeia-de-valor-circular-para-filmes-de-cobertura-vegetal\/\" \/>\n<meta property=\"og:site_name\" content=\"data4circ.eu\" \/>\n<meta property=\"article:modified_time\" content=\"2026-02-19T17:39:23+00:00\" \/>\n<meta name=\"twitter:card\" content=\"summary_large_image\" \/>\n<meta name=\"twitter:label1\" content=\"Tempo estimado de leitura\" \/>\n\t<meta name=\"twitter:data1\" content=\"4 minutos\" \/>\n<script type=\"application\/ld+json\" class=\"yoast-schema-graph\">{\"@context\":\"https:\/\/schema.org\",\"@graph\":[{\"@type\":\"WebPage\",\"@id\":\"https:\/\/data4circ.eu\/pt-pt\/sobre\/o-projeto\/casos-de-utilizacao\/caso-de-uso-no-1-transformando-os-plasticos-agricolas-a-cadeia-de-valor-circular-para-filmes-de-cobertura-vegetal\/\",\"url\":\"https:\/\/data4circ.eu\/pt-pt\/sobre\/o-projeto\/casos-de-utilizacao\/caso-de-uso-no-1-transformando-os-plasticos-agricolas-a-cadeia-de-valor-circular-para-filmes-de-cobertura-vegetal\/\",\"name\":\"Caso de uso n\u00ba 1: Transformando os pl\u00e1sticos agr\u00edcolas: A cadeia de valor circular para filmes de cobertura vegetal - data4circ.eu\",\"isPartOf\":{\"@id\":\"https:\/\/data4circ.eu\/pt-pt\/#website\"},\"datePublished\":\"2025-01-31T09:30:28+00:00\",\"dateModified\":\"2026-02-19T17:39:23+00:00\",\"breadcrumb\":{\"@id\":\"https:\/\/data4circ.eu\/pt-pt\/sobre\/o-projeto\/casos-de-utilizacao\/caso-de-uso-no-1-transformando-os-plasticos-agricolas-a-cadeia-de-valor-circular-para-filmes-de-cobertura-vegetal\/#breadcrumb\"},\"inLanguage\":\"pt-PT\",\"potentialAction\":[{\"@type\":\"ReadAction\",\"target\":[\"https:\/\/data4circ.eu\/pt-pt\/sobre\/o-projeto\/casos-de-utilizacao\/caso-de-uso-no-1-transformando-os-plasticos-agricolas-a-cadeia-de-valor-circular-para-filmes-de-cobertura-vegetal\/\"]}]},{\"@type\":\"BreadcrumbList\",\"@id\":\"https:\/\/data4circ.eu\/pt-pt\/sobre\/o-projeto\/casos-de-utilizacao\/caso-de-uso-no-1-transformando-os-plasticos-agricolas-a-cadeia-de-valor-circular-para-filmes-de-cobertura-vegetal\/#breadcrumb\",\"itemListElement\":[{\"@type\":\"ListItem\",\"position\":1,\"name\":\"Home\",\"item\":\"https:\/\/data4circ.eu\/pt-pt\/casa\/\"},{\"@type\":\"ListItem\",\"position\":2,\"name\":\"Sobre\",\"item\":\"https:\/\/data4circ.eu\/pt-pt\/sobre\/\"},{\"@type\":\"ListItem\",\"position\":3,\"name\":\"O projeto\",\"item\":\"https:\/\/data4circ.eu\/pt-pt\/sobre\/o-projeto\/\"},{\"@type\":\"ListItem\",\"position\":4,\"name\":\"Casos de utiliza\u00e7\u00e3o\",\"item\":\"https:\/\/data4circ.eu\/pt-pt\/sobre\/o-projeto\/casos-de-utilizacao\/\"},{\"@type\":\"ListItem\",\"position\":5,\"name\":\"Caso de uso n\u00ba 1: Transformando os pl\u00e1sticos agr\u00edcolas: A cadeia de valor circular para filmes de cobertura vegetal\"}]},{\"@type\":\"WebSite\",\"@id\":\"https:\/\/data4circ.eu\/pt-pt\/#website\",\"url\":\"https:\/\/data4circ.eu\/pt-pt\/\",\"name\":\"data4circ.eu\",\"description\":\"eco-friendly digital solutions and data sharing\",\"potentialAction\":[{\"@type\":\"SearchAction\",\"target\":{\"@type\":\"EntryPoint\",\"urlTemplate\":\"https:\/\/data4circ.eu\/pt-pt\/?s={search_term_string}\"},\"query-input\":{\"@type\":\"PropertyValueSpecification\",\"valueRequired\":true,\"valueName\":\"search_term_string\"}}],\"inLanguage\":\"pt-PT\"}]}<\/script>\n<!-- \/ Yoast SEO plugin. -->","yoast_head_json":{"title":"Caso de uso n\u00ba 1: Transformando os pl\u00e1sticos agr\u00edcolas: A cadeia de valor circular para filmes de cobertura vegetal - data4circ.eu","robots":{"index":"index","follow":"follow","max-snippet":"max-snippet:-1","max-image-preview":"max-image-preview:large","max-video-preview":"max-video-preview:-1"},"canonical":"https:\/\/data4circ.eu\/pt-pt\/sobre\/o-projeto\/casos-de-utilizacao\/caso-de-uso-no-1-transformando-os-plasticos-agricolas-a-cadeia-de-valor-circular-para-filmes-de-cobertura-vegetal\/","og_locale":"pt_PT","og_type":"article","og_title":"Caso de uso n\u00ba 1: Transformando os pl\u00e1sticos agr\u00edcolas: A cadeia de valor circular para filmes de cobertura vegetal - data4circ.eu","og_description":"Caso de utiliza\u00e7\u00e3o n.\u00ba 1: Transformar os pl\u00e1sticos agr\u00edcolas - A cadeia de valor circular para pel\u00edculas de cobertura vegetalA Circular Value Chain for Mulch Films est\u00e1 a revolucionar a reciclagem de pl\u00e1sticos agr\u00edcolas. Este trabalho, liderado pela Green World Compounding (GWC) e pelo Centro Tecnol\u00f3gico del Calzado y del Pl\u00e1stico de la Regi\u00f3n de [&hellip;]","og_url":"https:\/\/data4circ.eu\/pt-pt\/sobre\/o-projeto\/casos-de-utilizacao\/caso-de-uso-no-1-transformando-os-plasticos-agricolas-a-cadeia-de-valor-circular-para-filmes-de-cobertura-vegetal\/","og_site_name":"data4circ.eu","article_modified_time":"2026-02-19T17:39:23+00:00","twitter_card":"summary_large_image","twitter_misc":{"Tempo estimado de leitura":"4 minutos"},"schema":{"@context":"https:\/\/schema.org","@graph":[{"@type":"WebPage","@id":"https:\/\/data4circ.eu\/pt-pt\/sobre\/o-projeto\/casos-de-utilizacao\/caso-de-uso-no-1-transformando-os-plasticos-agricolas-a-cadeia-de-valor-circular-para-filmes-de-cobertura-vegetal\/","url":"https:\/\/data4circ.eu\/pt-pt\/sobre\/o-projeto\/casos-de-utilizacao\/caso-de-uso-no-1-transformando-os-plasticos-agricolas-a-cadeia-de-valor-circular-para-filmes-de-cobertura-vegetal\/","name":"Caso de uso n\u00ba 1: Transformando os pl\u00e1sticos agr\u00edcolas: A cadeia de valor circular para filmes de cobertura vegetal - data4circ.eu","isPartOf":{"@id":"https:\/\/data4circ.eu\/pt-pt\/#website"},"datePublished":"2025-01-31T09:30:28+00:00","dateModified":"2026-02-19T17:39:23+00:00","breadcrumb":{"@id":"https:\/\/data4circ.eu\/pt-pt\/sobre\/o-projeto\/casos-de-utilizacao\/caso-de-uso-no-1-transformando-os-plasticos-agricolas-a-cadeia-de-valor-circular-para-filmes-de-cobertura-vegetal\/#breadcrumb"},"inLanguage":"pt-PT","potentialAction":[{"@type":"ReadAction","target":["https:\/\/data4circ.eu\/pt-pt\/sobre\/o-projeto\/casos-de-utilizacao\/caso-de-uso-no-1-transformando-os-plasticos-agricolas-a-cadeia-de-valor-circular-para-filmes-de-cobertura-vegetal\/"]}]},{"@type":"BreadcrumbList","@id":"https:\/\/data4circ.eu\/pt-pt\/sobre\/o-projeto\/casos-de-utilizacao\/caso-de-uso-no-1-transformando-os-plasticos-agricolas-a-cadeia-de-valor-circular-para-filmes-de-cobertura-vegetal\/#breadcrumb","itemListElement":[{"@type":"ListItem","position":1,"name":"Home","item":"https:\/\/data4circ.eu\/pt-pt\/casa\/"},{"@type":"ListItem","position":2,"name":"Sobre","item":"https:\/\/data4circ.eu\/pt-pt\/sobre\/"},{"@type":"ListItem","position":3,"name":"O projeto","item":"https:\/\/data4circ.eu\/pt-pt\/sobre\/o-projeto\/"},{"@type":"ListItem","position":4,"name":"Casos de utiliza\u00e7\u00e3o","item":"https:\/\/data4circ.eu\/pt-pt\/sobre\/o-projeto\/casos-de-utilizacao\/"},{"@type":"ListItem","position":5,"name":"Caso de uso n\u00ba 1: Transformando os pl\u00e1sticos agr\u00edcolas: A cadeia de valor circular para filmes de cobertura vegetal"}]},{"@type":"WebSite","@id":"https:\/\/data4circ.eu\/pt-pt\/#website","url":"https:\/\/data4circ.eu\/pt-pt\/","name":"data4circ.eu","description":"eco-friendly digital solutions and data sharing","potentialAction":[{"@type":"SearchAction","target":{"@type":"EntryPoint","urlTemplate":"https:\/\/data4circ.eu\/pt-pt\/?s={search_term_string}"},"query-input":{"@type":"PropertyValueSpecification","valueRequired":true,"valueName":"search_term_string"}}],"inLanguage":"pt-PT"}]}},"_links":{"self":[{"href":"https:\/\/data4circ.eu\/pt-pt\/wp-json\/wp\/v2\/pages\/1799","targetHints":{"allow":["GET"]}}],"collection":[{"href":"https:\/\/data4circ.eu\/pt-pt\/wp-json\/wp\/v2\/pages"}],"about":[{"href":"https:\/\/data4circ.eu\/pt-pt\/wp-json\/wp\/v2\/types\/page"}],"author":[{"embeddable":true,"href":"https:\/\/data4circ.eu\/pt-pt\/wp-json\/wp\/v2\/users\/1"}],"replies":[{"embeddable":true,"href":"https:\/\/data4circ.eu\/pt-pt\/wp-json\/wp\/v2\/comments?post=1799"}],"version-history":[{"count":3,"href":"https:\/\/data4circ.eu\/pt-pt\/wp-json\/wp\/v2\/pages\/1799\/revisions"}],"predecessor-version":[{"id":1802,"href":"https:\/\/data4circ.eu\/pt-pt\/wp-json\/wp\/v2\/pages\/1799\/revisions\/1802"}],"up":[{"embeddable":true,"href":"https:\/\/data4circ.eu\/pt-pt\/wp-json\/wp\/v2\/pages\/1758"}],"wp:attachment":[{"href":"https:\/\/data4circ.eu\/pt-pt\/wp-json\/wp\/v2\/media?parent=1799"}],"curies":[{"name":"wp","href":"https:\/\/api.w.org\/{rel}","templated":true}]}}