{"id":1758,"date":"2025-02-05T12:07:22","date_gmt":"2025-02-05T11:07:22","guid":{"rendered":"https:\/\/data4circ.eu\/sobre\/o-projeto\/casos-de-utilizacao\/"},"modified":"2026-02-19T18:37:00","modified_gmt":"2026-02-19T17:37:00","slug":"casos-de-utilizacao","status":"publish","type":"page","link":"https:\/\/data4circ.eu\/pt-pt\/sobre\/o-projeto\/casos-de-utilizacao\/","title":{"rendered":"Casos de utiliza\u00e7\u00e3o"},"content":{"rendered":"<p>[et_pb_section fb_built=&#8221;1&#8243; custom_padding_last_edited=&#8221;on|phone&#8221; _builder_version=&#8221;4.27.4&#8243; _module_preset=&#8221;default&#8221; background_color=&#8221;#2B463C&#8221; background_image=&#8221;https:\/\/data4circ.eu\/wp-content\/uploads\/2025\/01\/Data4circ-background-web.png&#8221; background_position=&#8221;top_right&#8221; custom_padding=&#8221;50px||50px||true|false&#8221; custom_padding_tablet=&#8221;40px||40px||true|false&#8221; custom_padding_phone=&#8221;30px||30px||true|false&#8221; global_colors_info=&#8221;{}&#8221;][et_pb_row column_structure=&#8221;1_2,1_2&#8243; _builder_version=&#8221;4.27.4&#8243; _module_preset=&#8221;default&#8221; global_colors_info=&#8221;{}&#8221;][et_pb_column type=&#8221;1_2&#8243; _builder_version=&#8221;4.27.4&#8243; _module_preset=&#8221;default&#8221; global_colors_info=&#8221;{}&#8221;][et_pb_text _builder_version=&#8221;4.27.4&#8243; _module_preset=&#8221;default&#8221; text_text_color=&#8221;#8FD9C0&#8243; global_colors_info=&#8221;{}&#8221;]<\/p>\n<h1><strong>Casos de utiliza\u00e7\u00e3o<br \/><\/strong><\/h1>\n<p>As nossas solu\u00e7\u00f5es est\u00e3o a ser testadas em tr\u00eas sectores-chave da ind\u00fastria transformadora:<\/p>\n<ul>\n<li>pl\u00e1sticos agr\u00edcolas,<\/li>\n<li>res\u00edduos de equipamentos el\u00e9ctricos e electr\u00f3nicos (REEE), e<\/li>\n<li>o sector autom\u00f3vel (catalisadores)<\/li>\n<\/ul>\n<p>demonstrando a sua efic\u00e1cia na cria\u00e7\u00e3o de cadeias de valor sustent\u00e1veis e circulares.<\/p>\n<p>[\/et_pb_text][\/et_pb_column][et_pb_column type=&#8221;1_2&#8243; _builder_version=&#8221;4.27.4&#8243; _module_preset=&#8221;default&#8221; global_colors_info=&#8221;{}&#8221;][\/et_pb_column][\/et_pb_row][\/et_pb_section][et_pb_section fb_built=&#8221;1&#8243; _builder_version=&#8221;4.27.4&#8243; _module_preset=&#8221;default&#8221; custom_padding=&#8221;0px||0px||true|false&#8221; global_colors_info=&#8221;{}&#8221;][et_pb_row use_custom_gutter=&#8221;on&#8221; gutter_width=&#8221;1&#8243; make_equal=&#8221;on&#8221; disabled_on=&#8221;on|on|on&#8221; _builder_version=&#8221;4.27.4&#8243; _module_preset=&#8221;default&#8221; background_color=&#8221;#8FD9C0&#8243; width=&#8221;100%&#8221; custom_padding=&#8221;0px||0px||true|false&#8221; disabled=&#8221;on&#8221; global_colors_info=&#8221;{}&#8221;][et_pb_column type=&#8221;4_4&#8243; _builder_version=&#8221;4.27.4&#8243; _module_preset=&#8221;default&#8221; background_color=&#8221;#8FD9C0&#8243; background_enable_image=&#8221;off&#8221; background_position=&#8221;top_right&#8221; global_colors_info=&#8221;{}&#8221;][et_pb_text _builder_version=&#8221;4.27.4&#8243; _module_preset=&#8221;default&#8221; text_text_color=&#8221;#2B463C&#8221; header_2_font=&#8221;|&#8211;et_global_heading_font_weight|||||||&#8221; custom_padding=&#8221;100px|100px|100px|100px|true|true&#8221; custom_padding_tablet=&#8221;50px|50px|50px|50px|true|true&#8221; custom_padding_phone=&#8221;25px|25px|25px|25px|true|true&#8221; custom_padding_last_edited=&#8221;on|phone&#8221; global_colors_info=&#8221;{}&#8221;]<\/p>\n<p>Na DATA4CIRC, estamos a revolucionar o sector da produ\u00e7\u00e3o, tornando-o mais ecol\u00f3gico e eficiente.<\/p>\n<p><strong>A nossa miss\u00e3o<\/strong> \u00e9 ajudar as f\u00e1bricas a reduzir a sua pegada de carbono e a aumentar a competitividade atrav\u00e9s de solu\u00e7\u00f5es digitais inovadoras e da partilha de dados.<\/p>\n<p>[\/et_pb_text][\/et_pb_column][\/et_pb_row][et_pb_row column_structure=&#8221;1_4,1_4,1_4,1_4&#8243; use_custom_gutter=&#8221;on&#8221; gutter_width=&#8221;1&#8243; make_equal=&#8221;on&#8221; _builder_version=&#8221;4.27.4&#8243; _module_preset=&#8221;default&#8221; background_color=&#8221;#8FD9C0&#8243; width=&#8221;100%&#8221; custom_padding=&#8221;0px||0px||true|false&#8221; global_colors_info=&#8221;{}&#8221;][et_pb_column type=&#8221;1_4&#8243; _builder_version=&#8221;4.27.4&#8243; _module_preset=&#8221;default&#8221; background_color=&#8221;#8FD9C0&#8243; background_image=&#8221;https:\/\/data4circ.eu\/wp-content\/uploads\/2025\/01\/Data4circ-image-01-web.jpeg&#8221; global_colors_info=&#8221;{}&#8221;][et_pb_divider show_divider=&#8221;off&#8221; _builder_version=&#8221;4.27.4&#8243; _module_preset=&#8221;default&#8221; height=&#8221;250px&#8221; height_tablet=&#8221;200px&#8221; height_phone=&#8221;150px&#8221; height_last_edited=&#8221;on|phone&#8221; locked=&#8221;off&#8221; global_colors_info=&#8221;{}&#8221;][\/et_pb_divider][\/et_pb_column][et_pb_column type=&#8221;1_4&#8243; _builder_version=&#8221;4.27.4&#8243; _module_preset=&#8221;default&#8221; background_color=&#8221;#8FD9C0&#8243; background_enable_image=&#8221;off&#8221; background_position=&#8221;top_right&#8221; global_colors_info=&#8221;{}&#8221;][et_pb_blurb title=&#8221;Reciclagem&#8221; image=&#8221;https:\/\/data4circ.eu\/wp-content\/uploads\/2025\/03\/UC1-D4C-website.png&#8221; image_icon_width=&#8221;100px&#8221; admin_label=&#8221;Use Case #1&#8243; _builder_version=&#8221;4.27.4&#8243; _module_preset=&#8221;default&#8221; header_level=&#8221;h2&#8243; header_text_align=&#8221;center&#8221; text_orientation=&#8221;center&#8221; custom_margin=&#8221;50px||50px||true|false&#8221; animation=&#8221;off&#8221; link_option_url=&#8221;https:\/\/data4circ.eu\/about\/the-project\/use-cases\/use-case1-transforming-agricultural-plastics-the-circular-value-chain-for-mulch-films\/&#8221; hover_enabled=&#8221;0&#8243; global_colors_info=&#8221;{}&#8221; title_text=&#8221;UC1 D4C website&#8221; sticky_enabled=&#8221;0&#8243;]<\/p>\n<h3>Pl\u00e1sticos agr\u00edcolas<\/h3>\n<p>[\/et_pb_blurb][\/et_pb_column][et_pb_column type=&#8221;1_4&#8243; _builder_version=&#8221;4.27.4&#8243; _module_preset=&#8221;default&#8221; background_color=&#8221;#8FD9C0&#8243; background_enable_image=&#8221;off&#8221; background_position=&#8221;top_right&#8221; global_colors_info=&#8221;{}&#8221;][et_pb_blurb title=&#8221;Recuperar&#8221; image=&#8221;https:\/\/data4circ.eu\/wp-content\/uploads\/2025\/03\/D4C-UC2-for-website.png&#8221; image_icon_width=&#8221;100px&#8221; admin_label=&#8221;Use Case #2&#8243; _builder_version=&#8221;4.27.4&#8243; _module_preset=&#8221;default&#8221; header_level=&#8221;h2&#8243; header_text_align=&#8221;center&#8221; text_orientation=&#8221;center&#8221; custom_margin=&#8221;50px||50px||true|false&#8221; animation=&#8221;off&#8221; link_option_url=&#8221;https:\/\/data4circ.eu\/about\/the-project\/use-cases\/use-case2-revolutionizing-e-waste-management-the-circular-value-chain-for-eee\/&#8221; hover_enabled=&#8221;0&#8243; global_colors_info=&#8221;{}&#8221; title_text=&#8221;D4C UC2 for website&#8221; sticky_enabled=&#8221;0&#8243;]<\/p>\n<h3>Res\u00edduos electr\u00f3nicos<\/h3>\n<p>[\/et_pb_blurb][\/et_pb_column][et_pb_column type=&#8221;1_4&#8243; _builder_version=&#8221;4.27.4&#8243; _module_preset=&#8221;default&#8221; background_color=&#8221;#8FD9C0&#8243; background_enable_image=&#8221;off&#8221; background_position=&#8221;top_right&#8221; global_colors_info=&#8221;{}&#8221;][et_pb_blurb title=&#8221;Remodela\u00e7\u00e3o&#8221; image=&#8221;https:\/\/data4circ.eu\/wp-content\/uploads\/2025\/03\/D4C-UC3-for-website.png&#8221; image_icon_width=&#8221;100px&#8221; admin_label=&#8221;Use Case #3&#8243; _builder_version=&#8221;4.27.4&#8243; _module_preset=&#8221;default&#8221; header_level=&#8221;h2&#8243; header_text_align=&#8221;center&#8221; text_orientation=&#8221;center&#8221; custom_margin=&#8221;50px||50px||true|false&#8221; animation=&#8221;off&#8221; link_option_url=&#8221;https:\/\/data4circ.eu\/about\/the-project\/use-cases\/use-case-3-revolutionizing-automotive-catalysts\/&#8221; hover_enabled=&#8221;0&#8243; global_colors_info=&#8221;{}&#8221; title_text=&#8221;D4C UC3 for website&#8221; sticky_enabled=&#8221;0&#8243;]<\/p>\n<h3>Autom\u00f3vel (conversores catal\u00edticos)<\/h3>\n<p>[\/et_pb_blurb][\/et_pb_column][\/et_pb_row][\/et_pb_section][et_pb_section fb_built=&#8221;1&#8243; _builder_version=&#8221;4.27.4&#8243; _module_preset=&#8221;default&#8221; background_color=&#8221;#2B463C&#8221; background_image=&#8221;https:\/\/data4circ.eu\/wp-content\/uploads\/2025\/01\/Data4circ-background-03-web.png&#8221; background_position=&#8221;center_left&#8221; custom_padding=&#8221;50px||50px||true|false&#8221; global_colors_info=&#8221;{}&#8221;][et_pb_row _builder_version=&#8221;4.27.4&#8243; _module_preset=&#8221;default&#8221; global_colors_info=&#8221;{}&#8221;][et_pb_column type=&#8221;4_4&#8243; _builder_version=&#8221;4.27.4&#8243; _module_preset=&#8221;default&#8221; global_colors_info=&#8221;{}&#8221;][et_pb_text _builder_version=&#8221;4.27.4&#8243; _module_preset=&#8221;default&#8221; text_text_color=&#8221;#8FD9C0&#8243; text_orientation=&#8221;center&#8221; global_colors_info=&#8221;{}&#8221;]<\/p>\n<h2>Junta-te a n\u00f3s na nossa viagem para um futuro mais verde, mais inteligente e mais circular na ind\u00fastria transformadora!<\/h2>\n<p>[\/et_pb_text][\/et_pb_column][\/et_pb_row][\/et_pb_section]<\/p>\n","protected":false},"excerpt":{"rendered":"<p>Casos de utiliza\u00e7\u00e3o As nossas solu\u00e7\u00f5es est\u00e3o a ser testadas em tr\u00eas sectores-chave da ind\u00fastria transformadora: pl\u00e1sticos agr\u00edcolas, res\u00edduos de equipamentos el\u00e9ctricos e electr\u00f3nicos (REEE), e o sector autom\u00f3vel (catalisadores) demonstrando a sua efic\u00e1cia na cria\u00e7\u00e3o de cadeias de valor sustent\u00e1veis e circulares.Na DATA4CIRC, estamos a revolucionar o sector da produ\u00e7\u00e3o, tornando-o mais ecol\u00f3gico e [&hellip;]<\/p>\n","protected":false},"author":1,"featured_media":0,"parent":1680,"menu_order":0,"comment_status":"closed","ping_status":"closed","template":"","meta":{"_et_pb_use_builder":"on","_et_pb_old_content":"","_et_gb_content_width":"","footnotes":""},"class_list":["post-1758","page","type-page","status-publish","hentry"],"yoast_head":"<!-- This site is optimized with the Yoast SEO plugin v27.1.1 - https:\/\/yoast.com\/product\/yoast-seo-wordpress\/ -->\n<title>Casos de utiliza\u00e7\u00e3o - data4circ.eu<\/title>\n<meta name=\"robots\" content=\"index, follow, max-snippet:-1, max-image-preview:large, max-video-preview:-1\" \/>\n<link rel=\"canonical\" href=\"https:\/\/data4circ.eu\/pt-pt\/sobre\/o-projeto\/casos-de-utilizacao\/\" \/>\n<meta property=\"og:locale\" content=\"pt_PT\" \/>\n<meta property=\"og:type\" content=\"article\" \/>\n<meta property=\"og:title\" content=\"Casos de utiliza\u00e7\u00e3o - data4circ.eu\" \/>\n<meta property=\"og:description\" content=\"Casos de utiliza\u00e7\u00e3o As nossas solu\u00e7\u00f5es est\u00e3o a ser testadas em tr\u00eas sectores-chave da ind\u00fastria transformadora: pl\u00e1sticos agr\u00edcolas, res\u00edduos de equipamentos el\u00e9ctricos e electr\u00f3nicos (REEE), e o sector autom\u00f3vel (catalisadores) demonstrando a sua efic\u00e1cia na cria\u00e7\u00e3o de cadeias de valor sustent\u00e1veis e circulares.Na DATA4CIRC, estamos a revolucionar o sector da produ\u00e7\u00e3o, tornando-o mais ecol\u00f3gico e [&hellip;]\" \/>\n<meta property=\"og:url\" content=\"https:\/\/data4circ.eu\/pt-pt\/sobre\/o-projeto\/casos-de-utilizacao\/\" \/>\n<meta property=\"og:site_name\" content=\"data4circ.eu\" \/>\n<meta property=\"article:modified_time\" content=\"2026-02-19T17:37:00+00:00\" \/>\n<meta name=\"twitter:card\" content=\"summary_large_image\" \/>\n<meta name=\"twitter:label1\" content=\"Tempo estimado de leitura\" \/>\n\t<meta name=\"twitter:data1\" content=\"5 minutos\" \/>\n<script type=\"application\/ld+json\" class=\"yoast-schema-graph\">{\"@context\":\"https:\/\/schema.org\",\"@graph\":[{\"@type\":\"WebPage\",\"@id\":\"https:\/\/data4circ.eu\/pt-pt\/sobre\/o-projeto\/casos-de-utilizacao\/\",\"url\":\"https:\/\/data4circ.eu\/pt-pt\/sobre\/o-projeto\/casos-de-utilizacao\/\",\"name\":\"Casos de utiliza\u00e7\u00e3o - data4circ.eu\",\"isPartOf\":{\"@id\":\"https:\/\/data4circ.eu\/pt-pt\/#website\"},\"datePublished\":\"2025-02-05T11:07:22+00:00\",\"dateModified\":\"2026-02-19T17:37:00+00:00\",\"breadcrumb\":{\"@id\":\"https:\/\/data4circ.eu\/pt-pt\/sobre\/o-projeto\/casos-de-utilizacao\/#breadcrumb\"},\"inLanguage\":\"pt-PT\",\"potentialAction\":[{\"@type\":\"ReadAction\",\"target\":[\"https:\/\/data4circ.eu\/pt-pt\/sobre\/o-projeto\/casos-de-utilizacao\/\"]}]},{\"@type\":\"BreadcrumbList\",\"@id\":\"https:\/\/data4circ.eu\/pt-pt\/sobre\/o-projeto\/casos-de-utilizacao\/#breadcrumb\",\"itemListElement\":[{\"@type\":\"ListItem\",\"position\":1,\"name\":\"Home\",\"item\":\"https:\/\/data4circ.eu\/pt-pt\/casa\/\"},{\"@type\":\"ListItem\",\"position\":2,\"name\":\"Sobre\",\"item\":\"https:\/\/data4circ.eu\/pt-pt\/sobre\/\"},{\"@type\":\"ListItem\",\"position\":3,\"name\":\"O projeto\",\"item\":\"https:\/\/data4circ.eu\/pt-pt\/sobre\/o-projeto\/\"},{\"@type\":\"ListItem\",\"position\":4,\"name\":\"Casos de utiliza\u00e7\u00e3o\"}]},{\"@type\":\"WebSite\",\"@id\":\"https:\/\/data4circ.eu\/pt-pt\/#website\",\"url\":\"https:\/\/data4circ.eu\/pt-pt\/\",\"name\":\"data4circ.eu\",\"description\":\"eco-friendly digital solutions and data sharing\",\"potentialAction\":[{\"@type\":\"SearchAction\",\"target\":{\"@type\":\"EntryPoint\",\"urlTemplate\":\"https:\/\/data4circ.eu\/pt-pt\/?s={search_term_string}\"},\"query-input\":{\"@type\":\"PropertyValueSpecification\",\"valueRequired\":true,\"valueName\":\"search_term_string\"}}],\"inLanguage\":\"pt-PT\"}]}<\/script>\n<!-- \/ Yoast SEO plugin. -->","yoast_head_json":{"title":"Casos de utiliza\u00e7\u00e3o - data4circ.eu","robots":{"index":"index","follow":"follow","max-snippet":"max-snippet:-1","max-image-preview":"max-image-preview:large","max-video-preview":"max-video-preview:-1"},"canonical":"https:\/\/data4circ.eu\/pt-pt\/sobre\/o-projeto\/casos-de-utilizacao\/","og_locale":"pt_PT","og_type":"article","og_title":"Casos de utiliza\u00e7\u00e3o - data4circ.eu","og_description":"Casos de utiliza\u00e7\u00e3o As nossas solu\u00e7\u00f5es est\u00e3o a ser testadas em tr\u00eas sectores-chave da ind\u00fastria transformadora: pl\u00e1sticos agr\u00edcolas, res\u00edduos de equipamentos el\u00e9ctricos e electr\u00f3nicos (REEE), e o sector autom\u00f3vel (catalisadores) demonstrando a sua efic\u00e1cia na cria\u00e7\u00e3o de cadeias de valor sustent\u00e1veis e circulares.Na DATA4CIRC, estamos a revolucionar o sector da produ\u00e7\u00e3o, tornando-o mais ecol\u00f3gico e [&hellip;]","og_url":"https:\/\/data4circ.eu\/pt-pt\/sobre\/o-projeto\/casos-de-utilizacao\/","og_site_name":"data4circ.eu","article_modified_time":"2026-02-19T17:37:00+00:00","twitter_card":"summary_large_image","twitter_misc":{"Tempo estimado de leitura":"5 minutos"},"schema":{"@context":"https:\/\/schema.org","@graph":[{"@type":"WebPage","@id":"https:\/\/data4circ.eu\/pt-pt\/sobre\/o-projeto\/casos-de-utilizacao\/","url":"https:\/\/data4circ.eu\/pt-pt\/sobre\/o-projeto\/casos-de-utilizacao\/","name":"Casos de utiliza\u00e7\u00e3o - data4circ.eu","isPartOf":{"@id":"https:\/\/data4circ.eu\/pt-pt\/#website"},"datePublished":"2025-02-05T11:07:22+00:00","dateModified":"2026-02-19T17:37:00+00:00","breadcrumb":{"@id":"https:\/\/data4circ.eu\/pt-pt\/sobre\/o-projeto\/casos-de-utilizacao\/#breadcrumb"},"inLanguage":"pt-PT","potentialAction":[{"@type":"ReadAction","target":["https:\/\/data4circ.eu\/pt-pt\/sobre\/o-projeto\/casos-de-utilizacao\/"]}]},{"@type":"BreadcrumbList","@id":"https:\/\/data4circ.eu\/pt-pt\/sobre\/o-projeto\/casos-de-utilizacao\/#breadcrumb","itemListElement":[{"@type":"ListItem","position":1,"name":"Home","item":"https:\/\/data4circ.eu\/pt-pt\/casa\/"},{"@type":"ListItem","position":2,"name":"Sobre","item":"https:\/\/data4circ.eu\/pt-pt\/sobre\/"},{"@type":"ListItem","position":3,"name":"O projeto","item":"https:\/\/data4circ.eu\/pt-pt\/sobre\/o-projeto\/"},{"@type":"ListItem","position":4,"name":"Casos de utiliza\u00e7\u00e3o"}]},{"@type":"WebSite","@id":"https:\/\/data4circ.eu\/pt-pt\/#website","url":"https:\/\/data4circ.eu\/pt-pt\/","name":"data4circ.eu","description":"eco-friendly digital solutions and data sharing","potentialAction":[{"@type":"SearchAction","target":{"@type":"EntryPoint","urlTemplate":"https:\/\/data4circ.eu\/pt-pt\/?s={search_term_string}"},"query-input":{"@type":"PropertyValueSpecification","valueRequired":true,"valueName":"search_term_string"}}],"inLanguage":"pt-PT"}]}},"_links":{"self":[{"href":"https:\/\/data4circ.eu\/pt-pt\/wp-json\/wp\/v2\/pages\/1758","targetHints":{"allow":["GET"]}}],"collection":[{"href":"https:\/\/data4circ.eu\/pt-pt\/wp-json\/wp\/v2\/pages"}],"about":[{"href":"https:\/\/data4circ.eu\/pt-pt\/wp-json\/wp\/v2\/types\/page"}],"author":[{"embeddable":true,"href":"https:\/\/data4circ.eu\/pt-pt\/wp-json\/wp\/v2\/users\/1"}],"replies":[{"embeddable":true,"href":"https:\/\/data4circ.eu\/pt-pt\/wp-json\/wp\/v2\/comments?post=1758"}],"version-history":[{"count":3,"href":"https:\/\/data4circ.eu\/pt-pt\/wp-json\/wp\/v2\/pages\/1758\/revisions"}],"predecessor-version":[{"id":1761,"href":"https:\/\/data4circ.eu\/pt-pt\/wp-json\/wp\/v2\/pages\/1758\/revisions\/1761"}],"up":[{"embeddable":true,"href":"https:\/\/data4circ.eu\/pt-pt\/wp-json\/wp\/v2\/pages\/1680"}],"wp:attachment":[{"href":"https:\/\/data4circ.eu\/pt-pt\/wp-json\/wp\/v2\/media?parent=1758"}],"curies":[{"name":"wp","href":"https:\/\/api.w.org\/{rel}","templated":true}]}}