{"id":1484,"date":"2025-02-05T11:12:02","date_gmt":"2025-02-05T10:12:02","guid":{"rendered":"https:\/\/data4circ.eu\/sobre\/"},"modified":"2026-02-19T18:22:33","modified_gmt":"2026-02-19T17:22:33","slug":"sobre","status":"publish","type":"page","link":"https:\/\/data4circ.eu\/pt-pt\/sobre\/","title":{"rendered":"Sobre"},"content":{"rendered":"<p>[et_pb_section fb_built=&#8221;1&#8243; custom_padding_last_edited=&#8221;on|phone&#8221; _builder_version=&#8221;4.27.4&#8243; _module_preset=&#8221;default&#8221; background_color=&#8221;#2B463C&#8221; background_image=&#8221;https:\/\/data4circ.eu\/wp-content\/uploads\/2025\/01\/Data4circ-background-web.png&#8221; background_position=&#8221;top_right&#8221; custom_padding=&#8221;50px||50px||true|false&#8221; custom_padding_tablet=&#8221;40px||40px||true|false&#8221; custom_padding_phone=&#8221;30px||30px||true|false&#8221; global_colors_info=&#8221;{}&#8221;][et_pb_row column_structure=&#8221;1_2,1_2&#8243; _builder_version=&#8221;4.27.4&#8243; _module_preset=&#8221;default&#8221; global_colors_info=&#8221;{}&#8221;][et_pb_column type=&#8221;1_2&#8243; _builder_version=&#8221;4.27.4&#8243; _module_preset=&#8221;default&#8221; global_colors_info=&#8221;{}&#8221;][et_pb_text _builder_version=&#8221;4.27.4&#8243; _module_preset=&#8221;default&#8221; text_text_color=&#8221;#8FD9C0&#8243; global_colors_info=&#8221;{}&#8221;]<\/p>\n<h1>Sobre DATA4CIRC<\/h1>\n<p style=\"text-align: justify;\">DATA4CIRC est\u00e1 a desenvolver um quadro inovador de partilha de dados para ajudar a ind\u00fastria transformadora europeia a preparar-se para um futuro mais sustent\u00e1vel. <span style=\"text-decoration: underline;\"><a href=\"https:\/\/data4circ.eu\/about\/the-project\/our-mission\/\"><strong>A nossa miss\u00e3o<\/strong><\/a><\/span> \u00e9 melhorar o acesso \u00e0 informa\u00e7\u00e3o de que as f\u00e1bricas necessitam para recuperar, reciclar e reutilizar materiais de forma eficiente e segura e avan\u00e7ar para uma economia circular.<\/p>\n<p>[\/et_pb_text][\/et_pb_column][et_pb_column type=&#8221;1_2&#8243; _builder_version=&#8221;4.27.4&#8243; _module_preset=&#8221;default&#8221; global_colors_info=&#8221;{}&#8221;][\/et_pb_column][\/et_pb_row][\/et_pb_section][et_pb_section fb_built=&#8221;1&#8243; _builder_version=&#8221;4.27.4&#8243; _module_preset=&#8221;default&#8221; custom_padding=&#8221;0px||0px||true|false&#8221; global_colors_info=&#8221;{}&#8221;][et_pb_row use_custom_gutter=&#8221;on&#8221; gutter_width=&#8221;1&#8243; make_equal=&#8221;on&#8221; disabled_on=&#8221;on|on|on&#8221; _builder_version=&#8221;4.27.4&#8243; _module_preset=&#8221;default&#8221; background_color=&#8221;#8FD9C0&#8243; width=&#8221;100%&#8221; custom_padding=&#8221;0px||0px||true|false&#8221; disabled=&#8221;on&#8221; global_colors_info=&#8221;{}&#8221;][et_pb_column type=&#8221;4_4&#8243; _builder_version=&#8221;4.27.4&#8243; _module_preset=&#8221;default&#8221; background_color=&#8221;#8FD9C0&#8243; background_enable_image=&#8221;off&#8221; background_position=&#8221;top_right&#8221; global_colors_info=&#8221;{}&#8221;][et_pb_text _builder_version=&#8221;4.27.4&#8243; _module_preset=&#8221;default&#8221; text_text_color=&#8221;#2B463C&#8221; header_2_font=&#8221;|&#8211;et_global_heading_font_weight|||||||&#8221; custom_padding=&#8221;100px|100px|100px|100px|true|true&#8221; custom_padding_tablet=&#8221;50px|50px|50px|50px|true|true&#8221; custom_padding_phone=&#8221;25px|25px|25px|25px|true|true&#8221; custom_padding_last_edited=&#8221;on|phone&#8221; global_colors_info=&#8221;{}&#8221;]<\/p>\n<p>Na DATA4CIRC, estamos a revolucionar o sector da produ\u00e7\u00e3o, tornando-o mais ecol\u00f3gico e eficiente.<\/p>\n<p><strong>A nossa miss\u00e3o<\/strong> \u00e9 ajudar as f\u00e1bricas a reduzir a sua pegada de carbono e a aumentar a competitividade atrav\u00e9s de solu\u00e7\u00f5es digitais inovadoras e da partilha de dados.<\/p>\n<p>[\/et_pb_text][\/et_pb_column][\/et_pb_row][et_pb_row column_structure=&#8221;1_3,1_3,1_3&#8243; use_custom_gutter=&#8221;on&#8221; gutter_width=&#8221;1&#8243; make_equal=&#8221;on&#8221; _builder_version=&#8221;4.27.4&#8243; _module_preset=&#8221;default&#8221; background_color=&#8221;#8FD9C0&#8243; width=&#8221;100%&#8221; custom_padding=&#8221;0px||0px||true|false&#8221; hover_enabled=&#8221;0&#8243; global_colors_info=&#8221;{}&#8221; sticky_enabled=&#8221;0&#8243;][et_pb_column type=&#8221;1_3&#8243; _builder_version=&#8221;4.27.4&#8243; _module_preset=&#8221;default&#8221; background_color=&#8221;#8FD9C0&#8243; custom_padding=&#8221;75px||||false|false&#8221; hover_enabled=&#8221;0&#8243; border_color_all=&#8221;#8FD9C0&#8243; global_colors_info=&#8221;{}&#8221; background_enable_image=&#8221;off&#8221; sticky_enabled=&#8221;0&#8243;][et_pb_image src=&#8221;https:\/\/data4circ.eu\/wp-content\/uploads\/2025\/02\/AdobeStock_694225446-scaled.jpeg&#8221; title_text=&#8221;O conceito de energia verde zero l\u00edquida reduz as emiss\u00f5es de carbono, Empres\u00e1rio que utiliza tabelas de an\u00e1lise de grandes dados para reduzir as emiss\u00f5es de carbono, Empresa que utiliza energia alternativa para proteger o ambiente&#8221; _builder_version=&#8221;4.27.4&#8243; _module_preset=&#8221;default&#8221; hover_enabled=&#8221;0&#8243; global_colors_info=&#8221;{}&#8221; custom_margin=&#8221;-40px||||false|false&#8221; sticky_enabled=&#8221;0&#8243;][\/et_pb_image][\/et_pb_column][et_pb_column type=&#8221;1_3&#8243; _builder_version=&#8221;4.27.4&#8243; _module_preset=&#8221;default&#8221; background_color=&#8221;#8FD9C0&#8243; background_enable_image=&#8221;off&#8221; background_position=&#8221;top_right&#8221; global_colors_info=&#8221;{}&#8221;][et_pb_blurb title=&#8221;A nossa miss\u00e3o&#8221; image=&#8221;https:\/\/data4circ.eu\/wp-content\/uploads\/2025\/02\/Data4circ-FAV_logo_full_reversed.png&#8221; image_icon_width=&#8221;100px&#8221; admin_label=&#8221;The Project&#8221; _builder_version=&#8221;4.27.4&#8243; _module_preset=&#8221;default&#8221; header_level=&#8221;h2&#8243; header_text_align=&#8221;center&#8221; text_orientation=&#8221;center&#8221; custom_margin=&#8221;50px||50px||true|false&#8221; animation=&#8221;off&#8221; link_option_url=&#8221;https:\/\/data4circ.eu\/about\/the-project\/our-mission\/&#8221; global_colors_info=&#8221;{}&#8221;][\/et_pb_blurb][et_pb_blurb title=&#8221;Cons\u00f3rcio&#8221; image=&#8221;https:\/\/data4circ.eu\/wp-content\/uploads\/2025\/02\/Data4circ-FAV_logo_full_reversed.png&#8221; image_icon_width=&#8221;100px&#8221; admin_label=&#8221;Consortium&#8221; _builder_version=&#8221;4.27.4&#8243; _module_preset=&#8221;default&#8221; header_level=&#8221;h2&#8243; header_text_align=&#8221;center&#8221; text_orientation=&#8221;center&#8221; custom_margin=&#8221;50px||50px||true|false&#8221; animation=&#8221;off&#8221; link_option_url=&#8221;https:\/\/data4circ.eu\/about\/consortium\/&#8221; global_colors_info=&#8221;{}&#8221;][\/et_pb_blurb][\/et_pb_column][et_pb_column type=&#8221;1_3&#8243; _builder_version=&#8221;4.27.4&#8243; _module_preset=&#8221;default&#8221; background_color=&#8221;#8FD9C0&#8243; background_enable_image=&#8221;off&#8221; background_position=&#8221;top_right&#8221; global_colors_info=&#8221;{}&#8221;][et_pb_blurb title=&#8221;Casos de utiliza\u00e7\u00e3o&#8221; image=&#8221;https:\/\/data4circ.eu\/wp-content\/uploads\/2025\/02\/Data4circ-FAV_logo_full_reversed.png&#8221; image_icon_width=&#8221;100px&#8221; admin_label=&#8221;Our Team&#8221; _builder_version=&#8221;4.27.4&#8243; _module_preset=&#8221;default&#8221; header_level=&#8221;h2&#8243; header_text_align=&#8221;center&#8221; text_orientation=&#8221;center&#8221; custom_margin=&#8221;50px||50px||true|false&#8221; animation=&#8221;off&#8221; link_option_url=&#8221;https:\/\/data4circ.eu\/about\/the-project\/use-cases\/&#8221; global_colors_info=&#8221;{}&#8221;][\/et_pb_blurb][et_pb_blurb title=&#8221;Plano de trabalho&#8221; image=&#8221;https:\/\/data4circ.eu\/wp-content\/uploads\/2025\/02\/Data4circ-FAV_logo_full_reversed.png&#8221; image_icon_width=&#8221;100px&#8221; admin_label=&#8221;The Project&#8221; _builder_version=&#8221;4.27.4&#8243; _module_preset=&#8221;default&#8221; header_level=&#8221;h2&#8243; header_text_align=&#8221;center&#8221; text_orientation=&#8221;center&#8221; custom_margin=&#8221;50px||50px||true|false&#8221; animation=&#8221;off&#8221; link_option_url=&#8221;https:\/\/data4circ.eu\/about\/the-project\/workplan\/&#8221; global_colors_info=&#8221;{}&#8221;][\/et_pb_blurb][\/et_pb_column][\/et_pb_row][\/et_pb_section][et_pb_section fb_built=&#8221;1&#8243; _builder_version=&#8221;4.27.4&#8243; _module_preset=&#8221;default&#8221; background_color=&#8221;#2B463C&#8221; background_image=&#8221;https:\/\/data4circ.eu\/wp-content\/uploads\/2025\/01\/Data4circ-background-03-web.png&#8221; background_position=&#8221;center_left&#8221; custom_padding=&#8221;50px||50px||true|false&#8221; global_colors_info=&#8221;{}&#8221;][et_pb_row _builder_version=&#8221;4.27.4&#8243; _module_preset=&#8221;default&#8221; global_colors_info=&#8221;{}&#8221;][et_pb_column type=&#8221;4_4&#8243; _builder_version=&#8221;4.27.4&#8243; _module_preset=&#8221;default&#8221; global_colors_info=&#8221;{}&#8221;][et_pb_text _builder_version=&#8221;4.27.4&#8243; _module_preset=&#8221;default&#8221; text_text_color=&#8221;#8FD9C0&#8243; text_orientation=&#8221;center&#8221; global_colors_info=&#8221;{}&#8221;]<\/p>\n<h2>Junta-te a n\u00f3s na nossa viagem para um futuro mais verde, mais inteligente e mais circular na ind\u00fastria transformadora!<\/h2>\n<p>[\/et_pb_text][\/et_pb_column][\/et_pb_row][\/et_pb_section]<\/p>\n","protected":false},"excerpt":{"rendered":"<p>Sobre DATA4CIRC DATA4CIRC est\u00e1 a desenvolver um quadro inovador de partilha de dados para ajudar a ind\u00fastria transformadora europeia a preparar-se para um futuro mais sustent\u00e1vel. A nossa miss\u00e3o \u00e9 melhorar o acesso \u00e0 informa\u00e7\u00e3o de que as f\u00e1bricas necessitam para recuperar, reciclar e reutilizar materiais de forma eficiente e segura e avan\u00e7ar para uma [&hellip;]<\/p>\n","protected":false},"author":1,"featured_media":0,"parent":0,"menu_order":0,"comment_status":"closed","ping_status":"closed","template":"","meta":{"_et_pb_use_builder":"on","_et_pb_old_content":"","_et_gb_content_width":"","footnotes":""},"class_list":["post-1484","page","type-page","status-publish","hentry"],"yoast_head":"<!-- This site is optimized with the Yoast SEO plugin v27.1.1 - https:\/\/yoast.com\/product\/yoast-seo-wordpress\/ -->\n<title>Sobre - data4circ.eu<\/title>\n<meta name=\"robots\" content=\"index, follow, max-snippet:-1, max-image-preview:large, max-video-preview:-1\" \/>\n<link rel=\"canonical\" href=\"https:\/\/data4circ.eu\/pt-pt\/sobre\/\" \/>\n<meta property=\"og:locale\" content=\"pt_PT\" \/>\n<meta property=\"og:type\" content=\"article\" \/>\n<meta property=\"og:title\" content=\"Sobre - data4circ.eu\" \/>\n<meta property=\"og:description\" content=\"Sobre DATA4CIRC DATA4CIRC est\u00e1 a desenvolver um quadro inovador de partilha de dados para ajudar a ind\u00fastria transformadora europeia a preparar-se para um futuro mais sustent\u00e1vel. A nossa miss\u00e3o \u00e9 melhorar o acesso \u00e0 informa\u00e7\u00e3o de que as f\u00e1bricas necessitam para recuperar, reciclar e reutilizar materiais de forma eficiente e segura e avan\u00e7ar para uma [&hellip;]\" \/>\n<meta property=\"og:url\" content=\"https:\/\/data4circ.eu\/pt-pt\/sobre\/\" \/>\n<meta property=\"og:site_name\" content=\"data4circ.eu\" \/>\n<meta property=\"article:modified_time\" content=\"2026-02-19T17:22:33+00:00\" \/>\n<meta name=\"twitter:card\" content=\"summary_large_image\" \/>\n<meta name=\"twitter:label1\" content=\"Tempo estimado de leitura\" \/>\n\t<meta name=\"twitter:data1\" content=\"5 minutos\" \/>\n<script type=\"application\/ld+json\" class=\"yoast-schema-graph\">{\"@context\":\"https:\/\/schema.org\",\"@graph\":[{\"@type\":\"WebPage\",\"@id\":\"https:\/\/data4circ.eu\/pt-pt\/sobre\/\",\"url\":\"https:\/\/data4circ.eu\/pt-pt\/sobre\/\",\"name\":\"Sobre - data4circ.eu\",\"isPartOf\":{\"@id\":\"https:\/\/data4circ.eu\/pt-pt\/#website\"},\"datePublished\":\"2025-02-05T10:12:02+00:00\",\"dateModified\":\"2026-02-19T17:22:33+00:00\",\"breadcrumb\":{\"@id\":\"https:\/\/data4circ.eu\/pt-pt\/sobre\/#breadcrumb\"},\"inLanguage\":\"pt-PT\",\"potentialAction\":[{\"@type\":\"ReadAction\",\"target\":[\"https:\/\/data4circ.eu\/pt-pt\/sobre\/\"]}]},{\"@type\":\"BreadcrumbList\",\"@id\":\"https:\/\/data4circ.eu\/pt-pt\/sobre\/#breadcrumb\",\"itemListElement\":[{\"@type\":\"ListItem\",\"position\":1,\"name\":\"Home\",\"item\":\"https:\/\/data4circ.eu\/pt-pt\/casa\/\"},{\"@type\":\"ListItem\",\"position\":2,\"name\":\"Sobre\"}]},{\"@type\":\"WebSite\",\"@id\":\"https:\/\/data4circ.eu\/pt-pt\/#website\",\"url\":\"https:\/\/data4circ.eu\/pt-pt\/\",\"name\":\"data4circ.eu\",\"description\":\"eco-friendly digital solutions and data sharing\",\"potentialAction\":[{\"@type\":\"SearchAction\",\"target\":{\"@type\":\"EntryPoint\",\"urlTemplate\":\"https:\/\/data4circ.eu\/pt-pt\/?s={search_term_string}\"},\"query-input\":{\"@type\":\"PropertyValueSpecification\",\"valueRequired\":true,\"valueName\":\"search_term_string\"}}],\"inLanguage\":\"pt-PT\"}]}<\/script>\n<!-- \/ Yoast SEO plugin. -->","yoast_head_json":{"title":"Sobre - data4circ.eu","robots":{"index":"index","follow":"follow","max-snippet":"max-snippet:-1","max-image-preview":"max-image-preview:large","max-video-preview":"max-video-preview:-1"},"canonical":"https:\/\/data4circ.eu\/pt-pt\/sobre\/","og_locale":"pt_PT","og_type":"article","og_title":"Sobre - data4circ.eu","og_description":"Sobre DATA4CIRC DATA4CIRC est\u00e1 a desenvolver um quadro inovador de partilha de dados para ajudar a ind\u00fastria transformadora europeia a preparar-se para um futuro mais sustent\u00e1vel. A nossa miss\u00e3o \u00e9 melhorar o acesso \u00e0 informa\u00e7\u00e3o de que as f\u00e1bricas necessitam para recuperar, reciclar e reutilizar materiais de forma eficiente e segura e avan\u00e7ar para uma [&hellip;]","og_url":"https:\/\/data4circ.eu\/pt-pt\/sobre\/","og_site_name":"data4circ.eu","article_modified_time":"2026-02-19T17:22:33+00:00","twitter_card":"summary_large_image","twitter_misc":{"Tempo estimado de leitura":"5 minutos"},"schema":{"@context":"https:\/\/schema.org","@graph":[{"@type":"WebPage","@id":"https:\/\/data4circ.eu\/pt-pt\/sobre\/","url":"https:\/\/data4circ.eu\/pt-pt\/sobre\/","name":"Sobre - data4circ.eu","isPartOf":{"@id":"https:\/\/data4circ.eu\/pt-pt\/#website"},"datePublished":"2025-02-05T10:12:02+00:00","dateModified":"2026-02-19T17:22:33+00:00","breadcrumb":{"@id":"https:\/\/data4circ.eu\/pt-pt\/sobre\/#breadcrumb"},"inLanguage":"pt-PT","potentialAction":[{"@type":"ReadAction","target":["https:\/\/data4circ.eu\/pt-pt\/sobre\/"]}]},{"@type":"BreadcrumbList","@id":"https:\/\/data4circ.eu\/pt-pt\/sobre\/#breadcrumb","itemListElement":[{"@type":"ListItem","position":1,"name":"Home","item":"https:\/\/data4circ.eu\/pt-pt\/casa\/"},{"@type":"ListItem","position":2,"name":"Sobre"}]},{"@type":"WebSite","@id":"https:\/\/data4circ.eu\/pt-pt\/#website","url":"https:\/\/data4circ.eu\/pt-pt\/","name":"data4circ.eu","description":"eco-friendly digital solutions and data sharing","potentialAction":[{"@type":"SearchAction","target":{"@type":"EntryPoint","urlTemplate":"https:\/\/data4circ.eu\/pt-pt\/?s={search_term_string}"},"query-input":{"@type":"PropertyValueSpecification","valueRequired":true,"valueName":"search_term_string"}}],"inLanguage":"pt-PT"}]}},"_links":{"self":[{"href":"https:\/\/data4circ.eu\/pt-pt\/wp-json\/wp\/v2\/pages\/1484","targetHints":{"allow":["GET"]}}],"collection":[{"href":"https:\/\/data4circ.eu\/pt-pt\/wp-json\/wp\/v2\/pages"}],"about":[{"href":"https:\/\/data4circ.eu\/pt-pt\/wp-json\/wp\/v2\/types\/page"}],"author":[{"embeddable":true,"href":"https:\/\/data4circ.eu\/pt-pt\/wp-json\/wp\/v2\/users\/1"}],"replies":[{"embeddable":true,"href":"https:\/\/data4circ.eu\/pt-pt\/wp-json\/wp\/v2\/comments?post=1484"}],"version-history":[{"count":3,"href":"https:\/\/data4circ.eu\/pt-pt\/wp-json\/wp\/v2\/pages\/1484\/revisions"}],"predecessor-version":[{"id":1488,"href":"https:\/\/data4circ.eu\/pt-pt\/wp-json\/wp\/v2\/pages\/1484\/revisions\/1488"}],"wp:attachment":[{"href":"https:\/\/data4circ.eu\/pt-pt\/wp-json\/wp\/v2\/media?parent=1484"}],"curies":[{"name":"wp","href":"https:\/\/api.w.org\/{rel}","templated":true}]}}