{"id":1396,"date":"2025-01-15T09:22:17","date_gmt":"2025-01-15T08:22:17","guid":{"rendered":"https:\/\/data4circ.eu\/casa\/"},"modified":"2026-03-05T14:01:38","modified_gmt":"2026-03-05T13:01:38","slug":"casa","status":"publish","type":"page","link":"https:\/\/data4circ.eu\/pt-pt\/","title":{"rendered":"Casa"},"content":{"rendered":"<p>[et_pb_section fb_built=&#8221;1&#8243; custom_padding_last_edited=&#8221;on|phone&#8221; _builder_version=&#8221;4.27.4&#8243; _module_preset=&#8221;default&#8221; background_color=&#8221;#2B463C&#8221; background_image=&#8221;https:\/\/data4circ.eu\/wp-content\/uploads\/2025\/01\/Data4circ-background-web.png&#8221; background_position=&#8221;top_right&#8221; custom_padding=&#8221;50px||50px||true|false&#8221; custom_padding_tablet=&#8221;100px||100px||true|false&#8221; custom_padding_phone=&#8221;50px||50px||true|false&#8221; global_colors_info=&#8221;{}&#8221;][et_pb_row column_structure=&#8221;1_2,1_2&#8243; _builder_version=&#8221;4.27.4&#8243; _module_preset=&#8221;default&#8221; global_colors_info=&#8221;{}&#8221;][et_pb_column type=&#8221;1_2&#8243; _builder_version=&#8221;4.27.4&#8243; _module_preset=&#8221;default&#8221; global_colors_info=&#8221;{}&#8221;][et_pb_text _builder_version=&#8221;4.27.4&#8243; _module_preset=&#8221;default&#8221; text_text_color=&#8221;#8FD9C0&#8243; width=&#8221;100%&#8221; global_colors_info=&#8221;{}&#8221;]<\/p>\n<h1>Bem-vindo ao DATA4CIRC<\/h1>\n<p style=\"text-align: justify;\">DATA4CIRC est\u00e1 a desenvolver um quadro inovador de partilha de dados para ajudar a ind\u00fastria transformadora europeia a preparar-se para um futuro mais sustent\u00e1vel. <span style=\"text-decoration: underline;\"><a href=\"https:\/\/data4circ.eu\/pt-pt\/sobre\/o-projeto\/a-nossa-missao\/\"><strong>A nossa miss\u00e3o<\/strong><\/a><\/span> \u00e9 melhorar o acesso \u00e0 informa\u00e7\u00e3o de que as f\u00e1bricas necessitam para recuperar, reciclar e reutilizar materiais de forma eficiente e segura e avan\u00e7ar para uma economia circular.<\/p>\n<p>[\/et_pb_text][\/et_pb_column][et_pb_column type=&#8221;1_2&#8243; _builder_version=&#8221;4.27.4&#8243; _module_preset=&#8221;default&#8221; global_colors_info=&#8221;{}&#8221;][\/et_pb_column][\/et_pb_row][\/et_pb_section][et_pb_section fb_built=&#8221;1&#8243; _builder_version=&#8221;4.27.4&#8243; _module_preset=&#8221;default&#8221; custom_padding=&#8221;0px||0px||true|false&#8221; global_colors_info=&#8221;{}&#8221;][et_pb_row column_structure=&#8221;1_2,1_2&#8243; use_custom_gutter=&#8221;on&#8221; gutter_width=&#8221;1&#8243; make_equal=&#8221;on&#8221; _builder_version=&#8221;4.27.4&#8243; _module_preset=&#8221;default&#8221; background_color=&#8221;#8FD9C0&#8243; width=&#8221;100%&#8221; custom_padding=&#8221;0px||0px||true|false&#8221; global_colors_info=&#8221;{}&#8221;][et_pb_column type=&#8221;1_2&#8243; _builder_version=&#8221;4.27.4&#8243; _module_preset=&#8221;default&#8221; background_image=&#8221;https:\/\/data4circ.eu\/wp-content\/uploads\/2025\/01\/Data4circ-image-01-web.jpeg&#8221; background_position=&#8221;top_right&#8221; global_colors_info=&#8221;{}&#8221;][\/et_pb_column][et_pb_column type=&#8221;1_2&#8243; _builder_version=&#8221;4.27.4&#8243; _module_preset=&#8221;default&#8221; global_colors_info=&#8221;{}&#8221;][et_pb_text _builder_version=&#8221;4.27.4&#8243; _module_preset=&#8221;default&#8221; text_text_color=&#8221;#2B463C&#8221; header_2_font=&#8221;|&#8211;et_global_heading_font_weight|||||||&#8221; header_2_text_align=&#8221;center&#8221; custom_padding=&#8221;100px|100px|100px|100px|true|true&#8221; custom_padding_tablet=&#8221;75px|75px|75px|75px|true|true&#8221; custom_padding_phone=&#8221;50px|50px|50px|50px|true|true&#8221; custom_padding_last_edited=&#8221;on|phone&#8221; global_colors_info=&#8221;{}&#8221;]<\/p>\n<h2>O desafio<\/h2>\n<p>&nbsp;<\/p>\n<p style=\"text-align: justify;\">\n<p style=\"text-align: justify;\">A Uni\u00e3o Europeia estabeleceu o objetivo de <strong>duplicar a utiliza\u00e7\u00e3o de materiais circulares at\u00e9 2030<\/strong>. Um dos principais obst\u00e1culos ao aumento da circularidade \u00e9 a <strong>falta de dados<\/strong> sobre os materiais contidos nos produtos manufacturados. Mesmo quando existem dados, os fabricantes podem n\u00e3o ter <strong>acesso a<\/strong> eles, por exemplo, devido a restri\u00e7\u00f5es que protegem a propriedade intelectual. Al\u00e9m disso, nos casos em que existem potenciais solu\u00e7\u00f5es para este desafio, a <strong>falta de normaliza\u00e7\u00e3o\/interoperabilidade<\/strong> e um d\u00e9fice na <strong>forma\u00e7\u00e3o<\/strong> necess\u00e1ria <strong>para os utilizadores finais<\/strong> t\u00eam impedido uma ado\u00e7\u00e3o generalizada.   <\/p>\n<p>[\/et_pb_text][\/et_pb_column][\/et_pb_row][\/et_pb_section][et_pb_section fb_built=&#8221;1&#8243; _builder_version=&#8221;4.27.4&#8243; _module_preset=&#8221;default&#8221; custom_padding=&#8221;0px||0px||true|false&#8221; global_colors_info=&#8221;{}&#8221;][et_pb_row column_structure=&#8221;1_2,1_2&#8243; use_custom_gutter=&#8221;on&#8221; gutter_width=&#8221;1&#8243; make_equal=&#8221;on&#8221; _builder_version=&#8221;4.27.4&#8243; _module_preset=&#8221;default&#8221; background_color=&#8221;#8FD9C0&#8243; width=&#8221;100%&#8221; custom_padding=&#8221;0px||0px||true|false&#8221; global_colors_info=&#8221;{}&#8221;][et_pb_column type=&#8221;1_2&#8243; _builder_version=&#8221;4.27.4&#8243; _module_preset=&#8221;default&#8221; global_colors_info=&#8221;{}&#8221;][et_pb_text _builder_version=&#8221;4.27.4&#8243; _module_preset=&#8221;default&#8221; text_text_color=&#8221;#2B463C&#8221; header_2_font=&#8221;|&#8211;et_global_heading_font_weight|||||||&#8221; header_2_text_align=&#8221;center&#8221; custom_padding=&#8221;100px|100px|100px|100px|true|true&#8221; custom_padding_tablet=&#8221;75px|75px|75px|75px|true|true&#8221; custom_padding_phone=&#8221;50px|50px|50px|50px|true|true&#8221; custom_padding_last_edited=&#8221;on|phone&#8221; global_colors_info=&#8221;{}&#8221;]<\/p>\n<h2>A nossa abordagem<\/h2>\n<p style=\"text-align: justify;\">\n<p style=\"text-align: justify;\"><strong>Espa\u00e7os de dados federados:<\/strong> Plataformas seguras para a partilha segura de dados entre empresas.<\/p>\n<p style=\"text-align: justify;\"><strong>Modelos digitais:<\/strong> Representa\u00e7\u00f5es virtuais de processos de fabrico e produtos para melhorar a avalia\u00e7\u00e3o do impacto ambiental.<\/p>\n<p style=\"text-align: justify;\"><strong>An\u00e1lise do ciclo de vida de ponta a ponta assistida por IA:<\/strong> Uma ferramenta alimentada por IA para avaliar o impacto ambiental dos produtos do in\u00edcio ao fim.<\/p>\n<p style=\"text-align: justify;\"><strong>Passaporte Digital de Produto (DPP):<\/strong> Uma identifica\u00e7\u00e3o digital para produtos, que acompanha o seu ciclo de vida para facilitar a reciclagem e a reutiliza\u00e7\u00e3o.<\/p>\n<p style=\"text-align: justify;\"><strong>Digitaliza\u00e7\u00e3o:<\/strong> juntamente com um n\u00edvel adequado de compet\u00eancias e forma\u00e7\u00e3o para os utilizadores finais, a digitaliza\u00e7\u00e3o \u00e9 vital para garantir a interoperabilidade com outras solu\u00e7\u00f5es e libertar o potencial da economia circular.<\/p>\n<p>[\/et_pb_text][\/et_pb_column][et_pb_column type=&#8221;1_2&#8243; _builder_version=&#8221;4.27.4&#8243; _module_preset=&#8221;default&#8221; background_image=&#8221;https:\/\/data4circ.eu\/wp-content\/uploads\/2025\/01\/Data4circ-image-01-web.jpeg&#8221; background_position=&#8221;top_right&#8221; global_colors_info=&#8221;{}&#8221;][et_pb_image src=&#8221;https:\/\/data4circ.eu\/wp-content\/uploads\/2025\/02\/Figure1_DATA4CIRC-concept-summary.png&#8221; title_text=&#8221;Figura1_DATA4CIRC resumo do conceito&#8221; _builder_version=&#8221;4.27.4&#8243; _module_preset=&#8221;default&#8221; background_color=&#8221;#FFFFFF&#8221; custom_padding=&#8221;100px||100px||false|false&#8221; global_colors_info=&#8221;{}&#8221;][\/et_pb_image][\/et_pb_column][\/et_pb_row][\/et_pb_section][et_pb_section fb_built=&#8221;1&#8243; _builder_version=&#8221;4.27.4&#8243; _module_preset=&#8221;default&#8221; background_color=&#8221;#2B463C&#8221; background_image=&#8221;https:\/\/data4circ.eu\/wp-content\/uploads\/2025\/01\/Data4circ-background-03-web.png&#8221; background_position=&#8221;center_left&#8221; global_colors_info=&#8221;{}&#8221;][et_pb_row column_structure=&#8221;1_3,1_3,1_3&#8243; _builder_version=&#8221;4.27.4&#8243; _module_preset=&#8221;default&#8221; global_colors_info=&#8221;{}&#8221;][et_pb_column type=&#8221;1_3&#8243; _builder_version=&#8221;4.27.4&#8243; _module_preset=&#8221;default&#8221; global_colors_info=&#8221;{}&#8221;][et_pb_text _builder_version=&#8221;4.27.4&#8243; _module_preset=&#8221;default&#8221; text_text_color=&#8221;#8FD9C0&#8243; global_colors_info=&#8221;{}&#8221;]<\/p>\n<h2>DATA4CIRC coloca as pessoas no centro da circularidade<\/h2>\n<p>[\/et_pb_text][et_pb_text _builder_version=&#8221;4.27.4&#8243; _module_preset=&#8221;default&#8221; text_text_color=&#8221;#8FD9C0&#8243; custom_padding=&#8221;|||45px|false|false&#8221; global_colors_info=&#8221;{}&#8221;]<\/p>\n<h2 style=\"text-align: justify;\"><\/h2>\n<p>&nbsp;<\/p>\n<p style=\"text-align: left;\"><strong>Impacto no mundo real:<br \/><\/strong><\/p>\n<p style=\"text-align: left;\">As nossas solu\u00e7\u00f5es est\u00e3o a ser testadas em tr\u00eas sectores-chave da ind\u00fastria transformadora:<strong><a href=\"https:\/\/data4circ.eu\/pt-pt\/sobre\/o-projeto\/casos-de-utilizacao\/caso-de-uso-no-1-transformando-os-plasticos-agricolas-a-cadeia-de-valor-circular-para-filmes-de-cobertura-vegetal\/\"> <span style=\"text-decoration: underline;\">pl\u00e1sticos<\/span><\/a><\/strong>, <strong><a href=\"https:\/\/data4circ.eu\/pt-pt\/sobre\/o-projeto\/casos-de-utilizacao\/caso-de-utilizacao-2-revolucionar-a-gestao-de-residuos-electronicos-a-cadeia-de-valor-circular-para-eee\/\"><span style=\"text-decoration: underline;\">eletr\u00f3nica<\/span><\/a><\/strong>eletr\u00f3nica e <strong><a href=\"https:\/\/data4circ.eu\/pt-pt\/sobre\/o-projeto\/casos-de-utilizacao\/caso-de-utilizacao-3-revolucionar-os-catalisadores-automoveis\/\"><span style=\"text-decoration: underline;\">autom\u00f3vel<\/span><\/a><\/strong>demonstrando a sua efic\u00e1cia na cria\u00e7\u00e3o de cadeias de valor sustent\u00e1veis e circulares.<br \/>Junta-te a n\u00f3s na nossa jornada para um futuro mais verde, mais inteligente e mais circular na ind\u00fastria transformadora!<\/p>\n<p>[\/et_pb_text][\/et_pb_column][et_pb_column type=&#8221;1_3&#8243; _builder_version=&#8221;4.27.4&#8243; _module_preset=&#8221;default&#8221; global_colors_info=&#8221;{}&#8221;][et_pb_image src=&#8221;http:\/\/data4circ.eu\/wp-content\/uploads\/2025\/01\/Data4circ-image-02.png&#8221; title_text=&#8221;Data4circ imagem 02&#8243; _builder_version=&#8221;4.27.4&#8243; _module_preset=&#8221;default&#8221; custom_margin=&#8221;||||false|false&#8221; custom_margin_tablet=&#8221;|50px||50px|false|true&#8221; custom_margin_phone=&#8221;|25px||25px|false|true&#8221; custom_margin_last_edited=&#8221;on|desktop&#8221; global_colors_info=&#8221;{}&#8221;][\/et_pb_image][\/et_pb_column][et_pb_column type=&#8221;1_3&#8243; _builder_version=&#8221;4.27.4&#8243; _module_preset=&#8221;default&#8221; global_colors_info=&#8221;{}&#8221;][et_pb_text _builder_version=&#8221;4.27.4&#8243; _module_preset=&#8221;default&#8221; text_text_color=&#8221;#00AA78&#8243; global_colors_info=&#8221;{}&#8221;]<\/p>\n<p style=\"text-align: justify;\"><strong><\/strong><\/p>\n<p><strong><\/strong><\/p>\n<p><strong><\/strong><\/p>\n<p style=\"text-align: left;\"><strong>Design centrado no utilizador:<\/strong><\/p>\n<p style=\"text-align: left;\">As nossas solu\u00e7\u00f5es s\u00e3o concebidas a pensar no utilizador final, garantindo que s\u00e3o f\u00e1ceis de utilizar e baseadas em normas existentes para uma ado\u00e7\u00e3o m\u00e1xima.<\/p>\n<p>[\/et_pb_text][et_pb_text _builder_version=&#8221;4.27.4&#8243; _module_preset=&#8221;default&#8221; text_text_color=&#8221;#8FD9C0&#8243; custom_padding=&#8221;2px|||||&#8221; global_colors_info=&#8221;{}&#8221;]<\/p>\n<p style=\"text-align: left;\"><strong>Inova\u00e7\u00e3o social:<\/strong><\/p>\n<p style=\"text-align: left;\">Damos prioridade ao envolvimento humano atrav\u00e9s de actividades de co-cria\u00e7\u00e3o e co-valida\u00e7\u00e3o, respondendo \u00e0s necessidades e expectativas de todos.<\/p>\n<p>[\/et_pb_text][et_pb_text _builder_version=&#8221;4.27.4&#8243; _module_preset=&#8221;default&#8221; text_text_color=&#8221;#FFFFFF&#8221; global_colors_info=&#8221;{}&#8221;]<\/p>\n<p style=\"text-align: left;\"><strong>Programas de forma\u00e7\u00e3o:<\/strong><\/p>\n<p style=\"text-align: left;\">Oferecemos programas de requalifica\u00e7\u00e3o e de atualiza\u00e7\u00e3o de compet\u00eancias para ajudar a for\u00e7a de trabalho da ind\u00fastria transformadora a adaptar-se \u00e0s novas ferramentas digitais.<\/p>\n<p>[\/et_pb_text][\/et_pb_column][\/et_pb_row][\/et_pb_section][et_pb_section fb_built=&#8221;1&#8243; _builder_version=&#8221;4.27.4&#8243; _module_preset=&#8221;default&#8221; background_color=&#8221;#00AA78&#8243; global_colors_info=&#8221;{}&#8221;][et_pb_row _builder_version=&#8221;4.27.4&#8243; _module_preset=&#8221;default&#8221; global_colors_info=&#8221;{}&#8221;][et_pb_column type=&#8221;4_4&#8243; _builder_version=&#8221;4.27.4&#8243; _module_preset=&#8221;default&#8221; global_colors_info=&#8221;{}&#8221;][et_pb_signup mailchimp_list=&#8221;Data4Circ|fd828f823e&#8221; title=&#8221;Subscreve a nossa newsletter&#8221; description=&#8221;<\/p>\n<p>Junta-te \u00e0 nossa lista de correio para receberes as \u00faltimas not\u00edcias e actualiza\u00e7\u00f5es da nossa equipa.<\/p>\n<p>&#8221; _builder_version=&#8221;4.27.4&#8243; _module_preset=&#8221;default&#8221; custom_button=&#8221;on&#8221; button_bg_color=&#8221;#2B463C&#8221; global_colors_info=&#8221;{}&#8221;][\/et_pb_signup][\/et_pb_column][\/et_pb_row][\/et_pb_section]<\/p>\n","protected":false},"excerpt":{"rendered":"<p>Bem-vindo ao DATA4CIRC DATA4CIRC est\u00e1 a desenvolver um quadro inovador de partilha de dados para ajudar a ind\u00fastria transformadora europeia a preparar-se para um futuro mais sustent\u00e1vel. A nossa miss\u00e3o \u00e9 melhorar o acesso \u00e0 informa\u00e7\u00e3o de que as f\u00e1bricas necessitam para recuperar, reciclar e reutilizar materiais de forma eficiente e segura e avan\u00e7ar para [&hellip;]<\/p>\n","protected":false},"author":1,"featured_media":1395,"parent":0,"menu_order":0,"comment_status":"closed","ping_status":"closed","template":"","meta":{"_et_pb_use_builder":"on","_et_pb_old_content":"","_et_gb_content_width":"","footnotes":""},"class_list":["post-1396","page","type-page","status-publish","has-post-thumbnail","hentry"],"yoast_head":"<!-- This site is optimized with the Yoast SEO plugin v27.1.1 - https:\/\/yoast.com\/product\/yoast-seo-wordpress\/ -->\n<title>Casa - data4circ.eu<\/title>\n<meta name=\"description\" content=\"O projeto DATA4CIRC \u00e9 um projeto de investiga\u00e7\u00e3o financiado pela UE que desenvolve um quadro inovador de partilha de dados para ajudar a ind\u00fastria transformadora europeia a preparar-se para um futuro mais sustent\u00e1vel.\" \/>\n<meta name=\"robots\" content=\"index, follow, max-snippet:-1, max-image-preview:large, max-video-preview:-1\" \/>\n<link rel=\"canonical\" href=\"https:\/\/data4circ.eu\/pt-pt\/\" \/>\n<meta property=\"og:locale\" content=\"pt_PT\" \/>\n<meta property=\"og:type\" content=\"article\" \/>\n<meta property=\"og:title\" content=\"Casa - data4circ.eu\" \/>\n<meta property=\"og:description\" content=\"O projeto DATA4CIRC \u00e9 um projeto de investiga\u00e7\u00e3o financiado pela UE que desenvolve um quadro inovador de partilha de dados para ajudar a ind\u00fastria transformadora europeia a preparar-se para um futuro mais sustent\u00e1vel.\" \/>\n<meta property=\"og:url\" content=\"https:\/\/data4circ.eu\/pt-pt\/\" \/>\n<meta property=\"og:site_name\" content=\"data4circ.eu\" \/>\n<meta property=\"article:modified_time\" content=\"2026-03-05T13:01:38+00:00\" \/>\n<meta property=\"og:image\" content=\"https:\/\/data4circ.eu\/wp-content\/uploads\/2025\/01\/Data4circ-FAV.png\" \/>\n\t<meta property=\"og:image:width\" content=\"525\" \/>\n\t<meta property=\"og:image:height\" content=\"525\" \/>\n\t<meta property=\"og:image:type\" content=\"image\/png\" \/>\n<meta name=\"twitter:card\" content=\"summary_large_image\" \/>\n<meta name=\"twitter:label1\" content=\"Tempo estimado de leitura\" \/>\n\t<meta name=\"twitter:data1\" content=\"7 minutos\" \/>\n<script type=\"application\/ld+json\" class=\"yoast-schema-graph\">{\"@context\":\"https:\/\/schema.org\",\"@graph\":[{\"@type\":\"WebPage\",\"@id\":\"https:\/\/data4circ.eu\/pt-pt\/\",\"url\":\"https:\/\/data4circ.eu\/pt-pt\/\",\"name\":\"Casa - data4circ.eu\",\"isPartOf\":{\"@id\":\"https:\/\/data4circ.eu\/pt-pt\/#website\"},\"primaryImageOfPage\":{\"@id\":\"https:\/\/data4circ.eu\/pt-pt\/#primaryimage\"},\"image\":{\"@id\":\"https:\/\/data4circ.eu\/pt-pt\/#primaryimage\"},\"thumbnailUrl\":\"https:\/\/data4circ.eu\/wp-content\/uploads\/2025\/01\/Data4circ-FAV.png\",\"datePublished\":\"2025-01-15T08:22:17+00:00\",\"dateModified\":\"2026-03-05T13:01:38+00:00\",\"description\":\"O projeto DATA4CIRC \u00e9 um projeto de investiga\u00e7\u00e3o financiado pela UE que desenvolve um quadro inovador de partilha de dados para ajudar a ind\u00fastria transformadora europeia a preparar-se para um futuro mais sustent\u00e1vel.\",\"breadcrumb\":{\"@id\":\"https:\/\/data4circ.eu\/pt-pt\/#breadcrumb\"},\"inLanguage\":\"pt-PT\",\"potentialAction\":[{\"@type\":\"ReadAction\",\"target\":[\"https:\/\/data4circ.eu\/pt-pt\/\"]}]},{\"@type\":\"ImageObject\",\"inLanguage\":\"pt-PT\",\"@id\":\"https:\/\/data4circ.eu\/pt-pt\/#primaryimage\",\"url\":\"https:\/\/data4circ.eu\/wp-content\/uploads\/2025\/01\/Data4circ-FAV.png\",\"contentUrl\":\"https:\/\/data4circ.eu\/wp-content\/uploads\/2025\/01\/Data4circ-FAV.png\",\"width\":525,\"height\":525},{\"@type\":\"BreadcrumbList\",\"@id\":\"https:\/\/data4circ.eu\/pt-pt\/#breadcrumb\",\"itemListElement\":[{\"@type\":\"ListItem\",\"position\":1,\"name\":\"Home\",\"item\":\"https:\/\/data4circ.eu\/pt-pt\/casa\/\"},{\"@type\":\"ListItem\",\"position\":2,\"name\":\"Casa\"}]},{\"@type\":\"WebSite\",\"@id\":\"https:\/\/data4circ.eu\/pt-pt\/#website\",\"url\":\"https:\/\/data4circ.eu\/pt-pt\/\",\"name\":\"data4circ.eu\",\"description\":\"eco-friendly digital solutions and data sharing\",\"potentialAction\":[{\"@type\":\"SearchAction\",\"target\":{\"@type\":\"EntryPoint\",\"urlTemplate\":\"https:\/\/data4circ.eu\/pt-pt\/?s={search_term_string}\"},\"query-input\":{\"@type\":\"PropertyValueSpecification\",\"valueRequired\":true,\"valueName\":\"search_term_string\"}}],\"inLanguage\":\"pt-PT\"}]}<\/script>\n<!-- \/ Yoast SEO plugin. -->","yoast_head_json":{"title":"Casa - data4circ.eu","description":"O projeto DATA4CIRC \u00e9 um projeto de investiga\u00e7\u00e3o financiado pela UE que desenvolve um quadro inovador de partilha de dados para ajudar a ind\u00fastria transformadora europeia a preparar-se para um futuro mais sustent\u00e1vel.","robots":{"index":"index","follow":"follow","max-snippet":"max-snippet:-1","max-image-preview":"max-image-preview:large","max-video-preview":"max-video-preview:-1"},"canonical":"https:\/\/data4circ.eu\/pt-pt\/","og_locale":"pt_PT","og_type":"article","og_title":"Casa - data4circ.eu","og_description":"O projeto DATA4CIRC \u00e9 um projeto de investiga\u00e7\u00e3o financiado pela UE que desenvolve um quadro inovador de partilha de dados para ajudar a ind\u00fastria transformadora europeia a preparar-se para um futuro mais sustent\u00e1vel.","og_url":"https:\/\/data4circ.eu\/pt-pt\/","og_site_name":"data4circ.eu","article_modified_time":"2026-03-05T13:01:38+00:00","og_image":[{"width":525,"height":525,"url":"https:\/\/data4circ.eu\/wp-content\/uploads\/2025\/01\/Data4circ-FAV.png","type":"image\/png"}],"twitter_card":"summary_large_image","twitter_misc":{"Tempo estimado de leitura":"7 minutos"},"schema":{"@context":"https:\/\/schema.org","@graph":[{"@type":"WebPage","@id":"https:\/\/data4circ.eu\/pt-pt\/","url":"https:\/\/data4circ.eu\/pt-pt\/","name":"Casa - data4circ.eu","isPartOf":{"@id":"https:\/\/data4circ.eu\/pt-pt\/#website"},"primaryImageOfPage":{"@id":"https:\/\/data4circ.eu\/pt-pt\/#primaryimage"},"image":{"@id":"https:\/\/data4circ.eu\/pt-pt\/#primaryimage"},"thumbnailUrl":"https:\/\/data4circ.eu\/wp-content\/uploads\/2025\/01\/Data4circ-FAV.png","datePublished":"2025-01-15T08:22:17+00:00","dateModified":"2026-03-05T13:01:38+00:00","description":"O projeto DATA4CIRC \u00e9 um projeto de investiga\u00e7\u00e3o financiado pela UE que desenvolve um quadro inovador de partilha de dados para ajudar a ind\u00fastria transformadora europeia a preparar-se para um futuro mais sustent\u00e1vel.","breadcrumb":{"@id":"https:\/\/data4circ.eu\/pt-pt\/#breadcrumb"},"inLanguage":"pt-PT","potentialAction":[{"@type":"ReadAction","target":["https:\/\/data4circ.eu\/pt-pt\/"]}]},{"@type":"ImageObject","inLanguage":"pt-PT","@id":"https:\/\/data4circ.eu\/pt-pt\/#primaryimage","url":"https:\/\/data4circ.eu\/wp-content\/uploads\/2025\/01\/Data4circ-FAV.png","contentUrl":"https:\/\/data4circ.eu\/wp-content\/uploads\/2025\/01\/Data4circ-FAV.png","width":525,"height":525},{"@type":"BreadcrumbList","@id":"https:\/\/data4circ.eu\/pt-pt\/#breadcrumb","itemListElement":[{"@type":"ListItem","position":1,"name":"Home","item":"https:\/\/data4circ.eu\/pt-pt\/casa\/"},{"@type":"ListItem","position":2,"name":"Casa"}]},{"@type":"WebSite","@id":"https:\/\/data4circ.eu\/pt-pt\/#website","url":"https:\/\/data4circ.eu\/pt-pt\/","name":"data4circ.eu","description":"eco-friendly digital solutions and data sharing","potentialAction":[{"@type":"SearchAction","target":{"@type":"EntryPoint","urlTemplate":"https:\/\/data4circ.eu\/pt-pt\/?s={search_term_string}"},"query-input":{"@type":"PropertyValueSpecification","valueRequired":true,"valueName":"search_term_string"}}],"inLanguage":"pt-PT"}]}},"_links":{"self":[{"href":"https:\/\/data4circ.eu\/pt-pt\/wp-json\/wp\/v2\/pages\/1396","targetHints":{"allow":["GET"]}}],"collection":[{"href":"https:\/\/data4circ.eu\/pt-pt\/wp-json\/wp\/v2\/pages"}],"about":[{"href":"https:\/\/data4circ.eu\/pt-pt\/wp-json\/wp\/v2\/types\/page"}],"author":[{"embeddable":true,"href":"https:\/\/data4circ.eu\/pt-pt\/wp-json\/wp\/v2\/users\/1"}],"replies":[{"embeddable":true,"href":"https:\/\/data4circ.eu\/pt-pt\/wp-json\/wp\/v2\/comments?post=1396"}],"version-history":[{"count":10,"href":"https:\/\/data4circ.eu\/pt-pt\/wp-json\/wp\/v2\/pages\/1396\/revisions"}],"predecessor-version":[{"id":2941,"href":"https:\/\/data4circ.eu\/pt-pt\/wp-json\/wp\/v2\/pages\/1396\/revisions\/2941"}],"wp:featuredmedia":[{"embeddable":true,"href":"https:\/\/data4circ.eu\/pt-pt\/wp-json\/wp\/v2\/media\/1395"}],"wp:attachment":[{"href":"https:\/\/data4circ.eu\/pt-pt\/wp-json\/wp\/v2\/media?parent=1396"}],"curies":[{"name":"wp","href":"https:\/\/api.w.org\/{rel}","templated":true}]}}