{"id":1794,"date":"2025-01-31T10:30:28","date_gmt":"2025-01-31T09:30:28","guid":{"rendered":""},"modified":"2026-02-19T18:38:50","modified_gmt":"2026-02-19T17:38:50","slug":"%e3%83%a6%e3%83%bc%e3%82%b9%e3%82%b1%e3%83%bc%e3%82%b91%ef%bc%9a%e8%be%b2%e6%a5%ad%e7%94%a8%e3%83%97%e3%83%a9%e3%82%b9%e3%83%81%e3%83%83%e3%82%af%e3%81%ae%e5%a4%89%e9%9d%a9%ef%bc%9a%e3%83%9e%e3%83%ab","status":"publish","type":"page","link":"https:\/\/data4circ.eu\/ja\/%e3%81%ab%e3%81%a4%e3%81%84%e3%81%a6\/%e3%83%97%e3%83%ad%e3%82%b8%e3%82%a7%e3%82%af%e3%83%88\/%e4%bd%bf%e7%94%a8%e4%be%8b\/%e3%83%a6%e3%83%bc%e3%82%b9%e3%82%b1%e3%83%bc%e3%82%b91%ef%bc%9a%e8%be%b2%e6%a5%ad%e7%94%a8%e3%83%97%e3%83%a9%e3%82%b9%e3%83%81%e3%83%83%e3%82%af%e3%81%ae%e5%a4%89%e9%9d%a9%ef%bc%9a%e3%83%9e%e3%83%ab\/","title":{"rendered":"\u30e6\u30fc\u30b9\u30b1\u30fc\u30b9#1\uff1a\u8fb2\u696d\u7528\u30d7\u30e9\u30b9\u30c1\u30c3\u30af\u306e\u5909\u9769\uff1a\u30de\u30eb\u30c1\u30d5\u30a3\u30eb\u30e0\u306e\u5faa\u74b0\u578b\u30d0\u30ea\u30e5\u30fc\u30c1\u30a7\u30fc\u30f3"},"content":{"rendered":"<p>[et_pb_section fb_built=&#8221;1&#8243; custom_padding_last_edited=&#8221;on|phone&#8221; _builder_version=&#8221;4.27.4&#8243; _module_preset=&#8221;default&#8221; background_color=&#8221;#2B463C&#8221; background_image=&#8221;https:\/\/data4circ.eu\/wp-content\/uploads\/2025\/01\/Data4circ-background-web.png&#8221; background_position=&#8221;top_right&#8221; custom_padding=&#8221;50px||50px||true|false&#8221; custom_padding_tablet=&#8221;40px||40px||true|false&#8221; custom_padding_phone=&#8221;30px||30px||true|false&#8221; global_colors_info=&#8221;{}&#8221;][et_pb_row column_structure=&#8221;2_5,3_5&#8243; _builder_version=&#8221;4.27.4&#8243; _module_preset=&#8221;default&#8221; global_colors_info=&#8221;{}&#8221;][et_pb_column type=&#8221;2_5&#8243; _builder_version=&#8221;4.27.4&#8243; _module_preset=&#8221;default&#8221; global_colors_info=&#8221;{}&#8221;][et_pb_text _builder_version=&#8221;4.27.4&#8243; _module_preset=&#8221;default&#8221; text_text_color=&#8221;#8FD9C0&#8243; global_colors_info=&#8221;{}&#8221;]<\/p>\n<h1><strong>\u30e6\u30fc\u30b9\u30b1\u30fc\u30b9#1\uff1a\u8fb2\u696d\u7528\u30d7\u30e9\u30b9\u30c1\u30c3\u30af\u306e\u5909\u9769 &#8211; \u30de\u30eb\u30c1\u30d5\u30a3\u30eb\u30e0\u306e\u5faa\u74b0\u578b\u30d0\u30ea\u30e5\u30fc\u30c1\u30a7\u30fc\u30f3<\/strong><\/h1>\n<p>[\/et_pb_text][\/et_pb_column][et_pb_column type=&#8221;3_5&#8243; _builder_version=&#8221;4.27.4&#8243; _module_preset=&#8221;default&#8221; global_colors_info=&#8221;{}&#8221;][\/et_pb_column][\/et_pb_row][\/et_pb_section][et_pb_section fb_built=&#8221;1&#8243; _builder_version=&#8221;4.27.4&#8243; _module_preset=&#8221;default&#8221; custom_padding=&#8221;0px||0px||true|false&#8221; global_colors_info=&#8221;{}&#8221;][et_pb_row use_custom_gutter=&#8221;on&#8221; gutter_width=&#8221;1&#8243; make_equal=&#8221;on&#8221; _builder_version=&#8221;4.27.4&#8243; _module_preset=&#8221;default&#8221; background_color=&#8221;#8FD9C0&#8243; width=&#8221;100%&#8221; custom_padding=&#8221;0px||0px||true|false&#8221; global_colors_info=&#8221;{}&#8221;][et_pb_column type=&#8221;4_4&#8243; _builder_version=&#8221;4.27.4&#8243; _module_preset=&#8221;default&#8221; background_color=&#8221;#8FD9C0&#8243; background_enable_image=&#8221;off&#8221; background_position=&#8221;top_right&#8221; global_colors_info=&#8221;{}&#8221;][et_pb_text _builder_version=&#8221;4.27.4&#8243; _module_preset=&#8221;default&#8221; text_text_color=&#8221;#2B463C&#8221; header_2_font=&#8221;|&#8211;et_global_heading_font_weight|||||||&#8221; custom_padding=&#8221;100px|100px|100px|100px|true|true&#8221; custom_padding_tablet=&#8221;50px|50px|50px|50px|true|true&#8221; custom_padding_phone=&#8221;25px|25px|25px|25px|true|true&#8221; custom_padding_last_edited=&#8221;on|phone&#8221; global_colors_info=&#8221;{}&#8221;]<\/p>\n<p><strong>\u30de\u30eb\u30c1\u30d5\u30a3\u30eb\u30e0\u306e\u5faa\u74b0\u578b\u30d0\u30ea\u30e5\u30fc\u30c1\u30a7\u30fc\u30f3\u306f<\/strong>\u3001\u8fb2\u696d\u7528\u30d7\u30e9\u30b9\u30c1\u30c3\u30af\u306e\u30ea\u30b5\u30a4\u30af\u30eb\u306b\u9769\u547d\u3092\u3082\u305f\u3089\u305d\u3046\u3068\u3057\u3066\u3044\u308b\u3002<strong>Green World Compounding\uff08<a href=\"https:\/\/gwcplastics.com\/\"><span style=\"text-decoration: underline;\"><span style=\"color: #2b463c; text-decoration: underline;\">GWC<\/span><\/span><\/a><\/strong>\uff09\u3068<strong>Centro Tecnol\u00f3gico del Calzado y del Pl\u00e1stico de Regi\u00f3n de Murcia\uff08<span style=\"text-decoration: underline; color: #2b463c;\"><a href=\"https:\/\/ceteccentrotecnologico.org\/\" style=\"color: #2b463c; text-decoration: underline;\">CETEC<\/a><\/span><\/strong>\uff09\u304c\u4e3b\u5c0e\u3059\u308b\u3053\u306e\u30d7\u30ed\u30b8\u30a7\u30af\u30c8\u306f\u3001\u4f7f\u7528\u6e08\u307f\u306e\u8fb2\u696d\u7528\u30d7\u30e9\u30b9\u30c1\u30c3\u30af\u3092\u9ad8\u54c1\u8cea\u306e\u30ea\u30b5\u30a4\u30af\u30eb\u88fd\u54c1\u306b\u5909\u3048\u3001\u8fb2\u696d\u90e8\u9580\u306e\u6301\u7d9a\u53ef\u80fd\u6027\u3092\u4fc3\u9032\u3059\u308b\u3053\u3068\u3092\u76ee\u7684\u3068\u3057\u3066\u3044\u308b\u3002 <\/p>\n<p><span style=\"text-decoration: underline; color: #2b463c;\"><a href=\"www.gwcplastics.com\" style=\"color: #2b463c; text-decoration: underline;\"><strong>GWC<\/strong><\/a><\/span>\u30d7\u30e9\u30b9\u30c1\u30c3\u30af\u30fb\u30ea\u30b5\u30a4\u30af\u30eb\u306e\u30ea\u30fc\u30c0\u30fc\u3067\u3042\u308bGWC\u306f\u3001\u5e74\u95933\u4e07\u30c8\u30f3\u3082\u306e\u4f7f\u7528\u6e08\u307f\u8fb2\u696d\u7528\u30d7\u30e9\u30b9\u30c1\u30c3\u30af\u3092\u51e6\u7406\u3057\u3066\u3044\u308b\u3002\u30e1\u30ab\u30cb\u30ab\u30eb\u30fb\u30ea\u30b5\u30a4\u30af\u30eb\u306b\u3088\u308a\u3001\u3053\u308c\u3089\u306e\u30d7\u30e9\u30b9\u30c1\u30c3\u30af\u306f\u9ad8\u54c1\u8cea\u306e\u518d\u751f\u30da\u30ec\u30c3\u30c8\u306b\u751f\u307e\u308c\u5909\u308f\u308a\u3001\u65b0\u305f\u306a\u8fb2\u7523\u7269\u306e\u57fa\u6750\u3068\u306a\u308b\u3002 <\/p>\n<p><span style=\"color: #2b463c;\"><a href=\"https:\/\/ceteccentrotecnologico.org\/\" style=\"color: #2b463c;\"><strong><span style=\"text-decoration: underline;\">CETEC<\/span><\/strong><\/a>\u306f\u3001\u30d1\u30a4\u30ed\u30c3\u30c8\u30fb\u30d7\u30e9\u30f3\u30c8\u3068\u7814\u7a76\u958b\u767a\u306e\u5c02\u9580\u77e5\u8b58\u3092\u6d3b\u7528\u3057\u3001\u30d5\u30a3\u30eb\u30e0\u306a\u3069\u306e\u8fb2\u696d\u7528\u30d7\u30e9\u30b9\u30c1\u30c3\u30af\u88fd\u54c1\u306e\u30d7\u30ed\u30c8\u30bf\u30a4\u30d7\u3092\u4f5c\u6210\u3059\u308b\u3053\u3068\u3067\u3001\u3053\u306e\u53d6\u308a\u7d44\u307f\u3092\u5f37\u5316\u3057\u3066\u3044\u308b\u3002\u3053\u306e\u5de5\u7a0b\u3067\u306f\u3001\u62bc\u51fa\u6210\u5f62\u3001\u30d6\u30ed\u30fc\u6210\u5f62\u3092\u884c\u3044\u3001CETEC\u306eISO17025\u8a8d\u5b9a\u30e9\u30dc\u3067\u7dcf\u5408\u7684\u306a\u8a66\u9a13\u3092\u884c\u3044\u3001\u88fd\u54c1\u304c\u54c1\u8cea\u3068\u6301\u7d9a\u53ef\u80fd\u6027\u306e\u57fa\u6e96\u3092\u6e80\u305f\u3057\u3066\u3044\u308b\u3053\u3068\u3092\u78ba\u8a8d\u3059\u308b\u3002 <\/span><\/p>\n<p><span style=\"color: #2b463c;\">\u3053\u306e\u5171\u540c\u7814\u7a76\u306f\u3001\u8fb2\u696d\u7528\u30de\u30eb\u30c1\u30d5\u30a3\u30eb\u30e0\u306e\u30ea\u30b5\u30a4\u30af\u30eb\u306e\u5b9f\u73fe\u53ef\u80fd\u6027\u3092\u5b9f\u8a3c\u3057\u3001\u6c5a\u67d3\u3084\u6750\u6599\u306e\u52a3\u5316\u3068\u3044\u3063\u305f\u8ab2\u984c\u306b\u5bfe\u51e6\u3059\u308b\u3082\u306e\u3067\u3042\u308b\u3002\u3053\u308c\u306f\u3001\u7ba1\u7406\u3001\u6c5a\u67d3\u9664\u53bb\u3001\u30ea\u30b5\u30a4\u30af\u30eb\u306e\u305f\u3081\u306e\u51e6\u7406\u304c\u307b\u3068\u3093\u3069\u884c\u308f\u308c\u3066\u3044\u306a\u3044\u518d\u751f\u8fb2\u696d\u7528\u30d7\u30e9\u30b9\u30c1\u30c3\u30af\u306e\u5e02\u5834\u9700\u8981\u3092\u30b5\u30dd\u30fc\u30c8\u3059\u308b\u3082\u306e\u3067\u3042\u308b\u3002<\/span> <strong>DATA4CIRC<\/strong>\u6280\u8853\u306e<span style=\"color: #2b463c;\">\u7d71\u5408\u306b\u3088\u308a<\/span>\u3001\u30c8\u30ec\u30fc\u30b5\u30d3\u30ea\u30c6\u30a3\u3001\u5ec3\u68c4\u7269\u7ba1\u7406\u3001\u30e9\u30a4\u30d5\u30b5\u30a4\u30af\u30eb\u74b0\u5883\u5f71\u97ff\u5206\u6790\u304c\u3055\u3089\u306b\u5f37\u5316\u3055\u308c\u3001\u3088\u308a\u6301\u7d9a\u53ef\u80fd\u306a\u30d7\u30e9\u30b9\u30c1\u30c3\u30af\u7523\u696d\u3078\u306e\u9053\u304c\u958b\u304b\u308c\u308b\u3002<\/p>\n<p>[\/et_pb_text][et_pb_image src=&#8221;https:\/\/data4circ.eu\/wp-content\/uploads\/2025\/02\/AdobeStock_530320465-scaled.jpeg&#8221; title_text=&#8221;\u690d\u6797\u5730\u3067\u306e\u30de\u30eb\u30c1\u30f3\u30b0\u306b\u3088\u308b\u690d\u7269\u683d\u57f9&#8221; _builder_version=&#8221;4.27.4&#8243; _module_preset=&#8221;default&#8221; width=&#8221;30%&#8221; module_alignment=&#8221;center&#8221; min_height=&#8221;100px&#8221; custom_margin=&#8221;0px||30px||false|false&#8221; custom_padding=&#8221;0px||||false|false&#8221; global_colors_info=&#8221;{}&#8221;][\/et_pb_image][\/et_pb_column][\/et_pb_row][\/et_pb_section][et_pb_section fb_built=&#8221;1&#8243; _builder_version=&#8221;4.27.4&#8243; _module_preset=&#8221;default&#8221; background_color=&#8221;#2B463C&#8221; background_image=&#8221;https:\/\/data4circ.eu\/wp-content\/uploads\/2025\/01\/Data4circ-background-03-web.png&#8221; background_position=&#8221;center_left&#8221; custom_padding=&#8221;50px||50px||true|false&#8221; global_colors_info=&#8221;{}&#8221;][et_pb_row _builder_version=&#8221;4.27.4&#8243; _module_preset=&#8221;default&#8221; global_colors_info=&#8221;{}&#8221;][et_pb_column type=&#8221;4_4&#8243; _builder_version=&#8221;4.27.4&#8243; _module_preset=&#8221;default&#8221; global_colors_info=&#8221;{}&#8221;][et_pb_text _builder_version=&#8221;4.27.4&#8243; _module_preset=&#8221;default&#8221; text_text_color=&#8221;#8FD9C0&#8243; text_orientation=&#8221;center&#8221; global_colors_info=&#8221;{}&#8221;]<\/p>\n<h2>\u3088\u308a\u74b0\u5883\u306b\u512a\u3057\u304f\u3001\u3088\u308a\u30b9\u30de\u30fc\u30c8\u306a\u88fd\u9020\u696d\u306e\u672a\u6765\u3078\u3001\u79c1\u305f\u3061\u3068\u4e00\u7dd2\u306b\u65c5\u7acb\u3061\u307e\u3057\u3087\u3046\uff01<\/h2>\n<p>[\/et_pb_text][\/et_pb_column][\/et_pb_row][\/et_pb_section]<\/p>\n","protected":false},"excerpt":{"rendered":"<p>\u30e6\u30fc\u30b9\u30b1\u30fc\u30b9#1\uff1a\u8fb2\u696d\u7528\u30d7\u30e9\u30b9\u30c1\u30c3\u30af\u306e\u5909\u9769 &#8211; \u30de\u30eb\u30c1\u30d5\u30a3\u30eb\u30e0\u306e\u5faa\u74b0\u578b\u30d0\u30ea\u30e5\u30fc\u30c1\u30a7\u30fc\u30f3\u30de\u30eb\u30c1\u30d5\u30a3\u30eb\u30e0\u306e\u5faa\u74b0\u578b\u30d0 [&hellip;]<\/p>\n","protected":false},"author":1,"featured_media":0,"parent":1751,"menu_order":0,"comment_status":"closed","ping_status":"closed","template":"","meta":{"_et_pb_use_builder":"on","_et_pb_old_content":"","_et_gb_content_width":"","footnotes":""},"class_list":["post-1794","page","type-page","status-publish","hentry"],"yoast_head":"<!-- This site is optimized with the Yoast SEO plugin v27.1.1 - https:\/\/yoast.com\/product\/yoast-seo-wordpress\/ -->\n<title>\u30e6\u30fc\u30b9\u30b1\u30fc\u30b9#1\uff1a\u8fb2\u696d\u7528\u30d7\u30e9\u30b9\u30c1\u30c3\u30af\u306e\u5909\u9769\uff1a\u30de\u30eb\u30c1\u30d5\u30a3\u30eb\u30e0\u306e\u5faa\u74b0\u578b\u30d0\u30ea\u30e5\u30fc\u30c1\u30a7\u30fc\u30f3 - data4circ.eu<\/title>\n<meta name=\"robots\" content=\"index, follow, max-snippet:-1, max-image-preview:large, max-video-preview:-1\" \/>\n<link rel=\"canonical\" href=\"https:\/\/data4circ.eu\/ja\/%e3%81%ab%e3%81%a4%e3%81%84%e3%81%a6\/%e3%83%97%e3%83%ad%e3%82%b8%e3%82%a7%e3%82%af%e3%83%88\/%e4%bd%bf%e7%94%a8%e4%be%8b\/%e3%83%a6%e3%83%bc%e3%82%b9%e3%82%b1%e3%83%bc%e3%82%b91%ef%bc%9a%e8%be%b2%e6%a5%ad%e7%94%a8%e3%83%97%e3%83%a9%e3%82%b9%e3%83%81%e3%83%83%e3%82%af%e3%81%ae%e5%a4%89%e9%9d%a9%ef%bc%9a%e3%83%9e%e3%83%ab\/\" \/>\n<meta property=\"og:locale\" content=\"ja_JP\" \/>\n<meta property=\"og:type\" content=\"article\" \/>\n<meta property=\"og:title\" content=\"\u30e6\u30fc\u30b9\u30b1\u30fc\u30b9#1\uff1a\u8fb2\u696d\u7528\u30d7\u30e9\u30b9\u30c1\u30c3\u30af\u306e\u5909\u9769\uff1a\u30de\u30eb\u30c1\u30d5\u30a3\u30eb\u30e0\u306e\u5faa\u74b0\u578b\u30d0\u30ea\u30e5\u30fc\u30c1\u30a7\u30fc\u30f3 - data4circ.eu\" \/>\n<meta property=\"og:description\" content=\"\u30e6\u30fc\u30b9\u30b1\u30fc\u30b9#1\uff1a\u8fb2\u696d\u7528\u30d7\u30e9\u30b9\u30c1\u30c3\u30af\u306e\u5909\u9769 - \u30de\u30eb\u30c1\u30d5\u30a3\u30eb\u30e0\u306e\u5faa\u74b0\u578b\u30d0\u30ea\u30e5\u30fc\u30c1\u30a7\u30fc\u30f3\u30de\u30eb\u30c1\u30d5\u30a3\u30eb\u30e0\u306e\u5faa\u74b0\u578b\u30d0 [&hellip;]\" \/>\n<meta property=\"og:url\" content=\"https:\/\/data4circ.eu\/ja\/%e3%81%ab%e3%81%a4%e3%81%84%e3%81%a6\/%e3%83%97%e3%83%ad%e3%82%b8%e3%82%a7%e3%82%af%e3%83%88\/%e4%bd%bf%e7%94%a8%e4%be%8b\/%e3%83%a6%e3%83%bc%e3%82%b9%e3%82%b1%e3%83%bc%e3%82%b91%ef%bc%9a%e8%be%b2%e6%a5%ad%e7%94%a8%e3%83%97%e3%83%a9%e3%82%b9%e3%83%81%e3%83%83%e3%82%af%e3%81%ae%e5%a4%89%e9%9d%a9%ef%bc%9a%e3%83%9e%e3%83%ab\/\" \/>\n<meta property=\"og:site_name\" content=\"data4circ.eu\" \/>\n<meta property=\"article:modified_time\" content=\"2026-02-19T17:38:50+00:00\" \/>\n<meta name=\"twitter:card\" content=\"summary_large_image\" \/>\n<meta name=\"twitter:label1\" content=\"\u63a8\u5b9a\u8aad\u307f\u53d6\u308a\u6642\u9593\" \/>\n\t<meta name=\"twitter:data1\" content=\"2\u5206\" \/>\n<script type=\"application\/ld+json\" class=\"yoast-schema-graph\">{\"@context\":\"https:\/\/schema.org\",\"@graph\":[{\"@type\":\"WebPage\",\"@id\":\"https:\/\/data4circ.eu\/ja\/%e3%81%ab%e3%81%a4%e3%81%84%e3%81%a6\/%e3%83%97%e3%83%ad%e3%82%b8%e3%82%a7%e3%82%af%e3%83%88\/%e4%bd%bf%e7%94%a8%e4%be%8b\/%e3%83%a6%e3%83%bc%e3%82%b9%e3%82%b1%e3%83%bc%e3%82%b91%ef%bc%9a%e8%be%b2%e6%a5%ad%e7%94%a8%e3%83%97%e3%83%a9%e3%82%b9%e3%83%81%e3%83%83%e3%82%af%e3%81%ae%e5%a4%89%e9%9d%a9%ef%bc%9a%e3%83%9e%e3%83%ab\/\",\"url\":\"https:\/\/data4circ.eu\/ja\/%e3%81%ab%e3%81%a4%e3%81%84%e3%81%a6\/%e3%83%97%e3%83%ad%e3%82%b8%e3%82%a7%e3%82%af%e3%83%88\/%e4%bd%bf%e7%94%a8%e4%be%8b\/%e3%83%a6%e3%83%bc%e3%82%b9%e3%82%b1%e3%83%bc%e3%82%b91%ef%bc%9a%e8%be%b2%e6%a5%ad%e7%94%a8%e3%83%97%e3%83%a9%e3%82%b9%e3%83%81%e3%83%83%e3%82%af%e3%81%ae%e5%a4%89%e9%9d%a9%ef%bc%9a%e3%83%9e%e3%83%ab\/\",\"name\":\"\u30e6\u30fc\u30b9\u30b1\u30fc\u30b9#1\uff1a\u8fb2\u696d\u7528\u30d7\u30e9\u30b9\u30c1\u30c3\u30af\u306e\u5909\u9769\uff1a\u30de\u30eb\u30c1\u30d5\u30a3\u30eb\u30e0\u306e\u5faa\u74b0\u578b\u30d0\u30ea\u30e5\u30fc\u30c1\u30a7\u30fc\u30f3 - data4circ.eu\",\"isPartOf\":{\"@id\":\"https:\/\/data4circ.eu\/ja\/#website\"},\"datePublished\":\"2025-01-31T09:30:28+00:00\",\"dateModified\":\"2026-02-19T17:38:50+00:00\",\"breadcrumb\":{\"@id\":\"https:\/\/data4circ.eu\/ja\/%e3%81%ab%e3%81%a4%e3%81%84%e3%81%a6\/%e3%83%97%e3%83%ad%e3%82%b8%e3%82%a7%e3%82%af%e3%83%88\/%e4%bd%bf%e7%94%a8%e4%be%8b\/%e3%83%a6%e3%83%bc%e3%82%b9%e3%82%b1%e3%83%bc%e3%82%b91%ef%bc%9a%e8%be%b2%e6%a5%ad%e7%94%a8%e3%83%97%e3%83%a9%e3%82%b9%e3%83%81%e3%83%83%e3%82%af%e3%81%ae%e5%a4%89%e9%9d%a9%ef%bc%9a%e3%83%9e%e3%83%ab\/#breadcrumb\"},\"inLanguage\":\"ja\",\"potentialAction\":[{\"@type\":\"ReadAction\",\"target\":[\"https:\/\/data4circ.eu\/ja\/%e3%81%ab%e3%81%a4%e3%81%84%e3%81%a6\/%e3%83%97%e3%83%ad%e3%82%b8%e3%82%a7%e3%82%af%e3%83%88\/%e4%bd%bf%e7%94%a8%e4%be%8b\/%e3%83%a6%e3%83%bc%e3%82%b9%e3%82%b1%e3%83%bc%e3%82%b91%ef%bc%9a%e8%be%b2%e6%a5%ad%e7%94%a8%e3%83%97%e3%83%a9%e3%82%b9%e3%83%81%e3%83%83%e3%82%af%e3%81%ae%e5%a4%89%e9%9d%a9%ef%bc%9a%e3%83%9e%e3%83%ab\/\"]}]},{\"@type\":\"BreadcrumbList\",\"@id\":\"https:\/\/data4circ.eu\/ja\/%e3%81%ab%e3%81%a4%e3%81%84%e3%81%a6\/%e3%83%97%e3%83%ad%e3%82%b8%e3%82%a7%e3%82%af%e3%83%88\/%e4%bd%bf%e7%94%a8%e4%be%8b\/%e3%83%a6%e3%83%bc%e3%82%b9%e3%82%b1%e3%83%bc%e3%82%b91%ef%bc%9a%e8%be%b2%e6%a5%ad%e7%94%a8%e3%83%97%e3%83%a9%e3%82%b9%e3%83%81%e3%83%83%e3%82%af%e3%81%ae%e5%a4%89%e9%9d%a9%ef%bc%9a%e3%83%9e%e3%83%ab\/#breadcrumb\",\"itemListElement\":[{\"@type\":\"ListItem\",\"position\":1,\"name\":\"Home\",\"item\":\"https:\/\/data4circ.eu\/ja\/%e3%83%9b%e3%83%bc%e3%83%a0\/\"},{\"@type\":\"ListItem\",\"position\":2,\"name\":\"\u306b\u3064\u3044\u3066\",\"item\":\"https:\/\/data4circ.eu\/ja\/%e3%81%ab%e3%81%a4%e3%81%84%e3%81%a6\/\"},{\"@type\":\"ListItem\",\"position\":3,\"name\":\"\u30d7\u30ed\u30b8\u30a7\u30af\u30c8\",\"item\":\"https:\/\/data4circ.eu\/ja\/%e3%81%ab%e3%81%a4%e3%81%84%e3%81%a6\/%e3%83%97%e3%83%ad%e3%82%b8%e3%82%a7%e3%82%af%e3%83%88\/\"},{\"@type\":\"ListItem\",\"position\":4,\"name\":\"\u4f7f\u7528\u4f8b\",\"item\":\"https:\/\/data4circ.eu\/ja\/%e3%81%ab%e3%81%a4%e3%81%84%e3%81%a6\/%e3%83%97%e3%83%ad%e3%82%b8%e3%82%a7%e3%82%af%e3%83%88\/%e4%bd%bf%e7%94%a8%e4%be%8b\/\"},{\"@type\":\"ListItem\",\"position\":5,\"name\":\"\u30e6\u30fc\u30b9\u30b1\u30fc\u30b9#1\uff1a\u8fb2\u696d\u7528\u30d7\u30e9\u30b9\u30c1\u30c3\u30af\u306e\u5909\u9769\uff1a\u30de\u30eb\u30c1\u30d5\u30a3\u30eb\u30e0\u306e\u5faa\u74b0\u578b\u30d0\u30ea\u30e5\u30fc\u30c1\u30a7\u30fc\u30f3\"}]},{\"@type\":\"WebSite\",\"@id\":\"https:\/\/data4circ.eu\/ja\/#website\",\"url\":\"https:\/\/data4circ.eu\/ja\/\",\"name\":\"data4circ.eu\",\"description\":\"eco-friendly digital solutions and data sharing\",\"potentialAction\":[{\"@type\":\"SearchAction\",\"target\":{\"@type\":\"EntryPoint\",\"urlTemplate\":\"https:\/\/data4circ.eu\/ja\/?s={search_term_string}\"},\"query-input\":{\"@type\":\"PropertyValueSpecification\",\"valueRequired\":true,\"valueName\":\"search_term_string\"}}],\"inLanguage\":\"ja\"}]}<\/script>\n<!-- \/ Yoast SEO plugin. -->","yoast_head_json":{"title":"\u30e6\u30fc\u30b9\u30b1\u30fc\u30b9#1\uff1a\u8fb2\u696d\u7528\u30d7\u30e9\u30b9\u30c1\u30c3\u30af\u306e\u5909\u9769\uff1a\u30de\u30eb\u30c1\u30d5\u30a3\u30eb\u30e0\u306e\u5faa\u74b0\u578b\u30d0\u30ea\u30e5\u30fc\u30c1\u30a7\u30fc\u30f3 - data4circ.eu","robots":{"index":"index","follow":"follow","max-snippet":"max-snippet:-1","max-image-preview":"max-image-preview:large","max-video-preview":"max-video-preview:-1"},"canonical":"https:\/\/data4circ.eu\/ja\/%e3%81%ab%e3%81%a4%e3%81%84%e3%81%a6\/%e3%83%97%e3%83%ad%e3%82%b8%e3%82%a7%e3%82%af%e3%83%88\/%e4%bd%bf%e7%94%a8%e4%be%8b\/%e3%83%a6%e3%83%bc%e3%82%b9%e3%82%b1%e3%83%bc%e3%82%b91%ef%bc%9a%e8%be%b2%e6%a5%ad%e7%94%a8%e3%83%97%e3%83%a9%e3%82%b9%e3%83%81%e3%83%83%e3%82%af%e3%81%ae%e5%a4%89%e9%9d%a9%ef%bc%9a%e3%83%9e%e3%83%ab\/","og_locale":"ja_JP","og_type":"article","og_title":"\u30e6\u30fc\u30b9\u30b1\u30fc\u30b9#1\uff1a\u8fb2\u696d\u7528\u30d7\u30e9\u30b9\u30c1\u30c3\u30af\u306e\u5909\u9769\uff1a\u30de\u30eb\u30c1\u30d5\u30a3\u30eb\u30e0\u306e\u5faa\u74b0\u578b\u30d0\u30ea\u30e5\u30fc\u30c1\u30a7\u30fc\u30f3 - data4circ.eu","og_description":"\u30e6\u30fc\u30b9\u30b1\u30fc\u30b9#1\uff1a\u8fb2\u696d\u7528\u30d7\u30e9\u30b9\u30c1\u30c3\u30af\u306e\u5909\u9769 - \u30de\u30eb\u30c1\u30d5\u30a3\u30eb\u30e0\u306e\u5faa\u74b0\u578b\u30d0\u30ea\u30e5\u30fc\u30c1\u30a7\u30fc\u30f3\u30de\u30eb\u30c1\u30d5\u30a3\u30eb\u30e0\u306e\u5faa\u74b0\u578b\u30d0 [&hellip;]","og_url":"https:\/\/data4circ.eu\/ja\/%e3%81%ab%e3%81%a4%e3%81%84%e3%81%a6\/%e3%83%97%e3%83%ad%e3%82%b8%e3%82%a7%e3%82%af%e3%83%88\/%e4%bd%bf%e7%94%a8%e4%be%8b\/%e3%83%a6%e3%83%bc%e3%82%b9%e3%82%b1%e3%83%bc%e3%82%b91%ef%bc%9a%e8%be%b2%e6%a5%ad%e7%94%a8%e3%83%97%e3%83%a9%e3%82%b9%e3%83%81%e3%83%83%e3%82%af%e3%81%ae%e5%a4%89%e9%9d%a9%ef%bc%9a%e3%83%9e%e3%83%ab\/","og_site_name":"data4circ.eu","article_modified_time":"2026-02-19T17:38:50+00:00","twitter_card":"summary_large_image","twitter_misc":{"\u63a8\u5b9a\u8aad\u307f\u53d6\u308a\u6642\u9593":"2\u5206"},"schema":{"@context":"https:\/\/schema.org","@graph":[{"@type":"WebPage","@id":"https:\/\/data4circ.eu\/ja\/%e3%81%ab%e3%81%a4%e3%81%84%e3%81%a6\/%e3%83%97%e3%83%ad%e3%82%b8%e3%82%a7%e3%82%af%e3%83%88\/%e4%bd%bf%e7%94%a8%e4%be%8b\/%e3%83%a6%e3%83%bc%e3%82%b9%e3%82%b1%e3%83%bc%e3%82%b91%ef%bc%9a%e8%be%b2%e6%a5%ad%e7%94%a8%e3%83%97%e3%83%a9%e3%82%b9%e3%83%81%e3%83%83%e3%82%af%e3%81%ae%e5%a4%89%e9%9d%a9%ef%bc%9a%e3%83%9e%e3%83%ab\/","url":"https:\/\/data4circ.eu\/ja\/%e3%81%ab%e3%81%a4%e3%81%84%e3%81%a6\/%e3%83%97%e3%83%ad%e3%82%b8%e3%82%a7%e3%82%af%e3%83%88\/%e4%bd%bf%e7%94%a8%e4%be%8b\/%e3%83%a6%e3%83%bc%e3%82%b9%e3%82%b1%e3%83%bc%e3%82%b91%ef%bc%9a%e8%be%b2%e6%a5%ad%e7%94%a8%e3%83%97%e3%83%a9%e3%82%b9%e3%83%81%e3%83%83%e3%82%af%e3%81%ae%e5%a4%89%e9%9d%a9%ef%bc%9a%e3%83%9e%e3%83%ab\/","name":"\u30e6\u30fc\u30b9\u30b1\u30fc\u30b9#1\uff1a\u8fb2\u696d\u7528\u30d7\u30e9\u30b9\u30c1\u30c3\u30af\u306e\u5909\u9769\uff1a\u30de\u30eb\u30c1\u30d5\u30a3\u30eb\u30e0\u306e\u5faa\u74b0\u578b\u30d0\u30ea\u30e5\u30fc\u30c1\u30a7\u30fc\u30f3 - data4circ.eu","isPartOf":{"@id":"https:\/\/data4circ.eu\/ja\/#website"},"datePublished":"2025-01-31T09:30:28+00:00","dateModified":"2026-02-19T17:38:50+00:00","breadcrumb":{"@id":"https:\/\/data4circ.eu\/ja\/%e3%81%ab%e3%81%a4%e3%81%84%e3%81%a6\/%e3%83%97%e3%83%ad%e3%82%b8%e3%82%a7%e3%82%af%e3%83%88\/%e4%bd%bf%e7%94%a8%e4%be%8b\/%e3%83%a6%e3%83%bc%e3%82%b9%e3%82%b1%e3%83%bc%e3%82%b91%ef%bc%9a%e8%be%b2%e6%a5%ad%e7%94%a8%e3%83%97%e3%83%a9%e3%82%b9%e3%83%81%e3%83%83%e3%82%af%e3%81%ae%e5%a4%89%e9%9d%a9%ef%bc%9a%e3%83%9e%e3%83%ab\/#breadcrumb"},"inLanguage":"ja","potentialAction":[{"@type":"ReadAction","target":["https:\/\/data4circ.eu\/ja\/%e3%81%ab%e3%81%a4%e3%81%84%e3%81%a6\/%e3%83%97%e3%83%ad%e3%82%b8%e3%82%a7%e3%82%af%e3%83%88\/%e4%bd%bf%e7%94%a8%e4%be%8b\/%e3%83%a6%e3%83%bc%e3%82%b9%e3%82%b1%e3%83%bc%e3%82%b91%ef%bc%9a%e8%be%b2%e6%a5%ad%e7%94%a8%e3%83%97%e3%83%a9%e3%82%b9%e3%83%81%e3%83%83%e3%82%af%e3%81%ae%e5%a4%89%e9%9d%a9%ef%bc%9a%e3%83%9e%e3%83%ab\/"]}]},{"@type":"BreadcrumbList","@id":"https:\/\/data4circ.eu\/ja\/%e3%81%ab%e3%81%a4%e3%81%84%e3%81%a6\/%e3%83%97%e3%83%ad%e3%82%b8%e3%82%a7%e3%82%af%e3%83%88\/%e4%bd%bf%e7%94%a8%e4%be%8b\/%e3%83%a6%e3%83%bc%e3%82%b9%e3%82%b1%e3%83%bc%e3%82%b91%ef%bc%9a%e8%be%b2%e6%a5%ad%e7%94%a8%e3%83%97%e3%83%a9%e3%82%b9%e3%83%81%e3%83%83%e3%82%af%e3%81%ae%e5%a4%89%e9%9d%a9%ef%bc%9a%e3%83%9e%e3%83%ab\/#breadcrumb","itemListElement":[{"@type":"ListItem","position":1,"name":"Home","item":"https:\/\/data4circ.eu\/ja\/%e3%83%9b%e3%83%bc%e3%83%a0\/"},{"@type":"ListItem","position":2,"name":"\u306b\u3064\u3044\u3066","item":"https:\/\/data4circ.eu\/ja\/%e3%81%ab%e3%81%a4%e3%81%84%e3%81%a6\/"},{"@type":"ListItem","position":3,"name":"\u30d7\u30ed\u30b8\u30a7\u30af\u30c8","item":"https:\/\/data4circ.eu\/ja\/%e3%81%ab%e3%81%a4%e3%81%84%e3%81%a6\/%e3%83%97%e3%83%ad%e3%82%b8%e3%82%a7%e3%82%af%e3%83%88\/"},{"@type":"ListItem","position":4,"name":"\u4f7f\u7528\u4f8b","item":"https:\/\/data4circ.eu\/ja\/%e3%81%ab%e3%81%a4%e3%81%84%e3%81%a6\/%e3%83%97%e3%83%ad%e3%82%b8%e3%82%a7%e3%82%af%e3%83%88\/%e4%bd%bf%e7%94%a8%e4%be%8b\/"},{"@type":"ListItem","position":5,"name":"\u30e6\u30fc\u30b9\u30b1\u30fc\u30b9#1\uff1a\u8fb2\u696d\u7528\u30d7\u30e9\u30b9\u30c1\u30c3\u30af\u306e\u5909\u9769\uff1a\u30de\u30eb\u30c1\u30d5\u30a3\u30eb\u30e0\u306e\u5faa\u74b0\u578b\u30d0\u30ea\u30e5\u30fc\u30c1\u30a7\u30fc\u30f3"}]},{"@type":"WebSite","@id":"https:\/\/data4circ.eu\/ja\/#website","url":"https:\/\/data4circ.eu\/ja\/","name":"data4circ.eu","description":"eco-friendly digital solutions and data sharing","potentialAction":[{"@type":"SearchAction","target":{"@type":"EntryPoint","urlTemplate":"https:\/\/data4circ.eu\/ja\/?s={search_term_string}"},"query-input":{"@type":"PropertyValueSpecification","valueRequired":true,"valueName":"search_term_string"}}],"inLanguage":"ja"}]}},"_links":{"self":[{"href":"https:\/\/data4circ.eu\/ja\/wp-json\/wp\/v2\/pages\/1794","targetHints":{"allow":["GET"]}}],"collection":[{"href":"https:\/\/data4circ.eu\/ja\/wp-json\/wp\/v2\/pages"}],"about":[{"href":"https:\/\/data4circ.eu\/ja\/wp-json\/wp\/v2\/types\/page"}],"author":[{"embeddable":true,"href":"https:\/\/data4circ.eu\/ja\/wp-json\/wp\/v2\/users\/1"}],"replies":[{"embeddable":true,"href":"https:\/\/data4circ.eu\/ja\/wp-json\/wp\/v2\/comments?post=1794"}],"version-history":[{"count":3,"href":"https:\/\/data4circ.eu\/ja\/wp-json\/wp\/v2\/pages\/1794\/revisions"}],"predecessor-version":[{"id":1797,"href":"https:\/\/data4circ.eu\/ja\/wp-json\/wp\/v2\/pages\/1794\/revisions\/1797"}],"up":[{"embeddable":true,"href":"https:\/\/data4circ.eu\/ja\/wp-json\/wp\/v2\/pages\/1751"}],"wp:attachment":[{"href":"https:\/\/data4circ.eu\/ja\/wp-json\/wp\/v2\/media?parent=1794"}],"curies":[{"name":"wp","href":"https:\/\/api.w.org\/{rel}","templated":true}]}}