{"id":1894,"date":"2025-02-11T16:57:49","date_gmt":"2025-02-11T15:57:49","guid":{"rendered":"https:\/\/data4circ.eu\/informazioni-su\/il-progetto\/piano-di-lavoro\/"},"modified":"2026-02-19T18:44:15","modified_gmt":"2026-02-19T17:44:15","slug":"piano-di-lavoro","status":"publish","type":"page","link":"https:\/\/data4circ.eu\/it\/informazioni-su\/il-progetto\/piano-di-lavoro\/","title":{"rendered":"Piano di lavoro"},"content":{"rendered":"<p>[et_pb_section fb_built=&#8221;1&#8243; custom_padding_last_edited=&#8221;on|phone&#8221; _builder_version=&#8221;4.27.4&#8243; _module_preset=&#8221;default&#8221; background_color=&#8221;#2B463C&#8221; background_image=&#8221;https:\/\/data4circ.eu\/wp-content\/uploads\/2025\/01\/Data4circ-background-web.png&#8221; background_position=&#8221;top_right&#8221; custom_padding=&#8221;50px||50px||true|false&#8221; custom_padding_tablet=&#8221;40px||40px||true|false&#8221; custom_padding_phone=&#8221;30px||30px||true|false&#8221; global_colors_info=&#8221;{}&#8221;][et_pb_row column_structure=&#8221;1_2,1_2&#8243; _builder_version=&#8221;4.27.4&#8243; _module_preset=&#8221;default&#8221; global_colors_info=&#8221;{}&#8221;][et_pb_column type=&#8221;1_2&#8243; _builder_version=&#8221;4.27.4&#8243; _module_preset=&#8221;default&#8221; global_colors_info=&#8221;{}&#8221;][et_pb_text _builder_version=&#8221;4.27.4&#8243; _module_preset=&#8221;default&#8221; text_text_color=&#8221;#8FD9C0&#8243; global_colors_info=&#8221;{}&#8221;]<\/p>\n<h1><strong>Piano di lavoro<br \/><\/strong><\/h1>\n<p style=\"text-align: justify;\">DATA4CIRC \u00e8 un progetto della durata di 48 mesi che ha avuto inizio nel novembre 2024. \u00c8 composto da nove pacchetti di lavoro. <\/p>\n<p style=\"text-align: justify;\">\n<p>[\/et_pb_text][\/et_pb_column][et_pb_column type=&#8221;1_2&#8243; _builder_version=&#8221;4.27.4&#8243; _module_preset=&#8221;default&#8221; global_colors_info=&#8221;{}&#8221;][\/et_pb_column][\/et_pb_row][\/et_pb_section][et_pb_section fb_built=&#8221;1&#8243; _builder_version=&#8221;4.27.4&#8243; _module_preset=&#8221;default&#8221; custom_padding=&#8221;0px||0px||true|false&#8221; locked=&#8221;off&#8221; global_colors_info=&#8221;{}&#8221;][et_pb_row column_structure=&#8221;1_2,1_2&#8243; use_custom_gutter=&#8221;on&#8221; gutter_width=&#8221;1&#8243; make_equal=&#8221;on&#8221; _builder_version=&#8221;4.27.4&#8243; _module_preset=&#8221;default&#8221; background_color=&#8221;#8FD9C0&#8243; width=&#8221;100%&#8221; custom_padding=&#8221;0px||0px||true|false&#8221; global_colors_info=&#8221;{}&#8221;][et_pb_column type=&#8221;1_2&#8243; _builder_version=&#8221;4.27.4&#8243; _module_preset=&#8221;default&#8221; background_image=&#8221;https:\/\/data4circ.eu\/wp-content\/uploads\/2025\/01\/Data4circ-image-01-web.jpeg&#8221; background_position=&#8221;top_right&#8221; global_colors_info=&#8221;{}&#8221;][et_pb_divider show_divider=&#8221;off&#8221; _builder_version=&#8221;4.27.4&#8243; _module_preset=&#8221;default&#8221; height=&#8221;500px&#8221; height_tablet=&#8221;400px&#8221; height_phone=&#8221;300px&#8221; height_last_edited=&#8221;on|phone&#8221; global_colors_info=&#8221;{}&#8221;][\/et_pb_divider][\/et_pb_column][et_pb_column type=&#8221;1_2&#8243; _builder_version=&#8221;4.27.4&#8243; _module_preset=&#8221;default&#8221; global_colors_info=&#8221;{}&#8221;][et_pb_button button_text=&#8221;Clicca qui&#8221; _builder_version=&#8221;4.27.4&#8243; _module_preset=&#8221;default&#8221; custom_button=&#8221;on&#8221; button_text_color=&#8221;#8FD9C0&#8243; button_bg_color=&#8221;#8FD9C0&#8243; button_bg_enable_color=&#8221;on&#8221; hover_enabled=&#8221;0&#8243; sticky_enabled=&#8221;0&#8243;][\/et_pb_button][et_pb_image src=&#8221;https:\/\/data4circ.eu\/wp-content\/uploads\/2025\/08\/Fig_23_WPs.png&#8221; _builder_version=&#8221;4.27.4&#8243; _module_preset=&#8221;default&#8221; title_text=&#8221;Diagramma dei WP di DATA4CIRC&#8221; hover_enabled=&#8221;0&#8243; sticky_enabled=&#8221;0&#8243;][\/et_pb_image][et_pb_button button_text=&#8221;Clicca qui&#8221; _builder_version=&#8221;4.27.4&#8243; _module_preset=&#8221;default&#8221; custom_button=&#8221;on&#8221; button_text_color=&#8221;#8FD9C0&#8243; button_bg_color=&#8221;#8FD9C0&#8243; button_bg_enable_color=&#8221;on&#8221; hover_enabled=&#8221;0&#8243; sticky_enabled=&#8221;0&#8243;][\/et_pb_button][\/et_pb_column][\/et_pb_row][\/et_pb_section][et_pb_section fb_built=&#8221;1&#8243; _builder_version=&#8221;4.27.4&#8243; _module_preset=&#8221;default&#8221; background_color=&#8221;#2B463C&#8221; background_image=&#8221;https:\/\/data4circ.eu\/wp-content\/uploads\/2025\/01\/Data4circ-background-03-web.png&#8221; background_position=&#8221;center_left&#8221; custom_padding=&#8221;50px||50px||true|false&#8221; global_colors_info=&#8221;{}&#8221;][et_pb_row _builder_version=&#8221;4.27.4&#8243; _module_preset=&#8221;default&#8221; global_colors_info=&#8221;{}&#8221;][et_pb_column type=&#8221;4_4&#8243; _builder_version=&#8221;4.27.4&#8243; _module_preset=&#8221;default&#8221; global_colors_info=&#8221;{}&#8221;][et_pb_text _builder_version=&#8221;4.27.4&#8243; _module_preset=&#8221;default&#8221; text_text_color=&#8221;#8FD9C0&#8243; text_orientation=&#8221;center&#8221; global_colors_info=&#8221;{}&#8221;]<\/p>\n<h2>Unisciti a noi nel nostro viaggio verso un futuro pi\u00f9 verde, pi\u00f9 intelligente e pi\u00f9 circolare nel settore manifatturiero!<\/h2>\n<p>[\/et_pb_text][\/et_pb_column][\/et_pb_row][\/et_pb_section]<\/p>\n","protected":false},"excerpt":{"rendered":"<p>Piano di lavoro DATA4CIRC \u00e8 un progetto della durata di 48 mesi che ha avuto inizio nel novembre 2024. \u00c8 composto da nove pacchetti di lavoro. Unisciti a noi nel nostro viaggio verso un futuro pi\u00f9 verde, pi\u00f9 intelligente e pi\u00f9 circolare nel settore manifatturiero!<\/p>\n","protected":false},"author":1,"featured_media":0,"parent":1672,"menu_order":0,"comment_status":"closed","ping_status":"closed","template":"","meta":{"_et_pb_use_builder":"on","_et_pb_old_content":"","_et_gb_content_width":"","footnotes":""},"class_list":["post-1894","page","type-page","status-publish","hentry"],"yoast_head":"<!-- This site is optimized with the Yoast SEO plugin v27.1.1 - https:\/\/yoast.com\/product\/yoast-seo-wordpress\/ -->\n<title>Piano di lavoro - data4circ.eu<\/title>\n<meta name=\"robots\" content=\"index, follow, max-snippet:-1, max-image-preview:large, max-video-preview:-1\" \/>\n<link rel=\"canonical\" href=\"https:\/\/data4circ.eu\/it\/informazioni-su\/il-progetto\/piano-di-lavoro\/\" \/>\n<meta property=\"og:locale\" content=\"it_IT\" \/>\n<meta property=\"og:type\" content=\"article\" \/>\n<meta property=\"og:title\" content=\"Piano di lavoro - data4circ.eu\" \/>\n<meta property=\"og:description\" content=\"Piano di lavoro DATA4CIRC \u00e8 un progetto della durata di 48 mesi che ha avuto inizio nel novembre 2024. \u00c8 composto da nove pacchetti di lavoro. Unisciti a noi nel nostro viaggio verso un futuro pi\u00f9 verde, pi\u00f9 intelligente e pi\u00f9 circolare nel settore manifatturiero!\" \/>\n<meta property=\"og:url\" content=\"https:\/\/data4circ.eu\/it\/informazioni-su\/il-progetto\/piano-di-lavoro\/\" \/>\n<meta property=\"og:site_name\" content=\"data4circ.eu\" \/>\n<meta property=\"article:modified_time\" content=\"2026-02-19T17:44:15+00:00\" \/>\n<meta name=\"twitter:card\" content=\"summary_large_image\" \/>\n<meta name=\"twitter:label1\" content=\"Tempo di lettura stimato\" \/>\n\t<meta name=\"twitter:data1\" content=\"3 minuti\" \/>\n<script type=\"application\/ld+json\" class=\"yoast-schema-graph\">{\"@context\":\"https:\/\/schema.org\",\"@graph\":[{\"@type\":\"WebPage\",\"@id\":\"https:\/\/data4circ.eu\/it\/informazioni-su\/il-progetto\/piano-di-lavoro\/\",\"url\":\"https:\/\/data4circ.eu\/it\/informazioni-su\/il-progetto\/piano-di-lavoro\/\",\"name\":\"Piano di lavoro - data4circ.eu\",\"isPartOf\":{\"@id\":\"https:\/\/data4circ.eu\/it\/#website\"},\"datePublished\":\"2025-02-11T15:57:49+00:00\",\"dateModified\":\"2026-02-19T17:44:15+00:00\",\"breadcrumb\":{\"@id\":\"https:\/\/data4circ.eu\/it\/informazioni-su\/il-progetto\/piano-di-lavoro\/#breadcrumb\"},\"inLanguage\":\"it-IT\",\"potentialAction\":[{\"@type\":\"ReadAction\",\"target\":[\"https:\/\/data4circ.eu\/it\/informazioni-su\/il-progetto\/piano-di-lavoro\/\"]}]},{\"@type\":\"BreadcrumbList\",\"@id\":\"https:\/\/data4circ.eu\/it\/informazioni-su\/il-progetto\/piano-di-lavoro\/#breadcrumb\",\"itemListElement\":[{\"@type\":\"ListItem\",\"position\":1,\"name\":\"Home\",\"item\":\"https:\/\/data4circ.eu\/it\/casa\/\"},{\"@type\":\"ListItem\",\"position\":2,\"name\":\"Informazioni su\",\"item\":\"https:\/\/data4circ.eu\/it\/informazioni-su\/\"},{\"@type\":\"ListItem\",\"position\":3,\"name\":\"Il progetto\",\"item\":\"https:\/\/data4circ.eu\/it\/informazioni-su\/il-progetto\/\"},{\"@type\":\"ListItem\",\"position\":4,\"name\":\"Piano di lavoro\"}]},{\"@type\":\"WebSite\",\"@id\":\"https:\/\/data4circ.eu\/it\/#website\",\"url\":\"https:\/\/data4circ.eu\/it\/\",\"name\":\"data4circ.eu\",\"description\":\"eco-friendly digital solutions and data sharing\",\"potentialAction\":[{\"@type\":\"SearchAction\",\"target\":{\"@type\":\"EntryPoint\",\"urlTemplate\":\"https:\/\/data4circ.eu\/it\/?s={search_term_string}\"},\"query-input\":{\"@type\":\"PropertyValueSpecification\",\"valueRequired\":true,\"valueName\":\"search_term_string\"}}],\"inLanguage\":\"it-IT\"}]}<\/script>\n<!-- \/ Yoast SEO plugin. -->","yoast_head_json":{"title":"Piano di lavoro - data4circ.eu","robots":{"index":"index","follow":"follow","max-snippet":"max-snippet:-1","max-image-preview":"max-image-preview:large","max-video-preview":"max-video-preview:-1"},"canonical":"https:\/\/data4circ.eu\/it\/informazioni-su\/il-progetto\/piano-di-lavoro\/","og_locale":"it_IT","og_type":"article","og_title":"Piano di lavoro - data4circ.eu","og_description":"Piano di lavoro DATA4CIRC \u00e8 un progetto della durata di 48 mesi che ha avuto inizio nel novembre 2024. \u00c8 composto da nove pacchetti di lavoro. Unisciti a noi nel nostro viaggio verso un futuro pi\u00f9 verde, pi\u00f9 intelligente e pi\u00f9 circolare nel settore manifatturiero!","og_url":"https:\/\/data4circ.eu\/it\/informazioni-su\/il-progetto\/piano-di-lavoro\/","og_site_name":"data4circ.eu","article_modified_time":"2026-02-19T17:44:15+00:00","twitter_card":"summary_large_image","twitter_misc":{"Tempo di lettura stimato":"3 minuti"},"schema":{"@context":"https:\/\/schema.org","@graph":[{"@type":"WebPage","@id":"https:\/\/data4circ.eu\/it\/informazioni-su\/il-progetto\/piano-di-lavoro\/","url":"https:\/\/data4circ.eu\/it\/informazioni-su\/il-progetto\/piano-di-lavoro\/","name":"Piano di lavoro - data4circ.eu","isPartOf":{"@id":"https:\/\/data4circ.eu\/it\/#website"},"datePublished":"2025-02-11T15:57:49+00:00","dateModified":"2026-02-19T17:44:15+00:00","breadcrumb":{"@id":"https:\/\/data4circ.eu\/it\/informazioni-su\/il-progetto\/piano-di-lavoro\/#breadcrumb"},"inLanguage":"it-IT","potentialAction":[{"@type":"ReadAction","target":["https:\/\/data4circ.eu\/it\/informazioni-su\/il-progetto\/piano-di-lavoro\/"]}]},{"@type":"BreadcrumbList","@id":"https:\/\/data4circ.eu\/it\/informazioni-su\/il-progetto\/piano-di-lavoro\/#breadcrumb","itemListElement":[{"@type":"ListItem","position":1,"name":"Home","item":"https:\/\/data4circ.eu\/it\/casa\/"},{"@type":"ListItem","position":2,"name":"Informazioni su","item":"https:\/\/data4circ.eu\/it\/informazioni-su\/"},{"@type":"ListItem","position":3,"name":"Il progetto","item":"https:\/\/data4circ.eu\/it\/informazioni-su\/il-progetto\/"},{"@type":"ListItem","position":4,"name":"Piano di lavoro"}]},{"@type":"WebSite","@id":"https:\/\/data4circ.eu\/it\/#website","url":"https:\/\/data4circ.eu\/it\/","name":"data4circ.eu","description":"eco-friendly digital solutions and data sharing","potentialAction":[{"@type":"SearchAction","target":{"@type":"EntryPoint","urlTemplate":"https:\/\/data4circ.eu\/it\/?s={search_term_string}"},"query-input":{"@type":"PropertyValueSpecification","valueRequired":true,"valueName":"search_term_string"}}],"inLanguage":"it-IT"}]}},"_links":{"self":[{"href":"https:\/\/data4circ.eu\/it\/wp-json\/wp\/v2\/pages\/1894","targetHints":{"allow":["GET"]}}],"collection":[{"href":"https:\/\/data4circ.eu\/it\/wp-json\/wp\/v2\/pages"}],"about":[{"href":"https:\/\/data4circ.eu\/it\/wp-json\/wp\/v2\/types\/page"}],"author":[{"embeddable":true,"href":"https:\/\/data4circ.eu\/it\/wp-json\/wp\/v2\/users\/1"}],"replies":[{"embeddable":true,"href":"https:\/\/data4circ.eu\/it\/wp-json\/wp\/v2\/comments?post=1894"}],"version-history":[{"count":3,"href":"https:\/\/data4circ.eu\/it\/wp-json\/wp\/v2\/pages\/1894\/revisions"}],"predecessor-version":[{"id":1897,"href":"https:\/\/data4circ.eu\/it\/wp-json\/wp\/v2\/pages\/1894\/revisions\/1897"}],"up":[{"embeddable":true,"href":"https:\/\/data4circ.eu\/it\/wp-json\/wp\/v2\/pages\/1672"}],"wp:attachment":[{"href":"https:\/\/data4circ.eu\/it\/wp-json\/wp\/v2\/media?parent=1894"}],"curies":[{"name":"wp","href":"https:\/\/api.w.org\/{rel}","templated":true}]}}