{"id":1789,"date":"2025-01-31T10:30:28","date_gmt":"2025-01-31T09:30:28","guid":{"rendered":"https:\/\/data4circ.eu\/informazioni-su\/il-progetto\/casi-duso\/caso-duso-1-trasformazione-delle-plastiche-agricole-la-catena-del-valore-circolare-dei-film-per-pacciamatura\/"},"modified":"2026-02-19T18:38:35","modified_gmt":"2026-02-19T17:38:35","slug":"caso-duso-1-trasformazione-delle-plastiche-agricole-la-catena-del-valore-circolare-dei-film-per-pacciamatura","status":"publish","type":"page","link":"https:\/\/data4circ.eu\/it\/informazioni-su\/il-progetto\/casi-duso\/caso-duso-1-trasformazione-delle-plastiche-agricole-la-catena-del-valore-circolare-dei-film-per-pacciamatura\/","title":{"rendered":"Caso d&#8217;uso #1: Trasformazione delle plastiche agricole: La catena del valore circolare dei film per pacciamatura"},"content":{"rendered":"<p>[et_pb_section fb_built=&#8221;1&#8243; custom_padding_last_edited=&#8221;on|phone&#8221; _builder_version=&#8221;4.27.4&#8243; _module_preset=&#8221;default&#8221; background_color=&#8221;#2B463C&#8221; background_image=&#8221;https:\/\/data4circ.eu\/wp-content\/uploads\/2025\/01\/Data4circ-background-web.png&#8221; background_position=&#8221;top_right&#8221; custom_padding=&#8221;50px||50px||true|false&#8221; custom_padding_tablet=&#8221;40px||40px||true|false&#8221; custom_padding_phone=&#8221;30px||30px||true|false&#8221; global_colors_info=&#8221;{}&#8221;][et_pb_row column_structure=&#8221;2_5,3_5&#8243; _builder_version=&#8221;4.27.4&#8243; _module_preset=&#8221;default&#8221; global_colors_info=&#8221;{}&#8221;][et_pb_column type=&#8221;2_5&#8243; _builder_version=&#8221;4.27.4&#8243; _module_preset=&#8221;default&#8221; global_colors_info=&#8221;{}&#8221;][et_pb_text _builder_version=&#8221;4.27.4&#8243; _module_preset=&#8221;default&#8221; text_text_color=&#8221;#8FD9C0&#8243; global_colors_info=&#8221;{}&#8221;]<\/p>\n<h1><strong>Caso d&#8217;uso n. 1: Trasformare la plastica agricola &#8211; La catena del valore circolare per i film pacciamanti<\/strong><\/h1>\n<p>[\/et_pb_text][\/et_pb_column][et_pb_column type=&#8221;3_5&#8243; _builder_version=&#8221;4.27.4&#8243; _module_preset=&#8221;default&#8221; global_colors_info=&#8221;{}&#8221;][\/et_pb_column][\/et_pb_row][\/et_pb_section][et_pb_section fb_built=&#8221;1&#8243; _builder_version=&#8221;4.27.4&#8243; _module_preset=&#8221;default&#8221; custom_padding=&#8221;0px||0px||true|false&#8221; global_colors_info=&#8221;{}&#8221;][et_pb_row use_custom_gutter=&#8221;on&#8221; gutter_width=&#8221;1&#8243; make_equal=&#8221;on&#8221; _builder_version=&#8221;4.27.4&#8243; _module_preset=&#8221;default&#8221; background_color=&#8221;#8FD9C0&#8243; width=&#8221;100%&#8221; custom_padding=&#8221;0px||0px||true|false&#8221; global_colors_info=&#8221;{}&#8221;][et_pb_column type=&#8221;4_4&#8243; _builder_version=&#8221;4.27.4&#8243; _module_preset=&#8221;default&#8221; background_color=&#8221;#8FD9C0&#8243; background_enable_image=&#8221;off&#8221; background_position=&#8221;top_right&#8221; global_colors_info=&#8221;{}&#8221;][et_pb_text _builder_version=&#8221;4.27.4&#8243; _module_preset=&#8221;default&#8221; text_text_color=&#8221;#2B463C&#8221; header_2_font=&#8221;|&#8211;et_global_heading_font_weight|||||||&#8221; custom_padding=&#8221;100px|100px|100px|100px|true|true&#8221; custom_padding_tablet=&#8221;50px|50px|50px|50px|true|true&#8221; custom_padding_phone=&#8221;25px|25px|25px|25px|true|true&#8221; custom_padding_last_edited=&#8221;on|phone&#8221; global_colors_info=&#8221;{}&#8221;]<\/p>\n<p><strong>La Circular Value Chain for Mulch Films<\/strong> sta rivoluzionando il riciclo delle plastiche agricole. Questo lavoro, condotto da <strong>Green World Compounding (<a href=\"https:\/\/gwcplastics.com\/\"><span style=\"text-decoration: underline;\"><span style=\"color: #2b463c; text-decoration: underline;\">GWC<\/span><\/span><\/a>)<\/strong> e dal <strong>Centro Tecnol\u00f3gico del Calzado y del Pl\u00e1stico de la Regi\u00f3n de Murcia (<span style=\"text-decoration: underline; color: #2b463c;\"><a href=\"https:\/\/ceteccentrotecnologico.org\/\" style=\"color: #2b463c; text-decoration: underline;\">CETEC<\/a><\/span>)<\/strong>, mira a trasformare le plastiche agricole usate in prodotti riciclati di alta qualit\u00e0, promuovendo la sostenibilit\u00e0 del settore agricolo. <\/p>\n<p><span style=\"text-decoration: underline; color: #2b463c;\"><a href=\"www.gwcplastics.com\" style=\"color: #2b463c; text-decoration: underline;\"><strong>GWC<\/strong><\/a><\/span>, leader nel riciclaggio delle materie plastiche, tratta ogni anno fino a 30.000 tonnellate di plastica agricola usata. Attraverso il riciclo meccanico, trasforma queste plastiche in pellet riciclati di alta qualit\u00e0, che servono come materiale di base per nuovi prodotti agricoli. <\/p>\n<p><span style=\"color: #2b463c;\"><a href=\"https:\/\/ceteccentrotecnologico.org\/\" style=\"color: #2b463c;\"><strong><span style=\"text-decoration: underline;\">CETEC<\/span><\/strong><\/a> migliora questo impegno utilizzando il suo impianto pilota e la sua esperienza di R&amp;S per creare prototipi di prodotti agricoli in plastica, come le pellicole. Il processo prevede estrusione, soffiatura e test completi nel laboratorio certificato ISO17025 del CETEC per garantire che i prodotti soddisfino gli standard di qualit\u00e0 e sostenibilit\u00e0. <\/span><\/p>\n<p><span style=\"color: #2b463c;\">Questa collaborazione dimostra la fattibilit\u00e0 del riciclaggio dei film di pacciamatura agricola, affrontando sfide come la contaminazione e il degrado dei materiali. Inoltre, sostiene la domanda di mercato di plastica agricola riciclata, un prodotto che raramente viene gestito, decontaminato e trattato per il riciclo. L&#8217;integrazione<\/span>della tecnologia <strong>DATA4CIRC<\/strong> migliorer\u00e0 ulteriormente la tracciabilit\u00e0, la gestione dei rifiuti e l&#8217;analisi dell&#8217;impatto ambientale del ciclo di vita, aprendo la strada a un&#8217;industria della plastica pi\u00f9 sostenibile.<\/p>\n<p>[\/et_pb_text][et_pb_image src=&#8221;https:\/\/data4circ.eu\/wp-content\/uploads\/2025\/02\/AdobeStock_530320465-scaled.jpeg&#8221; title_text=&#8221;Coltivazione di piante nei campi di piantagione mediante pacciamatura&#8221; _builder_version=&#8221;4.27.4&#8243; _module_preset=&#8221;default&#8221; width=&#8221;30%&#8221; module_alignment=&#8221;center&#8221; min_height=&#8221;100px&#8221; custom_margin=&#8221;0px||30px||false|false&#8221; custom_padding=&#8221;0px||||false|false&#8221; global_colors_info=&#8221;{}&#8221;][\/et_pb_image][\/et_pb_column][\/et_pb_row][\/et_pb_section][et_pb_section fb_built=&#8221;1&#8243; _builder_version=&#8221;4.27.4&#8243; _module_preset=&#8221;default&#8221; background_color=&#8221;#2B463C&#8221; background_image=&#8221;https:\/\/data4circ.eu\/wp-content\/uploads\/2025\/01\/Data4circ-background-03-web.png&#8221; background_position=&#8221;center_left&#8221; custom_padding=&#8221;50px||50px||true|false&#8221; global_colors_info=&#8221;{}&#8221;][et_pb_row _builder_version=&#8221;4.27.4&#8243; _module_preset=&#8221;default&#8221; global_colors_info=&#8221;{}&#8221;][et_pb_column type=&#8221;4_4&#8243; _builder_version=&#8221;4.27.4&#8243; _module_preset=&#8221;default&#8221; global_colors_info=&#8221;{}&#8221;][et_pb_text _builder_version=&#8221;4.27.4&#8243; _module_preset=&#8221;default&#8221; text_text_color=&#8221;#8FD9C0&#8243; text_orientation=&#8221;center&#8221; global_colors_info=&#8221;{}&#8221;]<\/p>\n<h2>Unisciti a noi nel nostro viaggio verso un futuro pi\u00f9 verde e intelligente nel settore manifatturiero!<\/h2>\n<p>[\/et_pb_text][\/et_pb_column][\/et_pb_row][\/et_pb_section]<\/p>\n","protected":false},"excerpt":{"rendered":"<p>Caso d&#8217;uso n. 1: Trasformare la plastica agricola &#8211; La catena del valore circolare per i film pacciamantiLa Circular Value Chain for Mulch Films sta rivoluzionando il riciclo delle plastiche agricole. Questo lavoro, condotto da Green World Compounding (GWC) e dal Centro Tecnol\u00f3gico del Calzado y del Pl\u00e1stico de la Regi\u00f3n de Murcia (CETEC), mira [&hellip;]<\/p>\n","protected":false},"author":1,"featured_media":0,"parent":1744,"menu_order":0,"comment_status":"closed","ping_status":"closed","template":"","meta":{"_et_pb_use_builder":"on","_et_pb_old_content":"","_et_gb_content_width":"","footnotes":""},"class_list":["post-1789","page","type-page","status-publish","hentry"],"yoast_head":"<!-- This site is optimized with the Yoast SEO plugin v27.1.1 - https:\/\/yoast.com\/product\/yoast-seo-wordpress\/ -->\n<title>Caso d&#039;uso #1: Trasformazione delle plastiche agricole: La catena del valore circolare dei film per pacciamatura - data4circ.eu<\/title>\n<meta name=\"robots\" content=\"index, follow, max-snippet:-1, max-image-preview:large, max-video-preview:-1\" \/>\n<link rel=\"canonical\" href=\"https:\/\/data4circ.eu\/it\/informazioni-su\/il-progetto\/casi-duso\/caso-duso-1-trasformazione-delle-plastiche-agricole-la-catena-del-valore-circolare-dei-film-per-pacciamatura\/\" \/>\n<meta property=\"og:locale\" content=\"it_IT\" \/>\n<meta property=\"og:type\" content=\"article\" \/>\n<meta property=\"og:title\" content=\"Caso d&#039;uso #1: Trasformazione delle plastiche agricole: La catena del valore circolare dei film per pacciamatura - data4circ.eu\" \/>\n<meta property=\"og:description\" content=\"Caso d&#039;uso n. 1: Trasformare la plastica agricola - La catena del valore circolare per i film pacciamantiLa Circular Value Chain for Mulch Films sta rivoluzionando il riciclo delle plastiche agricole. Questo lavoro, condotto da Green World Compounding (GWC) e dal Centro Tecnol\u00f3gico del Calzado y del Pl\u00e1stico de la Regi\u00f3n de Murcia (CETEC), mira [&hellip;]\" \/>\n<meta property=\"og:url\" content=\"https:\/\/data4circ.eu\/it\/informazioni-su\/il-progetto\/casi-duso\/caso-duso-1-trasformazione-delle-plastiche-agricole-la-catena-del-valore-circolare-dei-film-per-pacciamatura\/\" \/>\n<meta property=\"og:site_name\" content=\"data4circ.eu\" \/>\n<meta property=\"article:modified_time\" content=\"2026-02-19T17:38:35+00:00\" \/>\n<meta name=\"twitter:card\" content=\"summary_large_image\" \/>\n<meta name=\"twitter:label1\" content=\"Tempo di lettura stimato\" \/>\n\t<meta name=\"twitter:data1\" content=\"3 minuti\" \/>\n<script type=\"application\/ld+json\" class=\"yoast-schema-graph\">{\"@context\":\"https:\/\/schema.org\",\"@graph\":[{\"@type\":\"WebPage\",\"@id\":\"https:\/\/data4circ.eu\/it\/informazioni-su\/il-progetto\/casi-duso\/caso-duso-1-trasformazione-delle-plastiche-agricole-la-catena-del-valore-circolare-dei-film-per-pacciamatura\/\",\"url\":\"https:\/\/data4circ.eu\/it\/informazioni-su\/il-progetto\/casi-duso\/caso-duso-1-trasformazione-delle-plastiche-agricole-la-catena-del-valore-circolare-dei-film-per-pacciamatura\/\",\"name\":\"Caso d'uso #1: Trasformazione delle plastiche agricole: La catena del valore circolare dei film per pacciamatura - data4circ.eu\",\"isPartOf\":{\"@id\":\"https:\/\/data4circ.eu\/it\/#website\"},\"datePublished\":\"2025-01-31T09:30:28+00:00\",\"dateModified\":\"2026-02-19T17:38:35+00:00\",\"breadcrumb\":{\"@id\":\"https:\/\/data4circ.eu\/it\/informazioni-su\/il-progetto\/casi-duso\/caso-duso-1-trasformazione-delle-plastiche-agricole-la-catena-del-valore-circolare-dei-film-per-pacciamatura\/#breadcrumb\"},\"inLanguage\":\"it-IT\",\"potentialAction\":[{\"@type\":\"ReadAction\",\"target\":[\"https:\/\/data4circ.eu\/it\/informazioni-su\/il-progetto\/casi-duso\/caso-duso-1-trasformazione-delle-plastiche-agricole-la-catena-del-valore-circolare-dei-film-per-pacciamatura\/\"]}]},{\"@type\":\"BreadcrumbList\",\"@id\":\"https:\/\/data4circ.eu\/it\/informazioni-su\/il-progetto\/casi-duso\/caso-duso-1-trasformazione-delle-plastiche-agricole-la-catena-del-valore-circolare-dei-film-per-pacciamatura\/#breadcrumb\",\"itemListElement\":[{\"@type\":\"ListItem\",\"position\":1,\"name\":\"Home\",\"item\":\"https:\/\/data4circ.eu\/it\/casa\/\"},{\"@type\":\"ListItem\",\"position\":2,\"name\":\"Informazioni su\",\"item\":\"https:\/\/data4circ.eu\/it\/informazioni-su\/\"},{\"@type\":\"ListItem\",\"position\":3,\"name\":\"Il progetto\",\"item\":\"https:\/\/data4circ.eu\/it\/informazioni-su\/il-progetto\/\"},{\"@type\":\"ListItem\",\"position\":4,\"name\":\"Casi d&#8217;uso\",\"item\":\"https:\/\/data4circ.eu\/it\/informazioni-su\/il-progetto\/casi-duso\/\"},{\"@type\":\"ListItem\",\"position\":5,\"name\":\"Caso d&#8217;uso #1: Trasformazione delle plastiche agricole: La catena del valore circolare dei film per pacciamatura\"}]},{\"@type\":\"WebSite\",\"@id\":\"https:\/\/data4circ.eu\/it\/#website\",\"url\":\"https:\/\/data4circ.eu\/it\/\",\"name\":\"data4circ.eu\",\"description\":\"eco-friendly digital solutions and data sharing\",\"potentialAction\":[{\"@type\":\"SearchAction\",\"target\":{\"@type\":\"EntryPoint\",\"urlTemplate\":\"https:\/\/data4circ.eu\/it\/?s={search_term_string}\"},\"query-input\":{\"@type\":\"PropertyValueSpecification\",\"valueRequired\":true,\"valueName\":\"search_term_string\"}}],\"inLanguage\":\"it-IT\"}]}<\/script>\n<!-- \/ Yoast SEO plugin. -->","yoast_head_json":{"title":"Caso d'uso #1: Trasformazione delle plastiche agricole: La catena del valore circolare dei film per pacciamatura - data4circ.eu","robots":{"index":"index","follow":"follow","max-snippet":"max-snippet:-1","max-image-preview":"max-image-preview:large","max-video-preview":"max-video-preview:-1"},"canonical":"https:\/\/data4circ.eu\/it\/informazioni-su\/il-progetto\/casi-duso\/caso-duso-1-trasformazione-delle-plastiche-agricole-la-catena-del-valore-circolare-dei-film-per-pacciamatura\/","og_locale":"it_IT","og_type":"article","og_title":"Caso d'uso #1: Trasformazione delle plastiche agricole: La catena del valore circolare dei film per pacciamatura - data4circ.eu","og_description":"Caso d'uso n. 1: Trasformare la plastica agricola - La catena del valore circolare per i film pacciamantiLa Circular Value Chain for Mulch Films sta rivoluzionando il riciclo delle plastiche agricole. Questo lavoro, condotto da Green World Compounding (GWC) e dal Centro Tecnol\u00f3gico del Calzado y del Pl\u00e1stico de la Regi\u00f3n de Murcia (CETEC), mira [&hellip;]","og_url":"https:\/\/data4circ.eu\/it\/informazioni-su\/il-progetto\/casi-duso\/caso-duso-1-trasformazione-delle-plastiche-agricole-la-catena-del-valore-circolare-dei-film-per-pacciamatura\/","og_site_name":"data4circ.eu","article_modified_time":"2026-02-19T17:38:35+00:00","twitter_card":"summary_large_image","twitter_misc":{"Tempo di lettura stimato":"3 minuti"},"schema":{"@context":"https:\/\/schema.org","@graph":[{"@type":"WebPage","@id":"https:\/\/data4circ.eu\/it\/informazioni-su\/il-progetto\/casi-duso\/caso-duso-1-trasformazione-delle-plastiche-agricole-la-catena-del-valore-circolare-dei-film-per-pacciamatura\/","url":"https:\/\/data4circ.eu\/it\/informazioni-su\/il-progetto\/casi-duso\/caso-duso-1-trasformazione-delle-plastiche-agricole-la-catena-del-valore-circolare-dei-film-per-pacciamatura\/","name":"Caso d'uso #1: Trasformazione delle plastiche agricole: La catena del valore circolare dei film per pacciamatura - data4circ.eu","isPartOf":{"@id":"https:\/\/data4circ.eu\/it\/#website"},"datePublished":"2025-01-31T09:30:28+00:00","dateModified":"2026-02-19T17:38:35+00:00","breadcrumb":{"@id":"https:\/\/data4circ.eu\/it\/informazioni-su\/il-progetto\/casi-duso\/caso-duso-1-trasformazione-delle-plastiche-agricole-la-catena-del-valore-circolare-dei-film-per-pacciamatura\/#breadcrumb"},"inLanguage":"it-IT","potentialAction":[{"@type":"ReadAction","target":["https:\/\/data4circ.eu\/it\/informazioni-su\/il-progetto\/casi-duso\/caso-duso-1-trasformazione-delle-plastiche-agricole-la-catena-del-valore-circolare-dei-film-per-pacciamatura\/"]}]},{"@type":"BreadcrumbList","@id":"https:\/\/data4circ.eu\/it\/informazioni-su\/il-progetto\/casi-duso\/caso-duso-1-trasformazione-delle-plastiche-agricole-la-catena-del-valore-circolare-dei-film-per-pacciamatura\/#breadcrumb","itemListElement":[{"@type":"ListItem","position":1,"name":"Home","item":"https:\/\/data4circ.eu\/it\/casa\/"},{"@type":"ListItem","position":2,"name":"Informazioni su","item":"https:\/\/data4circ.eu\/it\/informazioni-su\/"},{"@type":"ListItem","position":3,"name":"Il progetto","item":"https:\/\/data4circ.eu\/it\/informazioni-su\/il-progetto\/"},{"@type":"ListItem","position":4,"name":"Casi d&#8217;uso","item":"https:\/\/data4circ.eu\/it\/informazioni-su\/il-progetto\/casi-duso\/"},{"@type":"ListItem","position":5,"name":"Caso d&#8217;uso #1: Trasformazione delle plastiche agricole: La catena del valore circolare dei film per pacciamatura"}]},{"@type":"WebSite","@id":"https:\/\/data4circ.eu\/it\/#website","url":"https:\/\/data4circ.eu\/it\/","name":"data4circ.eu","description":"eco-friendly digital solutions and data sharing","potentialAction":[{"@type":"SearchAction","target":{"@type":"EntryPoint","urlTemplate":"https:\/\/data4circ.eu\/it\/?s={search_term_string}"},"query-input":{"@type":"PropertyValueSpecification","valueRequired":true,"valueName":"search_term_string"}}],"inLanguage":"it-IT"}]}},"_links":{"self":[{"href":"https:\/\/data4circ.eu\/it\/wp-json\/wp\/v2\/pages\/1789","targetHints":{"allow":["GET"]}}],"collection":[{"href":"https:\/\/data4circ.eu\/it\/wp-json\/wp\/v2\/pages"}],"about":[{"href":"https:\/\/data4circ.eu\/it\/wp-json\/wp\/v2\/types\/page"}],"author":[{"embeddable":true,"href":"https:\/\/data4circ.eu\/it\/wp-json\/wp\/v2\/users\/1"}],"replies":[{"embeddable":true,"href":"https:\/\/data4circ.eu\/it\/wp-json\/wp\/v2\/comments?post=1789"}],"version-history":[{"count":3,"href":"https:\/\/data4circ.eu\/it\/wp-json\/wp\/v2\/pages\/1789\/revisions"}],"predecessor-version":[{"id":1792,"href":"https:\/\/data4circ.eu\/it\/wp-json\/wp\/v2\/pages\/1789\/revisions\/1792"}],"up":[{"embeddable":true,"href":"https:\/\/data4circ.eu\/it\/wp-json\/wp\/v2\/pages\/1744"}],"wp:attachment":[{"href":"https:\/\/data4circ.eu\/it\/wp-json\/wp\/v2\/media?parent=1789"}],"curies":[{"name":"wp","href":"https:\/\/api.w.org\/{rel}","templated":true}]}}