{"id":1744,"date":"2025-02-05T12:07:22","date_gmt":"2025-02-05T11:07:22","guid":{"rendered":"https:\/\/data4circ.eu\/informazioni-su\/il-progetto\/casi-duso\/"},"modified":"2026-02-19T18:36:28","modified_gmt":"2026-02-19T17:36:28","slug":"casi-duso","status":"publish","type":"page","link":"https:\/\/data4circ.eu\/it\/informazioni-su\/il-progetto\/casi-duso\/","title":{"rendered":"Casi d&#8217;uso"},"content":{"rendered":"<p>[et_pb_section fb_built=&#8221;1&#8243; custom_padding_last_edited=&#8221;on|phone&#8221; _builder_version=&#8221;4.27.4&#8243; _module_preset=&#8221;default&#8221; background_color=&#8221;#2B463C&#8221; background_image=&#8221;https:\/\/data4circ.eu\/wp-content\/uploads\/2025\/01\/Data4circ-background-web.png&#8221; background_position=&#8221;top_right&#8221; custom_padding=&#8221;50px||50px||true|false&#8221; custom_padding_tablet=&#8221;40px||40px||true|false&#8221; custom_padding_phone=&#8221;30px||30px||true|false&#8221; global_colors_info=&#8221;{}&#8221;][et_pb_row column_structure=&#8221;1_2,1_2&#8243; _builder_version=&#8221;4.27.4&#8243; _module_preset=&#8221;default&#8221; global_colors_info=&#8221;{}&#8221;][et_pb_column type=&#8221;1_2&#8243; _builder_version=&#8221;4.27.4&#8243; _module_preset=&#8221;default&#8221; global_colors_info=&#8221;{}&#8221;][et_pb_text _builder_version=&#8221;4.27.4&#8243; _module_preset=&#8221;default&#8221; text_text_color=&#8221;#8FD9C0&#8243; global_colors_info=&#8221;{}&#8221;]<\/p>\n<h1><strong>Casi d&#8217;uso<br \/><\/strong><\/h1>\n<p>Le nostre soluzioni vengono testate in tre settori produttivi chiave:<\/p>\n<ul>\n<li>plastiche agricole,<\/li>\n<li>rifiuti di apparecchiature elettroniche ed elettriche (RAEE), e<\/li>\n<li>il settore automobilistico (convertitori catalitici)<\/li>\n<\/ul>\n<p>dimostrando la loro efficacia nel creare catene del valore sostenibili e circolari.<\/p>\n<p>[\/et_pb_text][\/et_pb_column][et_pb_column type=&#8221;1_2&#8243; _builder_version=&#8221;4.27.4&#8243; _module_preset=&#8221;default&#8221; global_colors_info=&#8221;{}&#8221;][\/et_pb_column][\/et_pb_row][\/et_pb_section][et_pb_section fb_built=&#8221;1&#8243; _builder_version=&#8221;4.27.4&#8243; _module_preset=&#8221;default&#8221; custom_padding=&#8221;0px||0px||true|false&#8221; global_colors_info=&#8221;{}&#8221;][et_pb_row use_custom_gutter=&#8221;on&#8221; gutter_width=&#8221;1&#8243; make_equal=&#8221;on&#8221; disabled_on=&#8221;on|on|on&#8221; _builder_version=&#8221;4.27.4&#8243; _module_preset=&#8221;default&#8221; background_color=&#8221;#8FD9C0&#8243; width=&#8221;100%&#8221; custom_padding=&#8221;0px||0px||true|false&#8221; disabled=&#8221;on&#8221; global_colors_info=&#8221;{}&#8221;][et_pb_column type=&#8221;4_4&#8243; _builder_version=&#8221;4.27.4&#8243; _module_preset=&#8221;default&#8221; background_color=&#8221;#8FD9C0&#8243; background_enable_image=&#8221;off&#8221; background_position=&#8221;top_right&#8221; global_colors_info=&#8221;{}&#8221;][et_pb_text _builder_version=&#8221;4.27.4&#8243; _module_preset=&#8221;default&#8221; text_text_color=&#8221;#2B463C&#8221; header_2_font=&#8221;|&#8211;et_global_heading_font_weight|||||||&#8221; custom_padding=&#8221;100px|100px|100px|100px|true|true&#8221; custom_padding_tablet=&#8221;50px|50px|50px|50px|true|true&#8221; custom_padding_phone=&#8221;25px|25px|25px|25px|true|true&#8221; custom_padding_last_edited=&#8221;on|phone&#8221; global_colors_info=&#8221;{}&#8221;]<\/p>\n<p>Noi di DATA4CIRC stiamo rivoluzionando il settore manifatturiero rendendolo pi\u00f9 ecologico ed efficiente.<\/p>\n<p><strong>La nostra missione<\/strong> \u00e8 aiutare le fabbriche a ridurre l&#8217;impronta di carbonio e ad aumentare la competitivit\u00e0 attraverso soluzioni digitali innovative e la condivisione dei dati.<\/p>\n<p>[\/et_pb_text][\/et_pb_column][\/et_pb_row][et_pb_row column_structure=&#8221;1_4,1_4,1_4,1_4&#8243; use_custom_gutter=&#8221;on&#8221; gutter_width=&#8221;1&#8243; make_equal=&#8221;on&#8221; _builder_version=&#8221;4.27.4&#8243; _module_preset=&#8221;default&#8221; background_color=&#8221;#8FD9C0&#8243; width=&#8221;100%&#8221; custom_padding=&#8221;0px||0px||true|false&#8221; global_colors_info=&#8221;{}&#8221;][et_pb_column type=&#8221;1_4&#8243; _builder_version=&#8221;4.27.4&#8243; _module_preset=&#8221;default&#8221; background_color=&#8221;#8FD9C0&#8243; background_image=&#8221;https:\/\/data4circ.eu\/wp-content\/uploads\/2025\/01\/Data4circ-image-01-web.jpeg&#8221; global_colors_info=&#8221;{}&#8221;][et_pb_divider show_divider=&#8221;off&#8221; _builder_version=&#8221;4.27.4&#8243; _module_preset=&#8221;default&#8221; height=&#8221;250px&#8221; height_tablet=&#8221;200px&#8221; height_phone=&#8221;150px&#8221; height_last_edited=&#8221;on|phone&#8221; locked=&#8221;off&#8221; global_colors_info=&#8221;{}&#8221;][\/et_pb_divider][\/et_pb_column][et_pb_column type=&#8221;1_4&#8243; _builder_version=&#8221;4.27.4&#8243; _module_preset=&#8221;default&#8221; background_color=&#8221;#8FD9C0&#8243; background_enable_image=&#8221;off&#8221; background_position=&#8221;top_right&#8221; global_colors_info=&#8221;{}&#8221;][et_pb_blurb title=&#8221;Riciclaggio&#8221; image=&#8221;https:\/\/data4circ.eu\/wp-content\/uploads\/2025\/03\/UC1-D4C-website.png&#8221; image_icon_width=&#8221;100px&#8221; admin_label=&#8221;Use Case #1&#8243; _builder_version=&#8221;4.27.4&#8243; _module_preset=&#8221;default&#8221; header_level=&#8221;h2&#8243; header_text_align=&#8221;center&#8221; text_orientation=&#8221;center&#8221; custom_margin=&#8221;50px||50px||true|false&#8221; animation=&#8221;off&#8221; link_option_url=&#8221;https:\/\/data4circ.eu\/about\/the-project\/use-cases\/use-case1-transforming-agricultural-plastics-the-circular-value-chain-for-mulch-films\/&#8221; hover_enabled=&#8221;0&#8243; global_colors_info=&#8221;{}&#8221; title_text=&#8221;UC1 D4C website&#8221; sticky_enabled=&#8221;0&#8243;]<\/p>\n<h3>Plastica per l&#8217;agricoltura<\/h3>\n<p>[\/et_pb_blurb][\/et_pb_column][et_pb_column type=&#8221;1_4&#8243; _builder_version=&#8221;4.27.4&#8243; _module_preset=&#8221;default&#8221; background_color=&#8221;#8FD9C0&#8243; background_enable_image=&#8221;off&#8221; background_position=&#8221;top_right&#8221; global_colors_info=&#8221;{}&#8221;][et_pb_blurb title=&#8221;Recupero&#8221; image=&#8221;https:\/\/data4circ.eu\/wp-content\/uploads\/2025\/03\/D4C-UC2-for-website.png&#8221; image_icon_width=&#8221;100px&#8221; admin_label=&#8221;Use Case #2&#8243; _builder_version=&#8221;4.27.4&#8243; _module_preset=&#8221;default&#8221; header_level=&#8221;h2&#8243; header_text_align=&#8221;center&#8221; text_orientation=&#8221;center&#8221; custom_margin=&#8221;50px||50px||true|false&#8221; animation=&#8221;off&#8221; link_option_url=&#8221;https:\/\/data4circ.eu\/about\/the-project\/use-cases\/use-case2-revolutionizing-e-waste-management-the-circular-value-chain-for-eee\/&#8221; hover_enabled=&#8221;0&#8243; global_colors_info=&#8221;{}&#8221; title_text=&#8221;D4C UC2 for website&#8221; sticky_enabled=&#8221;0&#8243;]<\/p>\n<h3>Rifiuti elettronici<\/h3>\n<p>[\/et_pb_blurb][\/et_pb_column][et_pb_column type=&#8221;1_4&#8243; _builder_version=&#8221;4.27.4&#8243; _module_preset=&#8221;default&#8221; background_color=&#8221;#8FD9C0&#8243; background_enable_image=&#8221;off&#8221; background_position=&#8221;top_right&#8221; global_colors_info=&#8221;{}&#8221;][et_pb_blurb title=&#8221;Ristrutturazione&#8221; image=&#8221;https:\/\/data4circ.eu\/wp-content\/uploads\/2025\/03\/D4C-UC3-for-website.png&#8221; image_icon_width=&#8221;100px&#8221; admin_label=&#8221;Use Case #3&#8243; _builder_version=&#8221;4.27.4&#8243; _module_preset=&#8221;default&#8221; header_level=&#8221;h2&#8243; header_text_align=&#8221;center&#8221; text_orientation=&#8221;center&#8221; custom_margin=&#8221;50px||50px||true|false&#8221; animation=&#8221;off&#8221; link_option_url=&#8221;https:\/\/data4circ.eu\/about\/the-project\/use-cases\/use-case-3-revolutionizing-automotive-catalysts\/&#8221; hover_enabled=&#8221;0&#8243; global_colors_info=&#8221;{}&#8221; title_text=&#8221;D4C UC3 for website&#8221; sticky_enabled=&#8221;0&#8243;]<\/p>\n<h3>Automotive (Convertitori catalitici)<\/h3>\n<p>[\/et_pb_blurb][\/et_pb_column][\/et_pb_row][\/et_pb_section][et_pb_section fb_built=&#8221;1&#8243; _builder_version=&#8221;4.27.4&#8243; _module_preset=&#8221;default&#8221; background_color=&#8221;#2B463C&#8221; background_image=&#8221;https:\/\/data4circ.eu\/wp-content\/uploads\/2025\/01\/Data4circ-background-03-web.png&#8221; background_position=&#8221;center_left&#8221; custom_padding=&#8221;50px||50px||true|false&#8221; global_colors_info=&#8221;{}&#8221;][et_pb_row _builder_version=&#8221;4.27.4&#8243; _module_preset=&#8221;default&#8221; global_colors_info=&#8221;{}&#8221;][et_pb_column type=&#8221;4_4&#8243; _builder_version=&#8221;4.27.4&#8243; _module_preset=&#8221;default&#8221; global_colors_info=&#8221;{}&#8221;][et_pb_text _builder_version=&#8221;4.27.4&#8243; _module_preset=&#8221;default&#8221; text_text_color=&#8221;#8FD9C0&#8243; text_orientation=&#8221;center&#8221; global_colors_info=&#8221;{}&#8221;]<\/p>\n<h2>Unisciti a noi nel nostro viaggio verso un futuro pi\u00f9 verde, pi\u00f9 intelligente e pi\u00f9 circolare nel settore manifatturiero!<\/h2>\n<p>[\/et_pb_text][\/et_pb_column][\/et_pb_row][\/et_pb_section]<\/p>\n","protected":false},"excerpt":{"rendered":"<p>Casi d&#8217;uso Le nostre soluzioni vengono testate in tre settori produttivi chiave: plastiche agricole, rifiuti di apparecchiature elettroniche ed elettriche (RAEE), e il settore automobilistico (convertitori catalitici) dimostrando la loro efficacia nel creare catene del valore sostenibili e circolari.Noi di DATA4CIRC stiamo rivoluzionando il settore manifatturiero rendendolo pi\u00f9 ecologico ed efficiente. La nostra missione \u00e8 [&hellip;]<\/p>\n","protected":false},"author":1,"featured_media":0,"parent":1672,"menu_order":0,"comment_status":"closed","ping_status":"closed","template":"","meta":{"_et_pb_use_builder":"on","_et_pb_old_content":"","_et_gb_content_width":"","footnotes":""},"class_list":["post-1744","page","type-page","status-publish","hentry"],"yoast_head":"<!-- This site is optimized with the Yoast SEO plugin v27.1.1 - https:\/\/yoast.com\/product\/yoast-seo-wordpress\/ -->\n<title>Casi d&#039;uso - data4circ.eu<\/title>\n<meta name=\"robots\" content=\"index, follow, max-snippet:-1, max-image-preview:large, max-video-preview:-1\" \/>\n<link rel=\"canonical\" href=\"https:\/\/data4circ.eu\/it\/informazioni-su\/il-progetto\/casi-duso\/\" \/>\n<meta property=\"og:locale\" content=\"it_IT\" \/>\n<meta property=\"og:type\" content=\"article\" \/>\n<meta property=\"og:title\" content=\"Casi d&#039;uso - data4circ.eu\" \/>\n<meta property=\"og:description\" content=\"Casi d&#039;uso Le nostre soluzioni vengono testate in tre settori produttivi chiave: plastiche agricole, rifiuti di apparecchiature elettroniche ed elettriche (RAEE), e il settore automobilistico (convertitori catalitici) dimostrando la loro efficacia nel creare catene del valore sostenibili e circolari.Noi di DATA4CIRC stiamo rivoluzionando il settore manifatturiero rendendolo pi\u00f9 ecologico ed efficiente. La nostra missione \u00e8 [&hellip;]\" \/>\n<meta property=\"og:url\" content=\"https:\/\/data4circ.eu\/it\/informazioni-su\/il-progetto\/casi-duso\/\" \/>\n<meta property=\"og:site_name\" content=\"data4circ.eu\" \/>\n<meta property=\"article:modified_time\" content=\"2026-02-19T17:36:28+00:00\" \/>\n<meta name=\"twitter:card\" content=\"summary_large_image\" \/>\n<meta name=\"twitter:label1\" content=\"Tempo di lettura stimato\" \/>\n\t<meta name=\"twitter:data1\" content=\"4 minuti\" \/>\n<script type=\"application\/ld+json\" class=\"yoast-schema-graph\">{\"@context\":\"https:\/\/schema.org\",\"@graph\":[{\"@type\":\"WebPage\",\"@id\":\"https:\/\/data4circ.eu\/it\/informazioni-su\/il-progetto\/casi-duso\/\",\"url\":\"https:\/\/data4circ.eu\/it\/informazioni-su\/il-progetto\/casi-duso\/\",\"name\":\"Casi d'uso - data4circ.eu\",\"isPartOf\":{\"@id\":\"https:\/\/data4circ.eu\/it\/#website\"},\"datePublished\":\"2025-02-05T11:07:22+00:00\",\"dateModified\":\"2026-02-19T17:36:28+00:00\",\"breadcrumb\":{\"@id\":\"https:\/\/data4circ.eu\/it\/informazioni-su\/il-progetto\/casi-duso\/#breadcrumb\"},\"inLanguage\":\"it-IT\",\"potentialAction\":[{\"@type\":\"ReadAction\",\"target\":[\"https:\/\/data4circ.eu\/it\/informazioni-su\/il-progetto\/casi-duso\/\"]}]},{\"@type\":\"BreadcrumbList\",\"@id\":\"https:\/\/data4circ.eu\/it\/informazioni-su\/il-progetto\/casi-duso\/#breadcrumb\",\"itemListElement\":[{\"@type\":\"ListItem\",\"position\":1,\"name\":\"Home\",\"item\":\"https:\/\/data4circ.eu\/it\/casa\/\"},{\"@type\":\"ListItem\",\"position\":2,\"name\":\"Informazioni su\",\"item\":\"https:\/\/data4circ.eu\/it\/informazioni-su\/\"},{\"@type\":\"ListItem\",\"position\":3,\"name\":\"Il progetto\",\"item\":\"https:\/\/data4circ.eu\/it\/informazioni-su\/il-progetto\/\"},{\"@type\":\"ListItem\",\"position\":4,\"name\":\"Casi d&#8217;uso\"}]},{\"@type\":\"WebSite\",\"@id\":\"https:\/\/data4circ.eu\/it\/#website\",\"url\":\"https:\/\/data4circ.eu\/it\/\",\"name\":\"data4circ.eu\",\"description\":\"eco-friendly digital solutions and data sharing\",\"potentialAction\":[{\"@type\":\"SearchAction\",\"target\":{\"@type\":\"EntryPoint\",\"urlTemplate\":\"https:\/\/data4circ.eu\/it\/?s={search_term_string}\"},\"query-input\":{\"@type\":\"PropertyValueSpecification\",\"valueRequired\":true,\"valueName\":\"search_term_string\"}}],\"inLanguage\":\"it-IT\"}]}<\/script>\n<!-- \/ Yoast SEO plugin. -->","yoast_head_json":{"title":"Casi d'uso - data4circ.eu","robots":{"index":"index","follow":"follow","max-snippet":"max-snippet:-1","max-image-preview":"max-image-preview:large","max-video-preview":"max-video-preview:-1"},"canonical":"https:\/\/data4circ.eu\/it\/informazioni-su\/il-progetto\/casi-duso\/","og_locale":"it_IT","og_type":"article","og_title":"Casi d'uso - data4circ.eu","og_description":"Casi d'uso Le nostre soluzioni vengono testate in tre settori produttivi chiave: plastiche agricole, rifiuti di apparecchiature elettroniche ed elettriche (RAEE), e il settore automobilistico (convertitori catalitici) dimostrando la loro efficacia nel creare catene del valore sostenibili e circolari.Noi di DATA4CIRC stiamo rivoluzionando il settore manifatturiero rendendolo pi\u00f9 ecologico ed efficiente. La nostra missione \u00e8 [&hellip;]","og_url":"https:\/\/data4circ.eu\/it\/informazioni-su\/il-progetto\/casi-duso\/","og_site_name":"data4circ.eu","article_modified_time":"2026-02-19T17:36:28+00:00","twitter_card":"summary_large_image","twitter_misc":{"Tempo di lettura stimato":"4 minuti"},"schema":{"@context":"https:\/\/schema.org","@graph":[{"@type":"WebPage","@id":"https:\/\/data4circ.eu\/it\/informazioni-su\/il-progetto\/casi-duso\/","url":"https:\/\/data4circ.eu\/it\/informazioni-su\/il-progetto\/casi-duso\/","name":"Casi d'uso - data4circ.eu","isPartOf":{"@id":"https:\/\/data4circ.eu\/it\/#website"},"datePublished":"2025-02-05T11:07:22+00:00","dateModified":"2026-02-19T17:36:28+00:00","breadcrumb":{"@id":"https:\/\/data4circ.eu\/it\/informazioni-su\/il-progetto\/casi-duso\/#breadcrumb"},"inLanguage":"it-IT","potentialAction":[{"@type":"ReadAction","target":["https:\/\/data4circ.eu\/it\/informazioni-su\/il-progetto\/casi-duso\/"]}]},{"@type":"BreadcrumbList","@id":"https:\/\/data4circ.eu\/it\/informazioni-su\/il-progetto\/casi-duso\/#breadcrumb","itemListElement":[{"@type":"ListItem","position":1,"name":"Home","item":"https:\/\/data4circ.eu\/it\/casa\/"},{"@type":"ListItem","position":2,"name":"Informazioni su","item":"https:\/\/data4circ.eu\/it\/informazioni-su\/"},{"@type":"ListItem","position":3,"name":"Il progetto","item":"https:\/\/data4circ.eu\/it\/informazioni-su\/il-progetto\/"},{"@type":"ListItem","position":4,"name":"Casi d&#8217;uso"}]},{"@type":"WebSite","@id":"https:\/\/data4circ.eu\/it\/#website","url":"https:\/\/data4circ.eu\/it\/","name":"data4circ.eu","description":"eco-friendly digital solutions and data sharing","potentialAction":[{"@type":"SearchAction","target":{"@type":"EntryPoint","urlTemplate":"https:\/\/data4circ.eu\/it\/?s={search_term_string}"},"query-input":{"@type":"PropertyValueSpecification","valueRequired":true,"valueName":"search_term_string"}}],"inLanguage":"it-IT"}]}},"_links":{"self":[{"href":"https:\/\/data4circ.eu\/it\/wp-json\/wp\/v2\/pages\/1744","targetHints":{"allow":["GET"]}}],"collection":[{"href":"https:\/\/data4circ.eu\/it\/wp-json\/wp\/v2\/pages"}],"about":[{"href":"https:\/\/data4circ.eu\/it\/wp-json\/wp\/v2\/types\/page"}],"author":[{"embeddable":true,"href":"https:\/\/data4circ.eu\/it\/wp-json\/wp\/v2\/users\/1"}],"replies":[{"embeddable":true,"href":"https:\/\/data4circ.eu\/it\/wp-json\/wp\/v2\/comments?post=1744"}],"version-history":[{"count":3,"href":"https:\/\/data4circ.eu\/it\/wp-json\/wp\/v2\/pages\/1744\/revisions"}],"predecessor-version":[{"id":1747,"href":"https:\/\/data4circ.eu\/it\/wp-json\/wp\/v2\/pages\/1744\/revisions\/1747"}],"up":[{"embeddable":true,"href":"https:\/\/data4circ.eu\/it\/wp-json\/wp\/v2\/pages\/1672"}],"wp:attachment":[{"href":"https:\/\/data4circ.eu\/it\/wp-json\/wp\/v2\/media?parent=1744"}],"curies":[{"name":"wp","href":"https:\/\/api.w.org\/{rel}","templated":true}]}}