{"id":1470,"date":"2025-02-05T11:12:02","date_gmt":"2025-02-05T10:12:02","guid":{"rendered":"https:\/\/data4circ.eu\/informazioni-su\/"},"modified":"2026-02-19T18:21:44","modified_gmt":"2026-02-19T17:21:44","slug":"informazioni-su","status":"publish","type":"page","link":"https:\/\/data4circ.eu\/it\/informazioni-su\/","title":{"rendered":"Informazioni su"},"content":{"rendered":"<p>[et_pb_section fb_built=&#8221;1&#8243; custom_padding_last_edited=&#8221;on|phone&#8221; _builder_version=&#8221;4.27.4&#8243; _module_preset=&#8221;default&#8221; background_color=&#8221;#2B463C&#8221; background_image=&#8221;https:\/\/data4circ.eu\/wp-content\/uploads\/2025\/01\/Data4circ-background-web.png&#8221; background_position=&#8221;top_right&#8221; custom_padding=&#8221;50px||50px||true|false&#8221; custom_padding_tablet=&#8221;40px||40px||true|false&#8221; custom_padding_phone=&#8221;30px||30px||true|false&#8221; global_colors_info=&#8221;{}&#8221;][et_pb_row column_structure=&#8221;1_2,1_2&#8243; _builder_version=&#8221;4.27.4&#8243; _module_preset=&#8221;default&#8221; global_colors_info=&#8221;{}&#8221;][et_pb_column type=&#8221;1_2&#8243; _builder_version=&#8221;4.27.4&#8243; _module_preset=&#8221;default&#8221; global_colors_info=&#8221;{}&#8221;][et_pb_text _builder_version=&#8221;4.27.4&#8243; _module_preset=&#8221;default&#8221; text_text_color=&#8221;#8FD9C0&#8243; global_colors_info=&#8221;{}&#8221;]<\/p>\n<h1>Informazioni su DATA4CIRC<\/h1>\n<p style=\"text-align: justify;\">DATA4CIRC sta sviluppando un quadro innovativo di condivisione dei dati per aiutare l&#8217;industria manifatturiera europea a prepararsi a un futuro pi\u00f9 sostenibile. <span style=\"text-decoration: underline;\"><a href=\"https:\/\/data4circ.eu\/about\/the-project\/our-mission\/\"><strong>La nostra missione<\/strong><\/a><\/span> \u00e8 migliorare l&#8217;accesso alle informazioni di cui le fabbriche hanno bisogno per recuperare, riciclare e riutilizzare i materiali in modo efficiente e sicuro e passare a un&#8217;economia circolare.<\/p>\n<p>[\/et_pb_text][\/et_pb_column][et_pb_column type=&#8221;1_2&#8243; _builder_version=&#8221;4.27.4&#8243; _module_preset=&#8221;default&#8221; global_colors_info=&#8221;{}&#8221;][\/et_pb_column][\/et_pb_row][\/et_pb_section][et_pb_section fb_built=&#8221;1&#8243; _builder_version=&#8221;4.27.4&#8243; _module_preset=&#8221;default&#8221; custom_padding=&#8221;0px||0px||true|false&#8221; global_colors_info=&#8221;{}&#8221;][et_pb_row use_custom_gutter=&#8221;on&#8221; gutter_width=&#8221;1&#8243; make_equal=&#8221;on&#8221; disabled_on=&#8221;on|on|on&#8221; _builder_version=&#8221;4.27.4&#8243; _module_preset=&#8221;default&#8221; background_color=&#8221;#8FD9C0&#8243; width=&#8221;100%&#8221; custom_padding=&#8221;0px||0px||true|false&#8221; disabled=&#8221;on&#8221; global_colors_info=&#8221;{}&#8221;][et_pb_column type=&#8221;4_4&#8243; _builder_version=&#8221;4.27.4&#8243; _module_preset=&#8221;default&#8221; background_color=&#8221;#8FD9C0&#8243; background_enable_image=&#8221;off&#8221; background_position=&#8221;top_right&#8221; global_colors_info=&#8221;{}&#8221;][et_pb_text _builder_version=&#8221;4.27.4&#8243; _module_preset=&#8221;default&#8221; text_text_color=&#8221;#2B463C&#8221; header_2_font=&#8221;|&#8211;et_global_heading_font_weight|||||||&#8221; custom_padding=&#8221;100px|100px|100px|100px|true|true&#8221; custom_padding_tablet=&#8221;50px|50px|50px|50px|true|true&#8221; custom_padding_phone=&#8221;25px|25px|25px|25px|true|true&#8221; custom_padding_last_edited=&#8221;on|phone&#8221; global_colors_info=&#8221;{}&#8221;]<\/p>\n<p>Noi di DATA4CIRC stiamo rivoluzionando il settore manifatturiero rendendolo pi\u00f9 ecologico ed efficiente.<\/p>\n<p><strong>La nostra missione<\/strong> \u00e8 aiutare le fabbriche a ridurre l&#8217;impronta di carbonio e ad aumentare la competitivit\u00e0 attraverso soluzioni digitali innovative e la condivisione dei dati.<\/p>\n<p>[\/et_pb_text][\/et_pb_column][\/et_pb_row][et_pb_row column_structure=&#8221;1_3,1_3,1_3&#8243; use_custom_gutter=&#8221;on&#8221; gutter_width=&#8221;1&#8243; make_equal=&#8221;on&#8221; _builder_version=&#8221;4.27.4&#8243; _module_preset=&#8221;default&#8221; background_color=&#8221;#8FD9C0&#8243; width=&#8221;100%&#8221; custom_padding=&#8221;0px||0px||true|false&#8221; hover_enabled=&#8221;0&#8243; global_colors_info=&#8221;{}&#8221; sticky_enabled=&#8221;0&#8243;][et_pb_column type=&#8221;1_3&#8243; _builder_version=&#8221;4.27.4&#8243; _module_preset=&#8221;default&#8221; background_color=&#8221;#8FD9C0&#8243; custom_padding=&#8221;75px||||false|false&#8221; hover_enabled=&#8221;0&#8243; border_color_all=&#8221;#8FD9C0&#8243; global_colors_info=&#8221;{}&#8221; background_enable_image=&#8221;off&#8221; sticky_enabled=&#8221;0&#8243;][et_pb_image src=&#8221;https:\/\/data4circ.eu\/wp-content\/uploads\/2025\/02\/AdobeStock_694225446-scaled.jpeg&#8221; title_text=&#8221;Il concetto di energia verde a zero emissioni di anidride carbonica, L&#039;uomo d&#039;affari che usa le tabelle per analizzare i big data a zero emissioni di anidride carbonica, L&#039;azienda che usa l&#039;energia alternativa per proteggere l&#039;ambiente&#8221; _builder_version=&#8221;4.27.4&#8243; _module_preset=&#8221;default&#8221; hover_enabled=&#8221;0&#8243; global_colors_info=&#8221;{}&#8221; custom_margin=&#8221;-40px||||false|false&#8221; sticky_enabled=&#8221;0&#8243;][\/et_pb_image][\/et_pb_column][et_pb_column type=&#8221;1_3&#8243; _builder_version=&#8221;4.27.4&#8243; _module_preset=&#8221;default&#8221; background_color=&#8221;#8FD9C0&#8243; background_enable_image=&#8221;off&#8221; background_position=&#8221;top_right&#8221; global_colors_info=&#8221;{}&#8221;][et_pb_blurb title=&#8221;La nostra missione&#8221; image=&#8221;https:\/\/data4circ.eu\/wp-content\/uploads\/2025\/02\/Data4circ-FAV_logo_full_reversed.png&#8221; image_icon_width=&#8221;100px&#8221; admin_label=&#8221;The Project&#8221; _builder_version=&#8221;4.27.4&#8243; _module_preset=&#8221;default&#8221; header_level=&#8221;h2&#8243; header_text_align=&#8221;center&#8221; text_orientation=&#8221;center&#8221; custom_margin=&#8221;50px||50px||true|false&#8221; animation=&#8221;off&#8221; link_option_url=&#8221;https:\/\/data4circ.eu\/about\/the-project\/our-mission\/&#8221; global_colors_info=&#8221;{}&#8221;][\/et_pb_blurb][et_pb_blurb title=&#8221;Consorzio&#8221; image=&#8221;https:\/\/data4circ.eu\/wp-content\/uploads\/2025\/02\/Data4circ-FAV_logo_full_reversed.png&#8221; image_icon_width=&#8221;100px&#8221; admin_label=&#8221;Consortium&#8221; _builder_version=&#8221;4.27.4&#8243; _module_preset=&#8221;default&#8221; header_level=&#8221;h2&#8243; header_text_align=&#8221;center&#8221; text_orientation=&#8221;center&#8221; custom_margin=&#8221;50px||50px||true|false&#8221; animation=&#8221;off&#8221; link_option_url=&#8221;https:\/\/data4circ.eu\/about\/consortium\/&#8221; global_colors_info=&#8221;{}&#8221;][\/et_pb_blurb][\/et_pb_column][et_pb_column type=&#8221;1_3&#8243; _builder_version=&#8221;4.27.4&#8243; _module_preset=&#8221;default&#8221; background_color=&#8221;#8FD9C0&#8243; background_enable_image=&#8221;off&#8221; background_position=&#8221;top_right&#8221; global_colors_info=&#8221;{}&#8221;][et_pb_blurb title=&#8221;Casi d&#039;uso&#8221; image=&#8221;https:\/\/data4circ.eu\/wp-content\/uploads\/2025\/02\/Data4circ-FAV_logo_full_reversed.png&#8221; image_icon_width=&#8221;100px&#8221; admin_label=&#8221;Our Team&#8221; _builder_version=&#8221;4.27.4&#8243; _module_preset=&#8221;default&#8221; header_level=&#8221;h2&#8243; header_text_align=&#8221;center&#8221; text_orientation=&#8221;center&#8221; custom_margin=&#8221;50px||50px||true|false&#8221; animation=&#8221;off&#8221; link_option_url=&#8221;https:\/\/data4circ.eu\/about\/the-project\/use-cases\/&#8221; global_colors_info=&#8221;{}&#8221;][\/et_pb_blurb][et_pb_blurb title=&#8221;Piano di lavoro&#8221; image=&#8221;https:\/\/data4circ.eu\/wp-content\/uploads\/2025\/02\/Data4circ-FAV_logo_full_reversed.png&#8221; image_icon_width=&#8221;100px&#8221; admin_label=&#8221;The Project&#8221; _builder_version=&#8221;4.27.4&#8243; _module_preset=&#8221;default&#8221; header_level=&#8221;h2&#8243; header_text_align=&#8221;center&#8221; text_orientation=&#8221;center&#8221; custom_margin=&#8221;50px||50px||true|false&#8221; animation=&#8221;off&#8221; link_option_url=&#8221;https:\/\/data4circ.eu\/about\/the-project\/workplan\/&#8221; global_colors_info=&#8221;{}&#8221;][\/et_pb_blurb][\/et_pb_column][\/et_pb_row][\/et_pb_section][et_pb_section fb_built=&#8221;1&#8243; _builder_version=&#8221;4.27.4&#8243; _module_preset=&#8221;default&#8221; background_color=&#8221;#2B463C&#8221; background_image=&#8221;https:\/\/data4circ.eu\/wp-content\/uploads\/2025\/01\/Data4circ-background-03-web.png&#8221; background_position=&#8221;center_left&#8221; custom_padding=&#8221;50px||50px||true|false&#8221; global_colors_info=&#8221;{}&#8221;][et_pb_row _builder_version=&#8221;4.27.4&#8243; _module_preset=&#8221;default&#8221; global_colors_info=&#8221;{}&#8221;][et_pb_column type=&#8221;4_4&#8243; _builder_version=&#8221;4.27.4&#8243; _module_preset=&#8221;default&#8221; global_colors_info=&#8221;{}&#8221;][et_pb_text _builder_version=&#8221;4.27.4&#8243; _module_preset=&#8221;default&#8221; text_text_color=&#8221;#8FD9C0&#8243; text_orientation=&#8221;center&#8221; global_colors_info=&#8221;{}&#8221;]<\/p>\n<h2>Unisciti a noi nel nostro viaggio verso un futuro pi\u00f9 verde, pi\u00f9 intelligente e pi\u00f9 circolare nel settore manifatturiero!<\/h2>\n<p>[\/et_pb_text][\/et_pb_column][\/et_pb_row][\/et_pb_section]<\/p>\n","protected":false},"excerpt":{"rendered":"<p>Informazioni su DATA4CIRC DATA4CIRC sta sviluppando un quadro innovativo di condivisione dei dati per aiutare l&#8217;industria manifatturiera europea a prepararsi a un futuro pi\u00f9 sostenibile. La nostra missione \u00e8 migliorare l&#8217;accesso alle informazioni di cui le fabbriche hanno bisogno per recuperare, riciclare e riutilizzare i materiali in modo efficiente e sicuro e passare a un&#8217;economia [&hellip;]<\/p>\n","protected":false},"author":1,"featured_media":0,"parent":0,"menu_order":0,"comment_status":"closed","ping_status":"closed","template":"","meta":{"_et_pb_use_builder":"on","_et_pb_old_content":"","_et_gb_content_width":"","footnotes":""},"class_list":["post-1470","page","type-page","status-publish","hentry"],"yoast_head":"<!-- This site is optimized with the Yoast SEO plugin v27.1.1 - https:\/\/yoast.com\/product\/yoast-seo-wordpress\/ -->\n<title>Informazioni su - data4circ.eu<\/title>\n<meta name=\"robots\" content=\"index, follow, max-snippet:-1, max-image-preview:large, max-video-preview:-1\" \/>\n<link rel=\"canonical\" href=\"https:\/\/data4circ.eu\/it\/informazioni-su\/\" \/>\n<meta property=\"og:locale\" content=\"it_IT\" \/>\n<meta property=\"og:type\" content=\"article\" \/>\n<meta property=\"og:title\" content=\"Informazioni su - data4circ.eu\" \/>\n<meta property=\"og:description\" content=\"Informazioni su DATA4CIRC DATA4CIRC sta sviluppando un quadro innovativo di condivisione dei dati per aiutare l&#039;industria manifatturiera europea a prepararsi a un futuro pi\u00f9 sostenibile. La nostra missione \u00e8 migliorare l&#039;accesso alle informazioni di cui le fabbriche hanno bisogno per recuperare, riciclare e riutilizzare i materiali in modo efficiente e sicuro e passare a un&#039;economia [&hellip;]\" \/>\n<meta property=\"og:url\" content=\"https:\/\/data4circ.eu\/it\/informazioni-su\/\" \/>\n<meta property=\"og:site_name\" content=\"data4circ.eu\" \/>\n<meta property=\"article:modified_time\" content=\"2026-02-19T17:21:44+00:00\" \/>\n<meta name=\"twitter:card\" content=\"summary_large_image\" \/>\n<meta name=\"twitter:label1\" content=\"Tempo di lettura stimato\" \/>\n\t<meta name=\"twitter:data1\" content=\"5 minuti\" \/>\n<script type=\"application\/ld+json\" class=\"yoast-schema-graph\">{\"@context\":\"https:\/\/schema.org\",\"@graph\":[{\"@type\":\"WebPage\",\"@id\":\"https:\/\/data4circ.eu\/it\/informazioni-su\/\",\"url\":\"https:\/\/data4circ.eu\/it\/informazioni-su\/\",\"name\":\"Informazioni su - data4circ.eu\",\"isPartOf\":{\"@id\":\"https:\/\/data4circ.eu\/it\/#website\"},\"datePublished\":\"2025-02-05T10:12:02+00:00\",\"dateModified\":\"2026-02-19T17:21:44+00:00\",\"breadcrumb\":{\"@id\":\"https:\/\/data4circ.eu\/it\/informazioni-su\/#breadcrumb\"},\"inLanguage\":\"it-IT\",\"potentialAction\":[{\"@type\":\"ReadAction\",\"target\":[\"https:\/\/data4circ.eu\/it\/informazioni-su\/\"]}]},{\"@type\":\"BreadcrumbList\",\"@id\":\"https:\/\/data4circ.eu\/it\/informazioni-su\/#breadcrumb\",\"itemListElement\":[{\"@type\":\"ListItem\",\"position\":1,\"name\":\"Home\",\"item\":\"https:\/\/data4circ.eu\/it\/casa\/\"},{\"@type\":\"ListItem\",\"position\":2,\"name\":\"Informazioni su\"}]},{\"@type\":\"WebSite\",\"@id\":\"https:\/\/data4circ.eu\/it\/#website\",\"url\":\"https:\/\/data4circ.eu\/it\/\",\"name\":\"data4circ.eu\",\"description\":\"eco-friendly digital solutions and data sharing\",\"potentialAction\":[{\"@type\":\"SearchAction\",\"target\":{\"@type\":\"EntryPoint\",\"urlTemplate\":\"https:\/\/data4circ.eu\/it\/?s={search_term_string}\"},\"query-input\":{\"@type\":\"PropertyValueSpecification\",\"valueRequired\":true,\"valueName\":\"search_term_string\"}}],\"inLanguage\":\"it-IT\"}]}<\/script>\n<!-- \/ Yoast SEO plugin. -->","yoast_head_json":{"title":"Informazioni su - data4circ.eu","robots":{"index":"index","follow":"follow","max-snippet":"max-snippet:-1","max-image-preview":"max-image-preview:large","max-video-preview":"max-video-preview:-1"},"canonical":"https:\/\/data4circ.eu\/it\/informazioni-su\/","og_locale":"it_IT","og_type":"article","og_title":"Informazioni su - data4circ.eu","og_description":"Informazioni su DATA4CIRC DATA4CIRC sta sviluppando un quadro innovativo di condivisione dei dati per aiutare l'industria manifatturiera europea a prepararsi a un futuro pi\u00f9 sostenibile. La nostra missione \u00e8 migliorare l'accesso alle informazioni di cui le fabbriche hanno bisogno per recuperare, riciclare e riutilizzare i materiali in modo efficiente e sicuro e passare a un'economia [&hellip;]","og_url":"https:\/\/data4circ.eu\/it\/informazioni-su\/","og_site_name":"data4circ.eu","article_modified_time":"2026-02-19T17:21:44+00:00","twitter_card":"summary_large_image","twitter_misc":{"Tempo di lettura stimato":"5 minuti"},"schema":{"@context":"https:\/\/schema.org","@graph":[{"@type":"WebPage","@id":"https:\/\/data4circ.eu\/it\/informazioni-su\/","url":"https:\/\/data4circ.eu\/it\/informazioni-su\/","name":"Informazioni su - data4circ.eu","isPartOf":{"@id":"https:\/\/data4circ.eu\/it\/#website"},"datePublished":"2025-02-05T10:12:02+00:00","dateModified":"2026-02-19T17:21:44+00:00","breadcrumb":{"@id":"https:\/\/data4circ.eu\/it\/informazioni-su\/#breadcrumb"},"inLanguage":"it-IT","potentialAction":[{"@type":"ReadAction","target":["https:\/\/data4circ.eu\/it\/informazioni-su\/"]}]},{"@type":"BreadcrumbList","@id":"https:\/\/data4circ.eu\/it\/informazioni-su\/#breadcrumb","itemListElement":[{"@type":"ListItem","position":1,"name":"Home","item":"https:\/\/data4circ.eu\/it\/casa\/"},{"@type":"ListItem","position":2,"name":"Informazioni su"}]},{"@type":"WebSite","@id":"https:\/\/data4circ.eu\/it\/#website","url":"https:\/\/data4circ.eu\/it\/","name":"data4circ.eu","description":"eco-friendly digital solutions and data sharing","potentialAction":[{"@type":"SearchAction","target":{"@type":"EntryPoint","urlTemplate":"https:\/\/data4circ.eu\/it\/?s={search_term_string}"},"query-input":{"@type":"PropertyValueSpecification","valueRequired":true,"valueName":"search_term_string"}}],"inLanguage":"it-IT"}]}},"_links":{"self":[{"href":"https:\/\/data4circ.eu\/it\/wp-json\/wp\/v2\/pages\/1470","targetHints":{"allow":["GET"]}}],"collection":[{"href":"https:\/\/data4circ.eu\/it\/wp-json\/wp\/v2\/pages"}],"about":[{"href":"https:\/\/data4circ.eu\/it\/wp-json\/wp\/v2\/types\/page"}],"author":[{"embeddable":true,"href":"https:\/\/data4circ.eu\/it\/wp-json\/wp\/v2\/users\/1"}],"replies":[{"embeddable":true,"href":"https:\/\/data4circ.eu\/it\/wp-json\/wp\/v2\/comments?post=1470"}],"version-history":[{"count":3,"href":"https:\/\/data4circ.eu\/it\/wp-json\/wp\/v2\/pages\/1470\/revisions"}],"predecessor-version":[{"id":1474,"href":"https:\/\/data4circ.eu\/it\/wp-json\/wp\/v2\/pages\/1470\/revisions\/1474"}],"wp:attachment":[{"href":"https:\/\/data4circ.eu\/it\/wp-json\/wp\/v2\/media?parent=1470"}],"curies":[{"name":"wp","href":"https:\/\/api.w.org\/{rel}","templated":true}]}}