{"id":1376,"date":"2025-01-15T09:22:17","date_gmt":"2025-01-15T08:22:17","guid":{"rendered":"https:\/\/data4circ.eu\/casa\/"},"modified":"2026-03-05T14:01:37","modified_gmt":"2026-03-05T13:01:37","slug":"casa","status":"publish","type":"page","link":"https:\/\/data4circ.eu\/it\/","title":{"rendered":"Casa"},"content":{"rendered":"<p>[et_pb_section fb_built=&#8221;1&#8243; custom_padding_last_edited=&#8221;on|phone&#8221; _builder_version=&#8221;4.27.4&#8243; _module_preset=&#8221;default&#8221; background_color=&#8221;#2B463C&#8221; background_image=&#8221;https:\/\/data4circ.eu\/wp-content\/uploads\/2025\/01\/Data4circ-background-web.png&#8221; background_position=&#8221;top_right&#8221; custom_padding=&#8221;50px||50px||true|false&#8221; custom_padding_tablet=&#8221;100px||100px||true|false&#8221; custom_padding_phone=&#8221;50px||50px||true|false&#8221; global_colors_info=&#8221;{}&#8221;][et_pb_row column_structure=&#8221;1_2,1_2&#8243; _builder_version=&#8221;4.27.4&#8243; _module_preset=&#8221;default&#8221; global_colors_info=&#8221;{}&#8221;][et_pb_column type=&#8221;1_2&#8243; _builder_version=&#8221;4.27.4&#8243; _module_preset=&#8221;default&#8221; global_colors_info=&#8221;{}&#8221;][et_pb_text _builder_version=&#8221;4.27.4&#8243; _module_preset=&#8221;default&#8221; text_text_color=&#8221;#8FD9C0&#8243; width=&#8221;100%&#8221; global_colors_info=&#8221;{}&#8221;]<\/p>\n<h1>Benvenuti su DATA4CIRC<\/h1>\n<p style=\"text-align: justify;\">DATA4CIRC sta sviluppando un quadro innovativo di condivisione dei dati per aiutare l&#8217;industria manifatturiera europea a prepararsi a un futuro pi\u00f9 sostenibile. <span style=\"text-decoration: underline;\"><a href=\"https:\/\/data4circ.eu\/it\/informazioni-su\/il-progetto\/la-nostra-missione\/\"><strong>La nostra missione<\/strong><\/a><\/span> \u00e8 migliorare l&#8217;accesso alle informazioni di cui le fabbriche hanno bisogno per recuperare, riciclare e riutilizzare i materiali in modo efficiente e sicuro e passare a un&#8217;economia circolare.<\/p>\n<p>[\/et_pb_text][\/et_pb_column][et_pb_column type=&#8221;1_2&#8243; _builder_version=&#8221;4.27.4&#8243; _module_preset=&#8221;default&#8221; global_colors_info=&#8221;{}&#8221;][\/et_pb_column][\/et_pb_row][\/et_pb_section][et_pb_section fb_built=&#8221;1&#8243; _builder_version=&#8221;4.27.4&#8243; _module_preset=&#8221;default&#8221; custom_padding=&#8221;0px||0px||true|false&#8221; global_colors_info=&#8221;{}&#8221;][et_pb_row column_structure=&#8221;1_2,1_2&#8243; use_custom_gutter=&#8221;on&#8221; gutter_width=&#8221;1&#8243; make_equal=&#8221;on&#8221; _builder_version=&#8221;4.27.4&#8243; _module_preset=&#8221;default&#8221; background_color=&#8221;#8FD9C0&#8243; width=&#8221;100%&#8221; custom_padding=&#8221;0px||0px||true|false&#8221; global_colors_info=&#8221;{}&#8221;][et_pb_column type=&#8221;1_2&#8243; _builder_version=&#8221;4.27.4&#8243; _module_preset=&#8221;default&#8221; background_image=&#8221;https:\/\/data4circ.eu\/wp-content\/uploads\/2025\/01\/Data4circ-image-01-web.jpeg&#8221; background_position=&#8221;top_right&#8221; global_colors_info=&#8221;{}&#8221;][\/et_pb_column][et_pb_column type=&#8221;1_2&#8243; _builder_version=&#8221;4.27.4&#8243; _module_preset=&#8221;default&#8221; global_colors_info=&#8221;{}&#8221;][et_pb_text _builder_version=&#8221;4.27.4&#8243; _module_preset=&#8221;default&#8221; text_text_color=&#8221;#2B463C&#8221; header_2_font=&#8221;|&#8211;et_global_heading_font_weight|||||||&#8221; header_2_text_align=&#8221;center&#8221; custom_padding=&#8221;100px|100px|100px|100px|true|true&#8221; custom_padding_tablet=&#8221;75px|75px|75px|75px|true|true&#8221; custom_padding_phone=&#8221;50px|50px|50px|50px|true|true&#8221; custom_padding_last_edited=&#8221;on|phone&#8221; global_colors_info=&#8221;{}&#8221;]<\/p>\n<h2>La sfida<\/h2>\n<p>&nbsp;<\/p>\n<p style=\"text-align: justify;\">\n<p style=\"text-align: justify;\">L&#8217;Unione Europea ha fissato l&#8217;obiettivo di <strong>raddoppiare l&#8217;uso di materiali circolari entro il 2030<\/strong>. Uno dei principali ostacoli all&#8217;aumento della circolarit\u00e0 \u00e8 la <strong>mancanza di dati<\/strong> sui materiali contenuti nei manufatti. Anche quando i dati esistono, i produttori potrebbero <strong>non essere in grado di accedervi<\/strong>, ad esempio a causa di restrizioni che proteggono la propriet\u00e0 intellettuale. Inoltre, laddove esistono potenziali soluzioni a questa sfida, la <strong>mancanza di standardizzazione\/interoperabilit\u00e0<\/strong> e la scarsa <strong>formazione degli utenti finali<\/strong> ne hanno impedito l&#8217;adozione su larga scala.   <\/p>\n<p>[\/et_pb_text][\/et_pb_column][\/et_pb_row][\/et_pb_section][et_pb_section fb_built=&#8221;1&#8243; _builder_version=&#8221;4.27.4&#8243; _module_preset=&#8221;default&#8221; custom_padding=&#8221;0px||0px||true|false&#8221; global_colors_info=&#8221;{}&#8221;][et_pb_row column_structure=&#8221;1_2,1_2&#8243; use_custom_gutter=&#8221;on&#8221; gutter_width=&#8221;1&#8243; make_equal=&#8221;on&#8221; _builder_version=&#8221;4.27.4&#8243; _module_preset=&#8221;default&#8221; background_color=&#8221;#8FD9C0&#8243; width=&#8221;100%&#8221; custom_padding=&#8221;0px||0px||true|false&#8221; global_colors_info=&#8221;{}&#8221;][et_pb_column type=&#8221;1_2&#8243; _builder_version=&#8221;4.27.4&#8243; _module_preset=&#8221;default&#8221; global_colors_info=&#8221;{}&#8221;][et_pb_text _builder_version=&#8221;4.27.4&#8243; _module_preset=&#8221;default&#8221; text_text_color=&#8221;#2B463C&#8221; header_2_font=&#8221;|&#8211;et_global_heading_font_weight|||||||&#8221; header_2_text_align=&#8221;center&#8221; custom_padding=&#8221;100px|100px|100px|100px|true|true&#8221; custom_padding_tablet=&#8221;75px|75px|75px|75px|true|true&#8221; custom_padding_phone=&#8221;50px|50px|50px|50px|true|true&#8221; custom_padding_last_edited=&#8221;on|phone&#8221; global_colors_info=&#8221;{}&#8221;]<\/p>\n<h2>Il nostro approccio<\/h2>\n<p style=\"text-align: justify;\">\n<p style=\"text-align: justify;\"><strong>Spazi dati federati:<\/strong> Piattaforme sicure per la condivisione sicura dei dati tra aziende.<\/p>\n<p style=\"text-align: justify;\"><strong>Modelli digitali:<\/strong> Rappresentazioni virtuali di processi produttivi e prodotti per migliorare la valutazione dell&#8217;impatto ambientale.<\/p>\n<p style=\"text-align: justify;\"><strong>Analisi del ciclo di vita end-to-end assistita dall&#8217;intelligenza artificiale:<\/strong> Uno strumento alimentato dall&#8217;intelligenza artificiale per valutare l&#8217;impatto ambientale dei prodotti dall&#8217;inizio alla fine.<\/p>\n<p style=\"text-align: justify;\"><strong>Passaporto digitale dei prodotti (DPP):<\/strong> Un ID digitale per i prodotti, che ne traccia il ciclo di vita per facilitarne il riciclo e il riutilizzo.<\/p>\n<p style=\"text-align: justify;\"><strong>Digitalizzazione:<\/strong> insieme a un livello adeguato di competenze e formazione per gli utenti finali, la digitalizzazione \u00e8 fondamentale per garantire l&#8217;interoperabilit\u00e0 con altre soluzioni e liberare il potenziale dell&#8217;economia circolare.<\/p>\n<p>[\/et_pb_text][\/et_pb_column][et_pb_column type=&#8221;1_2&#8243; _builder_version=&#8221;4.27.4&#8243; _module_preset=&#8221;default&#8221; background_image=&#8221;https:\/\/data4circ.eu\/wp-content\/uploads\/2025\/01\/Data4circ-image-01-web.jpeg&#8221; background_position=&#8221;top_right&#8221; global_colors_info=&#8221;{}&#8221;][et_pb_image src=&#8221;https:\/\/data4circ.eu\/wp-content\/uploads\/2025\/02\/Figure1_DATA4CIRC-concept-summary.png&#8221; title_text=&#8221;Figura1_DATA4CIRC sintesi dei concetti&#8221; _builder_version=&#8221;4.27.4&#8243; _module_preset=&#8221;default&#8221; background_color=&#8221;#FFFFFF&#8221; custom_padding=&#8221;100px||100px||false|false&#8221; global_colors_info=&#8221;{}&#8221;][\/et_pb_image][\/et_pb_column][\/et_pb_row][\/et_pb_section][et_pb_section fb_built=&#8221;1&#8243; _builder_version=&#8221;4.27.4&#8243; _module_preset=&#8221;default&#8221; background_color=&#8221;#2B463C&#8221; background_image=&#8221;https:\/\/data4circ.eu\/wp-content\/uploads\/2025\/01\/Data4circ-background-03-web.png&#8221; background_position=&#8221;center_left&#8221; global_colors_info=&#8221;{}&#8221;][et_pb_row column_structure=&#8221;1_3,1_3,1_3&#8243; _builder_version=&#8221;4.27.4&#8243; _module_preset=&#8221;default&#8221; global_colors_info=&#8221;{}&#8221;][et_pb_column type=&#8221;1_3&#8243; _builder_version=&#8221;4.27.4&#8243; _module_preset=&#8221;default&#8221; global_colors_info=&#8221;{}&#8221;][et_pb_text _builder_version=&#8221;4.27.4&#8243; _module_preset=&#8221;default&#8221; text_text_color=&#8221;#8FD9C0&#8243; global_colors_info=&#8221;{}&#8221;]<\/p>\n<h2>DATA4CIRC mette le persone al centro della circolarit\u00e0<\/h2>\n<p>[\/et_pb_text][et_pb_text _builder_version=&#8221;4.27.4&#8243; _module_preset=&#8221;default&#8221; text_text_color=&#8221;#8FD9C0&#8243; custom_padding=&#8221;|||45px|false|false&#8221; global_colors_info=&#8221;{}&#8221;]<\/p>\n<h2 style=\"text-align: justify;\"><\/h2>\n<p>&nbsp;<\/p>\n<p style=\"text-align: left;\"><strong>Impatto sul mondo reale:<br \/><\/strong><\/p>\n<p style=\"text-align: left;\">Le nostre soluzioni vengono testate in tre settori produttivi chiave:<strong><a href=\"https:\/\/data4circ.eu\/it\/informazioni-su\/il-progetto\/casi-duso\/caso-duso-1-trasformazione-delle-plastiche-agricole-la-catena-del-valore-circolare-dei-film-per-pacciamatura\/\"> <span style=\"text-decoration: underline;\">materie plastiche<\/span><\/a><\/strong>, <strong><a href=\"https:\/\/data4circ.eu\/it\/informazioni-su\/il-progetto\/casi-duso\/caso-duso-2-rivoluzionare-la-gestione-dei-rifiuti-elettronici-la-catena-del-valore-circolare-per-le-aee\/\"><span style=\"text-decoration: underline;\">elettronica<\/span><\/a><\/strong>e <strong><a href=\"https:\/\/data4circ.eu\/it\/informazioni-su\/il-progetto\/casi-duso\/caso-duso-n-3-rivoluzionare-i-catalizzatori-per-autoveicoli\/\"><span style=\"text-decoration: underline;\">automobilistico<\/span><\/a><\/strong>dimostrando la loro efficacia nella creazione di catene del valore sostenibili e circolari.<br \/>Unisciti a noi nel nostro viaggio verso un futuro pi\u00f9 verde, pi\u00f9 intelligente e pi\u00f9 circolare nel settore manifatturiero!<\/p>\n<p>[\/et_pb_text][\/et_pb_column][et_pb_column type=&#8221;1_3&#8243; _builder_version=&#8221;4.27.4&#8243; _module_preset=&#8221;default&#8221; global_colors_info=&#8221;{}&#8221;][et_pb_image src=&#8221;http:\/\/data4circ.eu\/wp-content\/uploads\/2025\/01\/Data4circ-image-02.png&#8221; title_text=&#8221;Immagine Data4circ 02&#8243; _builder_version=&#8221;4.27.4&#8243; _module_preset=&#8221;default&#8221; custom_margin=&#8221;||||false|false&#8221; custom_margin_tablet=&#8221;|50px||50px|false|true&#8221; custom_margin_phone=&#8221;|25px||25px|false|true&#8221; custom_margin_last_edited=&#8221;on|desktop&#8221; global_colors_info=&#8221;{}&#8221;][\/et_pb_image][\/et_pb_column][et_pb_column type=&#8221;1_3&#8243; _builder_version=&#8221;4.27.4&#8243; _module_preset=&#8221;default&#8221; global_colors_info=&#8221;{}&#8221;][et_pb_text _builder_version=&#8221;4.27.4&#8243; _module_preset=&#8221;default&#8221; text_text_color=&#8221;#00AA78&#8243; global_colors_info=&#8221;{}&#8221;]<\/p>\n<p style=\"text-align: justify;\"><strong><\/strong><\/p>\n<p><strong><\/strong><\/p>\n<p><strong><\/strong><\/p>\n<p style=\"text-align: left;\"><strong>Design incentrato sull&#8217;utente:<\/strong><\/p>\n<p style=\"text-align: left;\">Le nostre soluzioni sono progettate pensando all&#8217;utente finale, assicurando che siano facili da usare e basate su standard esistenti per una massima adozione.<\/p>\n<p>[\/et_pb_text][et_pb_text _builder_version=&#8221;4.27.4&#8243; _module_preset=&#8221;default&#8221; text_text_color=&#8221;#8FD9C0&#8243; custom_padding=&#8221;2px|||||&#8221; global_colors_info=&#8221;{}&#8221;]<\/p>\n<p style=\"text-align: left;\"><strong>Innovazione sociale:<\/strong><\/p>\n<p style=\"text-align: left;\">Diamo priorit\u00e0 al coinvolgimento umano attraverso attivit\u00e0 di co-creazione e co-validazione, rispondendo alle esigenze e alle aspettative di tutti.<\/p>\n<p>[\/et_pb_text][et_pb_text _builder_version=&#8221;4.27.4&#8243; _module_preset=&#8221;default&#8221; text_text_color=&#8221;#FFFFFF&#8221; global_colors_info=&#8221;{}&#8221;]<\/p>\n<p style=\"text-align: left;\"><strong>Programmi di formazione:<\/strong><\/p>\n<p style=\"text-align: left;\">Offriamo programmi di aggiornamento e riqualificazione per aiutare la forza lavoro del settore manifatturiero ad adattarsi ai nuovi strumenti digitali.<\/p>\n<p>[\/et_pb_text][\/et_pb_column][\/et_pb_row][\/et_pb_section][et_pb_section fb_built=&#8221;1&#8243; _builder_version=&#8221;4.27.4&#8243; _module_preset=&#8221;default&#8221; background_color=&#8221;#00AA78&#8243; global_colors_info=&#8221;{}&#8221;][et_pb_row _builder_version=&#8221;4.27.4&#8243; _module_preset=&#8221;default&#8221; global_colors_info=&#8221;{}&#8221;][et_pb_column type=&#8221;4_4&#8243; _builder_version=&#8221;4.27.4&#8243; _module_preset=&#8221;default&#8221; global_colors_info=&#8221;{}&#8221;][et_pb_signup mailchimp_list=&#8221;Data4Circ|fd828f823e&#8221; title=&#8221;Iscriviti alla nostra newsletter&#8221; description=&#8221;<\/p>\n<p>Iscriviti alla nostra mailing list per ricevere le ultime notizie e gli aggiornamenti dal nostro team.<\/p>\n<p>&#8221; _builder_version=&#8221;4.27.4&#8243; _module_preset=&#8221;default&#8221; custom_button=&#8221;on&#8221; button_bg_color=&#8221;#2B463C&#8221; global_colors_info=&#8221;{}&#8221;][\/et_pb_signup][\/et_pb_column][\/et_pb_row][\/et_pb_section]<\/p>\n","protected":false},"excerpt":{"rendered":"<p>Benvenuti su DATA4CIRC DATA4CIRC sta sviluppando un quadro innovativo di condivisione dei dati per aiutare l&#8217;industria manifatturiera europea a prepararsi a un futuro pi\u00f9 sostenibile. La nostra missione \u00e8 migliorare l&#8217;accesso alle informazioni di cui le fabbriche hanno bisogno per recuperare, riciclare e riutilizzare i materiali in modo efficiente e sicuro e passare a un&#8217;economia [&hellip;]<\/p>\n","protected":false},"author":1,"featured_media":1375,"parent":0,"menu_order":0,"comment_status":"closed","ping_status":"closed","template":"","meta":{"_et_pb_use_builder":"on","_et_pb_old_content":"","_et_gb_content_width":"","footnotes":""},"class_list":["post-1376","page","type-page","status-publish","has-post-thumbnail","hentry"],"yoast_head":"<!-- This site is optimized with the Yoast SEO plugin v27.1.1 - https:\/\/yoast.com\/product\/yoast-seo-wordpress\/ -->\n<title>Casa - data4circ.eu<\/title>\n<meta name=\"description\" content=\"Il progetto DATA4CIRC \u00e8 un progetto di ricerca finanziato dall&#039;UE che sviluppa un quadro innovativo di condivisione dei dati per aiutare l&#039;industria manifatturiera europea a prepararsi per un futuro pi\u00f9 sostenibile.\" \/>\n<meta name=\"robots\" content=\"index, follow, max-snippet:-1, max-image-preview:large, max-video-preview:-1\" \/>\n<link rel=\"canonical\" href=\"https:\/\/data4circ.eu\/it\/\" \/>\n<meta property=\"og:locale\" content=\"it_IT\" \/>\n<meta property=\"og:type\" content=\"article\" \/>\n<meta property=\"og:title\" content=\"Casa - data4circ.eu\" \/>\n<meta property=\"og:description\" content=\"Il progetto DATA4CIRC \u00e8 un progetto di ricerca finanziato dall&#039;UE che sviluppa un quadro innovativo di condivisione dei dati per aiutare l&#039;industria manifatturiera europea a prepararsi per un futuro pi\u00f9 sostenibile.\" \/>\n<meta property=\"og:url\" content=\"https:\/\/data4circ.eu\/it\/\" \/>\n<meta property=\"og:site_name\" content=\"data4circ.eu\" \/>\n<meta property=\"article:modified_time\" content=\"2026-03-05T13:01:37+00:00\" \/>\n<meta property=\"og:image\" content=\"https:\/\/data4circ.eu\/wp-content\/uploads\/2025\/01\/Data4circ-FAV.png\" \/>\n\t<meta property=\"og:image:width\" content=\"525\" \/>\n\t<meta property=\"og:image:height\" content=\"525\" \/>\n\t<meta property=\"og:image:type\" content=\"image\/png\" \/>\n<meta name=\"twitter:card\" content=\"summary_large_image\" \/>\n<meta name=\"twitter:label1\" content=\"Tempo di lettura stimato\" \/>\n\t<meta name=\"twitter:data1\" content=\"6 minuti\" \/>\n<script type=\"application\/ld+json\" class=\"yoast-schema-graph\">{\"@context\":\"https:\/\/schema.org\",\"@graph\":[{\"@type\":\"WebPage\",\"@id\":\"https:\/\/data4circ.eu\/it\/\",\"url\":\"https:\/\/data4circ.eu\/it\/\",\"name\":\"Casa - data4circ.eu\",\"isPartOf\":{\"@id\":\"https:\/\/data4circ.eu\/it\/#website\"},\"primaryImageOfPage\":{\"@id\":\"https:\/\/data4circ.eu\/it\/#primaryimage\"},\"image\":{\"@id\":\"https:\/\/data4circ.eu\/it\/#primaryimage\"},\"thumbnailUrl\":\"https:\/\/data4circ.eu\/wp-content\/uploads\/2025\/01\/Data4circ-FAV.png\",\"datePublished\":\"2025-01-15T08:22:17+00:00\",\"dateModified\":\"2026-03-05T13:01:37+00:00\",\"description\":\"Il progetto DATA4CIRC \u00e8 un progetto di ricerca finanziato dall'UE che sviluppa un quadro innovativo di condivisione dei dati per aiutare l'industria manifatturiera europea a prepararsi per un futuro pi\u00f9 sostenibile.\",\"breadcrumb\":{\"@id\":\"https:\/\/data4circ.eu\/it\/#breadcrumb\"},\"inLanguage\":\"it-IT\",\"potentialAction\":[{\"@type\":\"ReadAction\",\"target\":[\"https:\/\/data4circ.eu\/it\/\"]}]},{\"@type\":\"ImageObject\",\"inLanguage\":\"it-IT\",\"@id\":\"https:\/\/data4circ.eu\/it\/#primaryimage\",\"url\":\"https:\/\/data4circ.eu\/wp-content\/uploads\/2025\/01\/Data4circ-FAV.png\",\"contentUrl\":\"https:\/\/data4circ.eu\/wp-content\/uploads\/2025\/01\/Data4circ-FAV.png\",\"width\":525,\"height\":525},{\"@type\":\"BreadcrumbList\",\"@id\":\"https:\/\/data4circ.eu\/it\/#breadcrumb\",\"itemListElement\":[{\"@type\":\"ListItem\",\"position\":1,\"name\":\"Home\",\"item\":\"https:\/\/data4circ.eu\/it\/casa\/\"},{\"@type\":\"ListItem\",\"position\":2,\"name\":\"Casa\"}]},{\"@type\":\"WebSite\",\"@id\":\"https:\/\/data4circ.eu\/it\/#website\",\"url\":\"https:\/\/data4circ.eu\/it\/\",\"name\":\"data4circ.eu\",\"description\":\"eco-friendly digital solutions and data sharing\",\"potentialAction\":[{\"@type\":\"SearchAction\",\"target\":{\"@type\":\"EntryPoint\",\"urlTemplate\":\"https:\/\/data4circ.eu\/it\/?s={search_term_string}\"},\"query-input\":{\"@type\":\"PropertyValueSpecification\",\"valueRequired\":true,\"valueName\":\"search_term_string\"}}],\"inLanguage\":\"it-IT\"}]}<\/script>\n<!-- \/ Yoast SEO plugin. -->","yoast_head_json":{"title":"Casa - data4circ.eu","description":"Il progetto DATA4CIRC \u00e8 un progetto di ricerca finanziato dall'UE che sviluppa un quadro innovativo di condivisione dei dati per aiutare l'industria manifatturiera europea a prepararsi per un futuro pi\u00f9 sostenibile.","robots":{"index":"index","follow":"follow","max-snippet":"max-snippet:-1","max-image-preview":"max-image-preview:large","max-video-preview":"max-video-preview:-1"},"canonical":"https:\/\/data4circ.eu\/it\/","og_locale":"it_IT","og_type":"article","og_title":"Casa - data4circ.eu","og_description":"Il progetto DATA4CIRC \u00e8 un progetto di ricerca finanziato dall'UE che sviluppa un quadro innovativo di condivisione dei dati per aiutare l'industria manifatturiera europea a prepararsi per un futuro pi\u00f9 sostenibile.","og_url":"https:\/\/data4circ.eu\/it\/","og_site_name":"data4circ.eu","article_modified_time":"2026-03-05T13:01:37+00:00","og_image":[{"width":525,"height":525,"url":"https:\/\/data4circ.eu\/wp-content\/uploads\/2025\/01\/Data4circ-FAV.png","type":"image\/png"}],"twitter_card":"summary_large_image","twitter_misc":{"Tempo di lettura stimato":"6 minuti"},"schema":{"@context":"https:\/\/schema.org","@graph":[{"@type":"WebPage","@id":"https:\/\/data4circ.eu\/it\/","url":"https:\/\/data4circ.eu\/it\/","name":"Casa - data4circ.eu","isPartOf":{"@id":"https:\/\/data4circ.eu\/it\/#website"},"primaryImageOfPage":{"@id":"https:\/\/data4circ.eu\/it\/#primaryimage"},"image":{"@id":"https:\/\/data4circ.eu\/it\/#primaryimage"},"thumbnailUrl":"https:\/\/data4circ.eu\/wp-content\/uploads\/2025\/01\/Data4circ-FAV.png","datePublished":"2025-01-15T08:22:17+00:00","dateModified":"2026-03-05T13:01:37+00:00","description":"Il progetto DATA4CIRC \u00e8 un progetto di ricerca finanziato dall'UE che sviluppa un quadro innovativo di condivisione dei dati per aiutare l'industria manifatturiera europea a prepararsi per un futuro pi\u00f9 sostenibile.","breadcrumb":{"@id":"https:\/\/data4circ.eu\/it\/#breadcrumb"},"inLanguage":"it-IT","potentialAction":[{"@type":"ReadAction","target":["https:\/\/data4circ.eu\/it\/"]}]},{"@type":"ImageObject","inLanguage":"it-IT","@id":"https:\/\/data4circ.eu\/it\/#primaryimage","url":"https:\/\/data4circ.eu\/wp-content\/uploads\/2025\/01\/Data4circ-FAV.png","contentUrl":"https:\/\/data4circ.eu\/wp-content\/uploads\/2025\/01\/Data4circ-FAV.png","width":525,"height":525},{"@type":"BreadcrumbList","@id":"https:\/\/data4circ.eu\/it\/#breadcrumb","itemListElement":[{"@type":"ListItem","position":1,"name":"Home","item":"https:\/\/data4circ.eu\/it\/casa\/"},{"@type":"ListItem","position":2,"name":"Casa"}]},{"@type":"WebSite","@id":"https:\/\/data4circ.eu\/it\/#website","url":"https:\/\/data4circ.eu\/it\/","name":"data4circ.eu","description":"eco-friendly digital solutions and data sharing","potentialAction":[{"@type":"SearchAction","target":{"@type":"EntryPoint","urlTemplate":"https:\/\/data4circ.eu\/it\/?s={search_term_string}"},"query-input":{"@type":"PropertyValueSpecification","valueRequired":true,"valueName":"search_term_string"}}],"inLanguage":"it-IT"}]}},"_links":{"self":[{"href":"https:\/\/data4circ.eu\/it\/wp-json\/wp\/v2\/pages\/1376","targetHints":{"allow":["GET"]}}],"collection":[{"href":"https:\/\/data4circ.eu\/it\/wp-json\/wp\/v2\/pages"}],"about":[{"href":"https:\/\/data4circ.eu\/it\/wp-json\/wp\/v2\/types\/page"}],"author":[{"embeddable":true,"href":"https:\/\/data4circ.eu\/it\/wp-json\/wp\/v2\/users\/1"}],"replies":[{"embeddable":true,"href":"https:\/\/data4circ.eu\/it\/wp-json\/wp\/v2\/comments?post=1376"}],"version-history":[{"count":10,"href":"https:\/\/data4circ.eu\/it\/wp-json\/wp\/v2\/pages\/1376\/revisions"}],"predecessor-version":[{"id":2939,"href":"https:\/\/data4circ.eu\/it\/wp-json\/wp\/v2\/pages\/1376\/revisions\/2939"}],"wp:featuredmedia":[{"embeddable":true,"href":"https:\/\/data4circ.eu\/it\/wp-json\/wp\/v2\/media\/1375"}],"wp:attachment":[{"href":"https:\/\/data4circ.eu\/it\/wp-json\/wp\/v2\/media?parent=1376"}],"curies":[{"name":"wp","href":"https:\/\/api.w.org\/{rel}","templated":true}]}}