{"id":2250,"date":"2025-02-11T16:50:41","date_gmt":"2025-02-11T15:50:41","guid":{"rendered":"https:\/\/data4circ.eu\/noticias-y-medios-de-comunicacion\/comunicados-de-prensa\/"},"modified":"2026-02-19T19:08:19","modified_gmt":"2026-02-19T18:08:19","slug":"comunicados-de-prensa","status":"publish","type":"page","link":"https:\/\/data4circ.eu\/es\/noticias-y-medios-de-comunicacion\/comunicados-de-prensa\/","title":{"rendered":"Comunicados de prensa"},"content":{"rendered":"<p>[et_pb_section fb_built=\u00bb1&#8243; custom_padding_last_edited=\u00bbon|phone\u00bb _builder_version=\u00bb4.27.4&#8243; _module_preset=\u00bbdefault\u00bb background_color=\u00bb#2B463C\u00bb background_image=\u00bbhttps:\/\/data4circ.eu\/wp-content\/uploads\/2025\/01\/Data4circ-background-web.png\u00bb background_position=\u00bbtop_right\u00bb custom_padding=\u00bb50px||50px||true|false\u00bb custom_padding_tablet=\u00bb40px||40px||true|false\u00bb custom_padding_phone=\u00bb30px||30px||true|false\u00bb global_colors_info=\u00bb{}\u00bb][et_pb_row column_structure=\u00bb2_5,3_5&#8243; _builder_version=\u00bb4.27.4&#8243; _module_preset=\u00bbdefault\u00bb global_colors_info=\u00bb{}\u00bb][et_pb_column type=\u00bb2_5&#8243; _builder_version=\u00bb4.27.4&#8243; _module_preset=\u00bbdefault\u00bb global_colors_info=\u00bb{}\u00bb][et_pb_text _builder_version=\u00bb4.27.4&#8243; _module_preset=\u00bbdefault\u00bb text_text_color=\u00bb#8FD9C0&#8243; global_colors_info=\u00bb{}\u00bb]<\/p>\n<h1><strong>Comunicados de prensa<\/strong><\/h1>\n<p>&nbsp;<\/p>\n<p>&nbsp;<\/p>\n<p>[\/et_pb_text][\/et_pb_column][et_pb_column type=\u00bb3_5&#8243; _builder_version=\u00bb4.27.4&#8243; _module_preset=\u00bbdefault\u00bb global_colors_info=\u00bb{}\u00bb][\/et_pb_column][\/et_pb_row][et_pb_row column_structure=\u00bb1_5,1_5,1_5,1_5,1_5&#8243; use_custom_gutter=\u00bbon\u00bb gutter_width=\u00bb1&#8243; make_equal=\u00bbon\u00bb disabled_on=\u00bboff|off|off\u00bb _builder_version=\u00bb4.27.4&#8243; _module_preset=\u00bbdefault\u00bb background_color=\u00bb#FFFFFF\u00bb width=\u00bb100%\u00bb custom_padding=\u00bb0px||0px||true|false\u00bb global_colors_info=\u00bb{}\u00bb locked=\u00bboff\u00bb][et_pb_column type=\u00bb1_5&#8243; _builder_version=\u00bb4.27.4&#8243; _module_preset=\u00bbdefault\u00bb background_color=\u00bb#8FD9C0&#8243; background_enable_image=\u00bboff\u00bb background_position=\u00bbtop_right\u00bb custom_padding=\u00bb0px|0px|0px|0px|true|true\u00bb border_width_all=\u00bb15px\u00bb border_color_all=\u00bb#8FD9C0&#8243; global_colors_info=\u00bb{}\u00bb][\/et_pb_column][et_pb_column type=\u00bb1_5&#8243; _builder_version=\u00bb4.27.4&#8243; _module_preset=\u00bbdefault\u00bb background_color=\u00bb#8FD9C0&#8243; background_enable_image=\u00bboff\u00bb background_position=\u00bbtop_right\u00bb custom_padding=\u00bb0px|0px|0px|0px|true|true\u00bb border_width_all=\u00bb15px\u00bb border_color_all=\u00bb#8FD9C0&#8243; global_colors_info=\u00bb{}\u00bb][\/et_pb_column][et_pb_column type=\u00bb1_5&#8243; _builder_version=\u00bb4.27.4&#8243; _module_preset=\u00bbdefault\u00bb background_color=\u00bb#8FD9C0&#8243; background_enable_image=\u00bboff\u00bb background_position=\u00bbtop_right\u00bb custom_padding=\u00bb0px|0px|0px|0px|true|true\u00bb border_width_all=\u00bb15px\u00bb border_color_all=\u00bb#8FD9C0&#8243; global_colors_info=\u00bb{}\u00bb][et_pb_image src=\u00bbhttps:\/\/data4circ.eu\/wp-content\/uploads\/2025\/10\/202510_DATA4CIRC_Press-Release-October-2025-pdf.jpg\u00bb _builder_version=\u00bb4.27.4&#8243; _module_preset=\u00bbdefault\u00bb title_text=\u00bb202510_DATA4CIRC_Comunicado de prensa octubre 2025&#8243; hover_enabled=\u00bb0&#8243; sticky_enabled=\u00bb0&#8243; url=\u00bbhttps:\/\/data4circ.eu\/wp-content\/uploads\/2025\/10\/202510_DATA4CIRC_Press-Release-October-2025.pdf\u00bb][\/et_pb_image][et_pb_text _builder_version=\u00bb4.27.4&#8243; _module_preset=\u00bbdefault\u00bb text_text_color=\u00bb#2B463C\u00bb header_text_align=\u00bbcenter\u00bb header_2_font=\u00bb|&#8211;et_global_heading_font_weight|||||||\u00bb background_color=\u00bb#8FD9C0&#8243; custom_padding=\u00bb20px|20px|20px|20px|true|true\u00bb custom_padding_tablet=\u00bb50px|50px|50px|50px|true|true\u00bb custom_padding_phone=\u00bb0px|25px|0px|25px|true|true\u00bb custom_padding_last_edited=\u00bbon|phone\u00bb link_option_url=\u00bbhttps:\/\/data4circ.eu\/wp-content\/uploads\/2025\/10\/202510_DATA4CIRC_Press-Release-October-2025.pdf\u00bb link_option_url_new_window=\u00bbon\u00bb hover_enabled=\u00bb0&#8243; border_width_all=\u00bb3px\u00bb border_color_all=\u00bb#00AA78&#8243; global_colors_info=\u00bb{}\u00bb sticky_enabled=\u00bb0&#8243;]<\/p>\n<p style=\"text-align: justify;\"><strong>23.10.2025<\/strong> DATA4CIRC celebra con \u00e9xito un seminario web multiproyecto sobre Pasaportes Digitales de Producto.<\/p>\n<p style=\"text-align: justify;\"><strong>Haz clic aqu\u00ed<\/strong> para ver el comunicado de prensa completo.<\/p>\n<p>[\/et_pb_text][\/et_pb_column][et_pb_column type=\u00bb1_5&#8243; _builder_version=\u00bb4.27.4&#8243; _module_preset=\u00bbdefault\u00bb background_color=\u00bb#8FD9C0&#8243; background_enable_image=\u00bboff\u00bb background_position=\u00bbtop_right\u00bb custom_padding=\u00bb0px|0px|0px|0px|true|true\u00bb border_width_all=\u00bb15px\u00bb border_color_all=\u00bb#8FD9C0&#8243; global_colors_info=\u00bb{}\u00bb][\/et_pb_column][et_pb_column type=\u00bb1_5&#8243; _builder_version=\u00bb4.27.4&#8243; _module_preset=\u00bbdefault\u00bb background_color=\u00bb#8FD9C0&#8243; background_enable_image=\u00bboff\u00bb background_position=\u00bbtop_right\u00bb custom_padding=\u00bb0px|0px|0px|0px|true|true\u00bb border_width_all=\u00bb15px\u00bb border_color_all=\u00bb#8FD9C0&#8243; global_colors_info=\u00bb{}\u00bb][\/et_pb_column][\/et_pb_row][\/et_pb_section][et_pb_section fb_built=\u00bb1&#8243; _builder_version=\u00bb4.27.4&#8243; _module_preset=\u00bbdefault\u00bb custom_padding=\u00bb0px||0px||true|false\u00bb global_colors_info=\u00bb{}\u00bb][\/et_pb_section][et_pb_section fb_built=\u00bb1&#8243; _builder_version=\u00bb4.27.4&#8243; _module_preset=\u00bbdefault\u00bb background_color=\u00bb#2B463C\u00bb background_image=\u00bbhttps:\/\/data4circ.eu\/wp-content\/uploads\/2025\/01\/Data4circ-background-03-web.png\u00bb background_position=\u00bbcenter_left\u00bb custom_padding=\u00bb50px||50px||true|false\u00bb global_colors_info=\u00bb{}\u00bb][et_pb_row _builder_version=\u00bb4.27.4&#8243; _module_preset=\u00bbdefault\u00bb locked=\u00bboff\u00bb global_colors_info=\u00bb{}\u00bb][et_pb_column type=\u00bb4_4&#8243; _builder_version=\u00bb4.27.4&#8243; _module_preset=\u00bbdefault\u00bb global_colors_info=\u00bb{}\u00bb][et_pb_text _builder_version=\u00bb4.27.4&#8243; _module_preset=\u00bbdefault\u00bb text_text_color=\u00bb#8FD9C0&#8243; text_orientation=\u00bbcenter\u00bb global_colors_info=\u00bb{}\u00bb]<\/p>\n<h2>\u00a1\u00danete a nosotros en nuestro viaje hacia un futuro m\u00e1s ecol\u00f3gico e inteligente en la fabricaci\u00f3n!<\/h2>\n<p>[\/et_pb_text][\/et_pb_column][\/et_pb_row][\/et_pb_section]<\/p>\n","protected":false},"excerpt":{"rendered":"<p>Comunicados de prensa &nbsp; &nbsp;23.10.2025 DATA4CIRC celebra con \u00e9xito un seminario web multiproyecto sobre Pasaportes Digitales de Producto. Haz clic aqu\u00ed para ver el comunicado de prensa completo.\u00a1\u00danete a nosotros en nuestro viaje hacia un futuro m\u00e1s ecol\u00f3gico e inteligente en la fabricaci\u00f3n!<\/p>\n","protected":false},"author":1,"featured_media":0,"parent":1984,"menu_order":0,"comment_status":"closed","ping_status":"closed","template":"","meta":{"_et_pb_use_builder":"on","_et_pb_old_content":"","_et_gb_content_width":"","footnotes":""},"class_list":["post-2250","page","type-page","status-publish","hentry"],"yoast_head":"<!-- This site is optimized with the Yoast SEO plugin v27.1.1 - https:\/\/yoast.com\/product\/yoast-seo-wordpress\/ -->\n<title>Comunicados de prensa - data4circ.eu<\/title>\n<meta name=\"robots\" content=\"index, follow, max-snippet:-1, max-image-preview:large, max-video-preview:-1\" \/>\n<link rel=\"canonical\" href=\"https:\/\/data4circ.eu\/es\/noticias-y-medios-de-comunicacion\/comunicados-de-prensa\/\" \/>\n<meta property=\"og:locale\" content=\"es_ES\" \/>\n<meta property=\"og:type\" content=\"article\" \/>\n<meta property=\"og:title\" content=\"Comunicados de prensa - data4circ.eu\" \/>\n<meta property=\"og:description\" content=\"Comunicados de prensa &nbsp; &nbsp;23.10.2025 DATA4CIRC celebra con \u00e9xito un seminario web multiproyecto sobre Pasaportes Digitales de Producto. Haz clic aqu\u00ed para ver el comunicado de prensa completo.\u00a1\u00danete a nosotros en nuestro viaje hacia un futuro m\u00e1s ecol\u00f3gico e inteligente en la fabricaci\u00f3n!\" \/>\n<meta property=\"og:url\" content=\"https:\/\/data4circ.eu\/es\/noticias-y-medios-de-comunicacion\/comunicados-de-prensa\/\" \/>\n<meta property=\"og:site_name\" content=\"data4circ.eu\" \/>\n<meta property=\"article:modified_time\" content=\"2026-02-19T18:08:19+00:00\" \/>\n<meta name=\"twitter:card\" content=\"summary_large_image\" \/>\n<meta name=\"twitter:label1\" content=\"Tiempo de lectura\" \/>\n\t<meta name=\"twitter:data1\" content=\"3 minutos\" \/>\n<script type=\"application\/ld+json\" class=\"yoast-schema-graph\">{\"@context\":\"https:\/\/schema.org\",\"@graph\":[{\"@type\":\"WebPage\",\"@id\":\"https:\/\/data4circ.eu\/es\/noticias-y-medios-de-comunicacion\/comunicados-de-prensa\/\",\"url\":\"https:\/\/data4circ.eu\/es\/noticias-y-medios-de-comunicacion\/comunicados-de-prensa\/\",\"name\":\"Comunicados de prensa - data4circ.eu\",\"isPartOf\":{\"@id\":\"https:\/\/data4circ.eu\/es\/#website\"},\"datePublished\":\"2025-02-11T15:50:41+00:00\",\"dateModified\":\"2026-02-19T18:08:19+00:00\",\"breadcrumb\":{\"@id\":\"https:\/\/data4circ.eu\/es\/noticias-y-medios-de-comunicacion\/comunicados-de-prensa\/#breadcrumb\"},\"inLanguage\":\"es\",\"potentialAction\":[{\"@type\":\"ReadAction\",\"target\":[\"https:\/\/data4circ.eu\/es\/noticias-y-medios-de-comunicacion\/comunicados-de-prensa\/\"]}]},{\"@type\":\"BreadcrumbList\",\"@id\":\"https:\/\/data4circ.eu\/es\/noticias-y-medios-de-comunicacion\/comunicados-de-prensa\/#breadcrumb\",\"itemListElement\":[{\"@type\":\"ListItem\",\"position\":1,\"name\":\"Home\",\"item\":\"https:\/\/data4circ.eu\/es\/inicio\/\"},{\"@type\":\"ListItem\",\"position\":2,\"name\":\"Noticias y medios de comunicaci\u00f3n\",\"item\":\"https:\/\/data4circ.eu\/es\/noticias-y-medios-de-comunicacion\/\"},{\"@type\":\"ListItem\",\"position\":3,\"name\":\"Comunicados de prensa\"}]},{\"@type\":\"WebSite\",\"@id\":\"https:\/\/data4circ.eu\/es\/#website\",\"url\":\"https:\/\/data4circ.eu\/es\/\",\"name\":\"data4circ.eu\",\"description\":\"eco-friendly digital solutions and data sharing\",\"potentialAction\":[{\"@type\":\"SearchAction\",\"target\":{\"@type\":\"EntryPoint\",\"urlTemplate\":\"https:\/\/data4circ.eu\/es\/?s={search_term_string}\"},\"query-input\":{\"@type\":\"PropertyValueSpecification\",\"valueRequired\":true,\"valueName\":\"search_term_string\"}}],\"inLanguage\":\"es\"}]}<\/script>\n<!-- \/ Yoast SEO plugin. -->","yoast_head_json":{"title":"Comunicados de prensa - data4circ.eu","robots":{"index":"index","follow":"follow","max-snippet":"max-snippet:-1","max-image-preview":"max-image-preview:large","max-video-preview":"max-video-preview:-1"},"canonical":"https:\/\/data4circ.eu\/es\/noticias-y-medios-de-comunicacion\/comunicados-de-prensa\/","og_locale":"es_ES","og_type":"article","og_title":"Comunicados de prensa - data4circ.eu","og_description":"Comunicados de prensa &nbsp; &nbsp;23.10.2025 DATA4CIRC celebra con \u00e9xito un seminario web multiproyecto sobre Pasaportes Digitales de Producto. Haz clic aqu\u00ed para ver el comunicado de prensa completo.\u00a1\u00danete a nosotros en nuestro viaje hacia un futuro m\u00e1s ecol\u00f3gico e inteligente en la fabricaci\u00f3n!","og_url":"https:\/\/data4circ.eu\/es\/noticias-y-medios-de-comunicacion\/comunicados-de-prensa\/","og_site_name":"data4circ.eu","article_modified_time":"2026-02-19T18:08:19+00:00","twitter_card":"summary_large_image","twitter_misc":{"Tiempo de lectura":"3 minutos"},"schema":{"@context":"https:\/\/schema.org","@graph":[{"@type":"WebPage","@id":"https:\/\/data4circ.eu\/es\/noticias-y-medios-de-comunicacion\/comunicados-de-prensa\/","url":"https:\/\/data4circ.eu\/es\/noticias-y-medios-de-comunicacion\/comunicados-de-prensa\/","name":"Comunicados de prensa - data4circ.eu","isPartOf":{"@id":"https:\/\/data4circ.eu\/es\/#website"},"datePublished":"2025-02-11T15:50:41+00:00","dateModified":"2026-02-19T18:08:19+00:00","breadcrumb":{"@id":"https:\/\/data4circ.eu\/es\/noticias-y-medios-de-comunicacion\/comunicados-de-prensa\/#breadcrumb"},"inLanguage":"es","potentialAction":[{"@type":"ReadAction","target":["https:\/\/data4circ.eu\/es\/noticias-y-medios-de-comunicacion\/comunicados-de-prensa\/"]}]},{"@type":"BreadcrumbList","@id":"https:\/\/data4circ.eu\/es\/noticias-y-medios-de-comunicacion\/comunicados-de-prensa\/#breadcrumb","itemListElement":[{"@type":"ListItem","position":1,"name":"Home","item":"https:\/\/data4circ.eu\/es\/inicio\/"},{"@type":"ListItem","position":2,"name":"Noticias y medios de comunicaci\u00f3n","item":"https:\/\/data4circ.eu\/es\/noticias-y-medios-de-comunicacion\/"},{"@type":"ListItem","position":3,"name":"Comunicados de prensa"}]},{"@type":"WebSite","@id":"https:\/\/data4circ.eu\/es\/#website","url":"https:\/\/data4circ.eu\/es\/","name":"data4circ.eu","description":"eco-friendly digital solutions and data sharing","potentialAction":[{"@type":"SearchAction","target":{"@type":"EntryPoint","urlTemplate":"https:\/\/data4circ.eu\/es\/?s={search_term_string}"},"query-input":{"@type":"PropertyValueSpecification","valueRequired":true,"valueName":"search_term_string"}}],"inLanguage":"es"}]}},"_links":{"self":[{"href":"https:\/\/data4circ.eu\/es\/wp-json\/wp\/v2\/pages\/2250","targetHints":{"allow":["GET"]}}],"collection":[{"href":"https:\/\/data4circ.eu\/es\/wp-json\/wp\/v2\/pages"}],"about":[{"href":"https:\/\/data4circ.eu\/es\/wp-json\/wp\/v2\/types\/page"}],"author":[{"embeddable":true,"href":"https:\/\/data4circ.eu\/es\/wp-json\/wp\/v2\/users\/1"}],"replies":[{"embeddable":true,"href":"https:\/\/data4circ.eu\/es\/wp-json\/wp\/v2\/comments?post=2250"}],"version-history":[{"count":3,"href":"https:\/\/data4circ.eu\/es\/wp-json\/wp\/v2\/pages\/2250\/revisions"}],"predecessor-version":[{"id":2253,"href":"https:\/\/data4circ.eu\/es\/wp-json\/wp\/v2\/pages\/2250\/revisions\/2253"}],"up":[{"embeddable":true,"href":"https:\/\/data4circ.eu\/es\/wp-json\/wp\/v2\/pages\/1984"}],"wp:attachment":[{"href":"https:\/\/data4circ.eu\/es\/wp-json\/wp\/v2\/media?parent=2250"}],"curies":[{"name":"wp","href":"https:\/\/api.w.org\/{rel}","templated":true}]}}