{"id":2138,"date":"2025-02-11T16:49:56","date_gmt":"2025-02-11T15:49:56","guid":{"rendered":"https:\/\/data4circ.eu\/noticias-y-medios-de-comunicacion\/eventos\/"},"modified":"2026-02-19T18:58:26","modified_gmt":"2026-02-19T17:58:26","slug":"eventos","status":"publish","type":"page","link":"https:\/\/data4circ.eu\/es\/noticias-y-medios-de-comunicacion\/eventos\/","title":{"rendered":"Eventos"},"content":{"rendered":"<p>[et_pb_section fb_built=\u00bb1&#8243; custom_padding_last_edited=\u00bbon|phone\u00bb _builder_version=\u00bb4.27.4&#8243; _module_preset=\u00bbdefault\u00bb background_color=\u00bb#2B463C\u00bb background_image=\u00bbhttps:\/\/data4circ.eu\/wp-content\/uploads\/2025\/01\/Data4circ-background-web.png\u00bb background_position=\u00bbtop_right\u00bb custom_padding=\u00bb50px||50px||true|false\u00bb custom_padding_tablet=\u00bb40px||40px||true|false\u00bb custom_padding_phone=\u00bb30px||30px||true|false\u00bb global_colors_info=\u00bb{}\u00bb][et_pb_row column_structure=\u00bb2_5,3_5&#8243; _builder_version=\u00bb4.27.4&#8243; _module_preset=\u00bbdefault\u00bb global_colors_info=\u00bb{}\u00bb][et_pb_column type=\u00bb2_5&#8243; _builder_version=\u00bb4.27.4&#8243; _module_preset=\u00bbdefault\u00bb global_colors_info=\u00bb{}\u00bb][et_pb_text _builder_version=\u00bb4.27.4&#8243; _module_preset=\u00bbdefault\u00bb text_text_color=\u00bb#8FD9C0&#8243; global_colors_info=\u00bb{}\u00bb]<\/p>\n<h1><strong>Eventos<\/strong><\/h1>\n<p>\u00a1Descubre d\u00f3nde est\u00e1 teniendo impacto DATA4CIRC! Explora nuestros eventos para conectar con expertos, intercambiar ideas y aprender c\u00f3mo los datos est\u00e1n impulsando la transici\u00f3n hacia una econom\u00eda circular. Tanto si organizamos conferencias, talleres o sesiones de networking, como si contribuimos a ellos, nuestros eventos son oportunidades abiertas para participar, colaborar y dar forma al futuro juntos.  <\/p>\n<p>[\/et_pb_text][\/et_pb_column][et_pb_column type=\u00bb3_5&#8243; _builder_version=\u00bb4.27.4&#8243; _module_preset=\u00bbdefault\u00bb global_colors_info=\u00bb{}\u00bb][\/et_pb_column][\/et_pb_row][\/et_pb_section][et_pb_section fb_built=\u00bb1&#8243; _builder_version=\u00bb4.27.4&#8243; _module_preset=\u00bbdefault\u00bb background_color=\u00bbgcid-secondary-color\u00bb custom_padding=\u00bb0px||0px||true|false\u00bb global_colors_info=\u00bb{%22gcid-secondary-color%22:%91%22background_color%22%93}\u00bb][et_pb_row column_structure=\u00bb1_5,1_5,1_5,1_5,1_5&#8243; use_custom_gutter=\u00bbon\u00bb gutter_width=\u00bb1&#8243; make_equal=\u00bbon\u00bb disabled_on=\u00bboff|off|off\u00bb _builder_version=\u00bb4.27.4&#8243; _module_preset=\u00bbdefault\u00bb background_color=\u00bb#FFFFFF\u00bb width=\u00bb100%\u00bb custom_padding=\u00bb0px||0px||true|false\u00bb global_colors_info=\u00bb{}\u00bb][et_pb_column type=\u00bb1_5&#8243; _builder_version=\u00bb4.27.4&#8243; _module_preset=\u00bbdefault\u00bb background_color=\u00bb#8FD9C0&#8243; background_enable_image=\u00bboff\u00bb background_position=\u00bbtop_right\u00bb custom_padding=\u00bb0px|0px|0px|0px|true|true\u00bb border_width_all=\u00bb15px\u00bb border_color_all=\u00bb#8FD9C0&#8243; global_colors_info=\u00bb{}\u00bb][\/et_pb_column][et_pb_column type=\u00bb1_5&#8243; _builder_version=\u00bb4.27.4&#8243; _module_preset=\u00bbdefault\u00bb background_color=\u00bb#8FD9C0&#8243; background_enable_image=\u00bboff\u00bb background_position=\u00bbtop_right\u00bb custom_padding=\u00bb0px|0px|0px|0px|true|true\u00bb border_width_all=\u00bb15px\u00bb border_color_all=\u00bb#8FD9C0&#8243; global_colors_info=\u00bb{}\u00bb][\/et_pb_column][et_pb_column type=\u00bb1_5&#8243; _builder_version=\u00bb4.27.4&#8243; _module_preset=\u00bbdefault\u00bb background_color=\u00bb#8FD9C0&#8243; background_enable_image=\u00bboff\u00bb background_position=\u00bbtop_right\u00bb custom_padding=\u00bb0px|0px|0px|0px|true|true\u00bb border_width_all=\u00bb15px\u00bb border_color_all=\u00bb#8FD9C0&#8243; global_colors_info=\u00bb{}\u00bb][et_pb_image src=\u00bbhttps:\/\/data4circ.eu\/wp-content\/uploads\/2025\/01\/Data4circ_logo_full_reversed-b250.png\u00bb title_text=\u00bbData4circ_logo_full_reversed b250&#8243; url_new_window=\u00bbon\u00bb align=\u00bbcenter\u00bb force_fullwidth=\u00bbon\u00bb _builder_version=\u00bb4.27.4&#8243; _module_preset=\u00bbdefault\u00bb border_width_all=\u00bb3px\u00bb border_color_all=\u00bb#00AA78&#8243; global_colors_info=\u00bb{}\u00bb][\/et_pb_image][et_pb_image src=\u00bbhttps:\/\/data4circ.eu\/wp-content\/uploads\/2025\/09\/Digital-Product-Passports.jpg\u00bb alt=\u00bbPublicidad gr\u00e1fica DATA4CIRC se une al Proyecto RecAL para presentar un seminario web conjunto en el que se ofrecen perspectivas sobre los DPP de distintos proyectos de la UE, incluidos el proyecto COMPASS y el proyecto CIRPASS-2&#8243; title_text=\u00bbWebinar conjunto sobre pasaportes de productos digitales\u00bb url_new_window=\u00bbon\u00bb _builder_version=\u00bb4.27.4&#8243; _module_preset=\u00bbdefault\u00bb global_colors_info=\u00bb{}\u00bb][\/et_pb_image][et_pb_text _builder_version=\u00bb4.27.4&#8243; _module_preset=\u00bbdefault\u00bb text_text_color=\u00bb#2B463C\u00bb header_text_align=\u00bbcenter\u00bb header_2_font=\u00bb|&#8211;et_global_heading_font_weight|||||||\u00bb background_color=\u00bb#8FD9C0&#8243; custom_padding=\u00bb20px|20px|20px|20px|true|true\u00bb custom_padding_tablet=\u00bb50px|50px|50px|50px|true|true\u00bb custom_padding_phone=\u00bb0px|25px|0px|25px|true|true\u00bb custom_padding_last_edited=\u00bbon|phone\u00bb link_option_url=\u00bbwww.data4circ.eu\/news-media\/videos\u00bb link_option_url_new_window=\u00bbon\u00bb border_width_all=\u00bb3px\u00bb border_color_all=\u00bb#00AA78&#8243; global_colors_info=\u00bb{}\u00bb]<\/p>\n<p style=\"text-align: justify;\">DATA4CIRC se uni\u00f3 al Proyecto RecAL para presentar un seminario web conjunto en el que se ofreci\u00f3 informaci\u00f3n sobre los DPP de distintos proyectos de investigaci\u00f3n financiados por la UE, entre ellos el proyecto COMPASS y el proyecto CIRPASS-2.  <strong>Haz clic aqu\u00ed para ver el v\u00eddeo.<\/strong><\/p>\n<p style=\"text-align: justify;\"><strong><\/strong><\/p>\n<h2 style=\"text-align: center;\">Inscripci\u00f3n cerrada<\/h2>\n<p>[\/et_pb_text][et_pb_button button_url=\u00bbhttps:\/\/data4circ.eu\/wp-content\/uploads\/2025\/10\/20251021_Digital-Product-Passports-EU-Research-Webinar-Programme-RecAL-DATA4CIRC_FINAL_WL.pdf\u00bb button_text=\u00bbVer Programa\u00bb button_alignment=\u00bbcenter\u00bb _builder_version=\u00bb4.27.4&#8243; _module_preset=\u00bbdefault\u00bb custom_button=\u00bbon\u00bb button_text_size=\u00bb20px\u00bb button_text_color=\u00bb#FFFFFF\u00bb button_bg_color=\u00bb#00AA78&#8243; button_border_radius=\u00bb25px\u00bb button_icon=\u00bb&#x3d;||divi||400&#8243; button_icon_color=\u00bb#FFFFFF\u00bb background_layout=\u00bbdark\u00bb locked=\u00bboff\u00bb global_colors_info=\u00bb{}\u00bb][\/et_pb_button][\/et_pb_column][et_pb_column type=\u00bb1_5&#8243; _builder_version=\u00bb4.27.4&#8243; _module_preset=\u00bbdefault\u00bb background_color=\u00bb#8FD9C0&#8243; background_enable_image=\u00bboff\u00bb background_position=\u00bbtop_right\u00bb custom_padding=\u00bb0px|0px|0px|0px|true|true\u00bb border_width_all=\u00bb15px\u00bb border_color_all=\u00bb#8FD9C0&#8243; global_colors_info=\u00bb{}\u00bb][\/et_pb_column][et_pb_column type=\u00bb1_5&#8243; _builder_version=\u00bb4.27.4&#8243; _module_preset=\u00bbdefault\u00bb background_color=\u00bb#8FD9C0&#8243; background_enable_image=\u00bboff\u00bb background_position=\u00bbtop_right\u00bb custom_padding=\u00bb0px|0px|0px|0px|true|true\u00bb border_width_all=\u00bb15px\u00bb border_color_all=\u00bb#8FD9C0&#8243; global_colors_info=\u00bb{}\u00bb][\/et_pb_column][\/et_pb_row][\/et_pb_section][et_pb_section fb_built=\u00bb1&#8243; _builder_version=\u00bb4.27.4&#8243; _module_preset=\u00bbdefault\u00bb background_color=\u00bb#2B463C\u00bb background_image=\u00bbhttps:\/\/data4circ.eu\/wp-content\/uploads\/2025\/01\/Data4circ-background-03-web.png\u00bb background_position=\u00bbcenter_left\u00bb custom_padding=\u00bb50px||50px||true|false\u00bb global_colors_info=\u00bb{}\u00bb][et_pb_row _builder_version=\u00bb4.27.4&#8243; _module_preset=\u00bbdefault\u00bb locked=\u00bboff\u00bb global_colors_info=\u00bb{}\u00bb][et_pb_column type=\u00bb4_4&#8243; _builder_version=\u00bb4.27.4&#8243; _module_preset=\u00bbdefault\u00bb global_colors_info=\u00bb{}\u00bb][et_pb_text _builder_version=\u00bb4.27.4&#8243; _module_preset=\u00bbdefault\u00bb text_text_color=\u00bb#8FD9C0&#8243; text_orientation=\u00bbcenter\u00bb global_colors_info=\u00bb{}\u00bb]<\/p>\n<h2>\u00a1\u00danete a nosotros en nuestro viaje hacia un futuro m\u00e1s ecol\u00f3gico e inteligente en la fabricaci\u00f3n!<\/h2>\n<p>[\/et_pb_text][\/et_pb_column][\/et_pb_row][\/et_pb_section]<\/p>\n","protected":false},"excerpt":{"rendered":"<p>Eventos \u00a1Descubre d\u00f3nde est\u00e1 teniendo impacto DATA4CIRC! Explora nuestros eventos para conectar con expertos, intercambiar ideas y aprender c\u00f3mo los datos est\u00e1n impulsando la transici\u00f3n hacia una econom\u00eda circular. Tanto si organizamos conferencias, talleres o sesiones de networking, como si contribuimos a ellos, nuestros eventos son oportunidades abiertas para participar, colaborar y dar forma al [&hellip;]<\/p>\n","protected":false},"author":1,"featured_media":0,"parent":1984,"menu_order":0,"comment_status":"closed","ping_status":"closed","template":"","meta":{"_et_pb_use_builder":"on","_et_pb_old_content":"","_et_gb_content_width":"","footnotes":""},"class_list":["post-2138","page","type-page","status-publish","hentry"],"yoast_head":"<!-- This site is optimized with the Yoast SEO plugin v27.1.1 - https:\/\/yoast.com\/product\/yoast-seo-wordpress\/ -->\n<title>Eventos - data4circ.eu<\/title>\n<meta name=\"robots\" content=\"index, follow, max-snippet:-1, max-image-preview:large, max-video-preview:-1\" \/>\n<link rel=\"canonical\" href=\"https:\/\/data4circ.eu\/es\/noticias-y-medios-de-comunicacion\/eventos\/\" \/>\n<meta property=\"og:locale\" content=\"es_ES\" \/>\n<meta property=\"og:type\" content=\"article\" \/>\n<meta property=\"og:title\" content=\"Eventos - data4circ.eu\" \/>\n<meta property=\"og:description\" content=\"Eventos \u00a1Descubre d\u00f3nde est\u00e1 teniendo impacto DATA4CIRC! Explora nuestros eventos para conectar con expertos, intercambiar ideas y aprender c\u00f3mo los datos est\u00e1n impulsando la transici\u00f3n hacia una econom\u00eda circular. Tanto si organizamos conferencias, talleres o sesiones de networking, como si contribuimos a ellos, nuestros eventos son oportunidades abiertas para participar, colaborar y dar forma al [&hellip;]\" \/>\n<meta property=\"og:url\" content=\"https:\/\/data4circ.eu\/es\/noticias-y-medios-de-comunicacion\/eventos\/\" \/>\n<meta property=\"og:site_name\" content=\"data4circ.eu\" \/>\n<meta property=\"article:modified_time\" content=\"2026-02-19T17:58:26+00:00\" \/>\n<meta name=\"twitter:card\" content=\"summary_large_image\" \/>\n<meta name=\"twitter:label1\" content=\"Tiempo de lectura\" \/>\n\t<meta name=\"twitter:data1\" content=\"5 minutos\" \/>\n<script type=\"application\/ld+json\" class=\"yoast-schema-graph\">{\"@context\":\"https:\/\/schema.org\",\"@graph\":[{\"@type\":\"WebPage\",\"@id\":\"https:\/\/data4circ.eu\/es\/noticias-y-medios-de-comunicacion\/eventos\/\",\"url\":\"https:\/\/data4circ.eu\/es\/noticias-y-medios-de-comunicacion\/eventos\/\",\"name\":\"Eventos - data4circ.eu\",\"isPartOf\":{\"@id\":\"https:\/\/data4circ.eu\/es\/#website\"},\"datePublished\":\"2025-02-11T15:49:56+00:00\",\"dateModified\":\"2026-02-19T17:58:26+00:00\",\"breadcrumb\":{\"@id\":\"https:\/\/data4circ.eu\/es\/noticias-y-medios-de-comunicacion\/eventos\/#breadcrumb\"},\"inLanguage\":\"es\",\"potentialAction\":[{\"@type\":\"ReadAction\",\"target\":[\"https:\/\/data4circ.eu\/es\/noticias-y-medios-de-comunicacion\/eventos\/\"]}]},{\"@type\":\"BreadcrumbList\",\"@id\":\"https:\/\/data4circ.eu\/es\/noticias-y-medios-de-comunicacion\/eventos\/#breadcrumb\",\"itemListElement\":[{\"@type\":\"ListItem\",\"position\":1,\"name\":\"Home\",\"item\":\"https:\/\/data4circ.eu\/es\/inicio\/\"},{\"@type\":\"ListItem\",\"position\":2,\"name\":\"Noticias y medios de comunicaci\u00f3n\",\"item\":\"https:\/\/data4circ.eu\/es\/noticias-y-medios-de-comunicacion\/\"},{\"@type\":\"ListItem\",\"position\":3,\"name\":\"Eventos\"}]},{\"@type\":\"WebSite\",\"@id\":\"https:\/\/data4circ.eu\/es\/#website\",\"url\":\"https:\/\/data4circ.eu\/es\/\",\"name\":\"data4circ.eu\",\"description\":\"eco-friendly digital solutions and data sharing\",\"potentialAction\":[{\"@type\":\"SearchAction\",\"target\":{\"@type\":\"EntryPoint\",\"urlTemplate\":\"https:\/\/data4circ.eu\/es\/?s={search_term_string}\"},\"query-input\":{\"@type\":\"PropertyValueSpecification\",\"valueRequired\":true,\"valueName\":\"search_term_string\"}}],\"inLanguage\":\"es\"}]}<\/script>\n<!-- \/ Yoast SEO plugin. -->","yoast_head_json":{"title":"Eventos - data4circ.eu","robots":{"index":"index","follow":"follow","max-snippet":"max-snippet:-1","max-image-preview":"max-image-preview:large","max-video-preview":"max-video-preview:-1"},"canonical":"https:\/\/data4circ.eu\/es\/noticias-y-medios-de-comunicacion\/eventos\/","og_locale":"es_ES","og_type":"article","og_title":"Eventos - data4circ.eu","og_description":"Eventos \u00a1Descubre d\u00f3nde est\u00e1 teniendo impacto DATA4CIRC! Explora nuestros eventos para conectar con expertos, intercambiar ideas y aprender c\u00f3mo los datos est\u00e1n impulsando la transici\u00f3n hacia una econom\u00eda circular. Tanto si organizamos conferencias, talleres o sesiones de networking, como si contribuimos a ellos, nuestros eventos son oportunidades abiertas para participar, colaborar y dar forma al [&hellip;]","og_url":"https:\/\/data4circ.eu\/es\/noticias-y-medios-de-comunicacion\/eventos\/","og_site_name":"data4circ.eu","article_modified_time":"2026-02-19T17:58:26+00:00","twitter_card":"summary_large_image","twitter_misc":{"Tiempo de lectura":"5 minutos"},"schema":{"@context":"https:\/\/schema.org","@graph":[{"@type":"WebPage","@id":"https:\/\/data4circ.eu\/es\/noticias-y-medios-de-comunicacion\/eventos\/","url":"https:\/\/data4circ.eu\/es\/noticias-y-medios-de-comunicacion\/eventos\/","name":"Eventos - data4circ.eu","isPartOf":{"@id":"https:\/\/data4circ.eu\/es\/#website"},"datePublished":"2025-02-11T15:49:56+00:00","dateModified":"2026-02-19T17:58:26+00:00","breadcrumb":{"@id":"https:\/\/data4circ.eu\/es\/noticias-y-medios-de-comunicacion\/eventos\/#breadcrumb"},"inLanguage":"es","potentialAction":[{"@type":"ReadAction","target":["https:\/\/data4circ.eu\/es\/noticias-y-medios-de-comunicacion\/eventos\/"]}]},{"@type":"BreadcrumbList","@id":"https:\/\/data4circ.eu\/es\/noticias-y-medios-de-comunicacion\/eventos\/#breadcrumb","itemListElement":[{"@type":"ListItem","position":1,"name":"Home","item":"https:\/\/data4circ.eu\/es\/inicio\/"},{"@type":"ListItem","position":2,"name":"Noticias y medios de comunicaci\u00f3n","item":"https:\/\/data4circ.eu\/es\/noticias-y-medios-de-comunicacion\/"},{"@type":"ListItem","position":3,"name":"Eventos"}]},{"@type":"WebSite","@id":"https:\/\/data4circ.eu\/es\/#website","url":"https:\/\/data4circ.eu\/es\/","name":"data4circ.eu","description":"eco-friendly digital solutions and data sharing","potentialAction":[{"@type":"SearchAction","target":{"@type":"EntryPoint","urlTemplate":"https:\/\/data4circ.eu\/es\/?s={search_term_string}"},"query-input":{"@type":"PropertyValueSpecification","valueRequired":true,"valueName":"search_term_string"}}],"inLanguage":"es"}]}},"_links":{"self":[{"href":"https:\/\/data4circ.eu\/es\/wp-json\/wp\/v2\/pages\/2138","targetHints":{"allow":["GET"]}}],"collection":[{"href":"https:\/\/data4circ.eu\/es\/wp-json\/wp\/v2\/pages"}],"about":[{"href":"https:\/\/data4circ.eu\/es\/wp-json\/wp\/v2\/types\/page"}],"author":[{"embeddable":true,"href":"https:\/\/data4circ.eu\/es\/wp-json\/wp\/v2\/users\/1"}],"replies":[{"embeddable":true,"href":"https:\/\/data4circ.eu\/es\/wp-json\/wp\/v2\/comments?post=2138"}],"version-history":[{"count":3,"href":"https:\/\/data4circ.eu\/es\/wp-json\/wp\/v2\/pages\/2138\/revisions"}],"predecessor-version":[{"id":2141,"href":"https:\/\/data4circ.eu\/es\/wp-json\/wp\/v2\/pages\/2138\/revisions\/2141"}],"up":[{"embeddable":true,"href":"https:\/\/data4circ.eu\/es\/wp-json\/wp\/v2\/pages\/1984"}],"wp:attachment":[{"href":"https:\/\/data4circ.eu\/es\/wp-json\/wp\/v2\/media?parent=2138"}],"curies":[{"name":"wp","href":"https:\/\/api.w.org\/{rel}","templated":true}]}}