{"id":1864,"date":"2025-01-31T10:41:00","date_gmt":"2025-01-31T09:41:00","guid":{"rendered":"https:\/\/data4circ.eu\/acerca-de\/el-proyecto\/casos-practicos\/caso-practico-no-2-revolucionar-la-gestion-de-los-residuos-electronicos-la-cadena-de-valor-circular-de-los-aee\/"},"modified":"2026-02-19T18:42:40","modified_gmt":"2026-02-19T17:42:40","slug":"caso-practico-no-2-revolucionar-la-gestion-de-los-residuos-electronicos-la-cadena-de-valor-circular-de-los-aee","status":"publish","type":"page","link":"https:\/\/data4circ.eu\/es\/acerca-de\/el-proyecto\/casos-practicos\/caso-practico-no-2-revolucionar-la-gestion-de-los-residuos-electronicos-la-cadena-de-valor-circular-de-los-aee\/","title":{"rendered":"Caso pr\u00e1ctico n\u00ba 2: Revolucionar la gesti\u00f3n de los residuos electr\u00f3nicos &#8211; La cadena de valor circular de los AEE"},"content":{"rendered":"<p>[et_pb_section fb_built=\u00bb1&#8243; custom_padding_last_edited=\u00bbon|phone\u00bb _builder_version=\u00bb4.27.4&#8243; _module_preset=\u00bbdefault\u00bb background_color=\u00bb#2B463C\u00bb background_image=\u00bbhttps:\/\/data4circ.eu\/wp-content\/uploads\/2025\/01\/Data4circ-background-web.png\u00bb background_position=\u00bbtop_right\u00bb custom_padding=\u00bb50px||50px||true|false\u00bb custom_padding_tablet=\u00bb40px||40px||true|false\u00bb custom_padding_phone=\u00bb30px||30px||true|false\u00bb global_colors_info=\u00bb{}\u00bb][et_pb_row column_structure=\u00bb2_5,3_5&#8243; _builder_version=\u00bb4.27.4&#8243; _module_preset=\u00bbdefault\u00bb global_colors_info=\u00bb{}\u00bb][et_pb_column type=\u00bb2_5&#8243; _builder_version=\u00bb4.27.4&#8243; _module_preset=\u00bbdefault\u00bb global_colors_info=\u00bb{}\u00bb][et_pb_text _builder_version=\u00bb4.27.4&#8243; _module_preset=\u00bbdefault\u00bb text_text_color=\u00bb#8FD9C0&#8243; global_colors_info=\u00bb{}\u00bb]<\/p>\n<h1><strong>Caso pr\u00e1ctico n\u00ba 2: Reimaginar la gesti\u00f3n de los residuos electr\u00f3nicos &#8211; La cadena de valor circular de los residuos de aparatos el\u00e9ctricos y electr\u00f3nicos (RAEE)  <\/strong><\/h1>\n<p>[\/et_pb_text][\/et_pb_column][et_pb_column type=\u00bb3_5&#8243; _builder_version=\u00bb4.27.4&#8243; _module_preset=\u00bbdefault\u00bb global_colors_info=\u00bb{}\u00bb][\/et_pb_column][\/et_pb_row][\/et_pb_section][et_pb_section fb_built=\u00bb1&#8243; _builder_version=\u00bb4.27.4&#8243; _module_preset=\u00bbdefault\u00bb custom_padding=\u00bb0px||0px||true|false\u00bb global_colors_info=\u00bb{}\u00bb][et_pb_row use_custom_gutter=\u00bbon\u00bb gutter_width=\u00bb1&#8243; make_equal=\u00bbon\u00bb _builder_version=\u00bb4.27.4&#8243; _module_preset=\u00bbdefault\u00bb background_color=\u00bb#8FD9C0&#8243; width=\u00bb100%\u00bb custom_padding=\u00bb0px||0px||true|false\u00bb global_colors_info=\u00bb{}\u00bb][et_pb_column type=\u00bb4_4&#8243; _builder_version=\u00bb4.27.4&#8243; _module_preset=\u00bbdefault\u00bb background_color=\u00bb#8FD9C0&#8243; background_enable_image=\u00bboff\u00bb background_position=\u00bbtop_right\u00bb global_colors_info=\u00bb{}\u00bb][et_pb_text _builder_version=\u00bb4.27.4&#8243; _module_preset=\u00bbdefault\u00bb text_text_color=\u00bb#2B463C\u00bb header_2_font=\u00bb|&#8211;et_global_heading_font_weight|||||||\u00bb custom_padding=\u00bb100px|100px|100px|100px|true|true\u00bb custom_padding_tablet=\u00bb50px|50px|50px|50px|true|true\u00bb custom_padding_phone=\u00bb25px|25px|25px|25px|true|true\u00bb custom_padding_last_edited=\u00bbon|phone\u00bb global_colors_info=\u00bb{}\u00bb]<\/p>\n<p><strong>La Cadena de Valor Circular para los Residuos de Aparatos El\u00e9ctricos y Electr\u00f3nicos (<\/strong> RAEE) est\u00e1 transformando la forma en que gestionamos los residuos electr\u00f3nicos, ampliando el ciclo de vida de los productos electr\u00f3nicos y minimizando al mismo tiempo los residuos electr\u00f3nicos. Este enfoque innovador est\u00e1 dirigido por dos socios clave que trabajan juntos para abordar la generaci\u00f3n y recuperaci\u00f3n de residuos en el sector de los RAEE, <strong><span style=\"text-decoration: underline;\"><a href=\"www.gruppofos.it\"><span style=\"color: #2b463c; text-decoration: underline;\">Grupo FOS<\/span><\/a><\/span><\/strong>y <span style=\"color: #2b463c;\"><strong><span style=\"text-decoration: underline;\"><a href=\"www.ecorecycling.eu\" style=\"color: #2b463c; text-decoration: underline;\">Eco Reciclaje<\/a><\/span>.<\/strong><\/span> <\/p>\n<p><a href=\"www.gruppofos.it\"><strong><span style=\"text-decoration: underline;\"><span style=\"color: #2b463c; text-decoration: underline;\">Centro de reparaci\u00f3n y refabricaci\u00f3n FOS T&amp;G <\/span><\/span><\/strong><\/a>lidera la reparaci\u00f3n de placas electr\u00f3nicas, un proceso que genera residuos, incluidos componentes y materiales defectuosos. En lugar de desechar estos residuos <a href=\"www.ecorecycling.eu\"><strong><span style=\"color: #2b463c;\"><span style=\"text-decoration: underline;\">Eco Reciclaje<\/span> <\/span><\/strong><\/a>los procesa para extraer valiosas materias primas secundarias. Estos materiales se reutilizan para producir nuevos componentes electr\u00f3nicos, creando un sistema de circuito cerrado.  <\/p>\n<p>Al integrar estos procesos, regeneramos materiales valiosos, reducimos el impacto medioambiental de los residuos electr\u00f3nicos y conservamos recursos en la fabricaci\u00f3n de nuevos componentes electr\u00f3nicos. Esta colaboraci\u00f3n se ajusta a los principios de la econom\u00eda circular, promoviendo la reutilizaci\u00f3n, la refabricaci\u00f3n y el reciclaje de componentes electr\u00f3nicos. <\/p>\n<p>Esta iniciativa no s\u00f3lo fomenta la sostenibilidad, sino que tambi\u00e9n mejora la eficacia en el sector de los RAEE.<\/p>\n<p>[\/et_pb_text][et_pb_image src=\u00bbhttps:\/\/data4circ.eu\/wp-content\/uploads\/2025\/02\/AdobeStock_809487985-scaled.jpeg\u00bb title_text=\u00bbCentro de clasificaci\u00f3n de residuos electr\u00f3nicos. Enfoca a los trabajadores desmontando piezas de viejos aparatos electr\u00f3nicos para su reciclaje. \u00bb _builder_version=\u00bb4.27.4&#8243; _module_preset=\u00bbdefault\u00bb width=\u00bb30%\u00bb module_alignment=\u00bbcenter\u00bb custom_margin=\u00bb||30px||false|false\u00bb global_colors_info=\u00bb{}\u00bb][\/et_pb_image][\/et_pb_column][\/et_pb_row][\/et_pb_section][et_pb_section fb_built=\u00bb1&#8243; _builder_version=\u00bb4.27.4&#8243; _module_preset=\u00bbdefault\u00bb background_color=\u00bb#2B463C\u00bb background_image=\u00bbhttps:\/\/data4circ.eu\/wp-content\/uploads\/2025\/01\/Data4circ-background-03-web.png\u00bb background_position=\u00bbcenter_left\u00bb custom_padding=\u00bb50px||50px||true|false\u00bb global_colors_info=\u00bb{}\u00bb][et_pb_row _builder_version=\u00bb4.27.4&#8243; _module_preset=\u00bbdefault\u00bb global_colors_info=\u00bb{}\u00bb][et_pb_column type=\u00bb4_4&#8243; _builder_version=\u00bb4.27.4&#8243; _module_preset=\u00bbdefault\u00bb global_colors_info=\u00bb{}\u00bb][et_pb_text _builder_version=\u00bb4.27.4&#8243; _module_preset=\u00bbdefault\u00bb text_text_color=\u00bb#8FD9C0&#8243; text_orientation=\u00bbcenter\u00bb global_colors_info=\u00bb{}\u00bb]<\/p>\n<h2>\u00a1\u00danete a nosotros en nuestro viaje hacia un futuro m\u00e1s ecol\u00f3gico e inteligente en la fabricaci\u00f3n!<\/h2>\n<p>[\/et_pb_text][\/et_pb_column][\/et_pb_row][\/et_pb_section]<\/p>\n","protected":false},"excerpt":{"rendered":"<p>Caso pr\u00e1ctico n\u00ba 2: Reimaginar la gesti\u00f3n de los residuos electr\u00f3nicos &#8211; La cadena de valor circular de los residuos de aparatos el\u00e9ctricos y electr\u00f3nicos (RAEE) La Cadena de Valor Circular para los Residuos de Aparatos El\u00e9ctricos y Electr\u00f3nicos ( RAEE) est\u00e1 transformando la forma en que gestionamos los residuos electr\u00f3nicos, ampliando el ciclo de [&hellip;]<\/p>\n","protected":false},"author":1,"featured_media":0,"parent":1773,"menu_order":0,"comment_status":"closed","ping_status":"closed","template":"","meta":{"_et_pb_use_builder":"on","_et_pb_old_content":"","_et_gb_content_width":"","footnotes":""},"class_list":["post-1864","page","type-page","status-publish","hentry"],"yoast_head":"<!-- This site is optimized with the Yoast SEO plugin v27.1.1 - https:\/\/yoast.com\/product\/yoast-seo-wordpress\/ -->\n<title>Caso pr\u00e1ctico n\u00ba 2: Revolucionar la gesti\u00f3n de los residuos electr\u00f3nicos - La cadena de valor circular de los AEE - data4circ.eu<\/title>\n<meta name=\"robots\" content=\"index, follow, max-snippet:-1, max-image-preview:large, max-video-preview:-1\" \/>\n<link rel=\"canonical\" href=\"https:\/\/data4circ.eu\/es\/acerca-de\/el-proyecto\/casos-practicos\/caso-practico-no-2-revolucionar-la-gestion-de-los-residuos-electronicos-la-cadena-de-valor-circular-de-los-aee\/\" \/>\n<meta property=\"og:locale\" content=\"es_ES\" \/>\n<meta property=\"og:type\" content=\"article\" \/>\n<meta property=\"og:title\" content=\"Caso pr\u00e1ctico n\u00ba 2: Revolucionar la gesti\u00f3n de los residuos electr\u00f3nicos - La cadena de valor circular de los AEE - data4circ.eu\" \/>\n<meta property=\"og:description\" content=\"Caso pr\u00e1ctico n\u00ba 2: Reimaginar la gesti\u00f3n de los residuos electr\u00f3nicos - La cadena de valor circular de los residuos de aparatos el\u00e9ctricos y electr\u00f3nicos (RAEE) La Cadena de Valor Circular para los Residuos de Aparatos El\u00e9ctricos y Electr\u00f3nicos ( RAEE) est\u00e1 transformando la forma en que gestionamos los residuos electr\u00f3nicos, ampliando el ciclo de [&hellip;]\" \/>\n<meta property=\"og:url\" content=\"https:\/\/data4circ.eu\/es\/acerca-de\/el-proyecto\/casos-practicos\/caso-practico-no-2-revolucionar-la-gestion-de-los-residuos-electronicos-la-cadena-de-valor-circular-de-los-aee\/\" \/>\n<meta property=\"og:site_name\" content=\"data4circ.eu\" \/>\n<meta property=\"article:modified_time\" content=\"2026-02-19T17:42:40+00:00\" \/>\n<meta name=\"twitter:card\" content=\"summary_large_image\" \/>\n<meta name=\"twitter:label1\" content=\"Tiempo de lectura\" \/>\n\t<meta name=\"twitter:data1\" content=\"3 minutos\" \/>\n<script type=\"application\/ld+json\" class=\"yoast-schema-graph\">{\"@context\":\"https:\/\/schema.org\",\"@graph\":[{\"@type\":\"WebPage\",\"@id\":\"https:\/\/data4circ.eu\/es\/acerca-de\/el-proyecto\/casos-practicos\/caso-practico-no-2-revolucionar-la-gestion-de-los-residuos-electronicos-la-cadena-de-valor-circular-de-los-aee\/\",\"url\":\"https:\/\/data4circ.eu\/es\/acerca-de\/el-proyecto\/casos-practicos\/caso-practico-no-2-revolucionar-la-gestion-de-los-residuos-electronicos-la-cadena-de-valor-circular-de-los-aee\/\",\"name\":\"Caso pr\u00e1ctico n\u00ba 2: Revolucionar la gesti\u00f3n de los residuos electr\u00f3nicos - La cadena de valor circular de los AEE - data4circ.eu\",\"isPartOf\":{\"@id\":\"https:\/\/data4circ.eu\/es\/#website\"},\"datePublished\":\"2025-01-31T09:41:00+00:00\",\"dateModified\":\"2026-02-19T17:42:40+00:00\",\"breadcrumb\":{\"@id\":\"https:\/\/data4circ.eu\/es\/acerca-de\/el-proyecto\/casos-practicos\/caso-practico-no-2-revolucionar-la-gestion-de-los-residuos-electronicos-la-cadena-de-valor-circular-de-los-aee\/#breadcrumb\"},\"inLanguage\":\"es\",\"potentialAction\":[{\"@type\":\"ReadAction\",\"target\":[\"https:\/\/data4circ.eu\/es\/acerca-de\/el-proyecto\/casos-practicos\/caso-practico-no-2-revolucionar-la-gestion-de-los-residuos-electronicos-la-cadena-de-valor-circular-de-los-aee\/\"]}]},{\"@type\":\"BreadcrumbList\",\"@id\":\"https:\/\/data4circ.eu\/es\/acerca-de\/el-proyecto\/casos-practicos\/caso-practico-no-2-revolucionar-la-gestion-de-los-residuos-electronicos-la-cadena-de-valor-circular-de-los-aee\/#breadcrumb\",\"itemListElement\":[{\"@type\":\"ListItem\",\"position\":1,\"name\":\"Home\",\"item\":\"https:\/\/data4circ.eu\/es\/inicio\/\"},{\"@type\":\"ListItem\",\"position\":2,\"name\":\"Acerca de\",\"item\":\"https:\/\/data4circ.eu\/es\/acerca-de\/\"},{\"@type\":\"ListItem\",\"position\":3,\"name\":\"El proyecto\",\"item\":\"https:\/\/data4circ.eu\/es\/acerca-de\/el-proyecto\/\"},{\"@type\":\"ListItem\",\"position\":4,\"name\":\"Casos pr\u00e1cticos\",\"item\":\"https:\/\/data4circ.eu\/es\/acerca-de\/el-proyecto\/casos-practicos\/\"},{\"@type\":\"ListItem\",\"position\":5,\"name\":\"Caso pr\u00e1ctico n\u00ba 2: Revolucionar la gesti\u00f3n de los residuos electr\u00f3nicos &#8211; La cadena de valor circular de los AEE\"}]},{\"@type\":\"WebSite\",\"@id\":\"https:\/\/data4circ.eu\/es\/#website\",\"url\":\"https:\/\/data4circ.eu\/es\/\",\"name\":\"data4circ.eu\",\"description\":\"eco-friendly digital solutions and data sharing\",\"potentialAction\":[{\"@type\":\"SearchAction\",\"target\":{\"@type\":\"EntryPoint\",\"urlTemplate\":\"https:\/\/data4circ.eu\/es\/?s={search_term_string}\"},\"query-input\":{\"@type\":\"PropertyValueSpecification\",\"valueRequired\":true,\"valueName\":\"search_term_string\"}}],\"inLanguage\":\"es\"}]}<\/script>\n<!-- \/ Yoast SEO plugin. -->","yoast_head_json":{"title":"Caso pr\u00e1ctico n\u00ba 2: Revolucionar la gesti\u00f3n de los residuos electr\u00f3nicos - La cadena de valor circular de los AEE - data4circ.eu","robots":{"index":"index","follow":"follow","max-snippet":"max-snippet:-1","max-image-preview":"max-image-preview:large","max-video-preview":"max-video-preview:-1"},"canonical":"https:\/\/data4circ.eu\/es\/acerca-de\/el-proyecto\/casos-practicos\/caso-practico-no-2-revolucionar-la-gestion-de-los-residuos-electronicos-la-cadena-de-valor-circular-de-los-aee\/","og_locale":"es_ES","og_type":"article","og_title":"Caso pr\u00e1ctico n\u00ba 2: Revolucionar la gesti\u00f3n de los residuos electr\u00f3nicos - La cadena de valor circular de los AEE - data4circ.eu","og_description":"Caso pr\u00e1ctico n\u00ba 2: Reimaginar la gesti\u00f3n de los residuos electr\u00f3nicos - La cadena de valor circular de los residuos de aparatos el\u00e9ctricos y electr\u00f3nicos (RAEE) La Cadena de Valor Circular para los Residuos de Aparatos El\u00e9ctricos y Electr\u00f3nicos ( RAEE) est\u00e1 transformando la forma en que gestionamos los residuos electr\u00f3nicos, ampliando el ciclo de [&hellip;]","og_url":"https:\/\/data4circ.eu\/es\/acerca-de\/el-proyecto\/casos-practicos\/caso-practico-no-2-revolucionar-la-gestion-de-los-residuos-electronicos-la-cadena-de-valor-circular-de-los-aee\/","og_site_name":"data4circ.eu","article_modified_time":"2026-02-19T17:42:40+00:00","twitter_card":"summary_large_image","twitter_misc":{"Tiempo de lectura":"3 minutos"},"schema":{"@context":"https:\/\/schema.org","@graph":[{"@type":"WebPage","@id":"https:\/\/data4circ.eu\/es\/acerca-de\/el-proyecto\/casos-practicos\/caso-practico-no-2-revolucionar-la-gestion-de-los-residuos-electronicos-la-cadena-de-valor-circular-de-los-aee\/","url":"https:\/\/data4circ.eu\/es\/acerca-de\/el-proyecto\/casos-practicos\/caso-practico-no-2-revolucionar-la-gestion-de-los-residuos-electronicos-la-cadena-de-valor-circular-de-los-aee\/","name":"Caso pr\u00e1ctico n\u00ba 2: Revolucionar la gesti\u00f3n de los residuos electr\u00f3nicos - La cadena de valor circular de los AEE - data4circ.eu","isPartOf":{"@id":"https:\/\/data4circ.eu\/es\/#website"},"datePublished":"2025-01-31T09:41:00+00:00","dateModified":"2026-02-19T17:42:40+00:00","breadcrumb":{"@id":"https:\/\/data4circ.eu\/es\/acerca-de\/el-proyecto\/casos-practicos\/caso-practico-no-2-revolucionar-la-gestion-de-los-residuos-electronicos-la-cadena-de-valor-circular-de-los-aee\/#breadcrumb"},"inLanguage":"es","potentialAction":[{"@type":"ReadAction","target":["https:\/\/data4circ.eu\/es\/acerca-de\/el-proyecto\/casos-practicos\/caso-practico-no-2-revolucionar-la-gestion-de-los-residuos-electronicos-la-cadena-de-valor-circular-de-los-aee\/"]}]},{"@type":"BreadcrumbList","@id":"https:\/\/data4circ.eu\/es\/acerca-de\/el-proyecto\/casos-practicos\/caso-practico-no-2-revolucionar-la-gestion-de-los-residuos-electronicos-la-cadena-de-valor-circular-de-los-aee\/#breadcrumb","itemListElement":[{"@type":"ListItem","position":1,"name":"Home","item":"https:\/\/data4circ.eu\/es\/inicio\/"},{"@type":"ListItem","position":2,"name":"Acerca de","item":"https:\/\/data4circ.eu\/es\/acerca-de\/"},{"@type":"ListItem","position":3,"name":"El proyecto","item":"https:\/\/data4circ.eu\/es\/acerca-de\/el-proyecto\/"},{"@type":"ListItem","position":4,"name":"Casos pr\u00e1cticos","item":"https:\/\/data4circ.eu\/es\/acerca-de\/el-proyecto\/casos-practicos\/"},{"@type":"ListItem","position":5,"name":"Caso pr\u00e1ctico n\u00ba 2: Revolucionar la gesti\u00f3n de los residuos electr\u00f3nicos &#8211; La cadena de valor circular de los AEE"}]},{"@type":"WebSite","@id":"https:\/\/data4circ.eu\/es\/#website","url":"https:\/\/data4circ.eu\/es\/","name":"data4circ.eu","description":"eco-friendly digital solutions and data sharing","potentialAction":[{"@type":"SearchAction","target":{"@type":"EntryPoint","urlTemplate":"https:\/\/data4circ.eu\/es\/?s={search_term_string}"},"query-input":{"@type":"PropertyValueSpecification","valueRequired":true,"valueName":"search_term_string"}}],"inLanguage":"es"}]}},"_links":{"self":[{"href":"https:\/\/data4circ.eu\/es\/wp-json\/wp\/v2\/pages\/1864","targetHints":{"allow":["GET"]}}],"collection":[{"href":"https:\/\/data4circ.eu\/es\/wp-json\/wp\/v2\/pages"}],"about":[{"href":"https:\/\/data4circ.eu\/es\/wp-json\/wp\/v2\/types\/page"}],"author":[{"embeddable":true,"href":"https:\/\/data4circ.eu\/es\/wp-json\/wp\/v2\/users\/1"}],"replies":[{"embeddable":true,"href":"https:\/\/data4circ.eu\/es\/wp-json\/wp\/v2\/comments?post=1864"}],"version-history":[{"count":3,"href":"https:\/\/data4circ.eu\/es\/wp-json\/wp\/v2\/pages\/1864\/revisions"}],"predecessor-version":[{"id":1867,"href":"https:\/\/data4circ.eu\/es\/wp-json\/wp\/v2\/pages\/1864\/revisions\/1867"}],"up":[{"embeddable":true,"href":"https:\/\/data4circ.eu\/es\/wp-json\/wp\/v2\/pages\/1773"}],"wp:attachment":[{"href":"https:\/\/data4circ.eu\/es\/wp-json\/wp\/v2\/media?parent=1864"}],"curies":[{"name":"wp","href":"https:\/\/api.w.org\/{rel}","templated":true}]}}