{"id":1809,"date":"2025-01-31T10:30:28","date_gmt":"2025-01-31T09:30:28","guid":{"rendered":"https:\/\/data4circ.eu\/acerca-de\/el-proyecto\/casos-practicos\/caso-practico-no-1-transformacion-de-los-plasticos-agricolas-la-cadena-de-valor-circular-de-las-laminas-de-mantillo\/"},"modified":"2026-02-19T18:39:51","modified_gmt":"2026-02-19T17:39:51","slug":"caso-practico-no-1-transformacion-de-los-plasticos-agricolas-la-cadena-de-valor-circular-de-las-laminas-de-mantillo","status":"publish","type":"page","link":"https:\/\/data4circ.eu\/es\/acerca-de\/el-proyecto\/casos-practicos\/caso-practico-no-1-transformacion-de-los-plasticos-agricolas-la-cadena-de-valor-circular-de-las-laminas-de-mantillo\/","title":{"rendered":"Caso pr\u00e1ctico n\u00ba 1: Transformaci\u00f3n de los pl\u00e1sticos agr\u00edcolas: La cadena de valor circular de las l\u00e1minas de mantillo"},"content":{"rendered":"<p>[et_pb_section fb_built=\u00bb1&#8243; custom_padding_last_edited=\u00bbon|phone\u00bb _builder_version=\u00bb4.27.4&#8243; _module_preset=\u00bbdefault\u00bb background_color=\u00bb#2B463C\u00bb background_image=\u00bbhttps:\/\/data4circ.eu\/wp-content\/uploads\/2025\/01\/Data4circ-background-web.png\u00bb background_position=\u00bbtop_right\u00bb custom_padding=\u00bb50px||50px||true|false\u00bb custom_padding_tablet=\u00bb40px||40px||true|false\u00bb custom_padding_phone=\u00bb30px||30px||true|false\u00bb global_colors_info=\u00bb{}\u00bb][et_pb_row column_structure=\u00bb2_5,3_5&#8243; _builder_version=\u00bb4.27.4&#8243; _module_preset=\u00bbdefault\u00bb global_colors_info=\u00bb{}\u00bb][et_pb_column type=\u00bb2_5&#8243; _builder_version=\u00bb4.27.4&#8243; _module_preset=\u00bbdefault\u00bb global_colors_info=\u00bb{}\u00bb][et_pb_text _builder_version=\u00bb4.27.4&#8243; _module_preset=\u00bbdefault\u00bb text_text_color=\u00bb#8FD9C0&#8243; global_colors_info=\u00bb{}\u00bb]<\/p>\n<h1><strong>Caso pr\u00e1ctico n\u00ba 1: Transformaci\u00f3n de los pl\u00e1sticos agr\u00edcolas &#8211; La cadena de valor circular de las l\u00e1minas de mantillo<\/strong><\/h1>\n<p>[\/et_pb_text][\/et_pb_column][et_pb_column type=\u00bb3_5&#8243; _builder_version=\u00bb4.27.4&#8243; _module_preset=\u00bbdefault\u00bb global_colors_info=\u00bb{}\u00bb][\/et_pb_column][\/et_pb_row][\/et_pb_section][et_pb_section fb_built=\u00bb1&#8243; _builder_version=\u00bb4.27.4&#8243; _module_preset=\u00bbdefault\u00bb custom_padding=\u00bb0px||0px||true|false\u00bb global_colors_info=\u00bb{}\u00bb][et_pb_row use_custom_gutter=\u00bbon\u00bb gutter_width=\u00bb1&#8243; make_equal=\u00bbon\u00bb _builder_version=\u00bb4.27.4&#8243; _module_preset=\u00bbdefault\u00bb background_color=\u00bb#8FD9C0&#8243; width=\u00bb100%\u00bb custom_padding=\u00bb0px||0px||true|false\u00bb global_colors_info=\u00bb{}\u00bb][et_pb_column type=\u00bb4_4&#8243; _builder_version=\u00bb4.27.4&#8243; _module_preset=\u00bbdefault\u00bb background_color=\u00bb#8FD9C0&#8243; background_enable_image=\u00bboff\u00bb background_position=\u00bbtop_right\u00bb global_colors_info=\u00bb{}\u00bb][et_pb_text _builder_version=\u00bb4.27.4&#8243; _module_preset=\u00bbdefault\u00bb text_text_color=\u00bb#2B463C\u00bb header_2_font=\u00bb|&#8211;et_global_heading_font_weight|||||||\u00bb custom_padding=\u00bb100px|100px|100px|100px|true|true\u00bb custom_padding_tablet=\u00bb50px|50px|50px|50px|true|true\u00bb custom_padding_phone=\u00bb25px|25px|25px|25px|true|true\u00bb custom_padding_last_edited=\u00bbon|phone\u00bb global_colors_info=\u00bb{}\u00bb]<\/p>\n<p><strong>La Cadena de Valor Circular de las Pel\u00edculas de Mantillo<\/strong> est\u00e1 revolucionando el reciclaje de los pl\u00e1sticos agr\u00edcolas. Este trabajo, dirigido por <strong>Green World Compounding (<a href=\"https:\/\/gwcplastics.com\/\"><span style=\"text-decoration: underline;\"><span style=\"color: #2b463c; text-decoration: underline;\">GWC<\/span><\/span><\/a>)<\/strong> y <strong>el Centro Tecnol\u00f3gico del Calzado y del Pl\u00e1stico de la Regi\u00f3n de Murcia (<span style=\"text-decoration: underline; color: #2b463c;\"><a href=\"https:\/\/ceteccentrotecnologico.org\/\" style=\"color: #2b463c; text-decoration: underline;\">CETEC<\/a><\/span>)<\/strong>, pretende convertir los pl\u00e1sticos agr\u00edcolas usados en productos reciclados de alta calidad, fomentando la sostenibilidad en el sector agr\u00edcola. <\/p>\n<p><span style=\"text-decoration: underline; color: #2b463c;\"><a href=\"www.gwcplastics.com\" style=\"color: #2b463c; text-decoration: underline;\"><strong>GWC<\/strong><\/a><\/span>l\u00edder en reciclaje de pl\u00e1sticos, procesa anualmente hasta 30.000 toneladas de pl\u00e1sticos agr\u00edcolas usados. Mediante el reciclaje mec\u00e1nico, transforman estos pl\u00e1sticos en pellets reciclados de alta calidad, que sirven de material base para nuevos productos agr\u00edcolas. <\/p>\n<p><span style=\"color: #2b463c;\"><a href=\"https:\/\/ceteccentrotecnologico.org\/\" style=\"color: #2b463c;\"><strong><span style=\"text-decoration: underline;\">CETEC<\/span><\/strong><\/a> refuerza este esfuerzo utilizando su planta piloto y su experiencia en I+D para crear prototipos de productos pl\u00e1sticos agr\u00edcolas, como pel\u00edculas. El proceso incluye extrusi\u00f3n, moldeo por soplado y pruebas exhaustivas en el laboratorio de CETEC, que cuenta con la certificaci\u00f3n ISO17025, para garantizar que los productos cumplen las normas de calidad y sostenibilidad. <\/span><\/p>\n<p><span style=\"color: #2b463c;\">Esta colaboraci\u00f3n demuestra la viabilidad del reciclaje de pel\u00edculas de mantillo agr\u00edcola, abordando retos como la contaminaci\u00f3n y la degradaci\u00f3n del material. Apoya la demanda del mercado de pl\u00e1sticos agr\u00edcolas reciclados, un producto que rara vez se gestiona, descontamina y trata para su reciclaje. La integraci\u00f3n<\/span>de la tecnolog\u00eda <strong>DATA4CIRC<\/strong> mejorar\u00e1 a\u00fan m\u00e1s la trazabilidad, la gesti\u00f3n de residuos y el an\u00e1lisis del impacto medioambiental del ciclo de vida, allanando el camino hacia una industria del pl\u00e1stico m\u00e1s sostenible.<\/p>\n<p>[\/et_pb_text][et_pb_image src=\u00bbhttps:\/\/data4circ.eu\/wp-content\/uploads\/2025\/02\/AdobeStock_530320465-scaled.jpeg\u00bb title_text=\u00bbCultivo de plantas en los campos de plantaci\u00f3n mediante acolchado\u00bb _builder_version=\u00bb4.27.4&#8243; _module_preset=\u00bbdefault\u00bb width=\u00bb30%\u00bb module_alignment=\u00bbcenter\u00bb min_height=\u00bb100px\u00bb custom_margin=\u00bb0px||30px||false|false\u00bb custom_padding=\u00bb0px||||false|false\u00bb global_colors_info=\u00bb{}\u00bb][\/et_pb_image][\/et_pb_column][\/et_pb_row][\/et_pb_section][et_pb_section fb_built=\u00bb1&#8243; _builder_version=\u00bb4.27.4&#8243; _module_preset=\u00bbdefault\u00bb background_color=\u00bb#2B463C\u00bb background_image=\u00bbhttps:\/\/data4circ.eu\/wp-content\/uploads\/2025\/01\/Data4circ-background-03-web.png\u00bb background_position=\u00bbcenter_left\u00bb custom_padding=\u00bb50px||50px||true|false\u00bb global_colors_info=\u00bb{}\u00bb][et_pb_row _builder_version=\u00bb4.27.4&#8243; _module_preset=\u00bbdefault\u00bb global_colors_info=\u00bb{}\u00bb][et_pb_column type=\u00bb4_4&#8243; _builder_version=\u00bb4.27.4&#8243; _module_preset=\u00bbdefault\u00bb global_colors_info=\u00bb{}\u00bb][et_pb_text _builder_version=\u00bb4.27.4&#8243; _module_preset=\u00bbdefault\u00bb text_text_color=\u00bb#8FD9C0&#8243; text_orientation=\u00bbcenter\u00bb global_colors_info=\u00bb{}\u00bb]<\/p>\n<h2>\u00a1\u00danete a nosotros en nuestro viaje hacia un futuro m\u00e1s ecol\u00f3gico e inteligente en la fabricaci\u00f3n!<\/h2>\n<p>[\/et_pb_text][\/et_pb_column][\/et_pb_row][\/et_pb_section]<\/p>\n","protected":false},"excerpt":{"rendered":"<p>Caso pr\u00e1ctico n\u00ba 1: Transformaci\u00f3n de los pl\u00e1sticos agr\u00edcolas &#8211; La cadena de valor circular de las l\u00e1minas de mantilloLa Cadena de Valor Circular de las Pel\u00edculas de Mantillo est\u00e1 revolucionando el reciclaje de los pl\u00e1sticos agr\u00edcolas. Este trabajo, dirigido por Green World Compounding (GWC) y el Centro Tecnol\u00f3gico del Calzado y del Pl\u00e1stico de [&hellip;]<\/p>\n","protected":false},"author":1,"featured_media":0,"parent":1773,"menu_order":0,"comment_status":"closed","ping_status":"closed","template":"","meta":{"_et_pb_use_builder":"on","_et_pb_old_content":"","_et_gb_content_width":"","footnotes":""},"class_list":["post-1809","page","type-page","status-publish","hentry"],"yoast_head":"<!-- This site is optimized with the Yoast SEO plugin v27.1.1 - https:\/\/yoast.com\/product\/yoast-seo-wordpress\/ -->\n<title>Caso pr\u00e1ctico n\u00ba 1: Transformaci\u00f3n de los pl\u00e1sticos agr\u00edcolas: La cadena de valor circular de las l\u00e1minas de mantillo - data4circ.eu<\/title>\n<meta name=\"robots\" content=\"index, follow, max-snippet:-1, max-image-preview:large, max-video-preview:-1\" \/>\n<link rel=\"canonical\" href=\"https:\/\/data4circ.eu\/es\/acerca-de\/el-proyecto\/casos-practicos\/caso-practico-no-1-transformacion-de-los-plasticos-agricolas-la-cadena-de-valor-circular-de-las-laminas-de-mantillo\/\" \/>\n<meta property=\"og:locale\" content=\"es_ES\" \/>\n<meta property=\"og:type\" content=\"article\" \/>\n<meta property=\"og:title\" content=\"Caso pr\u00e1ctico n\u00ba 1: Transformaci\u00f3n de los pl\u00e1sticos agr\u00edcolas: La cadena de valor circular de las l\u00e1minas de mantillo - data4circ.eu\" \/>\n<meta property=\"og:description\" content=\"Caso pr\u00e1ctico n\u00ba 1: Transformaci\u00f3n de los pl\u00e1sticos agr\u00edcolas - La cadena de valor circular de las l\u00e1minas de mantilloLa Cadena de Valor Circular de las Pel\u00edculas de Mantillo est\u00e1 revolucionando el reciclaje de los pl\u00e1sticos agr\u00edcolas. Este trabajo, dirigido por Green World Compounding (GWC) y el Centro Tecnol\u00f3gico del Calzado y del Pl\u00e1stico de [&hellip;]\" \/>\n<meta property=\"og:url\" content=\"https:\/\/data4circ.eu\/es\/acerca-de\/el-proyecto\/casos-practicos\/caso-practico-no-1-transformacion-de-los-plasticos-agricolas-la-cadena-de-valor-circular-de-las-laminas-de-mantillo\/\" \/>\n<meta property=\"og:site_name\" content=\"data4circ.eu\" \/>\n<meta property=\"article:modified_time\" content=\"2026-02-19T17:39:51+00:00\" \/>\n<meta name=\"twitter:card\" content=\"summary_large_image\" \/>\n<meta name=\"twitter:label1\" content=\"Tiempo de lectura\" \/>\n\t<meta name=\"twitter:data1\" content=\"4 minutos\" \/>\n<script type=\"application\/ld+json\" class=\"yoast-schema-graph\">{\"@context\":\"https:\/\/schema.org\",\"@graph\":[{\"@type\":\"WebPage\",\"@id\":\"https:\/\/data4circ.eu\/es\/acerca-de\/el-proyecto\/casos-practicos\/caso-practico-no-1-transformacion-de-los-plasticos-agricolas-la-cadena-de-valor-circular-de-las-laminas-de-mantillo\/\",\"url\":\"https:\/\/data4circ.eu\/es\/acerca-de\/el-proyecto\/casos-practicos\/caso-practico-no-1-transformacion-de-los-plasticos-agricolas-la-cadena-de-valor-circular-de-las-laminas-de-mantillo\/\",\"name\":\"Caso pr\u00e1ctico n\u00ba 1: Transformaci\u00f3n de los pl\u00e1sticos agr\u00edcolas: La cadena de valor circular de las l\u00e1minas de mantillo - data4circ.eu\",\"isPartOf\":{\"@id\":\"https:\/\/data4circ.eu\/es\/#website\"},\"datePublished\":\"2025-01-31T09:30:28+00:00\",\"dateModified\":\"2026-02-19T17:39:51+00:00\",\"breadcrumb\":{\"@id\":\"https:\/\/data4circ.eu\/es\/acerca-de\/el-proyecto\/casos-practicos\/caso-practico-no-1-transformacion-de-los-plasticos-agricolas-la-cadena-de-valor-circular-de-las-laminas-de-mantillo\/#breadcrumb\"},\"inLanguage\":\"es\",\"potentialAction\":[{\"@type\":\"ReadAction\",\"target\":[\"https:\/\/data4circ.eu\/es\/acerca-de\/el-proyecto\/casos-practicos\/caso-practico-no-1-transformacion-de-los-plasticos-agricolas-la-cadena-de-valor-circular-de-las-laminas-de-mantillo\/\"]}]},{\"@type\":\"BreadcrumbList\",\"@id\":\"https:\/\/data4circ.eu\/es\/acerca-de\/el-proyecto\/casos-practicos\/caso-practico-no-1-transformacion-de-los-plasticos-agricolas-la-cadena-de-valor-circular-de-las-laminas-de-mantillo\/#breadcrumb\",\"itemListElement\":[{\"@type\":\"ListItem\",\"position\":1,\"name\":\"Home\",\"item\":\"https:\/\/data4circ.eu\/es\/inicio\/\"},{\"@type\":\"ListItem\",\"position\":2,\"name\":\"Acerca de\",\"item\":\"https:\/\/data4circ.eu\/es\/acerca-de\/\"},{\"@type\":\"ListItem\",\"position\":3,\"name\":\"El proyecto\",\"item\":\"https:\/\/data4circ.eu\/es\/acerca-de\/el-proyecto\/\"},{\"@type\":\"ListItem\",\"position\":4,\"name\":\"Casos pr\u00e1cticos\",\"item\":\"https:\/\/data4circ.eu\/es\/acerca-de\/el-proyecto\/casos-practicos\/\"},{\"@type\":\"ListItem\",\"position\":5,\"name\":\"Caso pr\u00e1ctico n\u00ba 1: Transformaci\u00f3n de los pl\u00e1sticos agr\u00edcolas: La cadena de valor circular de las l\u00e1minas de mantillo\"}]},{\"@type\":\"WebSite\",\"@id\":\"https:\/\/data4circ.eu\/es\/#website\",\"url\":\"https:\/\/data4circ.eu\/es\/\",\"name\":\"data4circ.eu\",\"description\":\"eco-friendly digital solutions and data sharing\",\"potentialAction\":[{\"@type\":\"SearchAction\",\"target\":{\"@type\":\"EntryPoint\",\"urlTemplate\":\"https:\/\/data4circ.eu\/es\/?s={search_term_string}\"},\"query-input\":{\"@type\":\"PropertyValueSpecification\",\"valueRequired\":true,\"valueName\":\"search_term_string\"}}],\"inLanguage\":\"es\"}]}<\/script>\n<!-- \/ Yoast SEO plugin. -->","yoast_head_json":{"title":"Caso pr\u00e1ctico n\u00ba 1: Transformaci\u00f3n de los pl\u00e1sticos agr\u00edcolas: La cadena de valor circular de las l\u00e1minas de mantillo - data4circ.eu","robots":{"index":"index","follow":"follow","max-snippet":"max-snippet:-1","max-image-preview":"max-image-preview:large","max-video-preview":"max-video-preview:-1"},"canonical":"https:\/\/data4circ.eu\/es\/acerca-de\/el-proyecto\/casos-practicos\/caso-practico-no-1-transformacion-de-los-plasticos-agricolas-la-cadena-de-valor-circular-de-las-laminas-de-mantillo\/","og_locale":"es_ES","og_type":"article","og_title":"Caso pr\u00e1ctico n\u00ba 1: Transformaci\u00f3n de los pl\u00e1sticos agr\u00edcolas: La cadena de valor circular de las l\u00e1minas de mantillo - data4circ.eu","og_description":"Caso pr\u00e1ctico n\u00ba 1: Transformaci\u00f3n de los pl\u00e1sticos agr\u00edcolas - La cadena de valor circular de las l\u00e1minas de mantilloLa Cadena de Valor Circular de las Pel\u00edculas de Mantillo est\u00e1 revolucionando el reciclaje de los pl\u00e1sticos agr\u00edcolas. Este trabajo, dirigido por Green World Compounding (GWC) y el Centro Tecnol\u00f3gico del Calzado y del Pl\u00e1stico de [&hellip;]","og_url":"https:\/\/data4circ.eu\/es\/acerca-de\/el-proyecto\/casos-practicos\/caso-practico-no-1-transformacion-de-los-plasticos-agricolas-la-cadena-de-valor-circular-de-las-laminas-de-mantillo\/","og_site_name":"data4circ.eu","article_modified_time":"2026-02-19T17:39:51+00:00","twitter_card":"summary_large_image","twitter_misc":{"Tiempo de lectura":"4 minutos"},"schema":{"@context":"https:\/\/schema.org","@graph":[{"@type":"WebPage","@id":"https:\/\/data4circ.eu\/es\/acerca-de\/el-proyecto\/casos-practicos\/caso-practico-no-1-transformacion-de-los-plasticos-agricolas-la-cadena-de-valor-circular-de-las-laminas-de-mantillo\/","url":"https:\/\/data4circ.eu\/es\/acerca-de\/el-proyecto\/casos-practicos\/caso-practico-no-1-transformacion-de-los-plasticos-agricolas-la-cadena-de-valor-circular-de-las-laminas-de-mantillo\/","name":"Caso pr\u00e1ctico n\u00ba 1: Transformaci\u00f3n de los pl\u00e1sticos agr\u00edcolas: La cadena de valor circular de las l\u00e1minas de mantillo - data4circ.eu","isPartOf":{"@id":"https:\/\/data4circ.eu\/es\/#website"},"datePublished":"2025-01-31T09:30:28+00:00","dateModified":"2026-02-19T17:39:51+00:00","breadcrumb":{"@id":"https:\/\/data4circ.eu\/es\/acerca-de\/el-proyecto\/casos-practicos\/caso-practico-no-1-transformacion-de-los-plasticos-agricolas-la-cadena-de-valor-circular-de-las-laminas-de-mantillo\/#breadcrumb"},"inLanguage":"es","potentialAction":[{"@type":"ReadAction","target":["https:\/\/data4circ.eu\/es\/acerca-de\/el-proyecto\/casos-practicos\/caso-practico-no-1-transformacion-de-los-plasticos-agricolas-la-cadena-de-valor-circular-de-las-laminas-de-mantillo\/"]}]},{"@type":"BreadcrumbList","@id":"https:\/\/data4circ.eu\/es\/acerca-de\/el-proyecto\/casos-practicos\/caso-practico-no-1-transformacion-de-los-plasticos-agricolas-la-cadena-de-valor-circular-de-las-laminas-de-mantillo\/#breadcrumb","itemListElement":[{"@type":"ListItem","position":1,"name":"Home","item":"https:\/\/data4circ.eu\/es\/inicio\/"},{"@type":"ListItem","position":2,"name":"Acerca de","item":"https:\/\/data4circ.eu\/es\/acerca-de\/"},{"@type":"ListItem","position":3,"name":"El proyecto","item":"https:\/\/data4circ.eu\/es\/acerca-de\/el-proyecto\/"},{"@type":"ListItem","position":4,"name":"Casos pr\u00e1cticos","item":"https:\/\/data4circ.eu\/es\/acerca-de\/el-proyecto\/casos-practicos\/"},{"@type":"ListItem","position":5,"name":"Caso pr\u00e1ctico n\u00ba 1: Transformaci\u00f3n de los pl\u00e1sticos agr\u00edcolas: La cadena de valor circular de las l\u00e1minas de mantillo"}]},{"@type":"WebSite","@id":"https:\/\/data4circ.eu\/es\/#website","url":"https:\/\/data4circ.eu\/es\/","name":"data4circ.eu","description":"eco-friendly digital solutions and data sharing","potentialAction":[{"@type":"SearchAction","target":{"@type":"EntryPoint","urlTemplate":"https:\/\/data4circ.eu\/es\/?s={search_term_string}"},"query-input":{"@type":"PropertyValueSpecification","valueRequired":true,"valueName":"search_term_string"}}],"inLanguage":"es"}]}},"_links":{"self":[{"href":"https:\/\/data4circ.eu\/es\/wp-json\/wp\/v2\/pages\/1809","targetHints":{"allow":["GET"]}}],"collection":[{"href":"https:\/\/data4circ.eu\/es\/wp-json\/wp\/v2\/pages"}],"about":[{"href":"https:\/\/data4circ.eu\/es\/wp-json\/wp\/v2\/types\/page"}],"author":[{"embeddable":true,"href":"https:\/\/data4circ.eu\/es\/wp-json\/wp\/v2\/users\/1"}],"replies":[{"embeddable":true,"href":"https:\/\/data4circ.eu\/es\/wp-json\/wp\/v2\/comments?post=1809"}],"version-history":[{"count":3,"href":"https:\/\/data4circ.eu\/es\/wp-json\/wp\/v2\/pages\/1809\/revisions"}],"predecessor-version":[{"id":1812,"href":"https:\/\/data4circ.eu\/es\/wp-json\/wp\/v2\/pages\/1809\/revisions\/1812"}],"up":[{"embeddable":true,"href":"https:\/\/data4circ.eu\/es\/wp-json\/wp\/v2\/pages\/1773"}],"wp:attachment":[{"href":"https:\/\/data4circ.eu\/es\/wp-json\/wp\/v2\/media?parent=1809"}],"curies":[{"name":"wp","href":"https:\/\/api.w.org\/{rel}","templated":true}]}}