{"id":1723,"date":"2025-02-05T11:59:01","date_gmt":"2025-02-05T10:59:01","guid":{"rendered":"https:\/\/data4circ.eu\/acerca-de\/el-proyecto\/nuestra-mision\/"},"modified":"2026-02-19T18:35:32","modified_gmt":"2026-02-19T17:35:32","slug":"nuestra-mision","status":"publish","type":"page","link":"https:\/\/data4circ.eu\/es\/acerca-de\/el-proyecto\/nuestra-mision\/","title":{"rendered":"Nuestra misi\u00f3n"},"content":{"rendered":"<p>[et_pb_section fb_built=\u00bb1&#8243; custom_padding_last_edited=\u00bbon|phone\u00bb _builder_version=\u00bb4.27.4&#8243; _module_preset=\u00bbdefault\u00bb background_color=\u00bb#2B463C\u00bb background_image=\u00bbhttps:\/\/data4circ.eu\/wp-content\/uploads\/2025\/01\/Data4circ-background-web.png\u00bb background_position=\u00bbtop_right\u00bb custom_padding=\u00bb50px||50px||true|false\u00bb custom_padding_tablet=\u00bb40px||40px||true|false\u00bb custom_padding_phone=\u00bb30px||30px||true|false\u00bb global_colors_info=\u00bb{}\u00bb][et_pb_row column_structure=\u00bb1_2,1_2&#8243; _builder_version=\u00bb4.27.4&#8243; _module_preset=\u00bbdefault\u00bb global_colors_info=\u00bb{}\u00bb][et_pb_column type=\u00bb1_2&#8243; _builder_version=\u00bb4.27.4&#8243; _module_preset=\u00bbdefault\u00bb global_colors_info=\u00bb{}\u00bb][et_pb_text _builder_version=\u00bb4.27.4&#8243; _module_preset=\u00bbdefault\u00bb text_text_color=\u00bb#8FD9C0&#8243; hover_enabled=\u00bb0&#8243; locked=\u00bboff\u00bb global_colors_info=\u00bb{}\u00bb sticky_enabled=\u00bb0&#8243;]<\/p>\n<h1>DATA4CIRC<\/h1>\n<p style=\"text-align: justify;\">DATA4CIRC est\u00e1 desarrollando un marco innovador de intercambio de datos para ayudar a la industria manufacturera europea a prepararse para un futuro m\u00e1s sostenible. <span style=\"text-decoration: underline;\"><a href=\"https:\/\/data4circ.eu\/about\/the-project\/our-mission\/\"><strong>Nuestra misi\u00f3n<\/strong><\/a><\/span> es mejorar el acceso a la informaci\u00f3n que necesitan las f\u00e1bricas para recuperar, reciclar y reutilizar materiales de forma eficiente y segura, y avanzar hacia una econom\u00eda circular.<\/p>\n<p>[\/et_pb_text][\/et_pb_column][et_pb_column type=\u00bb1_2&#8243; _builder_version=\u00bb4.27.4&#8243; _module_preset=\u00bbdefault\u00bb global_colors_info=\u00bb{}\u00bb][\/et_pb_column][\/et_pb_row][\/et_pb_section][et_pb_section fb_built=\u00bb1&#8243; _builder_version=\u00bb4.27.4&#8243; _module_preset=\u00bbdefault\u00bb custom_padding=\u00bb0px||0px||true|false\u00bb locked=\u00bboff\u00bb global_colors_info=\u00bb{}\u00bb][et_pb_row column_structure=\u00bb1_2,1_2&#8243; use_custom_gutter=\u00bbon\u00bb gutter_width=\u00bb1&#8243; make_equal=\u00bbon\u00bb _builder_version=\u00bb4.27.4&#8243; _module_preset=\u00bbdefault\u00bb background_color=\u00bb#8FD9C0&#8243; width=\u00bb100%\u00bb custom_padding=\u00bb0px||0px||true|false\u00bb global_colors_info=\u00bb{}\u00bb][et_pb_column type=\u00bb1_2&#8243; _builder_version=\u00bb4.27.4&#8243; _module_preset=\u00bbdefault\u00bb background_image=\u00bbhttps:\/\/data4circ.eu\/wp-content\/uploads\/2025\/01\/Data4circ-image-01-web.jpeg\u00bb background_position=\u00bbtop_right\u00bb global_colors_info=\u00bb{}\u00bb][et_pb_divider show_divider=\u00bboff\u00bb _builder_version=\u00bb4.27.4&#8243; _module_preset=\u00bbdefault\u00bb height=\u00bb500px\u00bb height_tablet=\u00bb400px\u00bb height_phone=\u00bb300px\u00bb height_last_edited=\u00bbon|phone\u00bb global_colors_info=\u00bb{}\u00bb][\/et_pb_divider][\/et_pb_column][et_pb_column type=\u00bb1_2&#8243; _builder_version=\u00bb4.27.4&#8243; _module_preset=\u00bbdefault\u00bb global_colors_info=\u00bb{}\u00bb][et_pb_text _builder_version=\u00bb4.27.4&#8243; _module_preset=\u00bbdefault\u00bb text_text_color=\u00bb#2B463C\u00bb header_2_font=\u00bb|&#8211;et_global_heading_font_weight|||||||\u00bb header_2_text_align=\u00bbcenter\u00bb custom_padding=\u00bb50px|100px|50px|100px|true|true\u00bb custom_padding_tablet=\u00bb75px|75px|75px|75px|true|true\u00bb custom_padding_phone=\u00bb50px|50px|50px|50px|true|true\u00bb custom_padding_last_edited=\u00bbon|phone\u00bb global_colors_info=\u00bb{}\u00bb]<\/p>\n<h2>Nuestra misi\u00f3n<\/h2>\n<p style=\"text-align: justify;\">\n<p style=\"text-align: justify;\">\n<p style=\"text-align: justify;\">\n<p style=\"text-align: justify;\">El proyecto DATA4CIRC establecer\u00e1 un marco digital que utilizar\u00e1 espacios de datos federados, Pasaportes Digitales de Productos, Modelos Digitales y Evaluaciones del Ciclo de Vida asistidas por IA para mejorar la trazabilidad de los productos y predecir el impacto medioambiental de sus ciclos de vida. El marco propuesto por DATA4CIRC ayudar\u00e1 a resolver el reto de acceder a la informaci\u00f3n relativa al reciclaje\/reutilizaci\u00f3n\/renovaci\u00f3n utilizando espacios de datos federados y la tecnolog\u00eda blockchain para permitir un intercambio de datos seguro y que preserve la privacidad. Un elemento clave para garantizar el \u00e9xito de la adopci\u00f3n de estas soluciones es asegurar la normalizaci\u00f3n y la interoperabilidad. El proyecto DATA4CIRC se propone conseguirlo.<\/p>\n<p style=\"text-align: justify;\">\n<p style=\"text-align: justify;\">Adem\u00e1s, se har\u00e1 especial hincapi\u00e9 en la formaci\u00f3n y reciclaje de los usuarios finales para facilitar la adopci\u00f3n de las soluciones DATA4CIRC. Esto aumentar\u00e1 la concienciaci\u00f3n sobre la circularidad, colmar\u00e1 las lagunas de cualificaci\u00f3n y capacitar\u00e1 a la mano de obra, prepar\u00e1ndola para los empleos circulares del futuro. Se han seleccionado tres casos pr\u00e1cticos (pl\u00e1sticos agr\u00edcolas, electr\u00f3nica e industria del autom\u00f3vil) para poner en marcha planes piloto que demuestren el nivel 6 de preparaci\u00f3n tecnol\u00f3gica (un prototipo o modelo representativo totalmente funcional).<\/p>\n<p style=\"text-align: justify;\">\n<p>[\/et_pb_text][\/et_pb_column][\/et_pb_row][\/et_pb_section][et_pb_section fb_built=\u00bb1&#8243; disabled_on=\u00bbon|on|on\u00bb _builder_version=\u00bb4.27.4&#8243; _module_preset=\u00bbdefault\u00bb custom_padding=\u00bb0px||0px||true|false\u00bb disabled=\u00bbon\u00bb global_colors_info=\u00bb{}\u00bb][et_pb_row column_structure=\u00bb1_4,1_4,1_4,1_4&#8243; use_custom_gutter=\u00bbon\u00bb gutter_width=\u00bb1&#8243; make_equal=\u00bbon\u00bb disabled_on=\u00bboff|off|off\u00bb _builder_version=\u00bb4.27.4&#8243; _module_preset=\u00bbdefault\u00bb background_color=\u00bb#8FD9C0&#8243; width=\u00bb100%\u00bb custom_padding=\u00bb0px||0px||true|false\u00bb global_colors_info=\u00bb{}\u00bb][et_pb_column type=\u00bb1_4&#8243; _builder_version=\u00bb4.27.4&#8243; _module_preset=\u00bbdefault\u00bb background_color=\u00bb#8FD9C0&#8243; background_image=\u00bbhttps:\/\/data4circ.eu\/wp-content\/uploads\/2025\/01\/Data4circ-image-01-web.jpeg\u00bb global_colors_info=\u00bb{}\u00bb][et_pb_image src=\u00bbhttps:\/\/data4circ.eu\/wp-content\/uploads\/2025\/02\/AdobeStock_694225446-scaled.jpeg\u00bb title_text=\u00bbEl concepto de empresa verde de energ\u00eda neta cero reduce las emisiones de carbono, Empresario que utiliza tablas de an\u00e1lisis de big data para reducir a cero la emisi\u00f3n neta de carbono, Empresa que utiliza energ\u00edas alternativas para proteger el medio ambiente\u00bb _builder_version=\u00bb4.27.4&#8243; _module_preset=\u00bbdefault\u00bb global_colors_info=\u00bb{}\u00bb][\/et_pb_image][\/et_pb_column][et_pb_column type=\u00bb1_4&#8243; _builder_version=\u00bb4.27.4&#8243; _module_preset=\u00bbdefault\u00bb background_color=\u00bb#8FD9C0&#8243; background_enable_image=\u00bboff\u00bb background_position=\u00bbtop_right\u00bb global_colors_info=\u00bb{}\u00bb][et_pb_blurb title=\u00bbCasos pr\u00e1cticos\u00bb image=\u00bbhttps:\/\/data4circ.eu\/wp-content\/uploads\/2025\/02\/Data4circ-FAV_logo_full_reversed.png\u00bb image_icon_width=\u00bb100px\u00bb admin_label=\u00bbUse Cases\u00bb _builder_version=\u00bb4.27.4&#8243; _module_preset=\u00bbdefault\u00bb header_level=\u00bbh2&#8243; header_text_align=\u00bbcenter\u00bb text_orientation=\u00bbcenter\u00bb custom_margin=\u00bb50px||50px||true|false\u00bb animation=\u00bboff\u00bb global_colors_info=\u00bb{}\u00bb]<\/p>\n<p><span class=\"dsm-readmore-text\">Leer m\u00e1s &#8230;<\/span><\/p>\n<p>[\/et_pb_blurb][\/et_pb_column][et_pb_column type=\u00bb1_4&#8243; _builder_version=\u00bb4.27.4&#8243; _module_preset=\u00bbdefault\u00bb background_color=\u00bb#8FD9C0&#8243; background_enable_image=\u00bboff\u00bb background_position=\u00bbtop_right\u00bb global_colors_info=\u00bb{}\u00bb][et_pb_blurb title=\u00bbPlan de trabajo\u00bb image=\u00bbhttps:\/\/data4circ.eu\/wp-content\/uploads\/2025\/02\/Data4circ-FAV_logo_full_reversed.png\u00bb image_icon_width=\u00bb100px\u00bb admin_label=\u00bbWorkplan\u00bb _builder_version=\u00bb4.27.4&#8243; _module_preset=\u00bbdefault\u00bb header_level=\u00bbh2&#8243; header_text_align=\u00bbcenter\u00bb text_orientation=\u00bbcenter\u00bb custom_margin=\u00bb50px||50px||true|false\u00bb animation=\u00bboff\u00bb global_colors_info=\u00bb{}\u00bb]<\/p>\n<p><span class=\"dsm-readmore-text\">Leer m\u00e1s &#8230;<\/span><\/p>\n<p>[\/et_pb_blurb][\/et_pb_column][et_pb_column type=\u00bb1_4&#8243; _builder_version=\u00bb4.27.4&#8243; _module_preset=\u00bbdefault\u00bb background_color=\u00bb#8FD9C0&#8243; background_enable_image=\u00bboff\u00bb background_position=\u00bbtop_right\u00bb global_colors_info=\u00bb{}\u00bb][et_pb_image src=\u00bbhttps:\/\/data4circ.eu\/wp-content\/uploads\/2025\/02\/AdobeStock_686934363-scaled.jpeg\u00bb title_text=\u00bbUn hombre de negocios utiliza un ordenador port\u00e1til y una lupa en la mano para enfocar el s\u00edmbolo Infinito de la econom\u00eda circular para reducir los residuos mediante la reutilizaci\u00f3n, reducir la contaminaci\u00f3n para el futuro crecimiento empresarial y medioambiental.\u00bb _builder_version=\u00bb4.27.4&#8243; _module_preset=\u00bbdefault\u00bb global_colors_info=\u00bb{}\u00bb][\/et_pb_image][\/et_pb_column][\/et_pb_row][\/et_pb_section][et_pb_section fb_built=\u00bb1&#8243; _builder_version=\u00bb4.27.4&#8243; _module_preset=\u00bbdefault\u00bb background_color=\u00bb#2B463C\u00bb background_image=\u00bbhttps:\/\/data4circ.eu\/wp-content\/uploads\/2025\/01\/Data4circ-background-03-web.png\u00bb background_position=\u00bbcenter_left\u00bb custom_padding=\u00bb50px||50px||true|false\u00bb global_colors_info=\u00bb{}\u00bb][et_pb_row _builder_version=\u00bb4.27.4&#8243; _module_preset=\u00bbdefault\u00bb global_colors_info=\u00bb{}\u00bb][et_pb_column type=\u00bb4_4&#8243; _builder_version=\u00bb4.27.4&#8243; _module_preset=\u00bbdefault\u00bb global_colors_info=\u00bb{}\u00bb][et_pb_text _builder_version=\u00bb4.27.4&#8243; _module_preset=\u00bbdefault\u00bb text_text_color=\u00bb#8FD9C0&#8243; text_orientation=\u00bbcenter\u00bb global_colors_info=\u00bb{}\u00bb]<\/p>\n<h2>\u00a1\u00danete a nosotros en nuestro viaje hacia un futuro m\u00e1s ecol\u00f3gico, inteligente y circular en la fabricaci\u00f3n!<\/h2>\n<p>[\/et_pb_text][\/et_pb_column][\/et_pb_row][\/et_pb_section]<\/p>\n","protected":false},"excerpt":{"rendered":"<p>DATA4CIRC DATA4CIRC est\u00e1 desarrollando un marco innovador de intercambio de datos para ayudar a la industria manufacturera europea a prepararse para un futuro m\u00e1s sostenible. Nuestra misi\u00f3n es mejorar el acceso a la informaci\u00f3n que necesitan las f\u00e1bricas para recuperar, reciclar y reutilizar materiales de forma eficiente y segura, y avanzar hacia una econom\u00eda circular.Nuestra [&hellip;]<\/p>\n","protected":false},"author":1,"featured_media":0,"parent":1688,"menu_order":0,"comment_status":"closed","ping_status":"closed","template":"","meta":{"_et_pb_use_builder":"on","_et_pb_old_content":"","_et_gb_content_width":"","footnotes":""},"class_list":["post-1723","page","type-page","status-publish","hentry"],"yoast_head":"<!-- This site is optimized with the Yoast SEO plugin v27.1.1 - https:\/\/yoast.com\/product\/yoast-seo-wordpress\/ -->\n<title>Nuestra misi\u00f3n - data4circ.eu<\/title>\n<meta name=\"robots\" content=\"index, follow, max-snippet:-1, max-image-preview:large, max-video-preview:-1\" \/>\n<link rel=\"canonical\" href=\"https:\/\/data4circ.eu\/es\/acerca-de\/el-proyecto\/nuestra-mision\/\" \/>\n<meta property=\"og:locale\" content=\"es_ES\" \/>\n<meta property=\"og:type\" content=\"article\" \/>\n<meta property=\"og:title\" content=\"Nuestra misi\u00f3n - data4circ.eu\" \/>\n<meta property=\"og:description\" content=\"DATA4CIRC DATA4CIRC est\u00e1 desarrollando un marco innovador de intercambio de datos para ayudar a la industria manufacturera europea a prepararse para un futuro m\u00e1s sostenible. Nuestra misi\u00f3n es mejorar el acceso a la informaci\u00f3n que necesitan las f\u00e1bricas para recuperar, reciclar y reutilizar materiales de forma eficiente y segura, y avanzar hacia una econom\u00eda circular.Nuestra [&hellip;]\" \/>\n<meta property=\"og:url\" content=\"https:\/\/data4circ.eu\/es\/acerca-de\/el-proyecto\/nuestra-mision\/\" \/>\n<meta property=\"og:site_name\" content=\"data4circ.eu\" \/>\n<meta property=\"article:modified_time\" content=\"2026-02-19T17:35:32+00:00\" \/>\n<meta name=\"twitter:card\" content=\"summary_large_image\" \/>\n<meta name=\"twitter:label1\" content=\"Tiempo de lectura\" \/>\n\t<meta name=\"twitter:data1\" content=\"6 minutos\" \/>\n<script type=\"application\/ld+json\" class=\"yoast-schema-graph\">{\"@context\":\"https:\/\/schema.org\",\"@graph\":[{\"@type\":\"WebPage\",\"@id\":\"https:\/\/data4circ.eu\/es\/acerca-de\/el-proyecto\/nuestra-mision\/\",\"url\":\"https:\/\/data4circ.eu\/es\/acerca-de\/el-proyecto\/nuestra-mision\/\",\"name\":\"Nuestra misi\u00f3n - data4circ.eu\",\"isPartOf\":{\"@id\":\"https:\/\/data4circ.eu\/es\/#website\"},\"datePublished\":\"2025-02-05T10:59:01+00:00\",\"dateModified\":\"2026-02-19T17:35:32+00:00\",\"breadcrumb\":{\"@id\":\"https:\/\/data4circ.eu\/es\/acerca-de\/el-proyecto\/nuestra-mision\/#breadcrumb\"},\"inLanguage\":\"es\",\"potentialAction\":[{\"@type\":\"ReadAction\",\"target\":[\"https:\/\/data4circ.eu\/es\/acerca-de\/el-proyecto\/nuestra-mision\/\"]}]},{\"@type\":\"BreadcrumbList\",\"@id\":\"https:\/\/data4circ.eu\/es\/acerca-de\/el-proyecto\/nuestra-mision\/#breadcrumb\",\"itemListElement\":[{\"@type\":\"ListItem\",\"position\":1,\"name\":\"Home\",\"item\":\"https:\/\/data4circ.eu\/es\/inicio\/\"},{\"@type\":\"ListItem\",\"position\":2,\"name\":\"Acerca de\",\"item\":\"https:\/\/data4circ.eu\/es\/acerca-de\/\"},{\"@type\":\"ListItem\",\"position\":3,\"name\":\"El proyecto\",\"item\":\"https:\/\/data4circ.eu\/es\/acerca-de\/el-proyecto\/\"},{\"@type\":\"ListItem\",\"position\":4,\"name\":\"Nuestra misi\u00f3n\"}]},{\"@type\":\"WebSite\",\"@id\":\"https:\/\/data4circ.eu\/es\/#website\",\"url\":\"https:\/\/data4circ.eu\/es\/\",\"name\":\"data4circ.eu\",\"description\":\"eco-friendly digital solutions and data sharing\",\"potentialAction\":[{\"@type\":\"SearchAction\",\"target\":{\"@type\":\"EntryPoint\",\"urlTemplate\":\"https:\/\/data4circ.eu\/es\/?s={search_term_string}\"},\"query-input\":{\"@type\":\"PropertyValueSpecification\",\"valueRequired\":true,\"valueName\":\"search_term_string\"}}],\"inLanguage\":\"es\"}]}<\/script>\n<!-- \/ Yoast SEO plugin. -->","yoast_head_json":{"title":"Nuestra misi\u00f3n - data4circ.eu","robots":{"index":"index","follow":"follow","max-snippet":"max-snippet:-1","max-image-preview":"max-image-preview:large","max-video-preview":"max-video-preview:-1"},"canonical":"https:\/\/data4circ.eu\/es\/acerca-de\/el-proyecto\/nuestra-mision\/","og_locale":"es_ES","og_type":"article","og_title":"Nuestra misi\u00f3n - data4circ.eu","og_description":"DATA4CIRC DATA4CIRC est\u00e1 desarrollando un marco innovador de intercambio de datos para ayudar a la industria manufacturera europea a prepararse para un futuro m\u00e1s sostenible. Nuestra misi\u00f3n es mejorar el acceso a la informaci\u00f3n que necesitan las f\u00e1bricas para recuperar, reciclar y reutilizar materiales de forma eficiente y segura, y avanzar hacia una econom\u00eda circular.Nuestra [&hellip;]","og_url":"https:\/\/data4circ.eu\/es\/acerca-de\/el-proyecto\/nuestra-mision\/","og_site_name":"data4circ.eu","article_modified_time":"2026-02-19T17:35:32+00:00","twitter_card":"summary_large_image","twitter_misc":{"Tiempo de lectura":"6 minutos"},"schema":{"@context":"https:\/\/schema.org","@graph":[{"@type":"WebPage","@id":"https:\/\/data4circ.eu\/es\/acerca-de\/el-proyecto\/nuestra-mision\/","url":"https:\/\/data4circ.eu\/es\/acerca-de\/el-proyecto\/nuestra-mision\/","name":"Nuestra misi\u00f3n - data4circ.eu","isPartOf":{"@id":"https:\/\/data4circ.eu\/es\/#website"},"datePublished":"2025-02-05T10:59:01+00:00","dateModified":"2026-02-19T17:35:32+00:00","breadcrumb":{"@id":"https:\/\/data4circ.eu\/es\/acerca-de\/el-proyecto\/nuestra-mision\/#breadcrumb"},"inLanguage":"es","potentialAction":[{"@type":"ReadAction","target":["https:\/\/data4circ.eu\/es\/acerca-de\/el-proyecto\/nuestra-mision\/"]}]},{"@type":"BreadcrumbList","@id":"https:\/\/data4circ.eu\/es\/acerca-de\/el-proyecto\/nuestra-mision\/#breadcrumb","itemListElement":[{"@type":"ListItem","position":1,"name":"Home","item":"https:\/\/data4circ.eu\/es\/inicio\/"},{"@type":"ListItem","position":2,"name":"Acerca de","item":"https:\/\/data4circ.eu\/es\/acerca-de\/"},{"@type":"ListItem","position":3,"name":"El proyecto","item":"https:\/\/data4circ.eu\/es\/acerca-de\/el-proyecto\/"},{"@type":"ListItem","position":4,"name":"Nuestra misi\u00f3n"}]},{"@type":"WebSite","@id":"https:\/\/data4circ.eu\/es\/#website","url":"https:\/\/data4circ.eu\/es\/","name":"data4circ.eu","description":"eco-friendly digital solutions and data sharing","potentialAction":[{"@type":"SearchAction","target":{"@type":"EntryPoint","urlTemplate":"https:\/\/data4circ.eu\/es\/?s={search_term_string}"},"query-input":{"@type":"PropertyValueSpecification","valueRequired":true,"valueName":"search_term_string"}}],"inLanguage":"es"}]}},"_links":{"self":[{"href":"https:\/\/data4circ.eu\/es\/wp-json\/wp\/v2\/pages\/1723","targetHints":{"allow":["GET"]}}],"collection":[{"href":"https:\/\/data4circ.eu\/es\/wp-json\/wp\/v2\/pages"}],"about":[{"href":"https:\/\/data4circ.eu\/es\/wp-json\/wp\/v2\/types\/page"}],"author":[{"embeddable":true,"href":"https:\/\/data4circ.eu\/es\/wp-json\/wp\/v2\/users\/1"}],"replies":[{"embeddable":true,"href":"https:\/\/data4circ.eu\/es\/wp-json\/wp\/v2\/comments?post=1723"}],"version-history":[{"count":3,"href":"https:\/\/data4circ.eu\/es\/wp-json\/wp\/v2\/pages\/1723\/revisions"}],"predecessor-version":[{"id":1726,"href":"https:\/\/data4circ.eu\/es\/wp-json\/wp\/v2\/pages\/1723\/revisions\/1726"}],"up":[{"embeddable":true,"href":"https:\/\/data4circ.eu\/es\/wp-json\/wp\/v2\/pages\/1688"}],"wp:attachment":[{"href":"https:\/\/data4circ.eu\/es\/wp-json\/wp\/v2\/media?parent=1723"}],"curies":[{"name":"wp","href":"https:\/\/api.w.org\/{rel}","templated":true}]}}