{"id":1416,"date":"2025-01-15T09:22:17","date_gmt":"2025-01-15T08:22:17","guid":{"rendered":"https:\/\/data4circ.eu\/inicio\/"},"modified":"2026-03-05T14:01:38","modified_gmt":"2026-03-05T13:01:38","slug":"inicio","status":"publish","type":"page","link":"https:\/\/data4circ.eu\/es\/","title":{"rendered":"Inicio"},"content":{"rendered":"<p>[et_pb_section fb_built=\u00bb1&#8243; custom_padding_last_edited=\u00bbon|phone\u00bb _builder_version=\u00bb4.27.4&#8243; _module_preset=\u00bbdefault\u00bb background_color=\u00bb#2B463C\u00bb background_image=\u00bbhttps:\/\/data4circ.eu\/wp-content\/uploads\/2025\/01\/Data4circ-background-web.png\u00bb background_position=\u00bbtop_right\u00bb custom_padding=\u00bb50px||50px||true|false\u00bb custom_padding_tablet=\u00bb100px||100px||true|false\u00bb custom_padding_phone=\u00bb50px||50px||true|false\u00bb global_colors_info=\u00bb{}\u00bb][et_pb_row column_structure=\u00bb1_2,1_2&#8243; _builder_version=\u00bb4.27.4&#8243; _module_preset=\u00bbdefault\u00bb global_colors_info=\u00bb{}\u00bb][et_pb_column type=\u00bb1_2&#8243; _builder_version=\u00bb4.27.4&#8243; _module_preset=\u00bbdefault\u00bb global_colors_info=\u00bb{}\u00bb][et_pb_text _builder_version=\u00bb4.27.4&#8243; _module_preset=\u00bbdefault\u00bb text_text_color=\u00bb#8FD9C0&#8243; width=\u00bb100%\u00bb global_colors_info=\u00bb{}\u00bb]<\/p>\n<h1>Bienvenido a DATA4CIRC<\/h1>\n<p style=\"text-align: justify;\">DATA4CIRC est\u00e1 desarrollando un marco innovador de intercambio de datos para ayudar a la industria manufacturera europea a prepararse para un futuro m\u00e1s sostenible. <span style=\"text-decoration: underline;\"><a href=\"https:\/\/data4circ.eu\/es\/acerca-de\/el-proyecto\/nuestra-mision\/\"><strong>Nuestra misi\u00f3n<\/strong><\/a><\/span> es mejorar el acceso a la informaci\u00f3n que necesitan las f\u00e1bricas para recuperar, reciclar y reutilizar materiales de forma eficiente y segura, y avanzar hacia una econom\u00eda circular.<\/p>\n<p>[\/et_pb_text][\/et_pb_column][et_pb_column type=\u00bb1_2&#8243; _builder_version=\u00bb4.27.4&#8243; _module_preset=\u00bbdefault\u00bb global_colors_info=\u00bb{}\u00bb][\/et_pb_column][\/et_pb_row][\/et_pb_section][et_pb_section fb_built=\u00bb1&#8243; _builder_version=\u00bb4.27.4&#8243; _module_preset=\u00bbdefault\u00bb custom_padding=\u00bb0px||0px||true|false\u00bb global_colors_info=\u00bb{}\u00bb][et_pb_row column_structure=\u00bb1_2,1_2&#8243; use_custom_gutter=\u00bbon\u00bb gutter_width=\u00bb1&#8243; make_equal=\u00bbon\u00bb _builder_version=\u00bb4.27.4&#8243; _module_preset=\u00bbdefault\u00bb background_color=\u00bb#8FD9C0&#8243; width=\u00bb100%\u00bb custom_padding=\u00bb0px||0px||true|false\u00bb global_colors_info=\u00bb{}\u00bb][et_pb_column type=\u00bb1_2&#8243; _builder_version=\u00bb4.27.4&#8243; _module_preset=\u00bbdefault\u00bb background_image=\u00bbhttps:\/\/data4circ.eu\/wp-content\/uploads\/2025\/01\/Data4circ-image-01-web.jpeg\u00bb background_position=\u00bbtop_right\u00bb global_colors_info=\u00bb{}\u00bb][\/et_pb_column][et_pb_column type=\u00bb1_2&#8243; _builder_version=\u00bb4.27.4&#8243; _module_preset=\u00bbdefault\u00bb global_colors_info=\u00bb{}\u00bb][et_pb_text _builder_version=\u00bb4.27.4&#8243; _module_preset=\u00bbdefault\u00bb text_text_color=\u00bb#2B463C\u00bb header_2_font=\u00bb|&#8211;et_global_heading_font_weight|||||||\u00bb header_2_text_align=\u00bbcenter\u00bb custom_padding=\u00bb100px|100px|100px|100px|true|true\u00bb custom_padding_tablet=\u00bb75px|75px|75px|75px|true|true\u00bb custom_padding_phone=\u00bb50px|50px|50px|50px|true|true\u00bb custom_padding_last_edited=\u00bbon|phone\u00bb global_colors_info=\u00bb{}\u00bb]<\/p>\n<h2>El desaf\u00edo<\/h2>\n<p>&nbsp;<\/p>\n<p style=\"text-align: justify;\">\n<p style=\"text-align: justify;\">La Uni\u00f3n Europea se ha fijado el objetivo de <strong>duplicar el uso de materiales circulares para 2030<\/strong>. Un obst\u00e1culo importante para aumentar la circularidad es la <strong>falta de datos<\/strong> sobre los materiales que contienen los productos manufacturados. Incluso cuando existen datos, es posible que los fabricantes <strong>no puedan acceder a<\/strong> ellos, por ejemplo, debido a las restricciones que protegen la Propiedad Intelectual. Adem\u00e1s, cuando existen soluciones potenciales a este reto, la <strong>falta de normalizaci\u00f3n \/ interoperabilidad<\/strong> y el d\u00e9ficit en la <strong>formaci\u00f3n necesaria para los usuarios finales<\/strong> han impedido una adopci\u00f3n generalizada.   <\/p>\n<p>[\/et_pb_text][\/et_pb_column][\/et_pb_row][\/et_pb_section][et_pb_section fb_built=\u00bb1&#8243; _builder_version=\u00bb4.27.4&#8243; _module_preset=\u00bbdefault\u00bb custom_padding=\u00bb0px||0px||true|false\u00bb global_colors_info=\u00bb{}\u00bb][et_pb_row column_structure=\u00bb1_2,1_2&#8243; use_custom_gutter=\u00bbon\u00bb gutter_width=\u00bb1&#8243; make_equal=\u00bbon\u00bb _builder_version=\u00bb4.27.4&#8243; _module_preset=\u00bbdefault\u00bb background_color=\u00bb#8FD9C0&#8243; width=\u00bb100%\u00bb custom_padding=\u00bb0px||0px||true|false\u00bb global_colors_info=\u00bb{}\u00bb][et_pb_column type=\u00bb1_2&#8243; _builder_version=\u00bb4.27.4&#8243; _module_preset=\u00bbdefault\u00bb global_colors_info=\u00bb{}\u00bb][et_pb_text _builder_version=\u00bb4.27.4&#8243; _module_preset=\u00bbdefault\u00bb text_text_color=\u00bb#2B463C\u00bb header_2_font=\u00bb|&#8211;et_global_heading_font_weight|||||||\u00bb header_2_text_align=\u00bbcenter\u00bb custom_padding=\u00bb100px|100px|100px|100px|true|true\u00bb custom_padding_tablet=\u00bb75px|75px|75px|75px|true|true\u00bb custom_padding_phone=\u00bb50px|50px|50px|50px|true|true\u00bb custom_padding_last_edited=\u00bbon|phone\u00bb global_colors_info=\u00bb{}\u00bb]<\/p>\n<h2>Nuestro enfoque<\/h2>\n<p style=\"text-align: justify;\">\n<p style=\"text-align: justify;\"><strong>Espacios Federados de Datos:<\/strong> Plataformas seguras para compartir datos de forma segura entre empresas.<\/p>\n<p style=\"text-align: justify;\"><strong>Modelos digitales:<\/strong> Representaciones virtuales de procesos de fabricaci\u00f3n y productos para mejorar la evaluaci\u00f3n del impacto medioambiental.<\/p>\n<p style=\"text-align: justify;\"><strong>An\u00e1lisis del ciclo de vida de principio a fin asistido por IA:<\/strong> Una herramienta basada en IA para evaluar el impacto medioambiental de los productos de principio a fin.<\/p>\n<p style=\"text-align: justify;\"><strong>Pasaporte Digital de Producto (DPP):<\/strong> Una identificaci\u00f3n digital de los productos, que sigue su ciclo de vida para facilitar su reciclaje y reutilizaci\u00f3n.<\/p>\n<p style=\"text-align: justify;\"><strong>Digitalizaci\u00f3n:<\/strong> junto con un nivel adecuado de competencias y formaci\u00f3n de los usuarios finales, la digitalizaci\u00f3n es vital para garantizar la interoperabilidad con otras soluciones y liberar el potencial de la econom\u00eda circular.<\/p>\n<p>[\/et_pb_text][\/et_pb_column][et_pb_column type=\u00bb1_2&#8243; _builder_version=\u00bb4.27.4&#8243; _module_preset=\u00bbdefault\u00bb background_image=\u00bbhttps:\/\/data4circ.eu\/wp-content\/uploads\/2025\/01\/Data4circ-image-01-web.jpeg\u00bb background_position=\u00bbtop_right\u00bb global_colors_info=\u00bb{}\u00bb][et_pb_image src=\u00bbhttps:\/\/data4circ.eu\/wp-content\/uploads\/2025\/02\/Figure1_DATA4CIRC-concept-summary.png\u00bb title_text=\u00bbFigura1_DATA4CIRC resumen del concepto\u00bb _builder_version=\u00bb4.27.4&#8243; _module_preset=\u00bbdefault\u00bb background_color=\u00bb#FFFFFF\u00bb custom_padding=\u00bb100px||100px||false|false\u00bb global_colors_info=\u00bb{}\u00bb][\/et_pb_image][\/et_pb_column][\/et_pb_row][\/et_pb_section][et_pb_section fb_built=\u00bb1&#8243; _builder_version=\u00bb4.27.4&#8243; _module_preset=\u00bbdefault\u00bb background_color=\u00bb#2B463C\u00bb background_image=\u00bbhttps:\/\/data4circ.eu\/wp-content\/uploads\/2025\/01\/Data4circ-background-03-web.png\u00bb background_position=\u00bbcenter_left\u00bb global_colors_info=\u00bb{}\u00bb][et_pb_row column_structure=\u00bb1_3,1_3,1_3&#8243; _builder_version=\u00bb4.27.4&#8243; _module_preset=\u00bbdefault\u00bb global_colors_info=\u00bb{}\u00bb][et_pb_column type=\u00bb1_3&#8243; _builder_version=\u00bb4.27.4&#8243; _module_preset=\u00bbdefault\u00bb global_colors_info=\u00bb{}\u00bb][et_pb_text _builder_version=\u00bb4.27.4&#8243; _module_preset=\u00bbdefault\u00bb text_text_color=\u00bb#8FD9C0&#8243; global_colors_info=\u00bb{}\u00bb]<\/p>\n<h2>DATA4CIRC sit\u00faa a las personas en el centro de la circularidad<\/h2>\n<p>[\/et_pb_text][et_pb_text _builder_version=\u00bb4.27.4&#8243; _module_preset=\u00bbdefault\u00bb text_text_color=\u00bb#8FD9C0&#8243; custom_padding=\u00bb|||45px|false|false\u00bb global_colors_info=\u00bb{}\u00bb]<\/p>\n<h2 style=\"text-align: justify;\"><\/h2>\n<p>&nbsp;<\/p>\n<p style=\"text-align: left;\"><strong>Impacto en el mundo real:<br \/><\/strong><\/p>\n<p style=\"text-align: left;\">Nuestras soluciones se est\u00e1n probando en tres sectores manufactureros clave:<strong><a href=\"https:\/\/data4circ.eu\/es\/acerca-de\/el-proyecto\/casos-practicos\/caso-practico-no-1-transformacion-de-los-plasticos-agricolas-la-cadena-de-valor-circular-de-las-laminas-de-mantillo\/\"> <span style=\"text-decoration: underline;\">pl\u00e1sticos<\/span><\/a><\/strong>, <strong><a href=\"https:\/\/data4circ.eu\/es\/acerca-de\/el-proyecto\/casos-practicos\/caso-practico-no-2-revolucionar-la-gestion-de-los-residuos-electronicos-la-cadena-de-valor-circular-de-los-aee\/\"><span style=\"text-decoration: underline;\">electr\u00f3nica<\/span><\/a><\/strong>y <strong><a href=\"https:\/\/data4circ.eu\/es\/acerca-de\/el-proyecto\/casos-practicos\/caso-practico-no-3-revolucionar-los-catalizadores-de-automocion\/\"><span style=\"text-decoration: underline;\">automoci\u00f3n<\/span><\/a><\/strong>demostrando su eficacia en la creaci\u00f3n de cadenas de valor sostenibles y circulares.<br \/>\u00a1\u00danete a nosotros en nuestro viaje hacia un futuro m\u00e1s ecol\u00f3gico, inteligente y circular en la fabricaci\u00f3n!<\/p>\n<p>[\/et_pb_text][\/et_pb_column][et_pb_column type=\u00bb1_3&#8243; _builder_version=\u00bb4.27.4&#8243; _module_preset=\u00bbdefault\u00bb global_colors_info=\u00bb{}\u00bb][et_pb_image src=\u00bbhttp:\/\/data4circ.eu\/wp-content\/uploads\/2025\/01\/Data4circ-image-02.png\u00bb title_text=\u00bbImagen Data4circ 02&#8243; _builder_version=\u00bb4.27.4&#8243; _module_preset=\u00bbdefault\u00bb custom_margin=\u00bb||||false|false\u00bb custom_margin_tablet=\u00bb|50px||50px|false|true\u00bb custom_margin_phone=\u00bb|25px||25px|false|true\u00bb custom_margin_last_edited=\u00bbon|desktop\u00bb global_colors_info=\u00bb{}\u00bb][\/et_pb_image][\/et_pb_column][et_pb_column type=\u00bb1_3&#8243; _builder_version=\u00bb4.27.4&#8243; _module_preset=\u00bbdefault\u00bb global_colors_info=\u00bb{}\u00bb][et_pb_text _builder_version=\u00bb4.27.4&#8243; _module_preset=\u00bbdefault\u00bb text_text_color=\u00bb#00AA78&#8243; global_colors_info=\u00bb{}\u00bb]<\/p>\n<p style=\"text-align: justify;\"><strong><\/strong><\/p>\n<p><strong><\/strong><\/p>\n<p><strong><\/strong><\/p>\n<p style=\"text-align: left;\"><strong>Dise\u00f1o centrado en el usuario:<\/strong><\/p>\n<p style=\"text-align: left;\">Nuestras soluciones se dise\u00f1an pensando en el usuario final, garantizando que sean f\u00e1ciles de usar y se basen en las normas existentes para lograr la m\u00e1xima adopci\u00f3n.<\/p>\n<p>[\/et_pb_text][et_pb_text _builder_version=\u00bb4.27.4&#8243; _module_preset=\u00bbdefault\u00bb text_text_color=\u00bb#8FD9C0&#8243; custom_padding=\u00bb2px|||||\u00bb global_colors_info=\u00bb{}\u00bb]<\/p>\n<p style=\"text-align: left;\"><strong>Innovaci\u00f3n social:<\/strong><\/p>\n<p style=\"text-align: left;\">Damos prioridad a la participaci\u00f3n humana mediante actividades de co-creaci\u00f3n y co-validaci\u00f3n, atendiendo a las necesidades y expectativas de todos.<\/p>\n<p>[\/et_pb_text][et_pb_text _builder_version=\u00bb4.27.4&#8243; _module_preset=\u00bbdefault\u00bb text_text_color=\u00bb#FFFFFF\u00bb global_colors_info=\u00bb{}\u00bb]<\/p>\n<p style=\"text-align: left;\"><strong>Programas de formaci\u00f3n:<\/strong><\/p>\n<p style=\"text-align: left;\">Ofrecemos programas de perfeccionamiento y reciclaje para ayudar a los trabajadores del sector manufacturero a adaptarse a las nuevas herramientas digitales.<\/p>\n<p>[\/et_pb_text][\/et_pb_column][\/et_pb_row][\/et_pb_section][et_pb_section fb_built=\u00bb1&#8243; _builder_version=\u00bb4.27.4&#8243; _module_preset=\u00bbdefault\u00bb background_color=\u00bb#00AA78&#8243; global_colors_info=\u00bb{}\u00bb][et_pb_row _builder_version=\u00bb4.27.4&#8243; _module_preset=\u00bbdefault\u00bb global_colors_info=\u00bb{}\u00bb][et_pb_column type=\u00bb4_4&#8243; _builder_version=\u00bb4.27.4&#8243; _module_preset=\u00bbdefault\u00bb global_colors_info=\u00bb{}\u00bb][et_pb_signup mailchimp_list=\u00bbData4Circ|fd828f823e\u00bb title=\u00bbSuscr\u00edbete a nuestro bolet\u00edn\u00bb description=\u00bb<\/p>\n<p>\u00danete a nuestra lista de correo para recibir las \u00faltimas noticias y actualizaciones de nuestro equipo.<\/p>\n<p>\u00bb _builder_version=\u00bb4.27.4&#8243; _module_preset=\u00bbdefault\u00bb custom_button=\u00bbon\u00bb button_bg_color=\u00bb#2B463C\u00bb global_colors_info=\u00bb{}\u00bb][\/et_pb_signup][\/et_pb_column][\/et_pb_row][\/et_pb_section]<\/p>\n","protected":false},"excerpt":{"rendered":"<p>Bienvenido a DATA4CIRC DATA4CIRC est\u00e1 desarrollando un marco innovador de intercambio de datos para ayudar a la industria manufacturera europea a prepararse para un futuro m\u00e1s sostenible. Nuestra misi\u00f3n es mejorar el acceso a la informaci\u00f3n que necesitan las f\u00e1bricas para recuperar, reciclar y reutilizar materiales de forma eficiente y segura, y avanzar hacia una [&hellip;]<\/p>\n","protected":false},"author":1,"featured_media":1415,"parent":0,"menu_order":0,"comment_status":"closed","ping_status":"closed","template":"","meta":{"_et_pb_use_builder":"on","_et_pb_old_content":"","_et_gb_content_width":"","footnotes":""},"class_list":["post-1416","page","type-page","status-publish","has-post-thumbnail","hentry"],"yoast_head":"<!-- This site is optimized with the Yoast SEO plugin v27.1.1 - https:\/\/yoast.com\/product\/yoast-seo-wordpress\/ -->\n<title>Inicio - data4circ.eu<\/title>\n<meta name=\"description\" content=\"El proyecto DATA4CIRC es un proyecto de investigaci\u00f3n financiado por la UE que desarrolla un marco innovador de intercambio de datos para ayudar a la industria manufacturera europea a prepararse para un futuro m\u00e1s sostenible.\" \/>\n<meta name=\"robots\" content=\"index, follow, max-snippet:-1, max-image-preview:large, max-video-preview:-1\" \/>\n<link rel=\"canonical\" href=\"https:\/\/data4circ.eu\/es\/\" \/>\n<meta property=\"og:locale\" content=\"es_ES\" \/>\n<meta property=\"og:type\" content=\"article\" \/>\n<meta property=\"og:title\" content=\"Inicio - data4circ.eu\" \/>\n<meta property=\"og:description\" content=\"El proyecto DATA4CIRC es un proyecto de investigaci\u00f3n financiado por la UE que desarrolla un marco innovador de intercambio de datos para ayudar a la industria manufacturera europea a prepararse para un futuro m\u00e1s sostenible.\" \/>\n<meta property=\"og:url\" content=\"https:\/\/data4circ.eu\/es\/\" \/>\n<meta property=\"og:site_name\" content=\"data4circ.eu\" \/>\n<meta property=\"article:modified_time\" content=\"2026-03-05T13:01:38+00:00\" \/>\n<meta property=\"og:image\" content=\"https:\/\/data4circ.eu\/wp-content\/uploads\/2025\/01\/Data4circ-FAV.png\" \/>\n\t<meta property=\"og:image:width\" content=\"525\" \/>\n\t<meta property=\"og:image:height\" content=\"525\" \/>\n\t<meta property=\"og:image:type\" content=\"image\/png\" \/>\n<meta name=\"twitter:card\" content=\"summary_large_image\" \/>\n<meta name=\"twitter:label1\" content=\"Tiempo de lectura\" \/>\n\t<meta name=\"twitter:data1\" content=\"7 minutos\" \/>\n<script type=\"application\/ld+json\" class=\"yoast-schema-graph\">{\"@context\":\"https:\/\/schema.org\",\"@graph\":[{\"@type\":\"WebPage\",\"@id\":\"https:\/\/data4circ.eu\/es\/\",\"url\":\"https:\/\/data4circ.eu\/es\/\",\"name\":\"Inicio - data4circ.eu\",\"isPartOf\":{\"@id\":\"https:\/\/data4circ.eu\/es\/#website\"},\"primaryImageOfPage\":{\"@id\":\"https:\/\/data4circ.eu\/es\/#primaryimage\"},\"image\":{\"@id\":\"https:\/\/data4circ.eu\/es\/#primaryimage\"},\"thumbnailUrl\":\"https:\/\/data4circ.eu\/wp-content\/uploads\/2025\/01\/Data4circ-FAV.png\",\"datePublished\":\"2025-01-15T08:22:17+00:00\",\"dateModified\":\"2026-03-05T13:01:38+00:00\",\"description\":\"El proyecto DATA4CIRC es un proyecto de investigaci\u00f3n financiado por la UE que desarrolla un marco innovador de intercambio de datos para ayudar a la industria manufacturera europea a prepararse para un futuro m\u00e1s sostenible.\",\"breadcrumb\":{\"@id\":\"https:\/\/data4circ.eu\/es\/#breadcrumb\"},\"inLanguage\":\"es\",\"potentialAction\":[{\"@type\":\"ReadAction\",\"target\":[\"https:\/\/data4circ.eu\/es\/\"]}]},{\"@type\":\"ImageObject\",\"inLanguage\":\"es\",\"@id\":\"https:\/\/data4circ.eu\/es\/#primaryimage\",\"url\":\"https:\/\/data4circ.eu\/wp-content\/uploads\/2025\/01\/Data4circ-FAV.png\",\"contentUrl\":\"https:\/\/data4circ.eu\/wp-content\/uploads\/2025\/01\/Data4circ-FAV.png\",\"width\":525,\"height\":525},{\"@type\":\"BreadcrumbList\",\"@id\":\"https:\/\/data4circ.eu\/es\/#breadcrumb\",\"itemListElement\":[{\"@type\":\"ListItem\",\"position\":1,\"name\":\"Home\",\"item\":\"https:\/\/data4circ.eu\/es\/inicio\/\"},{\"@type\":\"ListItem\",\"position\":2,\"name\":\"Inicio\"}]},{\"@type\":\"WebSite\",\"@id\":\"https:\/\/data4circ.eu\/es\/#website\",\"url\":\"https:\/\/data4circ.eu\/es\/\",\"name\":\"data4circ.eu\",\"description\":\"eco-friendly digital solutions and data sharing\",\"potentialAction\":[{\"@type\":\"SearchAction\",\"target\":{\"@type\":\"EntryPoint\",\"urlTemplate\":\"https:\/\/data4circ.eu\/es\/?s={search_term_string}\"},\"query-input\":{\"@type\":\"PropertyValueSpecification\",\"valueRequired\":true,\"valueName\":\"search_term_string\"}}],\"inLanguage\":\"es\"}]}<\/script>\n<!-- \/ Yoast SEO plugin. -->","yoast_head_json":{"title":"Inicio - data4circ.eu","description":"El proyecto DATA4CIRC es un proyecto de investigaci\u00f3n financiado por la UE que desarrolla un marco innovador de intercambio de datos para ayudar a la industria manufacturera europea a prepararse para un futuro m\u00e1s sostenible.","robots":{"index":"index","follow":"follow","max-snippet":"max-snippet:-1","max-image-preview":"max-image-preview:large","max-video-preview":"max-video-preview:-1"},"canonical":"https:\/\/data4circ.eu\/es\/","og_locale":"es_ES","og_type":"article","og_title":"Inicio - data4circ.eu","og_description":"El proyecto DATA4CIRC es un proyecto de investigaci\u00f3n financiado por la UE que desarrolla un marco innovador de intercambio de datos para ayudar a la industria manufacturera europea a prepararse para un futuro m\u00e1s sostenible.","og_url":"https:\/\/data4circ.eu\/es\/","og_site_name":"data4circ.eu","article_modified_time":"2026-03-05T13:01:38+00:00","og_image":[{"width":525,"height":525,"url":"https:\/\/data4circ.eu\/wp-content\/uploads\/2025\/01\/Data4circ-FAV.png","type":"image\/png"}],"twitter_card":"summary_large_image","twitter_misc":{"Tiempo de lectura":"7 minutos"},"schema":{"@context":"https:\/\/schema.org","@graph":[{"@type":"WebPage","@id":"https:\/\/data4circ.eu\/es\/","url":"https:\/\/data4circ.eu\/es\/","name":"Inicio - data4circ.eu","isPartOf":{"@id":"https:\/\/data4circ.eu\/es\/#website"},"primaryImageOfPage":{"@id":"https:\/\/data4circ.eu\/es\/#primaryimage"},"image":{"@id":"https:\/\/data4circ.eu\/es\/#primaryimage"},"thumbnailUrl":"https:\/\/data4circ.eu\/wp-content\/uploads\/2025\/01\/Data4circ-FAV.png","datePublished":"2025-01-15T08:22:17+00:00","dateModified":"2026-03-05T13:01:38+00:00","description":"El proyecto DATA4CIRC es un proyecto de investigaci\u00f3n financiado por la UE que desarrolla un marco innovador de intercambio de datos para ayudar a la industria manufacturera europea a prepararse para un futuro m\u00e1s sostenible.","breadcrumb":{"@id":"https:\/\/data4circ.eu\/es\/#breadcrumb"},"inLanguage":"es","potentialAction":[{"@type":"ReadAction","target":["https:\/\/data4circ.eu\/es\/"]}]},{"@type":"ImageObject","inLanguage":"es","@id":"https:\/\/data4circ.eu\/es\/#primaryimage","url":"https:\/\/data4circ.eu\/wp-content\/uploads\/2025\/01\/Data4circ-FAV.png","contentUrl":"https:\/\/data4circ.eu\/wp-content\/uploads\/2025\/01\/Data4circ-FAV.png","width":525,"height":525},{"@type":"BreadcrumbList","@id":"https:\/\/data4circ.eu\/es\/#breadcrumb","itemListElement":[{"@type":"ListItem","position":1,"name":"Home","item":"https:\/\/data4circ.eu\/es\/inicio\/"},{"@type":"ListItem","position":2,"name":"Inicio"}]},{"@type":"WebSite","@id":"https:\/\/data4circ.eu\/es\/#website","url":"https:\/\/data4circ.eu\/es\/","name":"data4circ.eu","description":"eco-friendly digital solutions and data sharing","potentialAction":[{"@type":"SearchAction","target":{"@type":"EntryPoint","urlTemplate":"https:\/\/data4circ.eu\/es\/?s={search_term_string}"},"query-input":{"@type":"PropertyValueSpecification","valueRequired":true,"valueName":"search_term_string"}}],"inLanguage":"es"}]}},"_links":{"self":[{"href":"https:\/\/data4circ.eu\/es\/wp-json\/wp\/v2\/pages\/1416","targetHints":{"allow":["GET"]}}],"collection":[{"href":"https:\/\/data4circ.eu\/es\/wp-json\/wp\/v2\/pages"}],"about":[{"href":"https:\/\/data4circ.eu\/es\/wp-json\/wp\/v2\/types\/page"}],"author":[{"embeddable":true,"href":"https:\/\/data4circ.eu\/es\/wp-json\/wp\/v2\/users\/1"}],"replies":[{"embeddable":true,"href":"https:\/\/data4circ.eu\/es\/wp-json\/wp\/v2\/comments?post=1416"}],"version-history":[{"count":10,"href":"https:\/\/data4circ.eu\/es\/wp-json\/wp\/v2\/pages\/1416\/revisions"}],"predecessor-version":[{"id":2943,"href":"https:\/\/data4circ.eu\/es\/wp-json\/wp\/v2\/pages\/1416\/revisions\/2943"}],"wp:featuredmedia":[{"embeddable":true,"href":"https:\/\/data4circ.eu\/es\/wp-json\/wp\/v2\/media\/1415"}],"wp:attachment":[{"href":"https:\/\/data4circ.eu\/es\/wp-json\/wp\/v2\/media?parent=1416"}],"curies":[{"name":"wp","href":"https:\/\/api.w.org\/{rel}","templated":true}]}}