{"id":2226,"date":"2025-02-11T16:50:41","date_gmt":"2025-02-11T15:50:41","guid":{"rendered":"https:\/\/data4circ.eu\/nachrichten-medien\/presseveroffentlichungen\/"},"modified":"2026-02-19T19:06:17","modified_gmt":"2026-02-19T18:06:17","slug":"presseveroffentlichungen","status":"publish","type":"page","link":"https:\/\/data4circ.eu\/de\/nachrichten-medien\/presseveroffentlichungen\/","title":{"rendered":"Pressever\u00f6ffentlichungen"},"content":{"rendered":"<p>[et_pb_section fb_built=&#8220;1&#8243; custom_padding_last_edited=&#8220;on|phone&#8220; _builder_version=&#8220;4.27.4&#8243; _module_preset=&#8220;default&#8220; background_color=&#8220;#2B463C&#8220; background_image=&#8220;https:\/\/data4circ.eu\/wp-content\/uploads\/2025\/01\/Data4circ-background-web.png&#8220; background_position=&#8220;top_right&#8220; custom_padding=&#8220;50px||50px||true|false&#8220; custom_padding_tablet=&#8220;40px||40px||true|false&#8220; custom_padding_phone=&#8220;30px||30px||true|false&#8220; global_colors_info=&#8220;{}&#8220;][et_pb_row column_structure=&#8220;2_5,3_5&#8243; _builder_version=&#8220;4.27.4&#8243; _module_preset=&#8220;default&#8220; global_colors_info=&#8220;{}&#8220;][et_pb_column type=&#8220;2_5&#8243; _builder_version=&#8220;4.27.4&#8243; _module_preset=&#8220;default&#8220; global_colors_info=&#8220;{}&#8220;][et_pb_text _builder_version=&#8220;4.27.4&#8243; _module_preset=&#8220;default&#8220; text_text_color=&#8220;#8FD9C0&#8243; global_colors_info=&#8220;{}&#8220;]<\/p>\n<h1><strong>Pressever\u00f6ffentlichungen<\/strong><\/h1>\n<p>&nbsp;<\/p>\n<p>&nbsp;<\/p>\n<p>[\/et_pb_text][\/et_pb_column][et_pb_column type=&#8220;3_5&#8243; _builder_version=&#8220;4.27.4&#8243; _module_preset=&#8220;default&#8220; global_colors_info=&#8220;{}&#8220;][\/et_pb_column][\/et_pb_row][et_pb_row column_structure=&#8220;1_5,1_5,1_5,1_5,1_5&#8243; use_custom_gutter=&#8220;on&#8220; gutter_width=&#8220;1&#8243; make_equal=&#8220;on&#8220; disabled_on=&#8220;off|off|off&#8220; _builder_version=&#8220;4.27.4&#8243; _module_preset=&#8220;default&#8220; background_color=&#8220;#FFFFFF&#8220; width=&#8220;100%&#8220; custom_padding=&#8220;0px||0px||true|false&#8220; global_colors_info=&#8220;{}&#8220; locked=&#8220;off&#8220;][et_pb_column type=&#8220;1_5&#8243; _builder_version=&#8220;4.27.4&#8243; _module_preset=&#8220;default&#8220; background_color=&#8220;#8FD9C0&#8243; background_enable_image=&#8220;off&#8220; background_position=&#8220;top_right&#8220; custom_padding=&#8220;0px|0px|0px|0px|true|true&#8220; border_width_all=&#8220;15px&#8220; border_color_all=&#8220;#8FD9C0&#8243; global_colors_info=&#8220;{}&#8220;][\/et_pb_column][et_pb_column type=&#8220;1_5&#8243; _builder_version=&#8220;4.27.4&#8243; _module_preset=&#8220;default&#8220; background_color=&#8220;#8FD9C0&#8243; background_enable_image=&#8220;off&#8220; background_position=&#8220;top_right&#8220; custom_padding=&#8220;0px|0px|0px|0px|true|true&#8220; border_width_all=&#8220;15px&#8220; border_color_all=&#8220;#8FD9C0&#8243; global_colors_info=&#8220;{}&#8220;][\/et_pb_column][et_pb_column type=&#8220;1_5&#8243; _builder_version=&#8220;4.27.4&#8243; _module_preset=&#8220;default&#8220; background_color=&#8220;#8FD9C0&#8243; background_enable_image=&#8220;off&#8220; background_position=&#8220;top_right&#8220; custom_padding=&#8220;0px|0px|0px|0px|true|true&#8220; border_width_all=&#8220;15px&#8220; border_color_all=&#8220;#8FD9C0&#8243; global_colors_info=&#8220;{}&#8220;][et_pb_image src=&#8220;https:\/\/data4circ.eu\/wp-content\/uploads\/2025\/10\/202510_DATA4CIRC_Press-Release-October-2025-pdf.jpg&#8220; _builder_version=&#8220;4.27.4&#8243; _module_preset=&#8220;default&#8220; title_text=&#8220;202510_DATA4CIRC_Pressemitteilung Oktober 2025&#8243; hover_enabled=&#8220;0&#8243; sticky_enabled=&#8220;0&#8243; url=&#8220;https:\/\/data4circ.eu\/wp-content\/uploads\/2025\/10\/202510_DATA4CIRC_Press-Release-October-2025.pdf&#8220;][\/et_pb_image][et_pb_text _builder_version=&#8220;4.27.4&#8243; _module_preset=&#8220;default&#8220; text_text_color=&#8220;#2B463C&#8220; header_text_align=&#8220;center&#8220; header_2_font=&#8220;|&#8211;et_global_heading_font_weight|||||||&#8220; background_color=&#8220;#8FD9C0&#8243; custom_padding=&#8220;20px|20px|20px|20px|true|true&#8220; custom_padding_tablet=&#8220;50px|50px|50px|50px|true|true&#8220; custom_padding_phone=&#8220;0px|25px|0px|25px|true|true&#8220; custom_padding_last_edited=&#8220;on|phone&#8220; link_option_url=&#8220;https:\/\/data4circ.eu\/wp-content\/uploads\/2025\/10\/202510_DATA4CIRC_Press-Release-October-2025.pdf&#8220; link_option_url_new_window=&#8220;on&#8220; hover_enabled=&#8220;0&#8243; border_width_all=&#8220;3px&#8220; border_color_all=&#8220;#00AA78&#8243; global_colors_info=&#8220;{}&#8220; sticky_enabled=&#8220;0&#8243;]<\/p>\n<p style=\"text-align: justify;\"><strong>23.10.2025<\/strong> DATA4CIRC h\u00e4lt ein erfolgreiches projekt\u00fcbergreifendes Webinar \u00fcber digitale Produktp\u00e4sse ab.<\/p>\n<p style=\"text-align: justify;\"><strong>Klicken Sie hier<\/strong> f\u00fcr die vollst\u00e4ndige Pressemitteilung.<\/p>\n<p>[\/et_pb_text][\/et_pb_column][et_pb_column type=&#8220;1_5&#8243; _builder_version=&#8220;4.27.4&#8243; _module_preset=&#8220;default&#8220; background_color=&#8220;#8FD9C0&#8243; background_enable_image=&#8220;off&#8220; background_position=&#8220;top_right&#8220; custom_padding=&#8220;0px|0px|0px|0px|true|true&#8220; border_width_all=&#8220;15px&#8220; border_color_all=&#8220;#8FD9C0&#8243; global_colors_info=&#8220;{}&#8220;][\/et_pb_column][et_pb_column type=&#8220;1_5&#8243; _builder_version=&#8220;4.27.4&#8243; _module_preset=&#8220;default&#8220; background_color=&#8220;#8FD9C0&#8243; background_enable_image=&#8220;off&#8220; background_position=&#8220;top_right&#8220; custom_padding=&#8220;0px|0px|0px|0px|true|true&#8220; border_width_all=&#8220;15px&#8220; border_color_all=&#8220;#8FD9C0&#8243; global_colors_info=&#8220;{}&#8220;][\/et_pb_column][\/et_pb_row][\/et_pb_section][et_pb_section fb_built=&#8220;1&#8243; _builder_version=&#8220;4.27.4&#8243; _module_preset=&#8220;default&#8220; custom_padding=&#8220;0px||0px||true|false&#8220; global_colors_info=&#8220;{}&#8220;][\/et_pb_section][et_pb_section fb_built=&#8220;1&#8243; _builder_version=&#8220;4.27.4&#8243; _module_preset=&#8220;default&#8220; background_color=&#8220;#2B463C&#8220; background_image=&#8220;https:\/\/data4circ.eu\/wp-content\/uploads\/2025\/01\/Data4circ-background-03-web.png&#8220; background_position=&#8220;center_left&#8220; custom_padding=&#8220;50px||50px||true|false&#8220; global_colors_info=&#8220;{}&#8220;][et_pb_row _builder_version=&#8220;4.27.4&#8243; _module_preset=&#8220;default&#8220; locked=&#8220;off&#8220; global_colors_info=&#8220;{}&#8220;][et_pb_column type=&#8220;4_4&#8243; _builder_version=&#8220;4.27.4&#8243; _module_preset=&#8220;default&#8220; global_colors_info=&#8220;{}&#8220;][et_pb_text _builder_version=&#8220;4.27.4&#8243; _module_preset=&#8220;default&#8220; text_text_color=&#8220;#8FD9C0&#8243; text_orientation=&#8220;center&#8220; global_colors_info=&#8220;{}&#8220;]<\/p>\n<h2>Begleiten Sie uns auf unserem Weg zu einer gr\u00fcneren, intelligenteren Zukunft in der Fertigung!<\/h2>\n<p>[\/et_pb_text][\/et_pb_column][\/et_pb_row][\/et_pb_section]<\/p>\n","protected":false},"excerpt":{"rendered":"<p>Pressever\u00f6ffentlichungen &nbsp; &nbsp;23.10.2025 DATA4CIRC h\u00e4lt ein erfolgreiches projekt\u00fcbergreifendes Webinar \u00fcber digitale Produktp\u00e4sse ab. Klicken Sie hier f\u00fcr die vollst\u00e4ndige Pressemitteilung.Begleiten Sie uns auf unserem Weg zu einer gr\u00fcneren, intelligenteren Zukunft in der Fertigung!<\/p>\n","protected":false},"author":1,"featured_media":0,"parent":1924,"menu_order":0,"comment_status":"closed","ping_status":"closed","template":"","meta":{"_et_pb_use_builder":"on","_et_pb_old_content":"","_et_gb_content_width":"","footnotes":""},"class_list":["post-2226","page","type-page","status-publish","hentry"],"yoast_head":"<!-- This site is optimized with the Yoast SEO plugin v27.1.1 - https:\/\/yoast.com\/product\/yoast-seo-wordpress\/ -->\n<title>Pressever\u00f6ffentlichungen - data4circ.eu<\/title>\n<meta name=\"robots\" content=\"index, follow, max-snippet:-1, max-image-preview:large, max-video-preview:-1\" \/>\n<link rel=\"canonical\" href=\"https:\/\/data4circ.eu\/de\/nachrichten-medien\/presseveroffentlichungen\/\" \/>\n<meta property=\"og:locale\" content=\"de_DE\" \/>\n<meta property=\"og:type\" content=\"article\" \/>\n<meta property=\"og:title\" content=\"Pressever\u00f6ffentlichungen - data4circ.eu\" \/>\n<meta property=\"og:description\" content=\"Pressever\u00f6ffentlichungen &nbsp; &nbsp;23.10.2025 DATA4CIRC h\u00e4lt ein erfolgreiches projekt\u00fcbergreifendes Webinar \u00fcber digitale Produktp\u00e4sse ab. Klicken Sie hier f\u00fcr die vollst\u00e4ndige Pressemitteilung.Begleiten Sie uns auf unserem Weg zu einer gr\u00fcneren, intelligenteren Zukunft in der Fertigung!\" \/>\n<meta property=\"og:url\" content=\"https:\/\/data4circ.eu\/de\/nachrichten-medien\/presseveroffentlichungen\/\" \/>\n<meta property=\"og:site_name\" content=\"data4circ.eu\" \/>\n<meta property=\"article:modified_time\" content=\"2026-02-19T18:06:17+00:00\" \/>\n<meta name=\"twitter:card\" content=\"summary_large_image\" \/>\n<meta name=\"twitter:label1\" content=\"Gesch\u00e4tzte Lesezeit\" \/>\n\t<meta name=\"twitter:data1\" content=\"3\u00a0Minuten\" \/>\n<script type=\"application\/ld+json\" class=\"yoast-schema-graph\">{\"@context\":\"https:\/\/schema.org\",\"@graph\":[{\"@type\":\"WebPage\",\"@id\":\"https:\/\/data4circ.eu\/de\/nachrichten-medien\/presseveroffentlichungen\/\",\"url\":\"https:\/\/data4circ.eu\/de\/nachrichten-medien\/presseveroffentlichungen\/\",\"name\":\"Pressever\u00f6ffentlichungen - data4circ.eu\",\"isPartOf\":{\"@id\":\"https:\/\/data4circ.eu\/de\/#website\"},\"datePublished\":\"2025-02-11T15:50:41+00:00\",\"dateModified\":\"2026-02-19T18:06:17+00:00\",\"breadcrumb\":{\"@id\":\"https:\/\/data4circ.eu\/de\/nachrichten-medien\/presseveroffentlichungen\/#breadcrumb\"},\"inLanguage\":\"de\",\"potentialAction\":[{\"@type\":\"ReadAction\",\"target\":[\"https:\/\/data4circ.eu\/de\/nachrichten-medien\/presseveroffentlichungen\/\"]}]},{\"@type\":\"BreadcrumbList\",\"@id\":\"https:\/\/data4circ.eu\/de\/nachrichten-medien\/presseveroffentlichungen\/#breadcrumb\",\"itemListElement\":[{\"@type\":\"ListItem\",\"position\":1,\"name\":\"Home\",\"item\":\"https:\/\/data4circ.eu\/de\/startseite\/\"},{\"@type\":\"ListItem\",\"position\":2,\"name\":\"Nachrichten &amp; Medien\",\"item\":\"https:\/\/data4circ.eu\/de\/nachrichten-medien\/\"},{\"@type\":\"ListItem\",\"position\":3,\"name\":\"Pressever\u00f6ffentlichungen\"}]},{\"@type\":\"WebSite\",\"@id\":\"https:\/\/data4circ.eu\/de\/#website\",\"url\":\"https:\/\/data4circ.eu\/de\/\",\"name\":\"data4circ.eu\",\"description\":\"eco-friendly digital solutions and data sharing\",\"potentialAction\":[{\"@type\":\"SearchAction\",\"target\":{\"@type\":\"EntryPoint\",\"urlTemplate\":\"https:\/\/data4circ.eu\/de\/?s={search_term_string}\"},\"query-input\":{\"@type\":\"PropertyValueSpecification\",\"valueRequired\":true,\"valueName\":\"search_term_string\"}}],\"inLanguage\":\"de\"}]}<\/script>\n<!-- \/ Yoast SEO plugin. -->","yoast_head_json":{"title":"Pressever\u00f6ffentlichungen - data4circ.eu","robots":{"index":"index","follow":"follow","max-snippet":"max-snippet:-1","max-image-preview":"max-image-preview:large","max-video-preview":"max-video-preview:-1"},"canonical":"https:\/\/data4circ.eu\/de\/nachrichten-medien\/presseveroffentlichungen\/","og_locale":"de_DE","og_type":"article","og_title":"Pressever\u00f6ffentlichungen - data4circ.eu","og_description":"Pressever\u00f6ffentlichungen &nbsp; &nbsp;23.10.2025 DATA4CIRC h\u00e4lt ein erfolgreiches projekt\u00fcbergreifendes Webinar \u00fcber digitale Produktp\u00e4sse ab. Klicken Sie hier f\u00fcr die vollst\u00e4ndige Pressemitteilung.Begleiten Sie uns auf unserem Weg zu einer gr\u00fcneren, intelligenteren Zukunft in der Fertigung!","og_url":"https:\/\/data4circ.eu\/de\/nachrichten-medien\/presseveroffentlichungen\/","og_site_name":"data4circ.eu","article_modified_time":"2026-02-19T18:06:17+00:00","twitter_card":"summary_large_image","twitter_misc":{"Gesch\u00e4tzte Lesezeit":"3\u00a0Minuten"},"schema":{"@context":"https:\/\/schema.org","@graph":[{"@type":"WebPage","@id":"https:\/\/data4circ.eu\/de\/nachrichten-medien\/presseveroffentlichungen\/","url":"https:\/\/data4circ.eu\/de\/nachrichten-medien\/presseveroffentlichungen\/","name":"Pressever\u00f6ffentlichungen - data4circ.eu","isPartOf":{"@id":"https:\/\/data4circ.eu\/de\/#website"},"datePublished":"2025-02-11T15:50:41+00:00","dateModified":"2026-02-19T18:06:17+00:00","breadcrumb":{"@id":"https:\/\/data4circ.eu\/de\/nachrichten-medien\/presseveroffentlichungen\/#breadcrumb"},"inLanguage":"de","potentialAction":[{"@type":"ReadAction","target":["https:\/\/data4circ.eu\/de\/nachrichten-medien\/presseveroffentlichungen\/"]}]},{"@type":"BreadcrumbList","@id":"https:\/\/data4circ.eu\/de\/nachrichten-medien\/presseveroffentlichungen\/#breadcrumb","itemListElement":[{"@type":"ListItem","position":1,"name":"Home","item":"https:\/\/data4circ.eu\/de\/startseite\/"},{"@type":"ListItem","position":2,"name":"Nachrichten &amp; Medien","item":"https:\/\/data4circ.eu\/de\/nachrichten-medien\/"},{"@type":"ListItem","position":3,"name":"Pressever\u00f6ffentlichungen"}]},{"@type":"WebSite","@id":"https:\/\/data4circ.eu\/de\/#website","url":"https:\/\/data4circ.eu\/de\/","name":"data4circ.eu","description":"eco-friendly digital solutions and data sharing","potentialAction":[{"@type":"SearchAction","target":{"@type":"EntryPoint","urlTemplate":"https:\/\/data4circ.eu\/de\/?s={search_term_string}"},"query-input":{"@type":"PropertyValueSpecification","valueRequired":true,"valueName":"search_term_string"}}],"inLanguage":"de"}]}},"_links":{"self":[{"href":"https:\/\/data4circ.eu\/de\/wp-json\/wp\/v2\/pages\/2226","targetHints":{"allow":["GET"]}}],"collection":[{"href":"https:\/\/data4circ.eu\/de\/wp-json\/wp\/v2\/pages"}],"about":[{"href":"https:\/\/data4circ.eu\/de\/wp-json\/wp\/v2\/types\/page"}],"author":[{"embeddable":true,"href":"https:\/\/data4circ.eu\/de\/wp-json\/wp\/v2\/users\/1"}],"replies":[{"embeddable":true,"href":"https:\/\/data4circ.eu\/de\/wp-json\/wp\/v2\/comments?post=2226"}],"version-history":[{"count":3,"href":"https:\/\/data4circ.eu\/de\/wp-json\/wp\/v2\/pages\/2226\/revisions"}],"predecessor-version":[{"id":2229,"href":"https:\/\/data4circ.eu\/de\/wp-json\/wp\/v2\/pages\/2226\/revisions\/2229"}],"up":[{"embeddable":true,"href":"https:\/\/data4circ.eu\/de\/wp-json\/wp\/v2\/pages\/1924"}],"wp:attachment":[{"href":"https:\/\/data4circ.eu\/de\/wp-json\/wp\/v2\/media?parent=2226"}],"curies":[{"name":"wp","href":"https:\/\/api.w.org\/{rel}","templated":true}]}}