{"id":1846,"date":"2025-01-31T10:42:26","date_gmt":"2025-01-31T09:42:26","guid":{"rendered":"https:\/\/data4circ.eu\/uber\/das-projekt\/anwendungsfalle\/anwendungsfall-3-revolutionierung-von-automobilkatalysatoren\/"},"modified":"2026-02-19T18:41:51","modified_gmt":"2026-02-19T17:41:51","slug":"anwendungsfall-3-revolutionierung-von-automobilkatalysatoren","status":"publish","type":"page","link":"https:\/\/data4circ.eu\/de\/uber\/das-projekt\/anwendungsfalle\/anwendungsfall-3-revolutionierung-von-automobilkatalysatoren\/","title":{"rendered":"Anwendungsfall #3: Revolutionierung von Automobilkatalysatoren"},"content":{"rendered":"<p>[et_pb_section fb_built=&#8220;1&#8243; custom_padding_last_edited=&#8220;on|phone&#8220; _builder_version=&#8220;4.27.4&#8243; _module_preset=&#8220;default&#8220; background_color=&#8220;#2B463C&#8220; background_image=&#8220;https:\/\/data4circ.eu\/wp-content\/uploads\/2025\/01\/Data4circ-background-web.png&#8220; background_position=&#8220;top_right&#8220; custom_padding=&#8220;50px||50px||true|false&#8220; custom_padding_tablet=&#8220;40px||40px||true|false&#8220; custom_padding_phone=&#8220;30px||30px||true|false&#8220; global_colors_info=&#8220;{}&#8220;][et_pb_row column_structure=&#8220;2_5,3_5&#8243; _builder_version=&#8220;4.27.4&#8243; _module_preset=&#8220;default&#8220; global_colors_info=&#8220;{}&#8220;][et_pb_column type=&#8220;2_5&#8243; _builder_version=&#8220;4.27.4&#8243; _module_preset=&#8220;default&#8220; global_colors_info=&#8220;{}&#8220;][et_pb_text _builder_version=&#8220;4.27.4&#8243; _module_preset=&#8220;default&#8220; text_text_color=&#8220;#8FD9C0&#8243; global_colors_info=&#8220;{}&#8220;]<\/p>\n<h1><strong>Anwendungsfall #3: Revolutionierung von Automobilkatalysatoren &#8211; Die zirkul\u00e4re Wertsch\u00f6pfungskette bei Katalysatoren<\/strong><\/h1>\n<p>[\/et_pb_text][\/et_pb_column][et_pb_column type=&#8220;3_5&#8243; _builder_version=&#8220;4.27.4&#8243; _module_preset=&#8220;default&#8220; global_colors_info=&#8220;{}&#8220;][\/et_pb_column][\/et_pb_row][\/et_pb_section][et_pb_section fb_built=&#8220;1&#8243; _builder_version=&#8220;4.27.4&#8243; _module_preset=&#8220;default&#8220; custom_padding=&#8220;0px||0px||true|false&#8220; global_colors_info=&#8220;{}&#8220;][et_pb_row use_custom_gutter=&#8220;on&#8220; gutter_width=&#8220;1&#8243; make_equal=&#8220;on&#8220; _builder_version=&#8220;4.27.4&#8243; _module_preset=&#8220;default&#8220; background_color=&#8220;#8FD9C0&#8243; width=&#8220;100%&#8220; custom_padding=&#8220;0px||0px||true|false&#8220; global_colors_info=&#8220;{}&#8220;][et_pb_column type=&#8220;4_4&#8243; _builder_version=&#8220;4.27.4&#8243; _module_preset=&#8220;default&#8220; background_color=&#8220;#8FD9C0&#8243; background_enable_image=&#8220;off&#8220; background_position=&#8220;top_right&#8220; global_colors_info=&#8220;{}&#8220;][et_pb_text _builder_version=&#8220;4.27.4&#8243; _module_preset=&#8220;default&#8220; text_text_color=&#8220;#2B463C&#8220; header_2_font=&#8220;|&#8211;et_global_heading_font_weight|||||||&#8220; custom_padding=&#8220;100px|100px|100px|100px|true|true&#8220; custom_padding_tablet=&#8220;50px|50px|50px|50px|true|true&#8220; custom_padding_phone=&#8220;25px|25px|25px|25px|true|true&#8220; custom_padding_last_edited=&#8220;on|phone&#8220; global_colors_info=&#8220;{}&#8220;]<\/p>\n<p>Bei <strong>Anwendungsfall Nr. 3<\/strong> geht es darum, aus alt neu zu machen, indem gebrauchte Katalysatoren recycelt werden, um neue, leistungsstarke Autokatalysatoren herzustellen. Dieses innovative Unterfangen, das von <span style=\"text-decoration: underline; color: #2b463c;\"><strong><a href=\"www.innovation.monolithos.gr\" style=\"color: #2b463c; text-decoration: underline;\">MONOLITHOS Catalysts and Recycling Ltd<\/a>.<\/strong><\/span> und <a href=\"https:\/\/www.stellantis.com\/en\"><strong><span style=\"text-decoration: underline; color: #2b463c;\">Centro Ricerche Fiat (CRF) &#8211; Stellantis<\/span><\/strong><\/a>zielt darauf ab, den Verbrauch von Rohstoffen zu reduzieren, die Kosten zu senken und die Umweltbelastung zu verringern. <\/p>\n<p><span style=\"text-decoration: underline;\"><a href=\"www.innovation.monolithos.gr\"><strong><span style=\"color: #2b463c; text-decoration: underline;\">MONOLITHOS<\/span><\/strong><\/a><\/span>, ein griechisches KMU, ist f\u00fchrend in der Sammlung, Sortierung und Aufbereitung von gebrauchten Katalysatoren in ganz Griechenland. Die Anlage kann j\u00e4hrlich bis zu 40.000 St\u00fcck verarbeiten und extrahiert mit umweltfreundlichen Methoden Edelmetalle wie Platin (Pt), Palladium (Pd) und Rhodium (Rh). Diese Metalle werden dann f\u00fcr die Herstellung von Katalysatoren h\u00f6chster Qualit\u00e4t verwendet, in die Nanopartikel aus Kupfer (Cu) eingearbeitet werden, um den Bedarf an zus\u00e4tzlichen Platingruppenmetallen zu minimieren.  <\/p>\n<p><span style=\"text-decoration: underline;\"><a href=\"https:\/\/www.stellantis.com\/en\"><strong><span style=\"color: #2b463c; text-decoration: underline;\">CRF<\/span><\/strong><\/a><\/span> spielt eine entscheidende Rolle beim Testen und Validieren dieser neuen Katalysatoren. Sie stellen sicher, dass die Katalysatoren die strengen Umweltvorschriften, Industriestandards und kommerziellen Anforderungen erf\u00fcllen. <\/p>\n<p>Diese Initiative f\u00f6rdert nicht nur das Recycling und die Nachhaltigkeit, sondern verbessert auch die R\u00fcckverfolgbarkeit mit einem digitalen Produktpass, der Transparenz gew\u00e4hrleistet und die Wettbewerbsf\u00e4higkeit des Automobilsektors st\u00e4rkt. Durch die Integration modernster Recycling- und Testmethoden ebnet <strong>Data4Circ<\/strong> den Weg f\u00fcr eine gr\u00fcnere, effizientere Zukunft in der Automobilproduktion. <\/p>\n<p>[\/et_pb_text][et_pb_image src=&#8220;https:\/\/data4circ.eu\/wp-content\/uploads\/2025\/02\/AdobeStock_462957501-scaled.jpeg&#8220; title_text=&#8220;Auspuff-Schalld\u00e4mpfer&#8220; _builder_version=&#8220;4.27.4&#8243; _module_preset=&#8220;default&#8220; width=&#8220;30%&#8220; module_alignment=&#8220;center&#8220; custom_margin=&#8220;||30px||false|false&#8220; global_colors_info=&#8220;{}&#8220;][\/et_pb_image][\/et_pb_column][\/et_pb_row][\/et_pb_section][et_pb_section fb_built=&#8220;1&#8243; _builder_version=&#8220;4.27.4&#8243; _module_preset=&#8220;default&#8220; background_color=&#8220;#2B463C&#8220; background_image=&#8220;https:\/\/data4circ.eu\/wp-content\/uploads\/2025\/01\/Data4circ-background-03-web.png&#8220; background_position=&#8220;center_left&#8220; custom_padding=&#8220;50px||50px||true|false&#8220; global_colors_info=&#8220;{}&#8220;][et_pb_row _builder_version=&#8220;4.27.4&#8243; _module_preset=&#8220;default&#8220; global_colors_info=&#8220;{}&#8220;][et_pb_column type=&#8220;4_4&#8243; _builder_version=&#8220;4.27.4&#8243; _module_preset=&#8220;default&#8220; global_colors_info=&#8220;{}&#8220;][et_pb_text _builder_version=&#8220;4.27.4&#8243; _module_preset=&#8220;default&#8220; text_text_color=&#8220;#8FD9C0&#8243; text_orientation=&#8220;center&#8220; global_colors_info=&#8220;{}&#8220;]<\/p>\n<h2>Begleiten Sie uns auf unserem Weg zu einer gr\u00fcneren, intelligenteren Zukunft in der Fertigung!<\/h2>\n<p>[\/et_pb_text][\/et_pb_column][\/et_pb_row][\/et_pb_section]<\/p>\n","protected":false},"excerpt":{"rendered":"<p>Anwendungsfall #3: Revolutionierung von Automobilkatalysatoren &#8211; Die zirkul\u00e4re Wertsch\u00f6pfungskette bei KatalysatorenBei Anwendungsfall Nr. 3 geht es darum, aus alt neu zu machen, indem gebrauchte Katalysatoren recycelt werden, um neue, leistungsstarke Autokatalysatoren herzustellen. Dieses innovative Unterfangen, das von MONOLITHOS Catalysts and Recycling Ltd. und Centro Ricerche Fiat (CRF) &#8211; Stellantiszielt darauf ab, den Verbrauch von Rohstoffen [&hellip;]<\/p>\n","protected":false},"author":1,"featured_media":0,"parent":1730,"menu_order":0,"comment_status":"closed","ping_status":"closed","template":"","meta":{"_et_pb_use_builder":"on","_et_pb_old_content":"","_et_gb_content_width":"","footnotes":""},"class_list":["post-1846","page","type-page","status-publish","hentry"],"yoast_head":"<!-- This site is optimized with the Yoast SEO plugin v27.1.1 - https:\/\/yoast.com\/product\/yoast-seo-wordpress\/ -->\n<title>Anwendungsfall #3: Revolutionierung von Automobilkatalysatoren - data4circ.eu<\/title>\n<meta name=\"robots\" content=\"index, follow, max-snippet:-1, max-image-preview:large, max-video-preview:-1\" \/>\n<link rel=\"canonical\" href=\"https:\/\/data4circ.eu\/de\/uber\/das-projekt\/anwendungsfalle\/anwendungsfall-3-revolutionierung-von-automobilkatalysatoren\/\" \/>\n<meta property=\"og:locale\" content=\"de_DE\" \/>\n<meta property=\"og:type\" content=\"article\" \/>\n<meta property=\"og:title\" content=\"Anwendungsfall #3: Revolutionierung von Automobilkatalysatoren - data4circ.eu\" \/>\n<meta property=\"og:description\" content=\"Anwendungsfall #3: Revolutionierung von Automobilkatalysatoren - Die zirkul\u00e4re Wertsch\u00f6pfungskette bei KatalysatorenBei Anwendungsfall Nr. 3 geht es darum, aus alt neu zu machen, indem gebrauchte Katalysatoren recycelt werden, um neue, leistungsstarke Autokatalysatoren herzustellen. Dieses innovative Unterfangen, das von MONOLITHOS Catalysts and Recycling Ltd. und Centro Ricerche Fiat (CRF) - Stellantiszielt darauf ab, den Verbrauch von Rohstoffen [&hellip;]\" \/>\n<meta property=\"og:url\" content=\"https:\/\/data4circ.eu\/de\/uber\/das-projekt\/anwendungsfalle\/anwendungsfall-3-revolutionierung-von-automobilkatalysatoren\/\" \/>\n<meta property=\"og:site_name\" content=\"data4circ.eu\" \/>\n<meta property=\"article:modified_time\" content=\"2026-02-19T17:41:51+00:00\" \/>\n<meta name=\"twitter:card\" content=\"summary_large_image\" \/>\n<meta name=\"twitter:label1\" content=\"Gesch\u00e4tzte Lesezeit\" \/>\n\t<meta name=\"twitter:data1\" content=\"3\u00a0Minuten\" \/>\n<script type=\"application\/ld+json\" class=\"yoast-schema-graph\">{\"@context\":\"https:\/\/schema.org\",\"@graph\":[{\"@type\":\"WebPage\",\"@id\":\"https:\/\/data4circ.eu\/de\/uber\/das-projekt\/anwendungsfalle\/anwendungsfall-3-revolutionierung-von-automobilkatalysatoren\/\",\"url\":\"https:\/\/data4circ.eu\/de\/uber\/das-projekt\/anwendungsfalle\/anwendungsfall-3-revolutionierung-von-automobilkatalysatoren\/\",\"name\":\"Anwendungsfall #3: Revolutionierung von Automobilkatalysatoren - data4circ.eu\",\"isPartOf\":{\"@id\":\"https:\/\/data4circ.eu\/de\/#website\"},\"datePublished\":\"2025-01-31T09:42:26+00:00\",\"dateModified\":\"2026-02-19T17:41:51+00:00\",\"breadcrumb\":{\"@id\":\"https:\/\/data4circ.eu\/de\/uber\/das-projekt\/anwendungsfalle\/anwendungsfall-3-revolutionierung-von-automobilkatalysatoren\/#breadcrumb\"},\"inLanguage\":\"de\",\"potentialAction\":[{\"@type\":\"ReadAction\",\"target\":[\"https:\/\/data4circ.eu\/de\/uber\/das-projekt\/anwendungsfalle\/anwendungsfall-3-revolutionierung-von-automobilkatalysatoren\/\"]}]},{\"@type\":\"BreadcrumbList\",\"@id\":\"https:\/\/data4circ.eu\/de\/uber\/das-projekt\/anwendungsfalle\/anwendungsfall-3-revolutionierung-von-automobilkatalysatoren\/#breadcrumb\",\"itemListElement\":[{\"@type\":\"ListItem\",\"position\":1,\"name\":\"Home\",\"item\":\"https:\/\/data4circ.eu\/de\/startseite\/\"},{\"@type\":\"ListItem\",\"position\":2,\"name\":\"\u00dcber\",\"item\":\"https:\/\/data4circ.eu\/de\/uber\/\"},{\"@type\":\"ListItem\",\"position\":3,\"name\":\"Das Projekt\",\"item\":\"https:\/\/data4circ.eu\/de\/uber\/das-projekt\/\"},{\"@type\":\"ListItem\",\"position\":4,\"name\":\"Anwendungsf\u00e4lle\",\"item\":\"https:\/\/data4circ.eu\/de\/uber\/das-projekt\/anwendungsfalle\/\"},{\"@type\":\"ListItem\",\"position\":5,\"name\":\"Anwendungsfall #3: Revolutionierung von Automobilkatalysatoren\"}]},{\"@type\":\"WebSite\",\"@id\":\"https:\/\/data4circ.eu\/de\/#website\",\"url\":\"https:\/\/data4circ.eu\/de\/\",\"name\":\"data4circ.eu\",\"description\":\"eco-friendly digital solutions and data sharing\",\"potentialAction\":[{\"@type\":\"SearchAction\",\"target\":{\"@type\":\"EntryPoint\",\"urlTemplate\":\"https:\/\/data4circ.eu\/de\/?s={search_term_string}\"},\"query-input\":{\"@type\":\"PropertyValueSpecification\",\"valueRequired\":true,\"valueName\":\"search_term_string\"}}],\"inLanguage\":\"de\"}]}<\/script>\n<!-- \/ Yoast SEO plugin. -->","yoast_head_json":{"title":"Anwendungsfall #3: Revolutionierung von Automobilkatalysatoren - data4circ.eu","robots":{"index":"index","follow":"follow","max-snippet":"max-snippet:-1","max-image-preview":"max-image-preview:large","max-video-preview":"max-video-preview:-1"},"canonical":"https:\/\/data4circ.eu\/de\/uber\/das-projekt\/anwendungsfalle\/anwendungsfall-3-revolutionierung-von-automobilkatalysatoren\/","og_locale":"de_DE","og_type":"article","og_title":"Anwendungsfall #3: Revolutionierung von Automobilkatalysatoren - data4circ.eu","og_description":"Anwendungsfall #3: Revolutionierung von Automobilkatalysatoren - Die zirkul\u00e4re Wertsch\u00f6pfungskette bei KatalysatorenBei Anwendungsfall Nr. 3 geht es darum, aus alt neu zu machen, indem gebrauchte Katalysatoren recycelt werden, um neue, leistungsstarke Autokatalysatoren herzustellen. Dieses innovative Unterfangen, das von MONOLITHOS Catalysts and Recycling Ltd. und Centro Ricerche Fiat (CRF) - Stellantiszielt darauf ab, den Verbrauch von Rohstoffen [&hellip;]","og_url":"https:\/\/data4circ.eu\/de\/uber\/das-projekt\/anwendungsfalle\/anwendungsfall-3-revolutionierung-von-automobilkatalysatoren\/","og_site_name":"data4circ.eu","article_modified_time":"2026-02-19T17:41:51+00:00","twitter_card":"summary_large_image","twitter_misc":{"Gesch\u00e4tzte Lesezeit":"3\u00a0Minuten"},"schema":{"@context":"https:\/\/schema.org","@graph":[{"@type":"WebPage","@id":"https:\/\/data4circ.eu\/de\/uber\/das-projekt\/anwendungsfalle\/anwendungsfall-3-revolutionierung-von-automobilkatalysatoren\/","url":"https:\/\/data4circ.eu\/de\/uber\/das-projekt\/anwendungsfalle\/anwendungsfall-3-revolutionierung-von-automobilkatalysatoren\/","name":"Anwendungsfall #3: Revolutionierung von Automobilkatalysatoren - data4circ.eu","isPartOf":{"@id":"https:\/\/data4circ.eu\/de\/#website"},"datePublished":"2025-01-31T09:42:26+00:00","dateModified":"2026-02-19T17:41:51+00:00","breadcrumb":{"@id":"https:\/\/data4circ.eu\/de\/uber\/das-projekt\/anwendungsfalle\/anwendungsfall-3-revolutionierung-von-automobilkatalysatoren\/#breadcrumb"},"inLanguage":"de","potentialAction":[{"@type":"ReadAction","target":["https:\/\/data4circ.eu\/de\/uber\/das-projekt\/anwendungsfalle\/anwendungsfall-3-revolutionierung-von-automobilkatalysatoren\/"]}]},{"@type":"BreadcrumbList","@id":"https:\/\/data4circ.eu\/de\/uber\/das-projekt\/anwendungsfalle\/anwendungsfall-3-revolutionierung-von-automobilkatalysatoren\/#breadcrumb","itemListElement":[{"@type":"ListItem","position":1,"name":"Home","item":"https:\/\/data4circ.eu\/de\/startseite\/"},{"@type":"ListItem","position":2,"name":"\u00dcber","item":"https:\/\/data4circ.eu\/de\/uber\/"},{"@type":"ListItem","position":3,"name":"Das Projekt","item":"https:\/\/data4circ.eu\/de\/uber\/das-projekt\/"},{"@type":"ListItem","position":4,"name":"Anwendungsf\u00e4lle","item":"https:\/\/data4circ.eu\/de\/uber\/das-projekt\/anwendungsfalle\/"},{"@type":"ListItem","position":5,"name":"Anwendungsfall #3: Revolutionierung von Automobilkatalysatoren"}]},{"@type":"WebSite","@id":"https:\/\/data4circ.eu\/de\/#website","url":"https:\/\/data4circ.eu\/de\/","name":"data4circ.eu","description":"eco-friendly digital solutions and data sharing","potentialAction":[{"@type":"SearchAction","target":{"@type":"EntryPoint","urlTemplate":"https:\/\/data4circ.eu\/de\/?s={search_term_string}"},"query-input":{"@type":"PropertyValueSpecification","valueRequired":true,"valueName":"search_term_string"}}],"inLanguage":"de"}]}},"_links":{"self":[{"href":"https:\/\/data4circ.eu\/de\/wp-json\/wp\/v2\/pages\/1846","targetHints":{"allow":["GET"]}}],"collection":[{"href":"https:\/\/data4circ.eu\/de\/wp-json\/wp\/v2\/pages"}],"about":[{"href":"https:\/\/data4circ.eu\/de\/wp-json\/wp\/v2\/types\/page"}],"author":[{"embeddable":true,"href":"https:\/\/data4circ.eu\/de\/wp-json\/wp\/v2\/users\/1"}],"replies":[{"embeddable":true,"href":"https:\/\/data4circ.eu\/de\/wp-json\/wp\/v2\/comments?post=1846"}],"version-history":[{"count":3,"href":"https:\/\/data4circ.eu\/de\/wp-json\/wp\/v2\/pages\/1846\/revisions"}],"predecessor-version":[{"id":1849,"href":"https:\/\/data4circ.eu\/de\/wp-json\/wp\/v2\/pages\/1846\/revisions\/1849"}],"up":[{"embeddable":true,"href":"https:\/\/data4circ.eu\/de\/wp-json\/wp\/v2\/pages\/1730"}],"wp:attachment":[{"href":"https:\/\/data4circ.eu\/de\/wp-json\/wp\/v2\/media?parent=1846"}],"curies":[{"name":"wp","href":"https:\/\/api.w.org\/{rel}","templated":true}]}}