{"id":1814,"date":"2025-01-31T10:41:00","date_gmt":"2025-01-31T09:41:00","guid":{"rendered":"https:\/\/data4circ.eu\/uber\/das-projekt\/anwendungsfalle\/anwendungsfall-2-revolutionierung-des-elektroschrott-managements-die-zirkulare-wertschopfungskette-fur-elektrogerate\/"},"modified":"2026-02-19T18:40:05","modified_gmt":"2026-02-19T17:40:05","slug":"anwendungsfall-2-revolutionierung-des-elektroschrott-managements-die-zirkulare-wertschopfungskette-fur-elektrogerate","status":"publish","type":"page","link":"https:\/\/data4circ.eu\/de\/uber\/das-projekt\/anwendungsfalle\/anwendungsfall-2-revolutionierung-des-elektroschrott-managements-die-zirkulare-wertschopfungskette-fur-elektrogerate\/","title":{"rendered":"Anwendungsfall #2: Revolutionierung des Elektroschrott-Managements &#8211; Die zirkul\u00e4re Wertsch\u00f6pfungskette f\u00fcr Elektroger\u00e4te"},"content":{"rendered":"<p>[et_pb_section fb_built=&#8220;1&#8243; custom_padding_last_edited=&#8220;on|phone&#8220; _builder_version=&#8220;4.27.4&#8243; _module_preset=&#8220;default&#8220; background_color=&#8220;#2B463C&#8220; background_image=&#8220;https:\/\/data4circ.eu\/wp-content\/uploads\/2025\/01\/Data4circ-background-web.png&#8220; background_position=&#8220;top_right&#8220; custom_padding=&#8220;50px||50px||true|false&#8220; custom_padding_tablet=&#8220;40px||40px||true|false&#8220; custom_padding_phone=&#8220;30px||30px||true|false&#8220; global_colors_info=&#8220;{}&#8220;][et_pb_row column_structure=&#8220;2_5,3_5&#8243; _builder_version=&#8220;4.27.4&#8243; _module_preset=&#8220;default&#8220; global_colors_info=&#8220;{}&#8220;][et_pb_column type=&#8220;2_5&#8243; _builder_version=&#8220;4.27.4&#8243; _module_preset=&#8220;default&#8220; global_colors_info=&#8220;{}&#8220;][et_pb_text _builder_version=&#8220;4.27.4&#8243; _module_preset=&#8220;default&#8220; text_text_color=&#8220;#8FD9C0&#8243; global_colors_info=&#8220;{}&#8220;]<\/p>\n<h1><strong>Anwendungsfall Nr. 2: E-M\u00fcll-Management neu denken &#8211; Die zirkul\u00e4re Wertsch\u00f6pfungskette f\u00fcr Elektro- und Elektronikaltger\u00e4te (WEEE)  <\/strong><\/h1>\n<p>[\/et_pb_text][\/et_pb_column][et_pb_column type=&#8220;3_5&#8243; _builder_version=&#8220;4.27.4&#8243; _module_preset=&#8220;default&#8220; global_colors_info=&#8220;{}&#8220;][\/et_pb_column][\/et_pb_row][\/et_pb_section][et_pb_section fb_built=&#8220;1&#8243; _builder_version=&#8220;4.27.4&#8243; _module_preset=&#8220;default&#8220; custom_padding=&#8220;0px||0px||true|false&#8220; global_colors_info=&#8220;{}&#8220;][et_pb_row use_custom_gutter=&#8220;on&#8220; gutter_width=&#8220;1&#8243; make_equal=&#8220;on&#8220; _builder_version=&#8220;4.27.4&#8243; _module_preset=&#8220;default&#8220; background_color=&#8220;#8FD9C0&#8243; width=&#8220;100%&#8220; custom_padding=&#8220;0px||0px||true|false&#8220; global_colors_info=&#8220;{}&#8220;][et_pb_column type=&#8220;4_4&#8243; _builder_version=&#8220;4.27.4&#8243; _module_preset=&#8220;default&#8220; background_color=&#8220;#8FD9C0&#8243; background_enable_image=&#8220;off&#8220; background_position=&#8220;top_right&#8220; global_colors_info=&#8220;{}&#8220;][et_pb_text _builder_version=&#8220;4.27.4&#8243; _module_preset=&#8220;default&#8220; text_text_color=&#8220;#2B463C&#8220; header_2_font=&#8220;|&#8211;et_global_heading_font_weight|||||||&#8220; custom_padding=&#8220;100px|100px|100px|100px|true|true&#8220; custom_padding_tablet=&#8220;50px|50px|50px|50px|true|true&#8220; custom_padding_phone=&#8220;25px|25px|25px|25px|true|true&#8220; custom_padding_last_edited=&#8220;on|phone&#8220; global_colors_info=&#8220;{}&#8220;]<\/p>\n<p><strong>Die zirkul\u00e4re Wertsch\u00f6pfungskette f\u00fcr Elektro- und Elektronik-Altger\u00e4te (WEEE)<\/strong> ver\u00e4ndert die Art und Weise, wie wir mit Elektroschrott umgehen, indem sie den Lebenszyklus von Elektronikprodukten verl\u00e4ngert und gleichzeitig den Elektroschrott minimiert. Dieser innovative Ansatz wird von zwei wichtigen Partnern angef\u00fchrt, die zusammenarbeiten, um die Abfallerzeugung und -verwertung im WEEE-Sektor anzugehen, <strong><span style=\"text-decoration: underline;\"><a href=\"www.gruppofos.it\"><span style=\"color: #2b463c; text-decoration: underline;\">Gruppo FOS<\/span><\/a><\/span><\/strong>, und <span style=\"color: #2b463c;\"><strong><span style=\"text-decoration: underline;\"><a href=\"www.ecorecycling.eu\" style=\"color: #2b463c; text-decoration: underline;\">Eco Recycling<\/a><\/span>.<\/strong><\/span> <\/p>\n<p><a href=\"www.gruppofos.it\"><strong><span style=\"text-decoration: underline;\"><span style=\"color: #2b463c; text-decoration: underline;\">FOS T&amp;G Reparatur- und Wiederaufbereitungszentrum <\/span><\/span><\/strong><\/a>ist f\u00fchrend bei der Reparatur elektronischer Platinen, einem Prozess, bei dem Abfall, einschlie\u00dflich fehlerhafter Komponenten und Materialien, entsteht. Anstatt diese Abf\u00e4lle zu entsorgen, <a href=\"www.ecorecycling.eu\"><strong><span style=\"color: #2b463c;\"><span style=\"text-decoration: underline;\">Eco Recycling<\/span> <\/span><\/strong><\/a>diese Abf\u00e4lle auf, um wertvolle Sekund\u00e4rrohstoffe zu gewinnen. Diese Materialien werden dann zur Herstellung neuer elektronischer Komponenten wiederverwendet, wodurch ein geschlossener Kreislauf entsteht.  <\/p>\n<p>Durch die Integration dieser Prozesse regenerieren wir wertvolle Materialien, reduzieren die Umweltauswirkungen von Elektroschrott und schonen die Ressourcen bei der Herstellung neuer Elektronik. Diese Zusammenarbeit steht im Einklang mit den Prinzipien der Kreislaufwirtschaft und f\u00f6rdert die Wiederverwendung, die Wiederherstellung und das Recycling von elektronischen Komponenten. <\/p>\n<p>Diese Initiative f\u00f6rdert nicht nur die Nachhaltigkeit, sondern steigert auch die Effizienz im WEEE-Sektor.<\/p>\n<p>[\/et_pb_text][et_pb_image src=&#8220;https:\/\/data4circ.eu\/wp-content\/uploads\/2025\/02\/AdobeStock_809487985-scaled.jpeg&#8220; title_text=&#8220;Sortierzentrum f\u00fcr Elektronikschrott. Konzentrieren Sie sich auf die Arbeiter, die Teile alter Elektronik zum Recycling zerlegen. &#8220; _builder_version=&#8220;4.27.4&#8243; _module_preset=&#8220;default&#8220; width=&#8220;30%&#8220; module_alignment=&#8220;center&#8220; custom_margin=&#8220;||30px||false|false&#8220; global_colors_info=&#8220;{}&#8220;][\/et_pb_image][\/et_pb_column][\/et_pb_row][\/et_pb_section][et_pb_section fb_built=&#8220;1&#8243; _builder_version=&#8220;4.27.4&#8243; _module_preset=&#8220;default&#8220; background_color=&#8220;#2B463C&#8220; background_image=&#8220;https:\/\/data4circ.eu\/wp-content\/uploads\/2025\/01\/Data4circ-background-03-web.png&#8220; background_position=&#8220;center_left&#8220; custom_padding=&#8220;50px||50px||true|false&#8220; global_colors_info=&#8220;{}&#8220;][et_pb_row _builder_version=&#8220;4.27.4&#8243; _module_preset=&#8220;default&#8220; global_colors_info=&#8220;{}&#8220;][et_pb_column type=&#8220;4_4&#8243; _builder_version=&#8220;4.27.4&#8243; _module_preset=&#8220;default&#8220; global_colors_info=&#8220;{}&#8220;][et_pb_text _builder_version=&#8220;4.27.4&#8243; _module_preset=&#8220;default&#8220; text_text_color=&#8220;#8FD9C0&#8243; text_orientation=&#8220;center&#8220; global_colors_info=&#8220;{}&#8220;]<\/p>\n<h2>Begleiten Sie uns auf unserem Weg zu einer gr\u00fcneren, intelligenteren Zukunft in der Fertigung!<\/h2>\n<p>[\/et_pb_text][\/et_pb_column][\/et_pb_row][\/et_pb_section]<\/p>\n","protected":false},"excerpt":{"rendered":"<p>Anwendungsfall Nr. 2: E-M\u00fcll-Management neu denken &#8211; Die zirkul\u00e4re Wertsch\u00f6pfungskette f\u00fcr Elektro- und Elektronikaltger\u00e4te (WEEE) Die zirkul\u00e4re Wertsch\u00f6pfungskette f\u00fcr Elektro- und Elektronik-Altger\u00e4te (WEEE) ver\u00e4ndert die Art und Weise, wie wir mit Elektroschrott umgehen, indem sie den Lebenszyklus von Elektronikprodukten verl\u00e4ngert und gleichzeitig den Elektroschrott minimiert. Dieser innovative Ansatz wird von zwei wichtigen Partnern angef\u00fchrt, die [&hellip;]<\/p>\n","protected":false},"author":1,"featured_media":0,"parent":1730,"menu_order":0,"comment_status":"closed","ping_status":"closed","template":"","meta":{"_et_pb_use_builder":"on","_et_pb_old_content":"","_et_gb_content_width":"","footnotes":""},"class_list":["post-1814","page","type-page","status-publish","hentry"],"yoast_head":"<!-- This site is optimized with the Yoast SEO plugin v27.1.1 - https:\/\/yoast.com\/product\/yoast-seo-wordpress\/ -->\n<title>Anwendungsfall #2: Revolutionierung des Elektroschrott-Managements - Die zirkul\u00e4re Wertsch\u00f6pfungskette f\u00fcr Elektroger\u00e4te - data4circ.eu<\/title>\n<meta name=\"robots\" content=\"index, follow, max-snippet:-1, max-image-preview:large, max-video-preview:-1\" \/>\n<link rel=\"canonical\" href=\"https:\/\/data4circ.eu\/de\/uber\/das-projekt\/anwendungsfalle\/anwendungsfall-2-revolutionierung-des-elektroschrott-managements-die-zirkulare-wertschopfungskette-fur-elektrogerate\/\" \/>\n<meta property=\"og:locale\" content=\"de_DE\" \/>\n<meta property=\"og:type\" content=\"article\" \/>\n<meta property=\"og:title\" content=\"Anwendungsfall #2: Revolutionierung des Elektroschrott-Managements - Die zirkul\u00e4re Wertsch\u00f6pfungskette f\u00fcr Elektroger\u00e4te - data4circ.eu\" \/>\n<meta property=\"og:description\" content=\"Anwendungsfall Nr. 2: E-M\u00fcll-Management neu denken - Die zirkul\u00e4re Wertsch\u00f6pfungskette f\u00fcr Elektro- und Elektronikaltger\u00e4te (WEEE) Die zirkul\u00e4re Wertsch\u00f6pfungskette f\u00fcr Elektro- und Elektronik-Altger\u00e4te (WEEE) ver\u00e4ndert die Art und Weise, wie wir mit Elektroschrott umgehen, indem sie den Lebenszyklus von Elektronikprodukten verl\u00e4ngert und gleichzeitig den Elektroschrott minimiert. Dieser innovative Ansatz wird von zwei wichtigen Partnern angef\u00fchrt, die [&hellip;]\" \/>\n<meta property=\"og:url\" content=\"https:\/\/data4circ.eu\/de\/uber\/das-projekt\/anwendungsfalle\/anwendungsfall-2-revolutionierung-des-elektroschrott-managements-die-zirkulare-wertschopfungskette-fur-elektrogerate\/\" \/>\n<meta property=\"og:site_name\" content=\"data4circ.eu\" \/>\n<meta property=\"article:modified_time\" content=\"2026-02-19T17:40:05+00:00\" \/>\n<meta name=\"twitter:card\" content=\"summary_large_image\" \/>\n<meta name=\"twitter:label1\" content=\"Gesch\u00e4tzte Lesezeit\" \/>\n\t<meta name=\"twitter:data1\" content=\"3\u00a0Minuten\" \/>\n<script type=\"application\/ld+json\" class=\"yoast-schema-graph\">{\"@context\":\"https:\/\/schema.org\",\"@graph\":[{\"@type\":\"WebPage\",\"@id\":\"https:\/\/data4circ.eu\/de\/uber\/das-projekt\/anwendungsfalle\/anwendungsfall-2-revolutionierung-des-elektroschrott-managements-die-zirkulare-wertschopfungskette-fur-elektrogerate\/\",\"url\":\"https:\/\/data4circ.eu\/de\/uber\/das-projekt\/anwendungsfalle\/anwendungsfall-2-revolutionierung-des-elektroschrott-managements-die-zirkulare-wertschopfungskette-fur-elektrogerate\/\",\"name\":\"Anwendungsfall #2: Revolutionierung des Elektroschrott-Managements - Die zirkul\u00e4re Wertsch\u00f6pfungskette f\u00fcr Elektroger\u00e4te - data4circ.eu\",\"isPartOf\":{\"@id\":\"https:\/\/data4circ.eu\/de\/#website\"},\"datePublished\":\"2025-01-31T09:41:00+00:00\",\"dateModified\":\"2026-02-19T17:40:05+00:00\",\"breadcrumb\":{\"@id\":\"https:\/\/data4circ.eu\/de\/uber\/das-projekt\/anwendungsfalle\/anwendungsfall-2-revolutionierung-des-elektroschrott-managements-die-zirkulare-wertschopfungskette-fur-elektrogerate\/#breadcrumb\"},\"inLanguage\":\"de\",\"potentialAction\":[{\"@type\":\"ReadAction\",\"target\":[\"https:\/\/data4circ.eu\/de\/uber\/das-projekt\/anwendungsfalle\/anwendungsfall-2-revolutionierung-des-elektroschrott-managements-die-zirkulare-wertschopfungskette-fur-elektrogerate\/\"]}]},{\"@type\":\"BreadcrumbList\",\"@id\":\"https:\/\/data4circ.eu\/de\/uber\/das-projekt\/anwendungsfalle\/anwendungsfall-2-revolutionierung-des-elektroschrott-managements-die-zirkulare-wertschopfungskette-fur-elektrogerate\/#breadcrumb\",\"itemListElement\":[{\"@type\":\"ListItem\",\"position\":1,\"name\":\"Home\",\"item\":\"https:\/\/data4circ.eu\/de\/startseite\/\"},{\"@type\":\"ListItem\",\"position\":2,\"name\":\"\u00dcber\",\"item\":\"https:\/\/data4circ.eu\/de\/uber\/\"},{\"@type\":\"ListItem\",\"position\":3,\"name\":\"Das Projekt\",\"item\":\"https:\/\/data4circ.eu\/de\/uber\/das-projekt\/\"},{\"@type\":\"ListItem\",\"position\":4,\"name\":\"Anwendungsf\u00e4lle\",\"item\":\"https:\/\/data4circ.eu\/de\/uber\/das-projekt\/anwendungsfalle\/\"},{\"@type\":\"ListItem\",\"position\":5,\"name\":\"Anwendungsfall #2: Revolutionierung des Elektroschrott-Managements &#8211; Die zirkul\u00e4re Wertsch\u00f6pfungskette f\u00fcr Elektroger\u00e4te\"}]},{\"@type\":\"WebSite\",\"@id\":\"https:\/\/data4circ.eu\/de\/#website\",\"url\":\"https:\/\/data4circ.eu\/de\/\",\"name\":\"data4circ.eu\",\"description\":\"eco-friendly digital solutions and data sharing\",\"potentialAction\":[{\"@type\":\"SearchAction\",\"target\":{\"@type\":\"EntryPoint\",\"urlTemplate\":\"https:\/\/data4circ.eu\/de\/?s={search_term_string}\"},\"query-input\":{\"@type\":\"PropertyValueSpecification\",\"valueRequired\":true,\"valueName\":\"search_term_string\"}}],\"inLanguage\":\"de\"}]}<\/script>\n<!-- \/ Yoast SEO plugin. -->","yoast_head_json":{"title":"Anwendungsfall #2: Revolutionierung des Elektroschrott-Managements - Die zirkul\u00e4re Wertsch\u00f6pfungskette f\u00fcr Elektroger\u00e4te - data4circ.eu","robots":{"index":"index","follow":"follow","max-snippet":"max-snippet:-1","max-image-preview":"max-image-preview:large","max-video-preview":"max-video-preview:-1"},"canonical":"https:\/\/data4circ.eu\/de\/uber\/das-projekt\/anwendungsfalle\/anwendungsfall-2-revolutionierung-des-elektroschrott-managements-die-zirkulare-wertschopfungskette-fur-elektrogerate\/","og_locale":"de_DE","og_type":"article","og_title":"Anwendungsfall #2: Revolutionierung des Elektroschrott-Managements - Die zirkul\u00e4re Wertsch\u00f6pfungskette f\u00fcr Elektroger\u00e4te - data4circ.eu","og_description":"Anwendungsfall Nr. 2: E-M\u00fcll-Management neu denken - Die zirkul\u00e4re Wertsch\u00f6pfungskette f\u00fcr Elektro- und Elektronikaltger\u00e4te (WEEE) Die zirkul\u00e4re Wertsch\u00f6pfungskette f\u00fcr Elektro- und Elektronik-Altger\u00e4te (WEEE) ver\u00e4ndert die Art und Weise, wie wir mit Elektroschrott umgehen, indem sie den Lebenszyklus von Elektronikprodukten verl\u00e4ngert und gleichzeitig den Elektroschrott minimiert. Dieser innovative Ansatz wird von zwei wichtigen Partnern angef\u00fchrt, die [&hellip;]","og_url":"https:\/\/data4circ.eu\/de\/uber\/das-projekt\/anwendungsfalle\/anwendungsfall-2-revolutionierung-des-elektroschrott-managements-die-zirkulare-wertschopfungskette-fur-elektrogerate\/","og_site_name":"data4circ.eu","article_modified_time":"2026-02-19T17:40:05+00:00","twitter_card":"summary_large_image","twitter_misc":{"Gesch\u00e4tzte Lesezeit":"3\u00a0Minuten"},"schema":{"@context":"https:\/\/schema.org","@graph":[{"@type":"WebPage","@id":"https:\/\/data4circ.eu\/de\/uber\/das-projekt\/anwendungsfalle\/anwendungsfall-2-revolutionierung-des-elektroschrott-managements-die-zirkulare-wertschopfungskette-fur-elektrogerate\/","url":"https:\/\/data4circ.eu\/de\/uber\/das-projekt\/anwendungsfalle\/anwendungsfall-2-revolutionierung-des-elektroschrott-managements-die-zirkulare-wertschopfungskette-fur-elektrogerate\/","name":"Anwendungsfall #2: Revolutionierung des Elektroschrott-Managements - Die zirkul\u00e4re Wertsch\u00f6pfungskette f\u00fcr Elektroger\u00e4te - data4circ.eu","isPartOf":{"@id":"https:\/\/data4circ.eu\/de\/#website"},"datePublished":"2025-01-31T09:41:00+00:00","dateModified":"2026-02-19T17:40:05+00:00","breadcrumb":{"@id":"https:\/\/data4circ.eu\/de\/uber\/das-projekt\/anwendungsfalle\/anwendungsfall-2-revolutionierung-des-elektroschrott-managements-die-zirkulare-wertschopfungskette-fur-elektrogerate\/#breadcrumb"},"inLanguage":"de","potentialAction":[{"@type":"ReadAction","target":["https:\/\/data4circ.eu\/de\/uber\/das-projekt\/anwendungsfalle\/anwendungsfall-2-revolutionierung-des-elektroschrott-managements-die-zirkulare-wertschopfungskette-fur-elektrogerate\/"]}]},{"@type":"BreadcrumbList","@id":"https:\/\/data4circ.eu\/de\/uber\/das-projekt\/anwendungsfalle\/anwendungsfall-2-revolutionierung-des-elektroschrott-managements-die-zirkulare-wertschopfungskette-fur-elektrogerate\/#breadcrumb","itemListElement":[{"@type":"ListItem","position":1,"name":"Home","item":"https:\/\/data4circ.eu\/de\/startseite\/"},{"@type":"ListItem","position":2,"name":"\u00dcber","item":"https:\/\/data4circ.eu\/de\/uber\/"},{"@type":"ListItem","position":3,"name":"Das Projekt","item":"https:\/\/data4circ.eu\/de\/uber\/das-projekt\/"},{"@type":"ListItem","position":4,"name":"Anwendungsf\u00e4lle","item":"https:\/\/data4circ.eu\/de\/uber\/das-projekt\/anwendungsfalle\/"},{"@type":"ListItem","position":5,"name":"Anwendungsfall #2: Revolutionierung des Elektroschrott-Managements &#8211; Die zirkul\u00e4re Wertsch\u00f6pfungskette f\u00fcr Elektroger\u00e4te"}]},{"@type":"WebSite","@id":"https:\/\/data4circ.eu\/de\/#website","url":"https:\/\/data4circ.eu\/de\/","name":"data4circ.eu","description":"eco-friendly digital solutions and data sharing","potentialAction":[{"@type":"SearchAction","target":{"@type":"EntryPoint","urlTemplate":"https:\/\/data4circ.eu\/de\/?s={search_term_string}"},"query-input":{"@type":"PropertyValueSpecification","valueRequired":true,"valueName":"search_term_string"}}],"inLanguage":"de"}]}},"_links":{"self":[{"href":"https:\/\/data4circ.eu\/de\/wp-json\/wp\/v2\/pages\/1814","targetHints":{"allow":["GET"]}}],"collection":[{"href":"https:\/\/data4circ.eu\/de\/wp-json\/wp\/v2\/pages"}],"about":[{"href":"https:\/\/data4circ.eu\/de\/wp-json\/wp\/v2\/types\/page"}],"author":[{"embeddable":true,"href":"https:\/\/data4circ.eu\/de\/wp-json\/wp\/v2\/users\/1"}],"replies":[{"embeddable":true,"href":"https:\/\/data4circ.eu\/de\/wp-json\/wp\/v2\/comments?post=1814"}],"version-history":[{"count":3,"href":"https:\/\/data4circ.eu\/de\/wp-json\/wp\/v2\/pages\/1814\/revisions"}],"predecessor-version":[{"id":1817,"href":"https:\/\/data4circ.eu\/de\/wp-json\/wp\/v2\/pages\/1814\/revisions\/1817"}],"up":[{"embeddable":true,"href":"https:\/\/data4circ.eu\/de\/wp-json\/wp\/v2\/pages\/1730"}],"wp:attachment":[{"href":"https:\/\/data4circ.eu\/de\/wp-json\/wp\/v2\/media?parent=1814"}],"curies":[{"name":"wp","href":"https:\/\/api.w.org\/{rel}","templated":true}]}}