{"id":1769,"date":"2025-01-31T10:30:28","date_gmt":"2025-01-31T09:30:28","guid":{"rendered":"https:\/\/data4circ.eu\/uber\/das-projekt\/anwendungsfalle\/anwendungsfall-1-landwirtschaftliche-kunststoffe-umwandeln-die-zirkulare-wertschopfungskette-fur-mulchfolien\/"},"modified":"2026-02-19T18:37:48","modified_gmt":"2026-02-19T17:37:48","slug":"anwendungsfall-1-landwirtschaftliche-kunststoffe-umwandeln-die-zirkulare-wertschopfungskette-fur-mulchfolien","status":"publish","type":"page","link":"https:\/\/data4circ.eu\/de\/uber\/das-projekt\/anwendungsfalle\/anwendungsfall-1-landwirtschaftliche-kunststoffe-umwandeln-die-zirkulare-wertschopfungskette-fur-mulchfolien\/","title":{"rendered":"Anwendungsfall #1: Landwirtschaftliche Kunststoffe umwandeln: Die zirkul\u00e4re Wertsch\u00f6pfungskette f\u00fcr Mulchfolien"},"content":{"rendered":"<p>[et_pb_section fb_built=&#8220;1&#8243; custom_padding_last_edited=&#8220;on|phone&#8220; _builder_version=&#8220;4.27.4&#8243; _module_preset=&#8220;default&#8220; background_color=&#8220;#2B463C&#8220; background_image=&#8220;https:\/\/data4circ.eu\/wp-content\/uploads\/2025\/01\/Data4circ-background-web.png&#8220; background_position=&#8220;top_right&#8220; custom_padding=&#8220;50px||50px||true|false&#8220; custom_padding_tablet=&#8220;40px||40px||true|false&#8220; custom_padding_phone=&#8220;30px||30px||true|false&#8220; global_colors_info=&#8220;{}&#8220;][et_pb_row column_structure=&#8220;2_5,3_5&#8243; _builder_version=&#8220;4.27.4&#8243; _module_preset=&#8220;default&#8220; global_colors_info=&#8220;{}&#8220;][et_pb_column type=&#8220;2_5&#8243; _builder_version=&#8220;4.27.4&#8243; _module_preset=&#8220;default&#8220; global_colors_info=&#8220;{}&#8220;][et_pb_text _builder_version=&#8220;4.27.4&#8243; _module_preset=&#8220;default&#8220; text_text_color=&#8220;#8FD9C0&#8243; global_colors_info=&#8220;{}&#8220;]<\/p>\n<h1><strong>Anwendungsfall Nr. 1: Landwirtschaftliche Kunststoffe transformieren &#8211; Die zirkul\u00e4re Wertsch\u00f6pfungskette f\u00fcr Mulchfolien<\/strong><\/h1>\n<p>[\/et_pb_text][\/et_pb_column][et_pb_column type=&#8220;3_5&#8243; _builder_version=&#8220;4.27.4&#8243; _module_preset=&#8220;default&#8220; global_colors_info=&#8220;{}&#8220;][\/et_pb_column][\/et_pb_row][\/et_pb_section][et_pb_section fb_built=&#8220;1&#8243; _builder_version=&#8220;4.27.4&#8243; _module_preset=&#8220;default&#8220; custom_padding=&#8220;0px||0px||true|false&#8220; global_colors_info=&#8220;{}&#8220;][et_pb_row use_custom_gutter=&#8220;on&#8220; gutter_width=&#8220;1&#8243; make_equal=&#8220;on&#8220; _builder_version=&#8220;4.27.4&#8243; _module_preset=&#8220;default&#8220; background_color=&#8220;#8FD9C0&#8243; width=&#8220;100%&#8220; custom_padding=&#8220;0px||0px||true|false&#8220; global_colors_info=&#8220;{}&#8220;][et_pb_column type=&#8220;4_4&#8243; _builder_version=&#8220;4.27.4&#8243; _module_preset=&#8220;default&#8220; background_color=&#8220;#8FD9C0&#8243; background_enable_image=&#8220;off&#8220; background_position=&#8220;top_right&#8220; global_colors_info=&#8220;{}&#8220;][et_pb_text _builder_version=&#8220;4.27.4&#8243; _module_preset=&#8220;default&#8220; text_text_color=&#8220;#2B463C&#8220; header_2_font=&#8220;|&#8211;et_global_heading_font_weight|||||||&#8220; custom_padding=&#8220;100px|100px|100px|100px|true|true&#8220; custom_padding_tablet=&#8220;50px|50px|50px|50px|true|true&#8220; custom_padding_phone=&#8220;25px|25px|25px|25px|true|true&#8220; custom_padding_last_edited=&#8220;on|phone&#8220; global_colors_info=&#8220;{}&#8220;]<\/p>\n<p><strong>Die zirkul\u00e4re Wertsch\u00f6pfungskette f\u00fcr Mulchfolien<\/strong> revolutioniert das Recycling von landwirtschaftlichen Kunststoffen. Diese Arbeit, die von <strong>Green World Compounding (<a href=\"https:\/\/gwcplastics.com\/\"><span style=\"text-decoration: underline;\"><span style=\"color: #2b463c; text-decoration: underline;\">GWC<\/span><\/span><\/a>)<\/strong> und dem <strong>Centro Tecnol\u00f3gico del Calzado y del Pl\u00e1stico de la Regi\u00f3n de Murcia (<span style=\"text-decoration: underline; color: #2b463c;\"><a href=\"https:\/\/ceteccentrotecnologico.org\/\" style=\"color: #2b463c; text-decoration: underline;\">CETEC<\/a><\/span>)<\/strong> geleitet wird, zielt darauf ab, gebrauchte landwirtschaftliche Kunststoffe in hochwertige Recyclingprodukte zu verwandeln und so die Nachhaltigkeit im Agrarsektor zu f\u00f6rdern. <\/p>\n<p><span style=\"text-decoration: underline; color: #2b463c;\"><a href=\"www.gwcplastics.com\" style=\"color: #2b463c; text-decoration: underline;\"><strong>GWC<\/strong><\/a><\/span>, ein f\u00fchrendes Unternehmen im Kunststoffrecycling, verarbeitet j\u00e4hrlich bis zu 30.000 Tonnen gebrauchte landwirtschaftliche Kunststoffe. Durch mechanisches Recycling verwandeln sie diese Kunststoffe in hochwertige Recyclingpellets, die als Grundstoff f\u00fcr neue landwirtschaftliche Produkte dienen. <\/p>\n<p><span style=\"color: #2b463c;\"><a href=\"https:\/\/ceteccentrotecnologico.org\/\" style=\"color: #2b463c;\"><strong><span style=\"text-decoration: underline;\">CETEC<\/span><\/strong><\/a> unterst\u00fctzt diese Bem\u00fchungen, indem es seine Pilotanlage und sein F&amp;E-Know-how nutzt, um Prototypen von landwirtschaftlichen Kunststoffprodukten, wie z. B. Folien, herzustellen. Der Prozess umfasst Extrusion, Blasformen und umfassende Tests in CETECs ISO17025-zertifiziertem Labor, um sicherzustellen, dass die Produkte den Qualit\u00e4ts- und Nachhaltigkeitsstandards entsprechen. <\/span><\/p>\n<p><span style=\"color: #2b463c;\">Diese Zusammenarbeit demonstriert die Machbarkeit des Recyclings von landwirtschaftlichen Mulchfolien, wobei Herausforderungen wie Verunreinigung und Materialabbau angegangen werden. Sie unterst\u00fctzt die Marktnachfrage nach recycelten landwirtschaftlichen Kunststoffen, einem Produkt, das selten f\u00fcr das Recycling verwaltet, dekontaminiert und behandelt wird. Die Integration<\/span>der <strong>DATA4CIRC<\/strong> Technologie wird die R\u00fcckverfolgbarkeit, das Abfallmanagement und die Analyse der Umweltauswirkungen \u00fcber den gesamten Lebenszyklus weiter verbessern und den Weg f\u00fcr eine nachhaltigere Kunststoffindustrie ebnen.<\/p>\n<p>[\/et_pb_text][et_pb_image src=&#8220;https:\/\/data4circ.eu\/wp-content\/uploads\/2025\/02\/AdobeStock_530320465-scaled.jpeg&#8220; title_text=&#8220;Anbau von Pflanzen auf den Plantagenfeldern durch Mulchen&#8220; _builder_version=&#8220;4.27.4&#8243; _module_preset=&#8220;default&#8220; width=&#8220;30%&#8220; module_alignment=&#8220;center&#8220; min_height=&#8220;100px&#8220; custom_margin=&#8220;0px||30px||false|false&#8220; custom_padding=&#8220;0px||||false|false&#8220; global_colors_info=&#8220;{}&#8220;][\/et_pb_image][\/et_pb_column][\/et_pb_row][\/et_pb_section][et_pb_section fb_built=&#8220;1&#8243; _builder_version=&#8220;4.27.4&#8243; _module_preset=&#8220;default&#8220; background_color=&#8220;#2B463C&#8220; background_image=&#8220;https:\/\/data4circ.eu\/wp-content\/uploads\/2025\/01\/Data4circ-background-03-web.png&#8220; background_position=&#8220;center_left&#8220; custom_padding=&#8220;50px||50px||true|false&#8220; global_colors_info=&#8220;{}&#8220;][et_pb_row _builder_version=&#8220;4.27.4&#8243; _module_preset=&#8220;default&#8220; global_colors_info=&#8220;{}&#8220;][et_pb_column type=&#8220;4_4&#8243; _builder_version=&#8220;4.27.4&#8243; _module_preset=&#8220;default&#8220; global_colors_info=&#8220;{}&#8220;][et_pb_text _builder_version=&#8220;4.27.4&#8243; _module_preset=&#8220;default&#8220; text_text_color=&#8220;#8FD9C0&#8243; text_orientation=&#8220;center&#8220; global_colors_info=&#8220;{}&#8220;]<\/p>\n<h2>Begleiten Sie uns auf unserem Weg zu einer gr\u00fcneren, intelligenteren Zukunft in der Fertigung!<\/h2>\n<p>[\/et_pb_text][\/et_pb_column][\/et_pb_row][\/et_pb_section]<\/p>\n","protected":false},"excerpt":{"rendered":"<p>Anwendungsfall Nr. 1: Landwirtschaftliche Kunststoffe transformieren &#8211; Die zirkul\u00e4re Wertsch\u00f6pfungskette f\u00fcr MulchfolienDie zirkul\u00e4re Wertsch\u00f6pfungskette f\u00fcr Mulchfolien revolutioniert das Recycling von landwirtschaftlichen Kunststoffen. Diese Arbeit, die von Green World Compounding (GWC) und dem Centro Tecnol\u00f3gico del Calzado y del Pl\u00e1stico de la Regi\u00f3n de Murcia (CETEC) geleitet wird, zielt darauf ab, gebrauchte landwirtschaftliche Kunststoffe in hochwertige [&hellip;]<\/p>\n","protected":false},"author":1,"featured_media":0,"parent":1730,"menu_order":0,"comment_status":"closed","ping_status":"closed","template":"","meta":{"_et_pb_use_builder":"on","_et_pb_old_content":"","_et_gb_content_width":"","footnotes":""},"class_list":["post-1769","page","type-page","status-publish","hentry"],"yoast_head":"<!-- This site is optimized with the Yoast SEO plugin v27.1.1 - https:\/\/yoast.com\/product\/yoast-seo-wordpress\/ -->\n<title>Anwendungsfall #1: Landwirtschaftliche Kunststoffe umwandeln: Die zirkul\u00e4re Wertsch\u00f6pfungskette f\u00fcr Mulchfolien - data4circ.eu<\/title>\n<meta name=\"robots\" content=\"index, follow, max-snippet:-1, max-image-preview:large, max-video-preview:-1\" \/>\n<link rel=\"canonical\" href=\"https:\/\/data4circ.eu\/de\/uber\/das-projekt\/anwendungsfalle\/anwendungsfall-1-landwirtschaftliche-kunststoffe-umwandeln-die-zirkulare-wertschopfungskette-fur-mulchfolien\/\" \/>\n<meta property=\"og:locale\" content=\"de_DE\" \/>\n<meta property=\"og:type\" content=\"article\" \/>\n<meta property=\"og:title\" content=\"Anwendungsfall #1: Landwirtschaftliche Kunststoffe umwandeln: Die zirkul\u00e4re Wertsch\u00f6pfungskette f\u00fcr Mulchfolien - data4circ.eu\" \/>\n<meta property=\"og:description\" content=\"Anwendungsfall Nr. 1: Landwirtschaftliche Kunststoffe transformieren - Die zirkul\u00e4re Wertsch\u00f6pfungskette f\u00fcr MulchfolienDie zirkul\u00e4re Wertsch\u00f6pfungskette f\u00fcr Mulchfolien revolutioniert das Recycling von landwirtschaftlichen Kunststoffen. Diese Arbeit, die von Green World Compounding (GWC) und dem Centro Tecnol\u00f3gico del Calzado y del Pl\u00e1stico de la Regi\u00f3n de Murcia (CETEC) geleitet wird, zielt darauf ab, gebrauchte landwirtschaftliche Kunststoffe in hochwertige [&hellip;]\" \/>\n<meta property=\"og:url\" content=\"https:\/\/data4circ.eu\/de\/uber\/das-projekt\/anwendungsfalle\/anwendungsfall-1-landwirtschaftliche-kunststoffe-umwandeln-die-zirkulare-wertschopfungskette-fur-mulchfolien\/\" \/>\n<meta property=\"og:site_name\" content=\"data4circ.eu\" \/>\n<meta property=\"article:modified_time\" content=\"2026-02-19T17:37:48+00:00\" \/>\n<meta name=\"twitter:card\" content=\"summary_large_image\" \/>\n<meta name=\"twitter:label1\" content=\"Gesch\u00e4tzte Lesezeit\" \/>\n\t<meta name=\"twitter:data1\" content=\"3\u00a0Minuten\" \/>\n<script type=\"application\/ld+json\" class=\"yoast-schema-graph\">{\"@context\":\"https:\/\/schema.org\",\"@graph\":[{\"@type\":\"WebPage\",\"@id\":\"https:\/\/data4circ.eu\/de\/uber\/das-projekt\/anwendungsfalle\/anwendungsfall-1-landwirtschaftliche-kunststoffe-umwandeln-die-zirkulare-wertschopfungskette-fur-mulchfolien\/\",\"url\":\"https:\/\/data4circ.eu\/de\/uber\/das-projekt\/anwendungsfalle\/anwendungsfall-1-landwirtschaftliche-kunststoffe-umwandeln-die-zirkulare-wertschopfungskette-fur-mulchfolien\/\",\"name\":\"Anwendungsfall #1: Landwirtschaftliche Kunststoffe umwandeln: Die zirkul\u00e4re Wertsch\u00f6pfungskette f\u00fcr Mulchfolien - data4circ.eu\",\"isPartOf\":{\"@id\":\"https:\/\/data4circ.eu\/de\/#website\"},\"datePublished\":\"2025-01-31T09:30:28+00:00\",\"dateModified\":\"2026-02-19T17:37:48+00:00\",\"breadcrumb\":{\"@id\":\"https:\/\/data4circ.eu\/de\/uber\/das-projekt\/anwendungsfalle\/anwendungsfall-1-landwirtschaftliche-kunststoffe-umwandeln-die-zirkulare-wertschopfungskette-fur-mulchfolien\/#breadcrumb\"},\"inLanguage\":\"de\",\"potentialAction\":[{\"@type\":\"ReadAction\",\"target\":[\"https:\/\/data4circ.eu\/de\/uber\/das-projekt\/anwendungsfalle\/anwendungsfall-1-landwirtschaftliche-kunststoffe-umwandeln-die-zirkulare-wertschopfungskette-fur-mulchfolien\/\"]}]},{\"@type\":\"BreadcrumbList\",\"@id\":\"https:\/\/data4circ.eu\/de\/uber\/das-projekt\/anwendungsfalle\/anwendungsfall-1-landwirtschaftliche-kunststoffe-umwandeln-die-zirkulare-wertschopfungskette-fur-mulchfolien\/#breadcrumb\",\"itemListElement\":[{\"@type\":\"ListItem\",\"position\":1,\"name\":\"Home\",\"item\":\"https:\/\/data4circ.eu\/de\/startseite\/\"},{\"@type\":\"ListItem\",\"position\":2,\"name\":\"\u00dcber\",\"item\":\"https:\/\/data4circ.eu\/de\/uber\/\"},{\"@type\":\"ListItem\",\"position\":3,\"name\":\"Das Projekt\",\"item\":\"https:\/\/data4circ.eu\/de\/uber\/das-projekt\/\"},{\"@type\":\"ListItem\",\"position\":4,\"name\":\"Anwendungsf\u00e4lle\",\"item\":\"https:\/\/data4circ.eu\/de\/uber\/das-projekt\/anwendungsfalle\/\"},{\"@type\":\"ListItem\",\"position\":5,\"name\":\"Anwendungsfall #1: Landwirtschaftliche Kunststoffe umwandeln: Die zirkul\u00e4re Wertsch\u00f6pfungskette f\u00fcr Mulchfolien\"}]},{\"@type\":\"WebSite\",\"@id\":\"https:\/\/data4circ.eu\/de\/#website\",\"url\":\"https:\/\/data4circ.eu\/de\/\",\"name\":\"data4circ.eu\",\"description\":\"eco-friendly digital solutions and data sharing\",\"potentialAction\":[{\"@type\":\"SearchAction\",\"target\":{\"@type\":\"EntryPoint\",\"urlTemplate\":\"https:\/\/data4circ.eu\/de\/?s={search_term_string}\"},\"query-input\":{\"@type\":\"PropertyValueSpecification\",\"valueRequired\":true,\"valueName\":\"search_term_string\"}}],\"inLanguage\":\"de\"}]}<\/script>\n<!-- \/ Yoast SEO plugin. -->","yoast_head_json":{"title":"Anwendungsfall #1: Landwirtschaftliche Kunststoffe umwandeln: Die zirkul\u00e4re Wertsch\u00f6pfungskette f\u00fcr Mulchfolien - data4circ.eu","robots":{"index":"index","follow":"follow","max-snippet":"max-snippet:-1","max-image-preview":"max-image-preview:large","max-video-preview":"max-video-preview:-1"},"canonical":"https:\/\/data4circ.eu\/de\/uber\/das-projekt\/anwendungsfalle\/anwendungsfall-1-landwirtschaftliche-kunststoffe-umwandeln-die-zirkulare-wertschopfungskette-fur-mulchfolien\/","og_locale":"de_DE","og_type":"article","og_title":"Anwendungsfall #1: Landwirtschaftliche Kunststoffe umwandeln: Die zirkul\u00e4re Wertsch\u00f6pfungskette f\u00fcr Mulchfolien - data4circ.eu","og_description":"Anwendungsfall Nr. 1: Landwirtschaftliche Kunststoffe transformieren - Die zirkul\u00e4re Wertsch\u00f6pfungskette f\u00fcr MulchfolienDie zirkul\u00e4re Wertsch\u00f6pfungskette f\u00fcr Mulchfolien revolutioniert das Recycling von landwirtschaftlichen Kunststoffen. Diese Arbeit, die von Green World Compounding (GWC) und dem Centro Tecnol\u00f3gico del Calzado y del Pl\u00e1stico de la Regi\u00f3n de Murcia (CETEC) geleitet wird, zielt darauf ab, gebrauchte landwirtschaftliche Kunststoffe in hochwertige [&hellip;]","og_url":"https:\/\/data4circ.eu\/de\/uber\/das-projekt\/anwendungsfalle\/anwendungsfall-1-landwirtschaftliche-kunststoffe-umwandeln-die-zirkulare-wertschopfungskette-fur-mulchfolien\/","og_site_name":"data4circ.eu","article_modified_time":"2026-02-19T17:37:48+00:00","twitter_card":"summary_large_image","twitter_misc":{"Gesch\u00e4tzte Lesezeit":"3\u00a0Minuten"},"schema":{"@context":"https:\/\/schema.org","@graph":[{"@type":"WebPage","@id":"https:\/\/data4circ.eu\/de\/uber\/das-projekt\/anwendungsfalle\/anwendungsfall-1-landwirtschaftliche-kunststoffe-umwandeln-die-zirkulare-wertschopfungskette-fur-mulchfolien\/","url":"https:\/\/data4circ.eu\/de\/uber\/das-projekt\/anwendungsfalle\/anwendungsfall-1-landwirtschaftliche-kunststoffe-umwandeln-die-zirkulare-wertschopfungskette-fur-mulchfolien\/","name":"Anwendungsfall #1: Landwirtschaftliche Kunststoffe umwandeln: Die zirkul\u00e4re Wertsch\u00f6pfungskette f\u00fcr Mulchfolien - data4circ.eu","isPartOf":{"@id":"https:\/\/data4circ.eu\/de\/#website"},"datePublished":"2025-01-31T09:30:28+00:00","dateModified":"2026-02-19T17:37:48+00:00","breadcrumb":{"@id":"https:\/\/data4circ.eu\/de\/uber\/das-projekt\/anwendungsfalle\/anwendungsfall-1-landwirtschaftliche-kunststoffe-umwandeln-die-zirkulare-wertschopfungskette-fur-mulchfolien\/#breadcrumb"},"inLanguage":"de","potentialAction":[{"@type":"ReadAction","target":["https:\/\/data4circ.eu\/de\/uber\/das-projekt\/anwendungsfalle\/anwendungsfall-1-landwirtschaftliche-kunststoffe-umwandeln-die-zirkulare-wertschopfungskette-fur-mulchfolien\/"]}]},{"@type":"BreadcrumbList","@id":"https:\/\/data4circ.eu\/de\/uber\/das-projekt\/anwendungsfalle\/anwendungsfall-1-landwirtschaftliche-kunststoffe-umwandeln-die-zirkulare-wertschopfungskette-fur-mulchfolien\/#breadcrumb","itemListElement":[{"@type":"ListItem","position":1,"name":"Home","item":"https:\/\/data4circ.eu\/de\/startseite\/"},{"@type":"ListItem","position":2,"name":"\u00dcber","item":"https:\/\/data4circ.eu\/de\/uber\/"},{"@type":"ListItem","position":3,"name":"Das Projekt","item":"https:\/\/data4circ.eu\/de\/uber\/das-projekt\/"},{"@type":"ListItem","position":4,"name":"Anwendungsf\u00e4lle","item":"https:\/\/data4circ.eu\/de\/uber\/das-projekt\/anwendungsfalle\/"},{"@type":"ListItem","position":5,"name":"Anwendungsfall #1: Landwirtschaftliche Kunststoffe umwandeln: Die zirkul\u00e4re Wertsch\u00f6pfungskette f\u00fcr Mulchfolien"}]},{"@type":"WebSite","@id":"https:\/\/data4circ.eu\/de\/#website","url":"https:\/\/data4circ.eu\/de\/","name":"data4circ.eu","description":"eco-friendly digital solutions and data sharing","potentialAction":[{"@type":"SearchAction","target":{"@type":"EntryPoint","urlTemplate":"https:\/\/data4circ.eu\/de\/?s={search_term_string}"},"query-input":{"@type":"PropertyValueSpecification","valueRequired":true,"valueName":"search_term_string"}}],"inLanguage":"de"}]}},"_links":{"self":[{"href":"https:\/\/data4circ.eu\/de\/wp-json\/wp\/v2\/pages\/1769","targetHints":{"allow":["GET"]}}],"collection":[{"href":"https:\/\/data4circ.eu\/de\/wp-json\/wp\/v2\/pages"}],"about":[{"href":"https:\/\/data4circ.eu\/de\/wp-json\/wp\/v2\/types\/page"}],"author":[{"embeddable":true,"href":"https:\/\/data4circ.eu\/de\/wp-json\/wp\/v2\/users\/1"}],"replies":[{"embeddable":true,"href":"https:\/\/data4circ.eu\/de\/wp-json\/wp\/v2\/comments?post=1769"}],"version-history":[{"count":3,"href":"https:\/\/data4circ.eu\/de\/wp-json\/wp\/v2\/pages\/1769\/revisions"}],"predecessor-version":[{"id":1772,"href":"https:\/\/data4circ.eu\/de\/wp-json\/wp\/v2\/pages\/1769\/revisions\/1772"}],"up":[{"embeddable":true,"href":"https:\/\/data4circ.eu\/de\/wp-json\/wp\/v2\/pages\/1730"}],"wp:attachment":[{"href":"https:\/\/data4circ.eu\/de\/wp-json\/wp\/v2\/media?parent=1769"}],"curies":[{"name":"wp","href":"https:\/\/api.w.org\/{rel}","templated":true}]}}