{"id":1503,"date":"2025-02-05T15:47:14","date_gmt":"2025-02-05T14:47:14","guid":{"rendered":"https:\/\/data4circ.eu\/kontakt\/"},"modified":"2026-02-19T18:23:50","modified_gmt":"2026-02-19T17:23:50","slug":"kontakt","status":"publish","type":"page","link":"https:\/\/data4circ.eu\/de\/kontakt\/","title":{"rendered":"Kontakt"},"content":{"rendered":"<p>[et_pb_section fb_built=&#8220;1&#8243; custom_padding_last_edited=&#8220;on|phone&#8220; _builder_version=&#8220;4.27.4&#8243; _module_preset=&#8220;default&#8220; background_color=&#8220;#2B463C&#8220; background_image=&#8220;https:\/\/data4circ.eu\/wp-content\/uploads\/2025\/01\/Data4circ-background-web.png&#8220; background_position=&#8220;top_right&#8220; custom_padding=&#8220;50px||50px||true|false&#8220; custom_padding_tablet=&#8220;40px||40px||true|false&#8220; custom_padding_phone=&#8220;30px||30px||true|false&#8220; global_colors_info=&#8220;{}&#8220;][et_pb_row column_structure=&#8220;2_5,3_5&#8243; _builder_version=&#8220;4.27.4&#8243; _module_preset=&#8220;default&#8220; global_colors_info=&#8220;{}&#8220;][et_pb_column type=&#8220;2_5&#8243; _builder_version=&#8220;4.27.4&#8243; _module_preset=&#8220;default&#8220; global_colors_info=&#8220;{}&#8220;][et_pb_text _builder_version=&#8220;4.27.4&#8243; _module_preset=&#8220;default&#8220; text_text_color=&#8220;#8FD9C0&#8243; global_colors_info=&#8220;{}&#8220;]<\/p>\n<h1><strong>Kontakt<br \/><\/strong><\/h1>\n<p>&nbsp;<\/p>\n<p>&nbsp;<\/p>\n<p>[\/et_pb_text][\/et_pb_column][et_pb_column type=&#8220;3_5&#8243; _builder_version=&#8220;4.27.4&#8243; _module_preset=&#8220;default&#8220; global_colors_info=&#8220;{}&#8220;][\/et_pb_column][\/et_pb_row][\/et_pb_section][et_pb_section fb_built=&#8220;1&#8243; _builder_version=&#8220;4.27.4&#8243; _module_preset=&#8220;default&#8220; custom_padding=&#8220;0px||0px||true|false&#8220; locked=&#8220;off&#8220; global_colors_info=&#8220;{}&#8220;][et_pb_row column_structure=&#8220;1_2,1_2&#8243; use_custom_gutter=&#8220;on&#8220; gutter_width=&#8220;1&#8243; make_equal=&#8220;on&#8220; _builder_version=&#8220;4.27.4&#8243; _module_preset=&#8220;default&#8220; background_color=&#8220;#8FD9C0&#8243; width=&#8220;100%&#8220; custom_padding=&#8220;0px||0px||true|false&#8220; global_colors_info=&#8220;{}&#8220;][et_pb_column type=&#8220;1_2&#8243; _builder_version=&#8220;4.27.4&#8243; _module_preset=&#8220;default&#8220; background_image=&#8220;https:\/\/data4circ.eu\/wp-content\/uploads\/2025\/01\/Data4circ-image-01-web.jpeg&#8220; background_position=&#8220;top_right&#8220; global_colors_info=&#8220;{}&#8220;][et_pb_divider show_divider=&#8220;off&#8220; _builder_version=&#8220;4.27.4&#8243; _module_preset=&#8220;default&#8220; height=&#8220;500px&#8220; height_tablet=&#8220;400px&#8220; height_phone=&#8220;300px&#8220; height_last_edited=&#8220;on|phone&#8220; global_colors_info=&#8220;{}&#8220;][\/et_pb_divider][\/et_pb_column][et_pb_column type=&#8220;1_2&#8243; _builder_version=&#8220;4.27.4&#8243; _module_preset=&#8220;default&#8220; global_colors_info=&#8220;{}&#8220;][et_pb_text _builder_version=&#8220;4.27.4&#8243; _module_preset=&#8220;default&#8220; text_text_color=&#8220;#2B463C&#8220; header_2_font=&#8220;|&#8211;et_global_heading_font_weight|||||||&#8220; header_2_text_align=&#8220;center&#8220; custom_padding=&#8220;100px|100px||100px|false|true&#8220; custom_padding_tablet=&#8220;75px|75px||75px|false|true&#8220; custom_padding_phone=&#8220;50px|50px||50px|false|true&#8220; custom_padding_last_edited=&#8220;on|phone&#8220; global_colors_info=&#8220;{}&#8220;]<\/p>\n<h2>Kontaktieren Sie uns<\/h2>\n<p>&nbsp;<\/p>\n<p>[\/et_pb_text][et_pb_contact_form email=&#8220;info@data4circ.eu&#8220; custom_message=&#8220;Name: %%Name%||et_pb_line_break_holder||Email: %%Email%%|et_pb_line_break_holder||Nachricht: %%Nachricht%%&#8220; submit_button_text=&#8220;Senden Sie&#8220; _builder_version=&#8220;4.27.4&#8243; _module_preset=&#8220;default&#8220; _unique_id=&#8220;c307f574-4b61-4b7c-aba8-386157935cf5&#8243; custom_margin=&#8220;25px|25px|25px|25px|true|true&#8220; hover_enabled=&#8220;0&#8243; global_colors_info=&#8220;{}&#8220; sticky_enabled=&#8220;0&#8243;][et_pb_contact_field field_id=&#8220;Name&#8220; field_title=&#8220;Name&#8220; _builder_version=&#8220;4.16&#8243; global_colors_info=&#8220;{}&#8220; button_text_size__hover_enabled=&#8220;off&#8220; button_one_text_size__hover_enabled=&#8220;off&#8220; button_two_text_size__hover_enabled=&#8220;off&#8220; button_text_color__hover_enabled=&#8220;off&#8220; button_one_text_color__hover_enabled=&#8220;off&#8220; button_two_text_color__hover_enabled=&#8220;off&#8220; button_border_width__hover_enabled=&#8220;off&#8220; button_one_border_width__hover_enabled=&#8220;off&#8220; button_two_border_width__hover_enabled=&#8220;off&#8220; button_border_color__hover_enabled=&#8220;off&#8220; button_one_border_color__hover_enabled=&#8220;off&#8220; button_two_border_color__hover_enabled=&#8220;off&#8220; button_border_radius__hover_enabled=&#8220;off&#8220; button_one_border_radius__hover_enabled=&#8220;off&#8220; button_two_border_radius__hover_enabled=&#8220;off&#8220; button_letter_spacing__hover_enabled=&#8220;off&#8220; button_one_letter_spacing__hover_enabled=&#8220;off&#8220; button_two_letter_spacing__hover_enabled=&#8220;off&#8220; button_bg_color__hover_enabled=&#8220;off&#8220; button_one_bg_color__hover_enabled=&#8220;off&#8220; button_two_bg_color__hover_enabled=&#8220;off&#8220;][\/et_pb_contact_field][et_pb_contact_field field_id=&#8220;Email&#8220; field_title=&#8220;E-Mail Adresse&#8220; field_type=&#8220;email&#8220; _builder_version=&#8220;4.16&#8243; global_colors_info=&#8220;{}&#8220; button_text_size__hover_enabled=&#8220;off&#8220; button_one_text_size__hover_enabled=&#8220;off&#8220; button_two_text_size__hover_enabled=&#8220;off&#8220; button_text_color__hover_enabled=&#8220;off&#8220; button_one_text_color__hover_enabled=&#8220;off&#8220; button_two_text_color__hover_enabled=&#8220;off&#8220; button_border_width__hover_enabled=&#8220;off&#8220; button_one_border_width__hover_enabled=&#8220;off&#8220; button_two_border_width__hover_enabled=&#8220;off&#8220; button_border_color__hover_enabled=&#8220;off&#8220; button_one_border_color__hover_enabled=&#8220;off&#8220; button_two_border_color__hover_enabled=&#8220;off&#8220; button_border_radius__hover_enabled=&#8220;off&#8220; button_one_border_radius__hover_enabled=&#8220;off&#8220; button_two_border_radius__hover_enabled=&#8220;off&#8220; button_letter_spacing__hover_enabled=&#8220;off&#8220; button_one_letter_spacing__hover_enabled=&#8220;off&#8220; button_two_letter_spacing__hover_enabled=&#8220;off&#8220; button_bg_color__hover_enabled=&#8220;off&#8220; button_one_bg_color__hover_enabled=&#8220;off&#8220; button_two_bg_color__hover_enabled=&#8220;off&#8220;][\/et_pb_contact_field][et_pb_contact_field field_id=&#8220;Message&#8220; field_title=&#8220;Nachricht&#8220; field_type=&#8220;text&#8220; fullwidth_field=&#8220;on&#8220; _builder_version=&#8220;4.27.4&#8243; global_colors_info=&#8220;{}&#8220; button_text_size__hover_enabled=&#8220;off&#8220; button_one_text_size__hover_enabled=&#8220;off&#8220; button_two_text_size__hover_enabled=&#8220;off&#8220; button_text_color__hover_enabled=&#8220;off&#8220; button_one_text_color__hover_enabled=&#8220;off&#8220; button_two_text_color__hover_enabled=&#8220;off&#8220; button_border_width__hover_enabled=&#8220;off&#8220; button_one_border_width__hover_enabled=&#8220;off&#8220; button_two_border_width__hover_enabled=&#8220;off&#8220; button_border_color__hover_enabled=&#8220;off&#8220; button_one_border_color__hover_enabled=&#8220;off&#8220; button_two_border_color__hover_enabled=&#8220;off&#8220; button_border_radius__hover_enabled=&#8220;off&#8220; button_one_border_radius__hover_enabled=&#8220;off&#8220; button_two_border_radius__hover_enabled=&#8220;off&#8220; button_letter_spacing__hover_enabled=&#8220;off&#8220; button_one_letter_spacing__hover_enabled=&#8220;off&#8220; button_two_letter_spacing__hover_enabled=&#8220;off&#8220; button_bg_color__hover_enabled=&#8220;off&#8220; button_one_bg_color__hover_enabled=&#8220;off&#8220; button_two_bg_color__hover_enabled=&#8220;off&#8220;][\/et_pb_contact_field][\/et_pb_contact_form][et_pb_text _builder_version=&#8220;4.27.4&#8243; _module_preset=&#8220;default&#8220; global_colors_info=&#8220;{}&#8220;]<\/p>\n<h6>Wir nehmen Ihre Privatsph\u00e4re ernst und verwenden die uns zur Verf\u00fcgung gestellten Informationen nur in \u00dcbereinstimmung mit unserer <strong>Datenschutzrichtlinie<\/strong>.<\/h6>\n<p>[\/et_pb_text][\/et_pb_column][\/et_pb_row][\/et_pb_section][et_pb_section fb_built=&#8220;1&#8243; _builder_version=&#8220;4.27.4&#8243; _module_preset=&#8220;default&#8220; custom_padding=&#8220;0px||0px||true|false&#8220; global_colors_info=&#8220;{}&#8220;][et_pb_row use_custom_gutter=&#8220;on&#8220; gutter_width=&#8220;1&#8243; make_equal=&#8220;on&#8220; disabled_on=&#8220;on|on|on&#8220; _builder_version=&#8220;4.27.4&#8243; _module_preset=&#8220;default&#8220; background_color=&#8220;#8FD9C0&#8243; width=&#8220;100%&#8220; custom_padding=&#8220;0px||0px||true|false&#8220; disabled=&#8220;on&#8220; global_colors_info=&#8220;{}&#8220;][et_pb_column type=&#8220;4_4&#8243; _builder_version=&#8220;4.27.4&#8243; _module_preset=&#8220;default&#8220; background_color=&#8220;#8FD9C0&#8243; background_enable_image=&#8220;off&#8220; background_position=&#8220;top_right&#8220; global_colors_info=&#8220;{}&#8220;][et_pb_text _builder_version=&#8220;4.27.4&#8243; _module_preset=&#8220;default&#8220; text_text_color=&#8220;#2B463C&#8220; header_2_font=&#8220;|&#8211;et_global_heading_font_weight|||||||&#8220; custom_padding=&#8220;100px|100px|100px|100px|true|true&#8220; custom_padding_tablet=&#8220;50px|50px|50px|50px|true|true&#8220; custom_padding_phone=&#8220;25px|25px|25px|25px|true|true&#8220; custom_padding_last_edited=&#8220;on|phone&#8220; global_colors_info=&#8220;{}&#8220;]<\/p>\n<p>Wir von DATA4CIRC revolutionieren die Fertigungsbranche, indem wir sie umweltfreundlicher und effizienter machen.<\/p>\n<p><strong>Unsere Aufgabe<\/strong> ist es, Fabriken dabei zu helfen, ihren CO2-Fu\u00dfabdruck zu reduzieren und ihre Wettbewerbsf\u00e4higkeit durch innovative digitale L\u00f6sungen und Datenaustausch zu steigern.<\/p>\n<p>[\/et_pb_text][\/et_pb_column][\/et_pb_row][et_pb_row column_structure=&#8220;1_4,1_4,1_4,1_4&#8243; use_custom_gutter=&#8220;on&#8220; gutter_width=&#8220;1&#8243; make_equal=&#8220;on&#8220; disabled_on=&#8220;on|on|on&#8220; _builder_version=&#8220;4.27.4&#8243; _module_preset=&#8220;default&#8220; background_color=&#8220;#8FD9C0&#8243; width=&#8220;100%&#8220; custom_padding=&#8220;0px||0px||true|false&#8220; disabled=&#8220;on&#8220; global_colors_info=&#8220;{}&#8220;][et_pb_column type=&#8220;1_4&#8243; _builder_version=&#8220;4.27.4&#8243; _module_preset=&#8220;default&#8220; background_color=&#8220;#8FD9C0&#8243; background_image=&#8220;https:\/\/data4circ.eu\/wp-content\/uploads\/2025\/01\/Data4circ-image-01-web.jpeg&#8220; global_colors_info=&#8220;{}&#8220;][et_pb_divider show_divider=&#8220;off&#8220; _builder_version=&#8220;4.27.4&#8243; _module_preset=&#8220;default&#8220; height=&#8220;250px&#8220; height_tablet=&#8220;200px&#8220; height_phone=&#8220;150px&#8220; height_last_edited=&#8220;on|phone&#8220; locked=&#8220;off&#8220; global_colors_info=&#8220;{}&#8220;][\/et_pb_divider][\/et_pb_column][et_pb_column type=&#8220;1_4&#8243; _builder_version=&#8220;4.27.4&#8243; _module_preset=&#8220;default&#8220; background_color=&#8220;#8FD9C0&#8243; background_enable_image=&#8220;off&#8220; background_position=&#8220;top_right&#8220; global_colors_info=&#8220;{}&#8220;][et_pb_blurb title=&#8220;Unser Auftrag&#8220; image=&#8220;https:\/\/data4circ.eu\/wp-content\/uploads\/2025\/02\/Data4circ-FAV_logo_full_reversed.png&#8220; image_icon_width=&#8220;100px&#8220; admin_label=&#8220;Our Mission&#8220; _builder_version=&#8220;4.27.4&#8243; _module_preset=&#8220;default&#8220; header_level=&#8220;h2&#8243; header_text_align=&#8220;center&#8220; text_orientation=&#8220;center&#8220; custom_margin=&#8220;50px||50px||true|false&#8220; animation=&#8220;off&#8220; global_colors_info=&#8220;{}&#8220;]<\/p>\n<p><span class=\"dsm-readmore-text\">Lesen Sie mehr &#8230;<\/span><\/p>\n<p>[\/et_pb_blurb][\/et_pb_column][et_pb_column type=&#8220;1_4&#8243; _builder_version=&#8220;4.27.4&#8243; _module_preset=&#8220;default&#8220; background_color=&#8220;#8FD9C0&#8243; background_enable_image=&#8220;off&#8220; background_position=&#8220;top_right&#8220; global_colors_info=&#8220;{}&#8220;][et_pb_blurb title=&#8220;Anwendungsf\u00e4lle&#8220; image=&#8220;https:\/\/data4circ.eu\/wp-content\/uploads\/2025\/02\/Data4circ-FAV_logo_full_reversed.png&#8220; image_icon_width=&#8220;100px&#8220; admin_label=&#8220;Use Cases&#8220; _builder_version=&#8220;4.27.4&#8243; _module_preset=&#8220;default&#8220; header_level=&#8220;h2&#8243; header_text_align=&#8220;center&#8220; text_orientation=&#8220;center&#8220; custom_margin=&#8220;50px||50px||true|false&#8220; animation=&#8220;off&#8220; global_colors_info=&#8220;{}&#8220;]<\/p>\n<p><span class=\"dsm-readmore-text\">Lesen Sie mehr &#8230;<\/span><\/p>\n<p>[\/et_pb_blurb][\/et_pb_column][et_pb_column type=&#8220;1_4&#8243; _builder_version=&#8220;4.27.4&#8243; _module_preset=&#8220;default&#8220; background_color=&#8220;#8FD9C0&#8243; background_enable_image=&#8220;off&#8220; background_position=&#8220;top_right&#8220; global_colors_info=&#8220;{}&#8220;][et_pb_blurb title=&#8220;Arbeitsplan&#8220; image=&#8220;https:\/\/data4circ.eu\/wp-content\/uploads\/2025\/02\/Data4circ-FAV_logo_full_reversed.png&#8220; image_icon_width=&#8220;100px&#8220; admin_label=&#8220;Workplan&#8220; _builder_version=&#8220;4.27.4&#8243; _module_preset=&#8220;default&#8220; header_level=&#8220;h2&#8243; header_text_align=&#8220;center&#8220; text_orientation=&#8220;center&#8220; custom_margin=&#8220;50px||50px||true|false&#8220; animation=&#8220;off&#8220; global_colors_info=&#8220;{}&#8220;]<\/p>\n<p><span class=\"dsm-readmore-text\">Lesen Sie mehr &#8230;<\/span><\/p>\n<p>[\/et_pb_blurb][\/et_pb_column][\/et_pb_row][\/et_pb_section][et_pb_section fb_built=&#8220;1&#8243; _builder_version=&#8220;4.27.4&#8243; _module_preset=&#8220;default&#8220; background_color=&#8220;#2B463C&#8220; background_image=&#8220;https:\/\/data4circ.eu\/wp-content\/uploads\/2025\/01\/Data4circ-background-03-web.png&#8220; background_position=&#8220;center_left&#8220; custom_padding=&#8220;50px||50px||true|false&#8220; global_colors_info=&#8220;{}&#8220;][et_pb_row _builder_version=&#8220;4.27.4&#8243; _module_preset=&#8220;default&#8220; global_colors_info=&#8220;{}&#8220;][et_pb_column type=&#8220;4_4&#8243; _builder_version=&#8220;4.27.4&#8243; _module_preset=&#8220;default&#8220; global_colors_info=&#8220;{}&#8220;][et_pb_text _builder_version=&#8220;4.27.4&#8243; _module_preset=&#8220;default&#8220; text_text_color=&#8220;#8FD9C0&#8243; text_orientation=&#8220;center&#8220; global_colors_info=&#8220;{}&#8220;]<\/p>\n<h2>Begleiten Sie uns auf unserem Weg zu einer gr\u00fcneren, intelligenteren Zukunft in der Fertigung!<\/h2>\n<p>[\/et_pb_text][\/et_pb_column][\/et_pb_row][\/et_pb_section]<\/p>\n","protected":false},"excerpt":{"rendered":"<p>Kontakt &nbsp; &nbsp;Kontaktieren Sie uns &nbsp;Wir nehmen Ihre Privatsph\u00e4re ernst und verwenden die uns zur Verf\u00fcgung gestellten Informationen nur in \u00dcbereinstimmung mit unserer Datenschutzrichtlinie.Wir von DATA4CIRC revolutionieren die Fertigungsbranche, indem wir sie umweltfreundlicher und effizienter machen. Unsere Aufgabe ist es, Fabriken dabei zu helfen, ihren CO2-Fu\u00dfabdruck zu reduzieren und ihre Wettbewerbsf\u00e4higkeit durch innovative digitale L\u00f6sungen [&hellip;]<\/p>\n","protected":false},"author":1,"featured_media":0,"parent":0,"menu_order":0,"comment_status":"closed","ping_status":"closed","template":"","meta":{"_et_pb_use_builder":"on","_et_pb_old_content":"","_et_gb_content_width":"","footnotes":""},"class_list":["post-1503","page","type-page","status-publish","hentry"],"yoast_head":"<!-- This site is optimized with the Yoast SEO plugin v27.1.1 - https:\/\/yoast.com\/product\/yoast-seo-wordpress\/ -->\n<title>Kontakt - data4circ.eu<\/title>\n<meta name=\"robots\" content=\"index, follow, max-snippet:-1, max-image-preview:large, max-video-preview:-1\" \/>\n<link rel=\"canonical\" href=\"https:\/\/data4circ.eu\/de\/kontakt\/\" \/>\n<meta property=\"og:locale\" content=\"de_DE\" \/>\n<meta property=\"og:type\" content=\"article\" \/>\n<meta property=\"og:title\" content=\"Kontakt - data4circ.eu\" \/>\n<meta property=\"og:description\" content=\"Kontakt &nbsp; &nbsp;Kontaktieren Sie uns &nbsp;Wir nehmen Ihre Privatsph\u00e4re ernst und verwenden die uns zur Verf\u00fcgung gestellten Informationen nur in \u00dcbereinstimmung mit unserer Datenschutzrichtlinie.Wir von DATA4CIRC revolutionieren die Fertigungsbranche, indem wir sie umweltfreundlicher und effizienter machen. Unsere Aufgabe ist es, Fabriken dabei zu helfen, ihren CO2-Fu\u00dfabdruck zu reduzieren und ihre Wettbewerbsf\u00e4higkeit durch innovative digitale L\u00f6sungen [&hellip;]\" \/>\n<meta property=\"og:url\" content=\"https:\/\/data4circ.eu\/de\/kontakt\/\" \/>\n<meta property=\"og:site_name\" content=\"data4circ.eu\" \/>\n<meta property=\"article:modified_time\" content=\"2026-02-19T17:23:50+00:00\" \/>\n<meta name=\"twitter:card\" content=\"summary_large_image\" \/>\n<meta name=\"twitter:label1\" content=\"Gesch\u00e4tzte Lesezeit\" \/>\n\t<meta name=\"twitter:data1\" content=\"8\u00a0Minuten\" \/>\n<script type=\"application\/ld+json\" class=\"yoast-schema-graph\">{\"@context\":\"https:\/\/schema.org\",\"@graph\":[{\"@type\":\"WebPage\",\"@id\":\"https:\/\/data4circ.eu\/de\/kontakt\/\",\"url\":\"https:\/\/data4circ.eu\/de\/kontakt\/\",\"name\":\"Kontakt - data4circ.eu\",\"isPartOf\":{\"@id\":\"https:\/\/data4circ.eu\/de\/#website\"},\"datePublished\":\"2025-02-05T14:47:14+00:00\",\"dateModified\":\"2026-02-19T17:23:50+00:00\",\"breadcrumb\":{\"@id\":\"https:\/\/data4circ.eu\/de\/kontakt\/#breadcrumb\"},\"inLanguage\":\"de\",\"potentialAction\":[{\"@type\":\"ReadAction\",\"target\":[\"https:\/\/data4circ.eu\/de\/kontakt\/\"]}]},{\"@type\":\"BreadcrumbList\",\"@id\":\"https:\/\/data4circ.eu\/de\/kontakt\/#breadcrumb\",\"itemListElement\":[{\"@type\":\"ListItem\",\"position\":1,\"name\":\"Home\",\"item\":\"https:\/\/data4circ.eu\/de\/startseite\/\"},{\"@type\":\"ListItem\",\"position\":2,\"name\":\"Kontakt\"}]},{\"@type\":\"WebSite\",\"@id\":\"https:\/\/data4circ.eu\/de\/#website\",\"url\":\"https:\/\/data4circ.eu\/de\/\",\"name\":\"data4circ.eu\",\"description\":\"eco-friendly digital solutions and data sharing\",\"potentialAction\":[{\"@type\":\"SearchAction\",\"target\":{\"@type\":\"EntryPoint\",\"urlTemplate\":\"https:\/\/data4circ.eu\/de\/?s={search_term_string}\"},\"query-input\":{\"@type\":\"PropertyValueSpecification\",\"valueRequired\":true,\"valueName\":\"search_term_string\"}}],\"inLanguage\":\"de\"}]}<\/script>\n<!-- \/ Yoast SEO plugin. -->","yoast_head_json":{"title":"Kontakt - data4circ.eu","robots":{"index":"index","follow":"follow","max-snippet":"max-snippet:-1","max-image-preview":"max-image-preview:large","max-video-preview":"max-video-preview:-1"},"canonical":"https:\/\/data4circ.eu\/de\/kontakt\/","og_locale":"de_DE","og_type":"article","og_title":"Kontakt - data4circ.eu","og_description":"Kontakt &nbsp; &nbsp;Kontaktieren Sie uns &nbsp;Wir nehmen Ihre Privatsph\u00e4re ernst und verwenden die uns zur Verf\u00fcgung gestellten Informationen nur in \u00dcbereinstimmung mit unserer Datenschutzrichtlinie.Wir von DATA4CIRC revolutionieren die Fertigungsbranche, indem wir sie umweltfreundlicher und effizienter machen. Unsere Aufgabe ist es, Fabriken dabei zu helfen, ihren CO2-Fu\u00dfabdruck zu reduzieren und ihre Wettbewerbsf\u00e4higkeit durch innovative digitale L\u00f6sungen [&hellip;]","og_url":"https:\/\/data4circ.eu\/de\/kontakt\/","og_site_name":"data4circ.eu","article_modified_time":"2026-02-19T17:23:50+00:00","twitter_card":"summary_large_image","twitter_misc":{"Gesch\u00e4tzte Lesezeit":"8\u00a0Minuten"},"schema":{"@context":"https:\/\/schema.org","@graph":[{"@type":"WebPage","@id":"https:\/\/data4circ.eu\/de\/kontakt\/","url":"https:\/\/data4circ.eu\/de\/kontakt\/","name":"Kontakt - data4circ.eu","isPartOf":{"@id":"https:\/\/data4circ.eu\/de\/#website"},"datePublished":"2025-02-05T14:47:14+00:00","dateModified":"2026-02-19T17:23:50+00:00","breadcrumb":{"@id":"https:\/\/data4circ.eu\/de\/kontakt\/#breadcrumb"},"inLanguage":"de","potentialAction":[{"@type":"ReadAction","target":["https:\/\/data4circ.eu\/de\/kontakt\/"]}]},{"@type":"BreadcrumbList","@id":"https:\/\/data4circ.eu\/de\/kontakt\/#breadcrumb","itemListElement":[{"@type":"ListItem","position":1,"name":"Home","item":"https:\/\/data4circ.eu\/de\/startseite\/"},{"@type":"ListItem","position":2,"name":"Kontakt"}]},{"@type":"WebSite","@id":"https:\/\/data4circ.eu\/de\/#website","url":"https:\/\/data4circ.eu\/de\/","name":"data4circ.eu","description":"eco-friendly digital solutions and data sharing","potentialAction":[{"@type":"SearchAction","target":{"@type":"EntryPoint","urlTemplate":"https:\/\/data4circ.eu\/de\/?s={search_term_string}"},"query-input":{"@type":"PropertyValueSpecification","valueRequired":true,"valueName":"search_term_string"}}],"inLanguage":"de"}]}},"_links":{"self":[{"href":"https:\/\/data4circ.eu\/de\/wp-json\/wp\/v2\/pages\/1503","targetHints":{"allow":["GET"]}}],"collection":[{"href":"https:\/\/data4circ.eu\/de\/wp-json\/wp\/v2\/pages"}],"about":[{"href":"https:\/\/data4circ.eu\/de\/wp-json\/wp\/v2\/types\/page"}],"author":[{"embeddable":true,"href":"https:\/\/data4circ.eu\/de\/wp-json\/wp\/v2\/users\/1"}],"replies":[{"embeddable":true,"href":"https:\/\/data4circ.eu\/de\/wp-json\/wp\/v2\/comments?post=1503"}],"version-history":[{"count":3,"href":"https:\/\/data4circ.eu\/de\/wp-json\/wp\/v2\/pages\/1503\/revisions"}],"predecessor-version":[{"id":1506,"href":"https:\/\/data4circ.eu\/de\/wp-json\/wp\/v2\/pages\/1503\/revisions\/1506"}],"wp:attachment":[{"href":"https:\/\/data4circ.eu\/de\/wp-json\/wp\/v2\/media?parent=1503"}],"curies":[{"name":"wp","href":"https:\/\/api.w.org\/{rel}","templated":true}]}}