{"id":1456,"date":"2025-02-05T11:12:02","date_gmt":"2025-02-05T10:12:02","guid":{"rendered":"https:\/\/data4circ.eu\/uber\/"},"modified":"2026-02-19T18:20:04","modified_gmt":"2026-02-19T17:20:04","slug":"uber","status":"publish","type":"page","link":"https:\/\/data4circ.eu\/de\/uber\/","title":{"rendered":"\u00dcber"},"content":{"rendered":"<p>[et_pb_section fb_built=&#8220;1&#8243; custom_padding_last_edited=&#8220;on|phone&#8220; _builder_version=&#8220;4.27.4&#8243; _module_preset=&#8220;default&#8220; background_color=&#8220;#2B463C&#8220; background_image=&#8220;https:\/\/data4circ.eu\/wp-content\/uploads\/2025\/01\/Data4circ-background-web.png&#8220; background_position=&#8220;top_right&#8220; custom_padding=&#8220;50px||50px||true|false&#8220; custom_padding_tablet=&#8220;40px||40px||true|false&#8220; custom_padding_phone=&#8220;30px||30px||true|false&#8220; global_colors_info=&#8220;{}&#8220;][et_pb_row column_structure=&#8220;1_2,1_2&#8243; _builder_version=&#8220;4.27.4&#8243; _module_preset=&#8220;default&#8220; global_colors_info=&#8220;{}&#8220;][et_pb_column type=&#8220;1_2&#8243; _builder_version=&#8220;4.27.4&#8243; _module_preset=&#8220;default&#8220; global_colors_info=&#8220;{}&#8220;][et_pb_text _builder_version=&#8220;4.27.4&#8243; _module_preset=&#8220;default&#8220; text_text_color=&#8220;#8FD9C0&#8243; global_colors_info=&#8220;{}&#8220;]<\/p>\n<h1>\u00dcber DATA4CIRC<\/h1>\n<p style=\"text-align: justify;\">DATA4CIRC entwickelt einen innovativen Rahmen f\u00fcr den Datenaustausch, um die europ\u00e4ische Industrie auf eine nachhaltigere Zukunft vorzubereiten. <span style=\"text-decoration: underline;\"><a href=\"https:\/\/data4circ.eu\/about\/the-project\/our-mission\/\"><strong>Unser Ziel<\/strong><\/a><\/span> ist es, den Zugang zu den Informationen zu verbessern, die Fabriken ben\u00f6tigen, um Materialien effizient und sicher wiederzugewinnen, zu recyceln und wiederzuverwenden und den Weg zu einer Kreislaufwirtschaft einzuschlagen.<\/p>\n<p>[\/et_pb_text][\/et_pb_column][et_pb_column type=&#8220;1_2&#8243; _builder_version=&#8220;4.27.4&#8243; _module_preset=&#8220;default&#8220; global_colors_info=&#8220;{}&#8220;][\/et_pb_column][\/et_pb_row][\/et_pb_section][et_pb_section fb_built=&#8220;1&#8243; _builder_version=&#8220;4.27.4&#8243; _module_preset=&#8220;default&#8220; custom_padding=&#8220;0px||0px||true|false&#8220; global_colors_info=&#8220;{}&#8220;][et_pb_row use_custom_gutter=&#8220;on&#8220; gutter_width=&#8220;1&#8243; make_equal=&#8220;on&#8220; disabled_on=&#8220;on|on|on&#8220; _builder_version=&#8220;4.27.4&#8243; _module_preset=&#8220;default&#8220; background_color=&#8220;#8FD9C0&#8243; width=&#8220;100%&#8220; custom_padding=&#8220;0px||0px||true|false&#8220; disabled=&#8220;on&#8220; global_colors_info=&#8220;{}&#8220;][et_pb_column type=&#8220;4_4&#8243; _builder_version=&#8220;4.27.4&#8243; _module_preset=&#8220;default&#8220; background_color=&#8220;#8FD9C0&#8243; background_enable_image=&#8220;off&#8220; background_position=&#8220;top_right&#8220; global_colors_info=&#8220;{}&#8220;][et_pb_text _builder_version=&#8220;4.27.4&#8243; _module_preset=&#8220;default&#8220; text_text_color=&#8220;#2B463C&#8220; header_2_font=&#8220;|&#8211;et_global_heading_font_weight|||||||&#8220; custom_padding=&#8220;100px|100px|100px|100px|true|true&#8220; custom_padding_tablet=&#8220;50px|50px|50px|50px|true|true&#8220; custom_padding_phone=&#8220;25px|25px|25px|25px|true|true&#8220; custom_padding_last_edited=&#8220;on|phone&#8220; global_colors_info=&#8220;{}&#8220;]<\/p>\n<p>Wir von DATA4CIRC revolutionieren die Fertigungsbranche, indem wir sie umweltfreundlicher und effizienter machen.<\/p>\n<p><strong>Unsere Aufgabe<\/strong> ist es, Fabriken dabei zu helfen, ihren CO2-Fu\u00dfabdruck zu reduzieren und ihre Wettbewerbsf\u00e4higkeit durch innovative digitale L\u00f6sungen und Datenaustausch zu steigern.<\/p>\n<p>[\/et_pb_text][\/et_pb_column][\/et_pb_row][et_pb_row column_structure=&#8220;1_3,1_3,1_3&#8243; use_custom_gutter=&#8220;on&#8220; gutter_width=&#8220;1&#8243; make_equal=&#8220;on&#8220; _builder_version=&#8220;4.27.4&#8243; _module_preset=&#8220;default&#8220; background_color=&#8220;#8FD9C0&#8243; width=&#8220;100%&#8220; custom_padding=&#8220;0px||0px||true|false&#8220; hover_enabled=&#8220;0&#8243; global_colors_info=&#8220;{}&#8220; sticky_enabled=&#8220;0&#8243;][et_pb_column type=&#8220;1_3&#8243; _builder_version=&#8220;4.27.4&#8243; _module_preset=&#8220;default&#8220; background_color=&#8220;#8FD9C0&#8243; custom_padding=&#8220;75px||||false|false&#8220; hover_enabled=&#8220;0&#8243; border_color_all=&#8220;#8FD9C0&#8243; global_colors_info=&#8220;{}&#8220; background_enable_image=&#8220;off&#8220; sticky_enabled=&#8220;0&#8243;][et_pb_image src=&#8220;https:\/\/data4circ.eu\/wp-content\/uploads\/2025\/02\/AdobeStock_694225446-scaled.jpeg&#8220; title_text=&#8220;Net Zero Green Business Energy reduziert Kohlenstoff-Emissionen Konzept, Gesch\u00e4ftsmann mit Tabellen Analyse von Big Data zu Net Zero reduziert Kohlenstoff, Business mit alternativer Energie zum Schutz der Umwelt&#8220; _builder_version=&#8220;4.27.4&#8243; _module_preset=&#8220;default&#8220; hover_enabled=&#8220;0&#8243; global_colors_info=&#8220;{}&#8220; custom_margin=&#8220;-40px||||false|false&#8220; sticky_enabled=&#8220;0&#8243;][\/et_pb_image][\/et_pb_column][et_pb_column type=&#8220;1_3&#8243; _builder_version=&#8220;4.27.4&#8243; _module_preset=&#8220;default&#8220; background_color=&#8220;#8FD9C0&#8243; background_enable_image=&#8220;off&#8220; background_position=&#8220;top_right&#8220; global_colors_info=&#8220;{}&#8220;][et_pb_blurb title=&#8220;Unser Auftrag&#8220; image=&#8220;https:\/\/data4circ.eu\/wp-content\/uploads\/2025\/02\/Data4circ-FAV_logo_full_reversed.png&#8220; image_icon_width=&#8220;100px&#8220; admin_label=&#8220;The Project&#8220; _builder_version=&#8220;4.27.4&#8243; _module_preset=&#8220;default&#8220; header_level=&#8220;h2&#8243; header_text_align=&#8220;center&#8220; text_orientation=&#8220;center&#8220; custom_margin=&#8220;50px||50px||true|false&#8220; animation=&#8220;off&#8220; link_option_url=&#8220;https:\/\/data4circ.eu\/about\/the-project\/our-mission\/&#8220; global_colors_info=&#8220;{}&#8220;][\/et_pb_blurb][et_pb_blurb title=&#8220;Konsortium&#8220; image=&#8220;https:\/\/data4circ.eu\/wp-content\/uploads\/2025\/02\/Data4circ-FAV_logo_full_reversed.png&#8220; image_icon_width=&#8220;100px&#8220; admin_label=&#8220;Consortium&#8220; _builder_version=&#8220;4.27.4&#8243; _module_preset=&#8220;default&#8220; header_level=&#8220;h2&#8243; header_text_align=&#8220;center&#8220; text_orientation=&#8220;center&#8220; custom_margin=&#8220;50px||50px||true|false&#8220; animation=&#8220;off&#8220; link_option_url=&#8220;https:\/\/data4circ.eu\/about\/consortium\/&#8220; global_colors_info=&#8220;{}&#8220;][\/et_pb_blurb][\/et_pb_column][et_pb_column type=&#8220;1_3&#8243; _builder_version=&#8220;4.27.4&#8243; _module_preset=&#8220;default&#8220; background_color=&#8220;#8FD9C0&#8243; background_enable_image=&#8220;off&#8220; background_position=&#8220;top_right&#8220; global_colors_info=&#8220;{}&#8220;][et_pb_blurb title=&#8220;Anwendungsf\u00e4lle&#8220; image=&#8220;https:\/\/data4circ.eu\/wp-content\/uploads\/2025\/02\/Data4circ-FAV_logo_full_reversed.png&#8220; image_icon_width=&#8220;100px&#8220; admin_label=&#8220;Our Team&#8220; _builder_version=&#8220;4.27.4&#8243; _module_preset=&#8220;default&#8220; header_level=&#8220;h2&#8243; header_text_align=&#8220;center&#8220; text_orientation=&#8220;center&#8220; custom_margin=&#8220;50px||50px||true|false&#8220; animation=&#8220;off&#8220; link_option_url=&#8220;https:\/\/data4circ.eu\/about\/the-project\/use-cases\/&#8220; global_colors_info=&#8220;{}&#8220;][\/et_pb_blurb][et_pb_blurb title=&#8220;Arbeitsplan&#8220; image=&#8220;https:\/\/data4circ.eu\/wp-content\/uploads\/2025\/02\/Data4circ-FAV_logo_full_reversed.png&#8220; image_icon_width=&#8220;100px&#8220; admin_label=&#8220;The Project&#8220; _builder_version=&#8220;4.27.4&#8243; _module_preset=&#8220;default&#8220; header_level=&#8220;h2&#8243; header_text_align=&#8220;center&#8220; text_orientation=&#8220;center&#8220; custom_margin=&#8220;50px||50px||true|false&#8220; animation=&#8220;off&#8220; link_option_url=&#8220;https:\/\/data4circ.eu\/about\/the-project\/workplan\/&#8220; global_colors_info=&#8220;{}&#8220;][\/et_pb_blurb][\/et_pb_column][\/et_pb_row][\/et_pb_section][et_pb_section fb_built=&#8220;1&#8243; _builder_version=&#8220;4.27.4&#8243; _module_preset=&#8220;default&#8220; background_color=&#8220;#2B463C&#8220; background_image=&#8220;https:\/\/data4circ.eu\/wp-content\/uploads\/2025\/01\/Data4circ-background-03-web.png&#8220; background_position=&#8220;center_left&#8220; custom_padding=&#8220;50px||50px||true|false&#8220; global_colors_info=&#8220;{}&#8220;][et_pb_row _builder_version=&#8220;4.27.4&#8243; _module_preset=&#8220;default&#8220; global_colors_info=&#8220;{}&#8220;][et_pb_column type=&#8220;4_4&#8243; _builder_version=&#8220;4.27.4&#8243; _module_preset=&#8220;default&#8220; global_colors_info=&#8220;{}&#8220;][et_pb_text _builder_version=&#8220;4.27.4&#8243; _module_preset=&#8220;default&#8220; text_text_color=&#8220;#8FD9C0&#8243; text_orientation=&#8220;center&#8220; global_colors_info=&#8220;{}&#8220;]<\/p>\n<h2>Begleiten Sie uns auf unserem Weg zu einer gr\u00fcneren, intelligenteren und kreislauforientierten Zukunft in der Fertigung!<\/h2>\n<p>[\/et_pb_text][\/et_pb_column][\/et_pb_row][\/et_pb_section]<\/p>\n","protected":false},"excerpt":{"rendered":"<p>\u00dcber DATA4CIRC DATA4CIRC entwickelt einen innovativen Rahmen f\u00fcr den Datenaustausch, um die europ\u00e4ische Industrie auf eine nachhaltigere Zukunft vorzubereiten. Unser Ziel ist es, den Zugang zu den Informationen zu verbessern, die Fabriken ben\u00f6tigen, um Materialien effizient und sicher wiederzugewinnen, zu recyceln und wiederzuverwenden und den Weg zu einer Kreislaufwirtschaft einzuschlagen.Wir von DATA4CIRC revolutionieren die Fertigungsbranche, [&hellip;]<\/p>\n","protected":false},"author":1,"featured_media":0,"parent":0,"menu_order":0,"comment_status":"closed","ping_status":"closed","template":"","meta":{"_et_pb_use_builder":"on","_et_pb_old_content":"","_et_gb_content_width":"","footnotes":""},"class_list":["post-1456","page","type-page","status-publish","hentry"],"yoast_head":"<!-- This site is optimized with the Yoast SEO plugin v27.1.1 - https:\/\/yoast.com\/product\/yoast-seo-wordpress\/ -->\n<title>\u00dcber - data4circ.eu<\/title>\n<meta name=\"robots\" content=\"index, follow, max-snippet:-1, max-image-preview:large, max-video-preview:-1\" \/>\n<link rel=\"canonical\" href=\"https:\/\/data4circ.eu\/de\/uber\/\" \/>\n<meta property=\"og:locale\" content=\"de_DE\" \/>\n<meta property=\"og:type\" content=\"article\" \/>\n<meta property=\"og:title\" content=\"\u00dcber - data4circ.eu\" \/>\n<meta property=\"og:description\" content=\"\u00dcber DATA4CIRC DATA4CIRC entwickelt einen innovativen Rahmen f\u00fcr den Datenaustausch, um die europ\u00e4ische Industrie auf eine nachhaltigere Zukunft vorzubereiten. Unser Ziel ist es, den Zugang zu den Informationen zu verbessern, die Fabriken ben\u00f6tigen, um Materialien effizient und sicher wiederzugewinnen, zu recyceln und wiederzuverwenden und den Weg zu einer Kreislaufwirtschaft einzuschlagen.Wir von DATA4CIRC revolutionieren die Fertigungsbranche, [&hellip;]\" \/>\n<meta property=\"og:url\" content=\"https:\/\/data4circ.eu\/de\/uber\/\" \/>\n<meta property=\"og:site_name\" content=\"data4circ.eu\" \/>\n<meta property=\"article:modified_time\" content=\"2026-02-19T17:20:04+00:00\" \/>\n<meta name=\"twitter:card\" content=\"summary_large_image\" \/>\n<meta name=\"twitter:label1\" content=\"Gesch\u00e4tzte Lesezeit\" \/>\n\t<meta name=\"twitter:data1\" content=\"5\u00a0Minuten\" \/>\n<script type=\"application\/ld+json\" class=\"yoast-schema-graph\">{\"@context\":\"https:\/\/schema.org\",\"@graph\":[{\"@type\":\"WebPage\",\"@id\":\"https:\/\/data4circ.eu\/de\/uber\/\",\"url\":\"https:\/\/data4circ.eu\/de\/uber\/\",\"name\":\"\u00dcber - data4circ.eu\",\"isPartOf\":{\"@id\":\"https:\/\/data4circ.eu\/de\/#website\"},\"datePublished\":\"2025-02-05T10:12:02+00:00\",\"dateModified\":\"2026-02-19T17:20:04+00:00\",\"breadcrumb\":{\"@id\":\"https:\/\/data4circ.eu\/de\/uber\/#breadcrumb\"},\"inLanguage\":\"de\",\"potentialAction\":[{\"@type\":\"ReadAction\",\"target\":[\"https:\/\/data4circ.eu\/de\/uber\/\"]}]},{\"@type\":\"BreadcrumbList\",\"@id\":\"https:\/\/data4circ.eu\/de\/uber\/#breadcrumb\",\"itemListElement\":[{\"@type\":\"ListItem\",\"position\":1,\"name\":\"Home\",\"item\":\"https:\/\/data4circ.eu\/de\/startseite\/\"},{\"@type\":\"ListItem\",\"position\":2,\"name\":\"\u00dcber\"}]},{\"@type\":\"WebSite\",\"@id\":\"https:\/\/data4circ.eu\/de\/#website\",\"url\":\"https:\/\/data4circ.eu\/de\/\",\"name\":\"data4circ.eu\",\"description\":\"eco-friendly digital solutions and data sharing\",\"potentialAction\":[{\"@type\":\"SearchAction\",\"target\":{\"@type\":\"EntryPoint\",\"urlTemplate\":\"https:\/\/data4circ.eu\/de\/?s={search_term_string}\"},\"query-input\":{\"@type\":\"PropertyValueSpecification\",\"valueRequired\":true,\"valueName\":\"search_term_string\"}}],\"inLanguage\":\"de\"}]}<\/script>\n<!-- \/ Yoast SEO plugin. -->","yoast_head_json":{"title":"\u00dcber - data4circ.eu","robots":{"index":"index","follow":"follow","max-snippet":"max-snippet:-1","max-image-preview":"max-image-preview:large","max-video-preview":"max-video-preview:-1"},"canonical":"https:\/\/data4circ.eu\/de\/uber\/","og_locale":"de_DE","og_type":"article","og_title":"\u00dcber - data4circ.eu","og_description":"\u00dcber DATA4CIRC DATA4CIRC entwickelt einen innovativen Rahmen f\u00fcr den Datenaustausch, um die europ\u00e4ische Industrie auf eine nachhaltigere Zukunft vorzubereiten. Unser Ziel ist es, den Zugang zu den Informationen zu verbessern, die Fabriken ben\u00f6tigen, um Materialien effizient und sicher wiederzugewinnen, zu recyceln und wiederzuverwenden und den Weg zu einer Kreislaufwirtschaft einzuschlagen.Wir von DATA4CIRC revolutionieren die Fertigungsbranche, [&hellip;]","og_url":"https:\/\/data4circ.eu\/de\/uber\/","og_site_name":"data4circ.eu","article_modified_time":"2026-02-19T17:20:04+00:00","twitter_card":"summary_large_image","twitter_misc":{"Gesch\u00e4tzte Lesezeit":"5\u00a0Minuten"},"schema":{"@context":"https:\/\/schema.org","@graph":[{"@type":"WebPage","@id":"https:\/\/data4circ.eu\/de\/uber\/","url":"https:\/\/data4circ.eu\/de\/uber\/","name":"\u00dcber - data4circ.eu","isPartOf":{"@id":"https:\/\/data4circ.eu\/de\/#website"},"datePublished":"2025-02-05T10:12:02+00:00","dateModified":"2026-02-19T17:20:04+00:00","breadcrumb":{"@id":"https:\/\/data4circ.eu\/de\/uber\/#breadcrumb"},"inLanguage":"de","potentialAction":[{"@type":"ReadAction","target":["https:\/\/data4circ.eu\/de\/uber\/"]}]},{"@type":"BreadcrumbList","@id":"https:\/\/data4circ.eu\/de\/uber\/#breadcrumb","itemListElement":[{"@type":"ListItem","position":1,"name":"Home","item":"https:\/\/data4circ.eu\/de\/startseite\/"},{"@type":"ListItem","position":2,"name":"\u00dcber"}]},{"@type":"WebSite","@id":"https:\/\/data4circ.eu\/de\/#website","url":"https:\/\/data4circ.eu\/de\/","name":"data4circ.eu","description":"eco-friendly digital solutions and data sharing","potentialAction":[{"@type":"SearchAction","target":{"@type":"EntryPoint","urlTemplate":"https:\/\/data4circ.eu\/de\/?s={search_term_string}"},"query-input":{"@type":"PropertyValueSpecification","valueRequired":true,"valueName":"search_term_string"}}],"inLanguage":"de"}]}},"_links":{"self":[{"href":"https:\/\/data4circ.eu\/de\/wp-json\/wp\/v2\/pages\/1456","targetHints":{"allow":["GET"]}}],"collection":[{"href":"https:\/\/data4circ.eu\/de\/wp-json\/wp\/v2\/pages"}],"about":[{"href":"https:\/\/data4circ.eu\/de\/wp-json\/wp\/v2\/types\/page"}],"author":[{"embeddable":true,"href":"https:\/\/data4circ.eu\/de\/wp-json\/wp\/v2\/users\/1"}],"replies":[{"embeddable":true,"href":"https:\/\/data4circ.eu\/de\/wp-json\/wp\/v2\/comments?post=1456"}],"version-history":[{"count":3,"href":"https:\/\/data4circ.eu\/de\/wp-json\/wp\/v2\/pages\/1456\/revisions"}],"predecessor-version":[{"id":1460,"href":"https:\/\/data4circ.eu\/de\/wp-json\/wp\/v2\/pages\/1456\/revisions\/1460"}],"wp:attachment":[{"href":"https:\/\/data4circ.eu\/de\/wp-json\/wp\/v2\/media?parent=1456"}],"curies":[{"name":"wp","href":"https:\/\/api.w.org\/{rel}","templated":true}]}}