{"id":1356,"date":"2025-01-15T09:22:17","date_gmt":"2025-01-15T08:22:17","guid":{"rendered":"https:\/\/data4circ.eu\/startseite\/"},"modified":"2026-03-05T14:01:37","modified_gmt":"2026-03-05T13:01:37","slug":"startseite","status":"publish","type":"page","link":"https:\/\/data4circ.eu\/de\/","title":{"rendered":"Startseite"},"content":{"rendered":"<p>[et_pb_section fb_built=&#8220;1&#8243; custom_padding_last_edited=&#8220;on|phone&#8220; _builder_version=&#8220;4.27.4&#8243; _module_preset=&#8220;default&#8220; background_color=&#8220;#2B463C&#8220; background_image=&#8220;https:\/\/data4circ.eu\/wp-content\/uploads\/2025\/01\/Data4circ-background-web.png&#8220; background_position=&#8220;top_right&#8220; custom_padding=&#8220;50px||50px||true|false&#8220; custom_padding_tablet=&#8220;100px||100px||true|false&#8220; custom_padding_phone=&#8220;50px||50px||true|false&#8220; global_colors_info=&#8220;{}&#8220;][et_pb_row column_structure=&#8220;1_2,1_2&#8243; _builder_version=&#8220;4.27.4&#8243; _module_preset=&#8220;default&#8220; global_colors_info=&#8220;{}&#8220;][et_pb_column type=&#8220;1_2&#8243; _builder_version=&#8220;4.27.4&#8243; _module_preset=&#8220;default&#8220; global_colors_info=&#8220;{}&#8220;][et_pb_text _builder_version=&#8220;4.27.4&#8243; _module_preset=&#8220;default&#8220; text_text_color=&#8220;#8FD9C0&#8243; width=&#8220;100%&#8220; global_colors_info=&#8220;{}&#8220;]<\/p>\n<h1>Willkommen bei DATA4CIRC<\/h1>\n<p style=\"text-align: justify;\">DATA4CIRC entwickelt einen innovativen Rahmen f\u00fcr den Datenaustausch, um die europ\u00e4ische Industrie auf eine nachhaltigere Zukunft vorzubereiten. <span style=\"text-decoration: underline;\"><a href=\"https:\/\/data4circ.eu\/de\/uber\/das-projekt\/unser-auftrag\/\"><strong>Unser Ziel<\/strong><\/a><\/span> ist es, den Zugang zu den Informationen zu verbessern, die Fabriken ben\u00f6tigen, um Materialien effizient und sicher wiederzugewinnen, zu recyceln und wiederzuverwenden und den Weg zu einer Kreislaufwirtschaft einzuschlagen.<\/p>\n<p>[\/et_pb_text][\/et_pb_column][et_pb_column type=&#8220;1_2&#8243; _builder_version=&#8220;4.27.4&#8243; _module_preset=&#8220;default&#8220; global_colors_info=&#8220;{}&#8220;][\/et_pb_column][\/et_pb_row][\/et_pb_section][et_pb_section fb_built=&#8220;1&#8243; _builder_version=&#8220;4.27.4&#8243; _module_preset=&#8220;default&#8220; custom_padding=&#8220;0px||0px||true|false&#8220; global_colors_info=&#8220;{}&#8220;][et_pb_row column_structure=&#8220;1_2,1_2&#8243; use_custom_gutter=&#8220;on&#8220; gutter_width=&#8220;1&#8243; make_equal=&#8220;on&#8220; _builder_version=&#8220;4.27.4&#8243; _module_preset=&#8220;default&#8220; background_color=&#8220;#8FD9C0&#8243; width=&#8220;100%&#8220; custom_padding=&#8220;0px||0px||true|false&#8220; global_colors_info=&#8220;{}&#8220;][et_pb_column type=&#8220;1_2&#8243; _builder_version=&#8220;4.27.4&#8243; _module_preset=&#8220;default&#8220; background_image=&#8220;https:\/\/data4circ.eu\/wp-content\/uploads\/2025\/01\/Data4circ-image-01-web.jpeg&#8220; background_position=&#8220;top_right&#8220; global_colors_info=&#8220;{}&#8220;][\/et_pb_column][et_pb_column type=&#8220;1_2&#8243; _builder_version=&#8220;4.27.4&#8243; _module_preset=&#8220;default&#8220; global_colors_info=&#8220;{}&#8220;][et_pb_text _builder_version=&#8220;4.27.4&#8243; _module_preset=&#8220;default&#8220; text_text_color=&#8220;#2B463C&#8220; header_2_font=&#8220;|&#8211;et_global_heading_font_weight|||||||&#8220; header_2_text_align=&#8220;center&#8220; custom_padding=&#8220;100px|100px|100px|100px|true|true&#8220; custom_padding_tablet=&#8220;75px|75px|75px|75px|true|true&#8220; custom_padding_phone=&#8220;50px|50px|50px|50px|true|true&#8220; custom_padding_last_edited=&#8220;on|phone&#8220; global_colors_info=&#8220;{}&#8220;]<\/p>\n<h2>Die Herausforderung<\/h2>\n<p>&nbsp;<\/p>\n<p style=\"text-align: justify;\">\n<p style=\"text-align: justify;\">Die Europ\u00e4ische Union hat sich das Ziel gesetzt, <strong>die Verwendung von Kreislaufmaterialien bis 2030 zu verdoppeln<\/strong>. Ein gro\u00dfes Hindernis f\u00fcr die Erh\u00f6hung der Kreislaufwirtschaft ist der <strong>Mangel an Daten<\/strong> \u00fcber die in den hergestellten Waren enthaltenen Materialien. Selbst wenn Daten vorhanden sind, k\u00f6nnen Hersteller <strong>nicht darauf zugreifen<\/strong>, zum Beispiel aufgrund von Beschr\u00e4nkungen zum Schutz des geistigen Eigentums. Dar\u00fcber hinaus haben dort, wo es potenzielle L\u00f6sungen f\u00fcr diese Herausforderung gibt, ein <strong>Mangel an Standardisierung\/Interoperabilit\u00e4t<\/strong> und ein Defizit bei der notwendigen <strong>Schulung der Endnutzer<\/strong> eine weit verbreitete \u00dcbernahme verhindert.   <\/p>\n<p>[\/et_pb_text][\/et_pb_column][\/et_pb_row][\/et_pb_section][et_pb_section fb_built=&#8220;1&#8243; _builder_version=&#8220;4.27.4&#8243; _module_preset=&#8220;default&#8220; custom_padding=&#8220;0px||0px||true|false&#8220; global_colors_info=&#8220;{}&#8220;][et_pb_row column_structure=&#8220;1_2,1_2&#8243; use_custom_gutter=&#8220;on&#8220; gutter_width=&#8220;1&#8243; make_equal=&#8220;on&#8220; _builder_version=&#8220;4.27.4&#8243; _module_preset=&#8220;default&#8220; background_color=&#8220;#8FD9C0&#8243; width=&#8220;100%&#8220; custom_padding=&#8220;0px||0px||true|false&#8220; global_colors_info=&#8220;{}&#8220;][et_pb_column type=&#8220;1_2&#8243; _builder_version=&#8220;4.27.4&#8243; _module_preset=&#8220;default&#8220; global_colors_info=&#8220;{}&#8220;][et_pb_text _builder_version=&#8220;4.27.4&#8243; _module_preset=&#8220;default&#8220; text_text_color=&#8220;#2B463C&#8220; header_2_font=&#8220;|&#8211;et_global_heading_font_weight|||||||&#8220; header_2_text_align=&#8220;center&#8220; custom_padding=&#8220;100px|100px|100px|100px|true|true&#8220; custom_padding_tablet=&#8220;75px|75px|75px|75px|true|true&#8220; custom_padding_phone=&#8220;50px|50px|50px|50px|true|true&#8220; custom_padding_last_edited=&#8220;on|phone&#8220; global_colors_info=&#8220;{}&#8220;]<\/p>\n<h2>Unser Ansatz<\/h2>\n<p style=\"text-align: justify;\">\n<p style=\"text-align: justify;\"><strong>Federated Data Spaces:<\/strong> Sichere Plattformen f\u00fcr den sicheren Datenaustausch zwischen Unternehmen.<\/p>\n<p style=\"text-align: justify;\"><strong>Digitale Modelle:<\/strong> Virtuelle Darstellungen von Herstellungsprozessen und Produkten zur Verbesserung der Umweltvertr\u00e4glichkeitspr\u00fcfung.<\/p>\n<p style=\"text-align: justify;\"><strong>KI-gest\u00fctzte End-to-End Lebenszyklus-Analyse:<\/strong> Ein KI-gest\u00fctztes Tool zur Bewertung der Umweltauswirkungen von Produkten von Anfang bis Ende.<\/p>\n<p style=\"text-align: justify;\"><strong>Digitaler Produktpass (DPP):<\/strong> Eine digitale ID f\u00fcr Produkte, die ihren Lebenszyklus verfolgt, um Recycling und Wiederverwendung zu erleichtern.<\/p>\n<p style=\"text-align: justify;\"><strong>Digitalisierung:<\/strong> Zusammen mit einem angemessenen Qualifikations- und Ausbildungsniveau der Endnutzer ist die Digitalisierung von entscheidender Bedeutung, um die Interoperabilit\u00e4t mit anderen L\u00f6sungen zu gew\u00e4hrleisten und das Potenzial der Kreislaufwirtschaft zu erschlie\u00dfen.<\/p>\n<p>[\/et_pb_text][\/et_pb_column][et_pb_column type=&#8220;1_2&#8243; _builder_version=&#8220;4.27.4&#8243; _module_preset=&#8220;default&#8220; background_image=&#8220;https:\/\/data4circ.eu\/wp-content\/uploads\/2025\/01\/Data4circ-image-01-web.jpeg&#8220; background_position=&#8220;top_right&#8220; global_colors_info=&#8220;{}&#8220;][et_pb_image src=&#8220;https:\/\/data4circ.eu\/wp-content\/uploads\/2025\/02\/Figure1_DATA4CIRC-concept-summary.png&#8220; title_text=&#8220;Abbildung 1_DATA4CIRC Konzept Zusammenfassung&#8220; _builder_version=&#8220;4.27.4&#8243; _module_preset=&#8220;default&#8220; background_color=&#8220;#FFFFFF&#8220; custom_padding=&#8220;100px||100px||false|false&#8220; global_colors_info=&#8220;{}&#8220;][\/et_pb_image][\/et_pb_column][\/et_pb_row][\/et_pb_section][et_pb_section fb_built=&#8220;1&#8243; _builder_version=&#8220;4.27.4&#8243; _module_preset=&#8220;default&#8220; background_color=&#8220;#2B463C&#8220; background_image=&#8220;https:\/\/data4circ.eu\/wp-content\/uploads\/2025\/01\/Data4circ-background-03-web.png&#8220; background_position=&#8220;center_left&#8220; global_colors_info=&#8220;{}&#8220;][et_pb_row column_structure=&#8220;1_3,1_3,1_3&#8243; _builder_version=&#8220;4.27.4&#8243; _module_preset=&#8220;default&#8220; global_colors_info=&#8220;{}&#8220;][et_pb_column type=&#8220;1_3&#8243; _builder_version=&#8220;4.27.4&#8243; _module_preset=&#8220;default&#8220; global_colors_info=&#8220;{}&#8220;][et_pb_text _builder_version=&#8220;4.27.4&#8243; _module_preset=&#8220;default&#8220; text_text_color=&#8220;#8FD9C0&#8243; global_colors_info=&#8220;{}&#8220;]<\/p>\n<h2>DATA4CIRC stellt die Menschen in den Mittelpunkt der Kreislaufwirtschaft<\/h2>\n<p>[\/et_pb_text][et_pb_text _builder_version=&#8220;4.27.4&#8243; _module_preset=&#8220;default&#8220; text_text_color=&#8220;#8FD9C0&#8243; custom_padding=&#8220;|||45px|false|false&#8220; global_colors_info=&#8220;{}&#8220;]<\/p>\n<h2 style=\"text-align: justify;\"><\/h2>\n<p>&nbsp;<\/p>\n<p style=\"text-align: left;\"><strong>Auswirkungen auf die reale Welt:<br \/><\/strong><\/p>\n<p style=\"text-align: left;\">Unsere L\u00f6sungen werden in drei wichtigen Produktionssektoren getestet:<strong><a href=\"https:\/\/data4circ.eu\/de\/uber\/das-projekt\/anwendungsfalle\/anwendungsfall-1-landwirtschaftliche-kunststoffe-umwandeln-die-zirkulare-wertschopfungskette-fur-mulchfolien\/\"> <span style=\"text-decoration: underline;\">Kunststoffe<\/span><\/a><\/strong>, <strong><a href=\"https:\/\/data4circ.eu\/de\/uber\/das-projekt\/anwendungsfalle\/anwendungsfall-2-revolutionierung-des-elektroschrott-managements-die-zirkulare-wertschopfungskette-fur-elektrogerate\/\"><span style=\"text-decoration: underline;\">Elektronik<\/span><\/a><\/strong>und <strong><a href=\"https:\/\/data4circ.eu\/de\/uber\/das-projekt\/anwendungsfalle\/anwendungsfall-3-revolutionierung-von-automobilkatalysatoren\/\"><span style=\"text-decoration: underline;\">Automobilindustrie<\/span><\/a><\/strong>, die ihre Effektivit\u00e4t bei der Schaffung nachhaltiger und zirkul\u00e4rer Wertsch\u00f6pfungsketten unter Beweis stellen.<br \/>Begleiten Sie uns auf unserem Weg zu einer gr\u00fcneren, intelligenteren und zirkul\u00e4reren Zukunft in der Fertigung!<\/p>\n<p>[\/et_pb_text][\/et_pb_column][et_pb_column type=&#8220;1_3&#8243; _builder_version=&#8220;4.27.4&#8243; _module_preset=&#8220;default&#8220; global_colors_info=&#8220;{}&#8220;][et_pb_image src=&#8220;http:\/\/data4circ.eu\/wp-content\/uploads\/2025\/01\/Data4circ-image-02.png&#8220; title_text=&#8220;Data4circ image 02&#8243; _builder_version=&#8220;4.27.4&#8243; _module_preset=&#8220;default&#8220; custom_margin=&#8220;||||false|false&#8220; custom_margin_tablet=&#8220;|50px||50px|false|true&#8220; custom_margin_phone=&#8220;|25px||25px|false|true&#8220; custom_margin_last_edited=&#8220;on|desktop&#8220; global_colors_info=&#8220;{}&#8220;][\/et_pb_image][\/et_pb_column][et_pb_column type=&#8220;1_3&#8243; _builder_version=&#8220;4.27.4&#8243; _module_preset=&#8220;default&#8220; global_colors_info=&#8220;{}&#8220;][et_pb_text _builder_version=&#8220;4.27.4&#8243; _module_preset=&#8220;default&#8220; text_text_color=&#8220;#00AA78&#8243; global_colors_info=&#8220;{}&#8220;]<\/p>\n<p style=\"text-align: justify;\"><strong><\/strong><\/p>\n<p><strong><\/strong><\/p>\n<p><strong><\/strong><\/p>\n<p style=\"text-align: left;\"><strong>Benutzerorientiertes Design:<\/strong><\/p>\n<p style=\"text-align: left;\">Unsere L\u00f6sungen werden mit Blick auf den Endbenutzer entwickelt, um sicherzustellen, dass sie einfach zu benutzen sind und auf bestehenden Standards basieren, um eine maximale Akzeptanz zu erreichen.<\/p>\n<p>[\/et_pb_text][et_pb_text _builder_version=&#8220;4.27.4&#8243; _module_preset=&#8220;default&#8220; text_text_color=&#8220;#8FD9C0&#8243; custom_padding=&#8220;2px|||||&#8220; global_colors_info=&#8220;{}&#8220;]<\/p>\n<p style=\"text-align: left;\"><strong>Soziale Innovation:<\/strong><\/p>\n<p style=\"text-align: left;\">Wir legen Wert auf die Einbindung der Menschen durch Co-Creation- und Co-Validation-Aktivit\u00e4ten, um die Bed\u00fcrfnisse und Erwartungen aller zu erf\u00fcllen.<\/p>\n<p>[\/et_pb_text][et_pb_text _builder_version=&#8220;4.27.4&#8243; _module_preset=&#8220;default&#8220; text_text_color=&#8220;#FFFFFF&#8220; global_colors_info=&#8220;{}&#8220;]<\/p>\n<p style=\"text-align: left;\"><strong>Schulungsprogramme:<\/strong><\/p>\n<p style=\"text-align: left;\">Wir bieten Weiterbildungs- und Umschulungsprogramme an, um die Arbeitskr\u00e4fte in der Fertigung bei der Anpassung an neue digitale Tools zu unterst\u00fctzen.<\/p>\n<p>[\/et_pb_text][\/et_pb_column][\/et_pb_row][\/et_pb_section][et_pb_section fb_built=&#8220;1&#8243; _builder_version=&#8220;4.27.4&#8243; _module_preset=&#8220;default&#8220; background_color=&#8220;#00AA78&#8243; global_colors_info=&#8220;{}&#8220;][et_pb_row _builder_version=&#8220;4.27.4&#8243; _module_preset=&#8220;default&#8220; global_colors_info=&#8220;{}&#8220;][et_pb_column type=&#8220;4_4&#8243; _builder_version=&#8220;4.27.4&#8243; _module_preset=&#8220;default&#8220; global_colors_info=&#8220;{}&#8220;][et_pb_signup mailchimp_list=&#8220;Data4Circ|fd828f823e&#8220; title=&#8220;Abonnieren Sie unseren Newsletter&#8220; description=&#8220;<\/p>\n<p>Tragen Sie sich in unsere Mailingliste ein, um die neuesten Nachrichten und Updates von unserem Team zu erhalten.<\/p>\n<p>&#8220; _builder_version=&#8220;4.27.4&#8243; _module_preset=&#8220;default&#8220; custom_button=&#8220;on&#8220; button_bg_color=&#8220;#2B463C&#8220; global_colors_info=&#8220;{}&#8220;][\/et_pb_signup][\/et_pb_column][\/et_pb_row][\/et_pb_section]<\/p>\n","protected":false},"excerpt":{"rendered":"<p>Willkommen bei DATA4CIRC DATA4CIRC entwickelt einen innovativen Rahmen f\u00fcr den Datenaustausch, um die europ\u00e4ische Industrie auf eine nachhaltigere Zukunft vorzubereiten. Unser Ziel ist es, den Zugang zu den Informationen zu verbessern, die Fabriken ben\u00f6tigen, um Materialien effizient und sicher wiederzugewinnen, zu recyceln und wiederzuverwenden und den Weg zu einer Kreislaufwirtschaft einzuschlagen.Die Herausforderung &nbsp; Die Europ\u00e4ische [&hellip;]<\/p>\n","protected":false},"author":1,"featured_media":1355,"parent":0,"menu_order":0,"comment_status":"closed","ping_status":"closed","template":"","meta":{"_et_pb_use_builder":"on","_et_pb_old_content":"","_et_gb_content_width":"","footnotes":""},"class_list":["post-1356","page","type-page","status-publish","has-post-thumbnail","hentry"],"yoast_head":"<!-- This site is optimized with the Yoast SEO plugin v27.1.1 - https:\/\/yoast.com\/product\/yoast-seo-wordpress\/ -->\n<title>Startseite - data4circ.eu<\/title>\n<meta name=\"description\" content=\"Das Projekt DATA4CIRC ist ein von der EU finanziertes Forschungsprojekt zur Entwicklung eines innovativen Rahmens f\u00fcr die gemeinsame Nutzung von Daten, um die europ\u00e4ische Industrie auf eine nachhaltigere Zukunft vorzubereiten.\" \/>\n<meta name=\"robots\" content=\"index, follow, max-snippet:-1, max-image-preview:large, max-video-preview:-1\" \/>\n<link rel=\"canonical\" href=\"https:\/\/data4circ.eu\/de\/\" \/>\n<meta property=\"og:locale\" content=\"de_DE\" \/>\n<meta property=\"og:type\" content=\"article\" \/>\n<meta property=\"og:title\" content=\"Startseite - data4circ.eu\" \/>\n<meta property=\"og:description\" content=\"Das Projekt DATA4CIRC ist ein von der EU finanziertes Forschungsprojekt zur Entwicklung eines innovativen Rahmens f\u00fcr die gemeinsame Nutzung von Daten, um die europ\u00e4ische Industrie auf eine nachhaltigere Zukunft vorzubereiten.\" \/>\n<meta property=\"og:url\" content=\"https:\/\/data4circ.eu\/de\/\" \/>\n<meta property=\"og:site_name\" content=\"data4circ.eu\" \/>\n<meta property=\"article:modified_time\" content=\"2026-03-05T13:01:37+00:00\" \/>\n<meta property=\"og:image\" content=\"https:\/\/data4circ.eu\/wp-content\/uploads\/2025\/01\/Data4circ-FAV.png\" \/>\n\t<meta property=\"og:image:width\" content=\"525\" \/>\n\t<meta property=\"og:image:height\" content=\"525\" \/>\n\t<meta property=\"og:image:type\" content=\"image\/png\" \/>\n<meta name=\"twitter:card\" content=\"summary_large_image\" \/>\n<meta name=\"twitter:label1\" content=\"Gesch\u00e4tzte Lesezeit\" \/>\n\t<meta name=\"twitter:data1\" content=\"6\u00a0Minuten\" \/>\n<script type=\"application\/ld+json\" class=\"yoast-schema-graph\">{\"@context\":\"https:\/\/schema.org\",\"@graph\":[{\"@type\":\"WebPage\",\"@id\":\"https:\/\/data4circ.eu\/de\/\",\"url\":\"https:\/\/data4circ.eu\/de\/\",\"name\":\"Startseite - data4circ.eu\",\"isPartOf\":{\"@id\":\"https:\/\/data4circ.eu\/de\/#website\"},\"primaryImageOfPage\":{\"@id\":\"https:\/\/data4circ.eu\/de\/#primaryimage\"},\"image\":{\"@id\":\"https:\/\/data4circ.eu\/de\/#primaryimage\"},\"thumbnailUrl\":\"https:\/\/data4circ.eu\/wp-content\/uploads\/2025\/01\/Data4circ-FAV.png\",\"datePublished\":\"2025-01-15T08:22:17+00:00\",\"dateModified\":\"2026-03-05T13:01:37+00:00\",\"description\":\"Das Projekt DATA4CIRC ist ein von der EU finanziertes Forschungsprojekt zur Entwicklung eines innovativen Rahmens f\u00fcr die gemeinsame Nutzung von Daten, um die europ\u00e4ische Industrie auf eine nachhaltigere Zukunft vorzubereiten.\",\"breadcrumb\":{\"@id\":\"https:\/\/data4circ.eu\/de\/#breadcrumb\"},\"inLanguage\":\"de\",\"potentialAction\":[{\"@type\":\"ReadAction\",\"target\":[\"https:\/\/data4circ.eu\/de\/\"]}]},{\"@type\":\"ImageObject\",\"inLanguage\":\"de\",\"@id\":\"https:\/\/data4circ.eu\/de\/#primaryimage\",\"url\":\"https:\/\/data4circ.eu\/wp-content\/uploads\/2025\/01\/Data4circ-FAV.png\",\"contentUrl\":\"https:\/\/data4circ.eu\/wp-content\/uploads\/2025\/01\/Data4circ-FAV.png\",\"width\":525,\"height\":525},{\"@type\":\"BreadcrumbList\",\"@id\":\"https:\/\/data4circ.eu\/de\/#breadcrumb\",\"itemListElement\":[{\"@type\":\"ListItem\",\"position\":1,\"name\":\"Home\",\"item\":\"https:\/\/data4circ.eu\/de\/startseite\/\"},{\"@type\":\"ListItem\",\"position\":2,\"name\":\"Startseite\"}]},{\"@type\":\"WebSite\",\"@id\":\"https:\/\/data4circ.eu\/de\/#website\",\"url\":\"https:\/\/data4circ.eu\/de\/\",\"name\":\"data4circ.eu\",\"description\":\"eco-friendly digital solutions and data sharing\",\"potentialAction\":[{\"@type\":\"SearchAction\",\"target\":{\"@type\":\"EntryPoint\",\"urlTemplate\":\"https:\/\/data4circ.eu\/de\/?s={search_term_string}\"},\"query-input\":{\"@type\":\"PropertyValueSpecification\",\"valueRequired\":true,\"valueName\":\"search_term_string\"}}],\"inLanguage\":\"de\"}]}<\/script>\n<!-- \/ Yoast SEO plugin. -->","yoast_head_json":{"title":"Startseite - data4circ.eu","description":"Das Projekt DATA4CIRC ist ein von der EU finanziertes Forschungsprojekt zur Entwicklung eines innovativen Rahmens f\u00fcr die gemeinsame Nutzung von Daten, um die europ\u00e4ische Industrie auf eine nachhaltigere Zukunft vorzubereiten.","robots":{"index":"index","follow":"follow","max-snippet":"max-snippet:-1","max-image-preview":"max-image-preview:large","max-video-preview":"max-video-preview:-1"},"canonical":"https:\/\/data4circ.eu\/de\/","og_locale":"de_DE","og_type":"article","og_title":"Startseite - data4circ.eu","og_description":"Das Projekt DATA4CIRC ist ein von der EU finanziertes Forschungsprojekt zur Entwicklung eines innovativen Rahmens f\u00fcr die gemeinsame Nutzung von Daten, um die europ\u00e4ische Industrie auf eine nachhaltigere Zukunft vorzubereiten.","og_url":"https:\/\/data4circ.eu\/de\/","og_site_name":"data4circ.eu","article_modified_time":"2026-03-05T13:01:37+00:00","og_image":[{"width":525,"height":525,"url":"https:\/\/data4circ.eu\/wp-content\/uploads\/2025\/01\/Data4circ-FAV.png","type":"image\/png"}],"twitter_card":"summary_large_image","twitter_misc":{"Gesch\u00e4tzte Lesezeit":"6\u00a0Minuten"},"schema":{"@context":"https:\/\/schema.org","@graph":[{"@type":"WebPage","@id":"https:\/\/data4circ.eu\/de\/","url":"https:\/\/data4circ.eu\/de\/","name":"Startseite - data4circ.eu","isPartOf":{"@id":"https:\/\/data4circ.eu\/de\/#website"},"primaryImageOfPage":{"@id":"https:\/\/data4circ.eu\/de\/#primaryimage"},"image":{"@id":"https:\/\/data4circ.eu\/de\/#primaryimage"},"thumbnailUrl":"https:\/\/data4circ.eu\/wp-content\/uploads\/2025\/01\/Data4circ-FAV.png","datePublished":"2025-01-15T08:22:17+00:00","dateModified":"2026-03-05T13:01:37+00:00","description":"Das Projekt DATA4CIRC ist ein von der EU finanziertes Forschungsprojekt zur Entwicklung eines innovativen Rahmens f\u00fcr die gemeinsame Nutzung von Daten, um die europ\u00e4ische Industrie auf eine nachhaltigere Zukunft vorzubereiten.","breadcrumb":{"@id":"https:\/\/data4circ.eu\/de\/#breadcrumb"},"inLanguage":"de","potentialAction":[{"@type":"ReadAction","target":["https:\/\/data4circ.eu\/de\/"]}]},{"@type":"ImageObject","inLanguage":"de","@id":"https:\/\/data4circ.eu\/de\/#primaryimage","url":"https:\/\/data4circ.eu\/wp-content\/uploads\/2025\/01\/Data4circ-FAV.png","contentUrl":"https:\/\/data4circ.eu\/wp-content\/uploads\/2025\/01\/Data4circ-FAV.png","width":525,"height":525},{"@type":"BreadcrumbList","@id":"https:\/\/data4circ.eu\/de\/#breadcrumb","itemListElement":[{"@type":"ListItem","position":1,"name":"Home","item":"https:\/\/data4circ.eu\/de\/startseite\/"},{"@type":"ListItem","position":2,"name":"Startseite"}]},{"@type":"WebSite","@id":"https:\/\/data4circ.eu\/de\/#website","url":"https:\/\/data4circ.eu\/de\/","name":"data4circ.eu","description":"eco-friendly digital solutions and data sharing","potentialAction":[{"@type":"SearchAction","target":{"@type":"EntryPoint","urlTemplate":"https:\/\/data4circ.eu\/de\/?s={search_term_string}"},"query-input":{"@type":"PropertyValueSpecification","valueRequired":true,"valueName":"search_term_string"}}],"inLanguage":"de"}]}},"_links":{"self":[{"href":"https:\/\/data4circ.eu\/de\/wp-json\/wp\/v2\/pages\/1356","targetHints":{"allow":["GET"]}}],"collection":[{"href":"https:\/\/data4circ.eu\/de\/wp-json\/wp\/v2\/pages"}],"about":[{"href":"https:\/\/data4circ.eu\/de\/wp-json\/wp\/v2\/types\/page"}],"author":[{"embeddable":true,"href":"https:\/\/data4circ.eu\/de\/wp-json\/wp\/v2\/users\/1"}],"replies":[{"embeddable":true,"href":"https:\/\/data4circ.eu\/de\/wp-json\/wp\/v2\/comments?post=1356"}],"version-history":[{"count":10,"href":"https:\/\/data4circ.eu\/de\/wp-json\/wp\/v2\/pages\/1356\/revisions"}],"predecessor-version":[{"id":2937,"href":"https:\/\/data4circ.eu\/de\/wp-json\/wp\/v2\/pages\/1356\/revisions\/2937"}],"wp:featuredmedia":[{"embeddable":true,"href":"https:\/\/data4circ.eu\/de\/wp-json\/wp\/v2\/media\/1355"}],"wp:attachment":[{"href":"https:\/\/data4circ.eu\/de\/wp-json\/wp\/v2\/media?parent=1356"}],"curies":[{"name":"wp","href":"https:\/\/api.w.org\/{rel}","templated":true}]}}